{"id":23857,"date":"2021-09-23T02:43:16","date_gmt":"2021-09-23T02:43:16","guid":{"rendered":"https:\/\/ztsports.com\/?post_type=product&#038;p=23857"},"modified":"2026-03-10T07:44:02","modified_gmt":"2026-03-10T07:44:02","slug":"bont-club-silver-package-patriot-club-skate","status":"publish","type":"product","link":"https:\/\/ztsports.com\/fr\/store\/bont-club-silver-package-patriot-club-skate\/","title":{"rendered":"Bont Club Silver Package Patriot Club Skate"},"content":{"rendered":"<h1>Bont Club Silver Package \u2013 Patriot Club Skate<\/h1>\n<p>Les chaussures du Bont Club Silver Package sont des Patriots r\u00e9cemment con\u00e7ues. La version Silver \u201cClub\u201d permet de les distinguer des Patriots noires classiques. Elles sont thermoformables et conservent la m\u00eame qualit\u00e9 exceptionnelle que les clubs et patineurs ont appris \u00e0 appr\u00e9cier.<\/p>\n<p>Le pack Bont Club est con\u00e7u pour initier les jeunes au patinage sans qu\u2019ils aient \u00e0 d\u00e9penser de l\u2019argent. Votre club peut acheter 5 paires et les laisser dans le local de la patinoire pour que les patineurs puissent les essayer.<\/p>\n<p>Ce package est r\u00e9serv\u00e9 aux clubs uniquement. Si vous souhaitez des chaussures et lames pour un usage personnel, veuillez acheter une paire de Patriot avec une lame Ultrasprint aupr\u00e8s de l\u2019un de nos nombreux points de vente. Ce package n\u2019est pas disponible au grand public.<\/p>\n<h4>Nouvelles lames Ultrasprint :<\/h4>\n<ul>\n<li><strong>Tube :<\/strong> Alliage d\u2019aluminium 6005, pr\u00e9-pli\u00e9<\/li>\n<li><strong>Lame :<\/strong> Acier japonais 440A HRC 58<\/li>\n<li><strong>Supports (cups) :<\/strong> Aluminium 6000 en T, multi-positions<\/li>\n<li><strong>Tailles disponibles :<\/strong> 12.0, 13.0, 13.5, 14.0, 14.5, 15.0, 15.5, 16.0, 16.5, 17.0<\/li>\n<\/ul>\n<h6><strong>****** VOUS DEVEZ ACHETER UN MINIMUM DE 5 PACKS POUR B\u00c9N\u00c9FICIER DE CE PRIX (AUCUNE REMISE SUPPL\u00c9MENTAIRE NE SERA APPLIQU\u00c9E)<\/strong><\/h6>\n<p>Prix si le club commande 5 paires ou plus : 449,99\u202f$<\/p>\n<h5>Vid\u00e9o :<\/h5>\n<p>D\u00e9couvrez comment <a href=\"https:\/\/www.youtube.com\/watch?v=2AfKfzVSCWk\" target=\"_blank\" rel=\"noopener\"><strong>thermoformer vos chaussures Bont<\/strong><\/a>.<\/p>\n<p>Enfin, consultez toutes nos <a href=\"https:\/\/ztsports.com\/product-category\/club-deals\/\"><strong>offres pour clubs ici<\/strong><\/a>.<\/p>\n","protected":false},"excerpt":{"rendered":"<p>Bont Club Silver Package \u2013 Patriot Club Skate Les chaussures du Bont Club Silver Package sont des Patriots r\u00e9cemment con\u00e7ues. La version Silver \u201cClub\u201d permet de les distinguer des Patriots noires classiques. Elles sont thermoformables et conservent la m\u00eame qualit\u00e9 exceptionnelle que les clubs et patineurs ont appris \u00e0 appr\u00e9cier. Le pack Bont Club est [&hellip;]<\/p>\n","protected":false},"featured_media":23856,"comment_status":"open","ping_status":"closed","template":"","meta":{"_acf_changed":false,"_monsterinsights_skip_tracking":false,"_monsterinsights_sitenote_active":false,"_monsterinsights_sitenote_note":"","_monsterinsights_sitenote_category":0,"_uf_show_specific_survey":0,"_uf_disable_surveys":false,"site-sidebar-layout":"default","site-content-layout":"","ast-site-content-layout":"default","site-content-style":"default","site-sidebar-style":"default","ast-global-header-display":"","ast-banner-title-visibility":"","ast-main-header-display":"","ast-hfb-above-header-display":"","ast-hfb-below-header-display":"","ast-hfb-mobile-header-display":"","site-post-title":"","ast-breadcrumbs-content":"","ast-featured-img":"","footer-sml-layout":"","ast-disable-related-posts":"","theme-transparent-header-meta":"default","adv-header-id-meta":"","stick-header-meta":"","header-above-stick-meta":"","header-main-stick-meta":"","header-below-stick-meta":"","astra-migrate-meta-layouts":"set","ast-page-background-enabled":"default","ast-page-background-meta":{"desktop":{"background-color":"","background-image":"","background-repeat":"repeat","background-position":"center center","background-size":"auto","background-attachment":"scroll","background-type":"","background-media":"","overlay-type":"","overlay-color":"","overlay-opacity":"","overlay-gradient":""},"tablet":{"background-color":"","background-image":"","background-repeat":"repeat","background-position":"center center","background-size":"auto","background-attachment":"scroll","background-type":"","background-media":"","overlay-type":"","overlay-color":"","overlay-opacity":"","overlay-gradient":""},"mobile":{"background-color":"","background-image":"","background-repeat":"repeat","background-position":"center center","background-size":"auto","background-attachment":"scroll","background-type":"","background-media":"","overlay-type":"","overlay-color":"","overlay-opacity":"","overlay-gradient":""}},"ast-content-background-meta":{"desktop":{"background-color":"var(--ast-global-color-5)","background-image":"","background-repeat":"repeat","background-position":"center center","background-size":"auto","background-attachment":"scroll","background-type":"","background-media":"","overlay-type":"","overlay-color":"","overlay-opacity":"","overlay-gradient":""},"tablet":{"background-color":"var(--ast-global-color-5)","background-image":"","background-repeat":"repeat","background-position":"center center","background-size":"auto","background-attachment":"scroll","background-type":"","background-media":"","overlay-type":"","overlay-color":"","overlay-opacity":"","overlay-gradient":""},"mobile":{"background-color":"var(--ast-global-color-5)","background-image":"","background-repeat":"repeat","background-position":"center center","background-size":"auto","background-attachment":"scroll","background-type":"","background-media":"","overlay-type":"","overlay-color":"","overlay-opacity":"","overlay-gradient":""}}},"product_brand":[3285],"product_cat":[3378],"product_tag":[],"class_list":{"0":"post-23857","1":"product","2":"type-product","3":"status-publish","4":"has-post-thumbnail","6":"product_brand-bont","7":"product_cat-non-categorise","8":"desktop-align-left","9":"tablet-align-left","10":"mobile-align-left","12":"first","13":"instock","14":"taxable","15":"shipping-taxable","16":"purchasable","17":"product-type-simple"},"acf":[],"_links":{"self":[{"href":"https:\/\/ztsports.com\/fr\/wp-json\/wp\/v2\/product\/23857","targetHints":{"allow":["GET"]}}],"collection":[{"href":"https:\/\/ztsports.com\/fr\/wp-json\/wp\/v2\/product"}],"about":[{"href":"https:\/\/ztsports.com\/fr\/wp-json\/wp\/v2\/types\/product"}],"replies":[{"embeddable":true,"href":"https:\/\/ztsports.com\/fr\/wp-json\/wp\/v2\/comments?post=23857"}],"version-history":[{"count":1,"href":"https:\/\/ztsports.com\/fr\/wp-json\/wp\/v2\/product\/23857\/revisions"}],"predecessor-version":[{"id":23858,"href":"https:\/\/ztsports.com\/fr\/wp-json\/wp\/v2\/product\/23857\/revisions\/23858"}],"wp:featuredmedia":[{"embeddable":true,"href":"https:\/\/ztsports.com\/fr\/wp-json\/wp\/v2\/media\/23856"}],"wp:attachment":[{"href":"https:\/\/ztsports.com\/fr\/wp-json\/wp\/v2\/media?parent=23857"}],"wp:term":[{"taxonomy":"product_brand","embeddable":true,"href":"https:\/\/ztsports.com\/fr\/wp-json\/wp\/v2\/product_brand?post=23857"},{"taxonomy":"product_cat","embeddable":true,"href":"https:\/\/ztsports.com\/fr\/wp-json\/wp\/v2\/product_cat?post=23857"},{"taxonomy":"product_tag","embeddable":true,"href":"https:\/\/ztsports.com\/fr\/wp-json\/wp\/v2\/product_tag?post=23857"}],"curies":[{"name":"wp","href":"https:\/\/api.w.org\/{rel}","templated":true}]}}