{"id":23854,"date":"2021-09-23T02:43:33","date_gmt":"2021-09-23T02:43:33","guid":{"rendered":"https:\/\/ztsports.com\/?post_type=product&#038;p=23854"},"modified":"2026-05-03T00:08:10","modified_gmt":"2026-05-03T00:08:10","slug":"patriot-carbon-gt3-package-by-bont-super-sale","status":"publish","type":"product","link":"https:\/\/ztsports.com\/fr\/store\/patriot-carbon-gt3-package-by-bont-super-sale\/","title":{"rendered":"Patriot Carbon GT3 Package by Bont Super Sale"},"content":{"rendered":"<h1><strong>PATRIOT CARBON GT3 PACKAGE par Bont \u2013 Super Promotion<\/strong><\/h1>\n<p>Le PATRIOT CARBON GT3 PACKAGE de Bont comprend les chaussures Patriot Carbon et les lames GT3. Gr\u00e2ce \u00e0 la base en carbone des chaussures, elles sont plus l\u00e9g\u00e8res et plus rigides que le mod\u00e8le standard. Les chaussures sont 100\u202f% thermoformables, ce qui vous garantit un confort optimal. Fabriqu\u00e9es \u00e0 partir du moule Bont, elles offrent un excellent maintien pour les patineurs d\u00e9butants et interm\u00e9diaires.<\/p>\n<h4><strong>LAMES : GT3<\/strong><\/h4>\n<p>Les lames GT3 sont des lames interm\u00e9diaires provenant d\u2019Australie. Elles offrent une rigidit\u00e9 parfaite pour les patineurs de niveau interm\u00e9diaire. De plus, elles sont pr\u00e9-pli\u00e9es, ce qui permet de conserver cette rigidit\u00e9 tout au long de leur dur\u00e9e de vie. Un excellent rapport qualit\u00e9-prix, difficile \u00e0 \u00e9galer !<\/p>\n<p>Les GT3 sont fabriqu\u00e9es avec le meilleur acier japonais pour couteaux. Elles b\u00e9n\u00e9ficient \u00e9galement de toute la technologie, de la recherche et du d\u00e9veloppement de la nouvelle lame Platinum. Ces lames utilisent les m\u00eames mat\u00e9riaux que les Platinum, \u00e0 l\u2019exception de l\u2019acier. L\u2019acier des GT3 est tremp\u00e9 gr\u00e2ce \u00e0 plus de 20 ans d\u2019expertise dans la fabrication de lames short track.<\/p>\n<h4><strong>Bas\u00e9 en Australie<\/strong><\/h4>\n<p>Bont est une entreprise australienne sp\u00e9cialis\u00e9e dans les produits de patinage de vitesse. Elle est leader dans la fabrication de chaussures pour short track, long track et inline, offrant des produits de qualit\u00e9 se distinguant par l\u2019excellence des mat\u00e9riaux utilis\u00e9s, comme le cuir de kangourou.<\/p>\n<h4><strong>Pour les patineurs short track<\/strong><\/h4>\n<p>Les patineurs short track se sentent indestructibles. C\u2019est une attitude qui leur permet de repousser toutes les limites. D\u00e9couvrez la chaussure short track Patriot Carbon. Regardez de pr\u00e8s. \u00c9coutez bien. La riche tradition Bont de lignes \u00e9pur\u00e9es et d\u2019attitude affirm\u00e9e se retrouve dans ce dernier mod\u00e8le.<\/p>\n<p>Bont continue de refuser la pens\u00e9e conventionnelle tout en am\u00e9liorant chaque design classique \u00e0 chaque nouvelle version. Le Patriot est une chaussure qui devrait co\u00fbter plus de 1000\u202f$ avec sa fibre de carbone pos\u00e9e \u00e0 la main et le syst\u00e8me unique Bont de compression qui retire plus de r\u00e9sine exc\u00e9dentaire que toute autre technique de carbone.<\/p>\n<h4><strong>Caract\u00e9ristiques :<\/strong><\/h4>\n<ul>\n<li><strong>Base :<\/strong> Base en composite carbone pos\u00e9e \u00e0 la main<\/li>\n<li><strong>Rev\u00eatement ext\u00e9rieur :<\/strong> Microfibre \/ microfibre mate<\/li>\n<li><strong>Doublure :<\/strong> Microfibre<\/li>\n<li><strong>Semelle int\u00e9rieure :<\/strong> Cuir<\/li>\n<li><strong>Thermoformable :<\/strong> Base enti\u00e8rement thermoformable avec r\u00e9sine \u00e9poxy thermodurcissable<\/li>\n<li><strong>Rembourrage :<\/strong> Mousse \u00e0 m\u00e9moire haute densit\u00e9<\/li>\n<li><strong>Fermeture :<\/strong> Lacets cir\u00e9s, prot\u00e8ge-lacets et deux sangles velcro<\/li>\n<li><strong>Options de largeur :<\/strong> Standard, \u00e9troit et large<\/li>\n<li><strong>Montage :<\/strong> 165\u202fmm<\/li>\n<\/ul>\n<h4><strong>Lames :<\/strong><\/h4>\n<p>La lame GT3 est fabriqu\u00e9e avec le meilleur acier japonais pour couteaux et b\u00e9n\u00e9ficie de toute la technologie, recherche et d\u00e9veloppement des lames Platinum. Elle utilise les m\u00eames mat\u00e9riaux que la Platinum, \u00e0 l\u2019exception de l\u2019acier. L\u2019acier des GT3 est tremp\u00e9 gr\u00e2ce \u00e0 plus de 20 ans d\u2019expertise dans la fabrication de lames short track.<\/p>\n<h4><strong>Sp\u00e9cifications :<\/strong><\/h4>\n<ul>\n<li>Mat\u00e9riau du cup : Aluminium 7075 T6<\/li>\n<li>Rayon : 8\u202fm<\/li>\n<li>Longueurs disponibles : 14\u2033, 14,5\u2033, 15\u2033, 15,5\u2033, 16\u2033, 16,5\u2033, 17\u2033, 17,5\u2033<\/li>\n<li>\u00c9paisseur de la lame : 1,1\u202fmm<\/li>\n<li>Duret\u00e9 : 62 Rockwell<\/li>\n<li>Pliage : Pliage machine<\/li>\n<\/ul>\n<h5>Vid\u00e9o :<\/h5>\n<p>D\u00e9couvrez comment <a href=\"https:\/\/www.youtube.com\/watch?v=2AfKfzVSCWk\" target=\"_blank\" rel=\"noopener\"><strong>thermoformer vos chaussures Bont<\/strong><\/a>.<\/p>\n<h3>Rappel : ajoutez la <strong><a href=\"https:\/\/ztsports.com\/product\/short-track-blade-preparation\/\">pr\u00e9paration des lames<\/a><\/strong> \u00e0 votre commande.<\/h3>\n<p>Enfin, consultez toutes nos <a href=\"https:\/\/ztsports.com\/product-category\/boots\/\"><strong>chaussures short track<\/strong><\/a> ici.<\/p>\n","protected":false},"excerpt":{"rendered":"<p>PATRIOT CARBON GT3 PACKAGE par Bont \u2013 Super Promotion Le PATRIOT CARBON GT3 PACKAGE de Bont comprend les chaussures Patriot Carbon et les lames GT3. Gr\u00e2ce \u00e0 la base en carbone des chaussures, elles sont plus l\u00e9g\u00e8res et plus rigides que le mod\u00e8le standard. Les chaussures sont 100\u202f% thermoformables, ce qui vous garantit un confort [&hellip;]<\/p>\n","protected":false},"featured_media":23847,"comment_status":"open","ping_status":"closed","template":"","meta":{"_acf_changed":false,"_monsterinsights_skip_tracking":false,"_monsterinsights_sitenote_active":false,"_monsterinsights_sitenote_note":"","_monsterinsights_sitenote_category":0,"_uf_show_specific_survey":0,"_uf_disable_surveys":false,"site-sidebar-layout":"default","site-content-layout":"","ast-site-content-layout":"default","site-content-style":"default","site-sidebar-style":"default","ast-global-header-display":"","ast-banner-title-visibility":"","ast-main-header-display":"","ast-hfb-above-header-display":"","ast-hfb-below-header-display":"","ast-hfb-mobile-header-display":"","site-post-title":"","ast-breadcrumbs-content":"","ast-featured-img":"","footer-sml-layout":"","ast-disable-related-posts":"","theme-transparent-header-meta":"default","adv-header-id-meta":"","stick-header-meta":"","header-above-stick-meta":"","header-main-stick-meta":"","header-below-stick-meta":"","astra-migrate-meta-layouts":"set","ast-page-background-enabled":"default","ast-page-background-meta":{"desktop":{"background-color":"","background-image":"","background-repeat":"repeat","background-position":"center center","background-size":"auto","background-attachment":"scroll","background-type":"","background-media":"","overlay-type":"","overlay-color":"","overlay-opacity":"","overlay-gradient":""},"tablet":{"background-color":"","background-image":"","background-repeat":"repeat","background-position":"center center","background-size":"auto","background-attachment":"scroll","background-type":"","background-media":"","overlay-type":"","overlay-color":"","overlay-opacity":"","overlay-gradient":""},"mobile":{"background-color":"","background-image":"","background-repeat":"repeat","background-position":"center center","background-size":"auto","background-attachment":"scroll","background-type":"","background-media":"","overlay-type":"","overlay-color":"","overlay-opacity":"","overlay-gradient":""}},"ast-content-background-meta":{"desktop":{"background-color":"var(--ast-global-color-5)","background-image":"","background-repeat":"repeat","background-position":"center center","background-size":"auto","background-attachment":"scroll","background-type":"","background-media":"","overlay-type":"","overlay-color":"","overlay-opacity":"","overlay-gradient":""},"tablet":{"background-color":"var(--ast-global-color-5)","background-image":"","background-repeat":"repeat","background-position":"center center","background-size":"auto","background-attachment":"scroll","background-type":"","background-media":"","overlay-type":"","overlay-color":"","overlay-opacity":"","overlay-gradient":""},"mobile":{"background-color":"var(--ast-global-color-5)","background-image":"","background-repeat":"repeat","background-position":"center center","background-size":"auto","background-attachment":"scroll","background-type":"","background-media":"","overlay-type":"","overlay-color":"","overlay-opacity":"","overlay-gradient":""}}},"product_brand":[3285],"product_cat":[3378],"product_tag":[3796],"class_list":{"0":"post-23854","1":"product","2":"type-product","3":"status-publish","4":"has-post-thumbnail","6":"product_brand-bont","7":"product_cat-non-categorise","8":"product_tag-short-track","9":"desktop-align-left","10":"tablet-align-left","11":"mobile-align-left","13":"first","14":"instock","15":"taxable","16":"shipping-taxable","17":"purchasable","18":"product-type-simple"},"acf":[],"_links":{"self":[{"href":"https:\/\/ztsports.com\/fr\/wp-json\/wp\/v2\/product\/23854","targetHints":{"allow":["GET"]}}],"collection":[{"href":"https:\/\/ztsports.com\/fr\/wp-json\/wp\/v2\/product"}],"about":[{"href":"https:\/\/ztsports.com\/fr\/wp-json\/wp\/v2\/types\/product"}],"replies":[{"embeddable":true,"href":"https:\/\/ztsports.com\/fr\/wp-json\/wp\/v2\/comments?post=23854"}],"version-history":[{"count":1,"href":"https:\/\/ztsports.com\/fr\/wp-json\/wp\/v2\/product\/23854\/revisions"}],"predecessor-version":[{"id":23855,"href":"https:\/\/ztsports.com\/fr\/wp-json\/wp\/v2\/product\/23854\/revisions\/23855"}],"wp:featuredmedia":[{"embeddable":true,"href":"https:\/\/ztsports.com\/fr\/wp-json\/wp\/v2\/media\/23847"}],"wp:attachment":[{"href":"https:\/\/ztsports.com\/fr\/wp-json\/wp\/v2\/media?parent=23854"}],"wp:term":[{"taxonomy":"product_brand","embeddable":true,"href":"https:\/\/ztsports.com\/fr\/wp-json\/wp\/v2\/product_brand?post=23854"},{"taxonomy":"product_cat","embeddable":true,"href":"https:\/\/ztsports.com\/fr\/wp-json\/wp\/v2\/product_cat?post=23854"},{"taxonomy":"product_tag","embeddable":true,"href":"https:\/\/ztsports.com\/fr\/wp-json\/wp\/v2\/product_tag?post=23854"}],"curies":[{"name":"wp","href":"https:\/\/api.w.org\/{rel}","templated":true}]}}