{"id":23845,"date":"2021-09-23T02:43:34","date_gmt":"2021-09-23T02:43:34","guid":{"rendered":"https:\/\/ztsports.com\/?post_type=product&#038;p=23845"},"modified":"2026-05-03T00:08:10","modified_gmt":"2026-05-03T00:08:10","slug":"bont-patriot-carbon-ultrasprint-blade-package","status":"publish","type":"product","link":"https:\/\/ztsports.com\/fr\/store\/bont-patriot-carbon-ultrasprint-blade-package\/","title":{"rendered":"Bont Patriot Carbon Ultrasprint Blade Package"},"content":{"rendered":"<h2>Bont Patriot Carbon Ultrasprint Blade Package<\/h2>\n<p>Le package Bont Patriot Carbon Ultrasprint Blade est l\u2019un de nos best-sellers pour les patineurs souhaitant passer au niveau sup\u00e9rieur apr\u00e8s les chaussures de location en club.<\/p>\n<p>Les patineurs short track se sentent indestructibles. C\u2019est une attitude qui leur permet de repousser toutes les limites. D\u00e9couvrez le Patriot Carbon. Regardez de pr\u00e8s. \u00c9coutez bien. Notre riche tradition de lignes \u00e9pur\u00e9es et d\u2019attitude affirm\u00e9e est pr\u00e9sente dans notre dernier mod\u00e8le short track.<\/p>\n<p>Nous sommes une marque qui refuse la pens\u00e9e conventionnelle tout en poussant nos designs classiques toujours un peu plus loin \u00e0 chaque nouvelle version.<\/p>\n<p>Le Patriot est une chaussure qui devrait co\u00fbter plus de 1000 $ avec sa fibre de carbone pos\u00e9e \u00e0 la main et le syst\u00e8me unique Bont de pression pour retirer l\u2019exc\u00e8s de r\u00e9sine, une technique in\u00e9gal\u00e9e pour un montage carbone.<\/p>\n<h3>Bont Patriot Carbon Ultrasprint Blade Package<\/h3>\n<p>La lame Ultrasprint est con\u00e7ue pour surpasser la concurrence dans tous les aspects : acier de meilleure qualit\u00e9, polissage brillant, pliage parfait, meilleure r\u00e9tention du pli et des graphiques exceptionnels pour compl\u00e9ter le look. Tout cela \u00e0 un prix incroyable.<\/p>\n<h4>Caract\u00e9ristiques :<\/h4>\n<ul>\n<li><strong>Base :<\/strong> Base en composite carbone pos\u00e9e \u00e0 la main<\/li>\n<li><strong>Rev\u00eatement ext\u00e9rieur :<\/strong> Microfibre \/ microfibre mate<\/li>\n<li><strong>Doublure :<\/strong> Microfibre<\/li>\n<li><strong>Semelle int\u00e9rieure :<\/strong> Cuir<\/li>\n<li><strong>Thermoformable :<\/strong> Base enti\u00e8rement thermoformable gr\u00e2ce \u00e0 la r\u00e9sine \u00e9poxy thermodurcissable<\/li>\n<li><strong>Rembourrage :<\/strong> Mousse \u00e0 m\u00e9moire haute densit\u00e9<\/li>\n<li><strong>Fermeture :<\/strong> Lacets cir\u00e9s, prot\u00e8ge-lacets et deux sangles velcro<\/li>\n<li><strong>Options de largeur :<\/strong> Standard, \u00e9troit et large<\/li>\n<li><strong>Montage :<\/strong> 165 mm<\/li>\n<\/ul>\n<h4>Sp\u00e9cifications :<\/h4>\n<ul>\n<li>Mat\u00e9riau du tube : 6061 T6<\/li>\n<li>Mat\u00e9riau du cup : Aluminium 7075 T6<\/li>\n<li>Rayon : 8 m<\/li>\n<li>Longueurs disponibles : 12\u2033, 13\u2033, 14\u2033, 14,5\u2033, 15\u2033, 15,5\u2033, 16\u2033, 16,5\u2033, 17\u2033<\/li>\n<li>\u00c9paisseur de la lame : 1,1 mm<\/li>\n<li>Duret\u00e9 : 58 Rockwell<\/li>\n<li>Pliage : Pliage machine<\/li>\n<\/ul>\n<h5>Vid\u00e9o :<\/h5>\n<p>D\u00e9couvrez comment <a href=\"https:\/\/www.youtube.com\/watch?v=2AfKfzVSCWk\" target=\"_blank\" rel=\"noopener\"><strong>thermoformer vos chaussures Bont<\/strong><\/a>.<\/p>\n<p>Enfin, consultez toutes nos <a href=\"https:\/\/ztsports.com\/product-category\/boots\/\"><strong>chaussures short track<\/strong><\/a> ici.<\/p>\n","protected":false},"excerpt":{"rendered":"<p>Bont Patriot Carbon Ultrasprint Blade Package Le package Bont Patriot Carbon Ultrasprint Blade est l\u2019un de nos best-sellers pour les patineurs souhaitant passer au niveau sup\u00e9rieur apr\u00e8s les chaussures de location en club. Les patineurs short track se sentent indestructibles. C\u2019est une attitude qui leur permet de repousser toutes les limites. D\u00e9couvrez le Patriot Carbon. [&hellip;]<\/p>\n","protected":false},"featured_media":22520,"comment_status":"open","ping_status":"closed","template":"","meta":{"_acf_changed":false,"_monsterinsights_skip_tracking":false,"_monsterinsights_sitenote_active":false,"_monsterinsights_sitenote_note":"","_monsterinsights_sitenote_category":0,"_uf_show_specific_survey":0,"_uf_disable_surveys":false,"site-sidebar-layout":"default","site-content-layout":"","ast-site-content-layout":"default","site-content-style":"default","site-sidebar-style":"default","ast-global-header-display":"","ast-banner-title-visibility":"","ast-main-header-display":"","ast-hfb-above-header-display":"","ast-hfb-below-header-display":"","ast-hfb-mobile-header-display":"","site-post-title":"","ast-breadcrumbs-content":"","ast-featured-img":"","footer-sml-layout":"","ast-disable-related-posts":"","theme-transparent-header-meta":"default","adv-header-id-meta":"","stick-header-meta":"","header-above-stick-meta":"","header-main-stick-meta":"","header-below-stick-meta":"","astra-migrate-meta-layouts":"set","ast-page-background-enabled":"default","ast-page-background-meta":{"desktop":{"background-color":"","background-image":"","background-repeat":"repeat","background-position":"center center","background-size":"auto","background-attachment":"scroll","background-type":"","background-media":"","overlay-type":"","overlay-color":"","overlay-opacity":"","overlay-gradient":""},"tablet":{"background-color":"","background-image":"","background-repeat":"repeat","background-position":"center center","background-size":"auto","background-attachment":"scroll","background-type":"","background-media":"","overlay-type":"","overlay-color":"","overlay-opacity":"","overlay-gradient":""},"mobile":{"background-color":"","background-image":"","background-repeat":"repeat","background-position":"center center","background-size":"auto","background-attachment":"scroll","background-type":"","background-media":"","overlay-type":"","overlay-color":"","overlay-opacity":"","overlay-gradient":""}},"ast-content-background-meta":{"desktop":{"background-color":"var(--ast-global-color-5)","background-image":"","background-repeat":"repeat","background-position":"center center","background-size":"auto","background-attachment":"scroll","background-type":"","background-media":"","overlay-type":"","overlay-color":"","overlay-opacity":"","overlay-gradient":""},"tablet":{"background-color":"var(--ast-global-color-5)","background-image":"","background-repeat":"repeat","background-position":"center center","background-size":"auto","background-attachment":"scroll","background-type":"","background-media":"","overlay-type":"","overlay-color":"","overlay-opacity":"","overlay-gradient":""},"mobile":{"background-color":"var(--ast-global-color-5)","background-image":"","background-repeat":"repeat","background-position":"center center","background-size":"auto","background-attachment":"scroll","background-type":"","background-media":"","overlay-type":"","overlay-color":"","overlay-opacity":"","overlay-gradient":""}}},"product_brand":[3285],"product_cat":[3378],"product_tag":[],"class_list":{"0":"post-23845","1":"product","2":"type-product","3":"status-publish","4":"has-post-thumbnail","6":"product_brand-bont","7":"product_cat-non-categorise","8":"desktop-align-left","9":"tablet-align-left","10":"mobile-align-left","12":"first","13":"instock","14":"taxable","15":"shipping-taxable","16":"purchasable","17":"product-type-simple"},"acf":[],"_links":{"self":[{"href":"https:\/\/ztsports.com\/fr\/wp-json\/wp\/v2\/product\/23845","targetHints":{"allow":["GET"]}}],"collection":[{"href":"https:\/\/ztsports.com\/fr\/wp-json\/wp\/v2\/product"}],"about":[{"href":"https:\/\/ztsports.com\/fr\/wp-json\/wp\/v2\/types\/product"}],"replies":[{"embeddable":true,"href":"https:\/\/ztsports.com\/fr\/wp-json\/wp\/v2\/comments?post=23845"}],"version-history":[{"count":1,"href":"https:\/\/ztsports.com\/fr\/wp-json\/wp\/v2\/product\/23845\/revisions"}],"predecessor-version":[{"id":23846,"href":"https:\/\/ztsports.com\/fr\/wp-json\/wp\/v2\/product\/23845\/revisions\/23846"}],"wp:featuredmedia":[{"embeddable":true,"href":"https:\/\/ztsports.com\/fr\/wp-json\/wp\/v2\/media\/22520"}],"wp:attachment":[{"href":"https:\/\/ztsports.com\/fr\/wp-json\/wp\/v2\/media?parent=23845"}],"wp:term":[{"taxonomy":"product_brand","embeddable":true,"href":"https:\/\/ztsports.com\/fr\/wp-json\/wp\/v2\/product_brand?post=23845"},{"taxonomy":"product_cat","embeddable":true,"href":"https:\/\/ztsports.com\/fr\/wp-json\/wp\/v2\/product_cat?post=23845"},{"taxonomy":"product_tag","embeddable":true,"href":"https:\/\/ztsports.com\/fr\/wp-json\/wp\/v2\/product_tag?post=23845"}],"curies":[{"name":"wp","href":"https:\/\/api.w.org\/{rel}","templated":true}]}}