{"id":23843,"date":"2021-09-23T02:43:35","date_gmt":"2021-09-23T02:43:35","guid":{"rendered":"https:\/\/ztsports.com\/?post_type=product&#038;p=23843"},"modified":"2026-03-10T07:41:06","modified_gmt":"2026-03-10T07:41:06","slug":"bont-patriot-ultrasprint-package-super-sale","status":"publish","type":"product","link":"https:\/\/ztsports.com\/fr\/store\/bont-patriot-ultrasprint-package-super-sale\/","title":{"rendered":"Bont Patriot Ultrasprint Package Super Sale"},"content":{"rendered":"<h1>Bont Patriot Ultrasprint Package Super Vente<\/h1>\n<p>Le Bont Patriot Ultrasprint Package est la chaussure short track d&#8217;entr\u00e9e de gamme de Bont. Il offre un rapport qualit\u00e9-prix exceptionnel. Sa coque en fibre de verre thermoplastique pos\u00e9e \u00e0 la main procure une rigidit\u00e9 maximale tout en \u00e9tant enti\u00e8rement thermoformable. Combin\u00e9e \u00e0 une forme anatomique et \u00e0 une mousse \u00e0 m\u00e9moire haute densit\u00e9, cette chaussure repr\u00e9sente une valeur in\u00e9gal\u00e9e pour le prix.<\/p>\n<h4>Caract\u00e9ristiques :<\/h4>\n<ul>\n<li>Base en fibre de verre 100 % pos\u00e9e \u00e0 la main<\/li>\n<li>Rev\u00eatement ext\u00e9rieur en microfibre mate<\/li>\n<li>Semelle int\u00e9rieure Suede-L<\/li>\n<li>Base enti\u00e8rement thermoformable gr\u00e2ce \u00e0 une r\u00e9sine \u00e9poxy thermodurcissable<\/li>\n<li>Mousse \u00e0 m\u00e9moire haute densit\u00e9<\/li>\n<li>Lacets cir\u00e9s et prot\u00e8ge-lacets avec deux sangles velcro<\/li>\n<\/ul>\n<h5>Vid\u00e9o :<\/h5>\n<p>D\u00e9couvrez comment <a href=\"https:\/\/www.youtube.com\/watch?v=2AfKfzVSCWk\" target=\"_blank\" rel=\"noopener\"><strong>thermoformer vos chaussures Bont<\/strong><\/a>.<\/p>\n<p>Enfin, vous pouvez consulter toutes nos <a href=\"https:\/\/ztsports.com\/product-category\/club-deals\/\"><strong>offres sur les packages short track<\/strong><\/a> ici.<\/p>\n<p><strong>Fin de s\u00e9rie : uniquement les tailles en stock !<\/strong><\/p>\n","protected":false},"excerpt":{"rendered":"<p>Bont Patriot Ultrasprint Package Super Vente Le Bont Patriot Ultrasprint Package est la chaussure short track d&#8217;entr\u00e9e de gamme de Bont. Il offre un rapport qualit\u00e9-prix exceptionnel. Sa coque en fibre de verre thermoplastique pos\u00e9e \u00e0 la main procure une rigidit\u00e9 maximale tout en \u00e9tant enti\u00e8rement thermoformable. Combin\u00e9e \u00e0 une forme anatomique et \u00e0 une [&hellip;]<\/p>\n","protected":false},"featured_media":23841,"comment_status":"open","ping_status":"closed","template":"","meta":{"_acf_changed":false,"_monsterinsights_skip_tracking":false,"_monsterinsights_sitenote_active":false,"_monsterinsights_sitenote_note":"","_monsterinsights_sitenote_category":0,"_uf_show_specific_survey":0,"_uf_disable_surveys":false,"site-sidebar-layout":"default","site-content-layout":"","ast-site-content-layout":"default","site-content-style":"default","site-sidebar-style":"default","ast-global-header-display":"","ast-banner-title-visibility":"","ast-main-header-display":"","ast-hfb-above-header-display":"","ast-hfb-below-header-display":"","ast-hfb-mobile-header-display":"","site-post-title":"","ast-breadcrumbs-content":"","ast-featured-img":"","footer-sml-layout":"","ast-disable-related-posts":"","theme-transparent-header-meta":"default","adv-header-id-meta":"","stick-header-meta":"","header-above-stick-meta":"","header-main-stick-meta":"","header-below-stick-meta":"","astra-migrate-meta-layouts":"set","ast-page-background-enabled":"default","ast-page-background-meta":{"desktop":{"background-color":"","background-image":"","background-repeat":"repeat","background-position":"center center","background-size":"auto","background-attachment":"scroll","background-type":"","background-media":"","overlay-type":"","overlay-color":"","overlay-opacity":"","overlay-gradient":""},"tablet":{"background-color":"","background-image":"","background-repeat":"repeat","background-position":"center center","background-size":"auto","background-attachment":"scroll","background-type":"","background-media":"","overlay-type":"","overlay-color":"","overlay-opacity":"","overlay-gradient":""},"mobile":{"background-color":"","background-image":"","background-repeat":"repeat","background-position":"center center","background-size":"auto","background-attachment":"scroll","background-type":"","background-media":"","overlay-type":"","overlay-color":"","overlay-opacity":"","overlay-gradient":""}},"ast-content-background-meta":{"desktop":{"background-color":"var(--ast-global-color-5)","background-image":"","background-repeat":"repeat","background-position":"center center","background-size":"auto","background-attachment":"scroll","background-type":"","background-media":"","overlay-type":"","overlay-color":"","overlay-opacity":"","overlay-gradient":""},"tablet":{"background-color":"var(--ast-global-color-5)","background-image":"","background-repeat":"repeat","background-position":"center center","background-size":"auto","background-attachment":"scroll","background-type":"","background-media":"","overlay-type":"","overlay-color":"","overlay-opacity":"","overlay-gradient":""},"mobile":{"background-color":"var(--ast-global-color-5)","background-image":"","background-repeat":"repeat","background-position":"center center","background-size":"auto","background-attachment":"scroll","background-type":"","background-media":"","overlay-type":"","overlay-color":"","overlay-opacity":"","overlay-gradient":""}}},"product_brand":[3285],"product_cat":[3378],"product_tag":[],"class_list":{"0":"post-23843","1":"product","2":"type-product","3":"status-publish","4":"has-post-thumbnail","6":"product_brand-bont","7":"product_cat-non-categorise","8":"desktop-align-left","9":"tablet-align-left","10":"mobile-align-left","12":"first","13":"instock","14":"sale","15":"taxable","16":"shipping-taxable","17":"purchasable","18":"product-type-simple"},"acf":[],"_links":{"self":[{"href":"https:\/\/ztsports.com\/fr\/wp-json\/wp\/v2\/product\/23843","targetHints":{"allow":["GET"]}}],"collection":[{"href":"https:\/\/ztsports.com\/fr\/wp-json\/wp\/v2\/product"}],"about":[{"href":"https:\/\/ztsports.com\/fr\/wp-json\/wp\/v2\/types\/product"}],"replies":[{"embeddable":true,"href":"https:\/\/ztsports.com\/fr\/wp-json\/wp\/v2\/comments?post=23843"}],"version-history":[{"count":1,"href":"https:\/\/ztsports.com\/fr\/wp-json\/wp\/v2\/product\/23843\/revisions"}],"predecessor-version":[{"id":23844,"href":"https:\/\/ztsports.com\/fr\/wp-json\/wp\/v2\/product\/23843\/revisions\/23844"}],"wp:featuredmedia":[{"embeddable":true,"href":"https:\/\/ztsports.com\/fr\/wp-json\/wp\/v2\/media\/23841"}],"wp:attachment":[{"href":"https:\/\/ztsports.com\/fr\/wp-json\/wp\/v2\/media?parent=23843"}],"wp:term":[{"taxonomy":"product_brand","embeddable":true,"href":"https:\/\/ztsports.com\/fr\/wp-json\/wp\/v2\/product_brand?post=23843"},{"taxonomy":"product_cat","embeddable":true,"href":"https:\/\/ztsports.com\/fr\/wp-json\/wp\/v2\/product_cat?post=23843"},{"taxonomy":"product_tag","embeddable":true,"href":"https:\/\/ztsports.com\/fr\/wp-json\/wp\/v2\/product_tag?post=23843"}],"curies":[{"name":"wp","href":"https:\/\/api.w.org\/{rel}","templated":true}]}}