{"id":23839,"date":"2021-09-23T02:44:54","date_gmt":"2021-09-23T02:44:54","guid":{"rendered":"https:\/\/ztsports.com\/?post_type=product&#038;p=23839"},"modified":"2026-04-22T23:58:22","modified_gmt":"2026-04-22T23:58:22","slug":"ehs-qcs-short-track-blade-mfd-netherlands","status":"publish","type":"product","link":"https:\/\/ztsports.com\/fr\/store\/ehs-qcs-short-track-blade-mfd-netherlands\/","title":{"rendered":"EHS QCS Short Track Blade MFD Netherlands"},"content":{"rendered":"<p><span>EHS QCS Short Track Blade <a href=\"https:\/\/www.ehskates.com\/technology\" target=\"_blank\" rel=\"noopener\">Fabriqu\u00e9e aux Pays-Bas<\/a><\/span><\/p>\n<h4>Flex et Sensation Accrus<\/h4>\n<p>Notre mod\u00e8le pr\u00e9-courb\u00e9 EHS QCS Short Track offre un flex et une sensation am\u00e9lior\u00e9s, parfait pour ceux qui recherchent un peu plus de r\u00e9activit\u00e9 dans leurs lames. Avec ce mod\u00e8le, vous profiterez de virages fluides avec un excellent grip, permettant une amplitude compl\u00e8te de mouvement dans les virages.<\/p>\n<h4>Design L\u00e9g\u00e8re<\/h4>\n<p>Ce produit est fabriqu\u00e9 \u00e0 partir d\u2019aluminium de la plus haute qualit\u00e9 provenant des Pays-Bas. L\u2019EHS QCS est l\u2019un des produits les plus l\u00e9gers du march\u00e9. Sa conception l\u00e9g\u00e8re facilite \u00e9galement la maniabilit\u00e9 et le transport.<\/p>\n<ul>\n<li>Mod\u00e8le pr\u00e9-courb\u00e9 offrant l\u00e9g\u00e8rement plus de flex et de sensation que l\u2019ACS tout en conservant un excellent grip dans les virages<\/li>\n<li>Fabriqu\u00e9 \u00e0 partir d\u2019aluminium de haute qualit\u00e9 provenant des Pays-Bas<\/li>\n<li>Lames en acier PM ou Bi-Metal provenant d\u2019Autriche, pr\u00e9par\u00e9es selon les tol\u00e9rances les plus strictes de l\u2019industrie<\/li>\n<li>Poutres de renfort au niveau des montures de cup pour augmenter stabilit\u00e9 et contr\u00f4le<\/li>\n<li>Assembl\u00e9 en interne par les artisans de Hagen Techniek<\/li>\n<li>Les cups sont fabriqu\u00e9s en aluminium plus l\u00e9ger et plus r\u00e9sistant pour plus de rigidit\u00e9 et de durabilit\u00e9<\/li>\n<\/ul>\n<p>D\u00e9couvrez tous les produits EHS <a href=\"https:\/\/ztsports.com\/brand\/staybent-by-ehs\/ehs\/\">ici<\/a>.<\/p>\n<p>Pour toutes nos lames short track, cliquez <a href=\"https:\/\/ztsports.com\/product-category\/short-track\/blades\/\">ici<\/a>.<\/p>\n<h3>N\u2019oubliez pas d\u2019ajouter la <strong><a href=\"https:\/\/ztsports.com\/product\/short-track-blade-preparation\/\">Pr\u00e9paration des Lames<\/a><\/strong><\/h3>\n","protected":false},"excerpt":{"rendered":"<p>EHS QCS Short Track Blade Fabriqu\u00e9e aux Pays-Bas Flex et Sensation Accrus Notre mod\u00e8le pr\u00e9-courb\u00e9 EHS QCS Short Track offre un flex et une sensation am\u00e9lior\u00e9s, parfait pour ceux qui recherchent un peu plus de r\u00e9activit\u00e9 dans leurs lames. Avec ce mod\u00e8le, vous profiterez de virages fluides avec un excellent grip, permettant une amplitude compl\u00e8te [&hellip;]<\/p>\n","protected":false},"featured_media":23835,"comment_status":"open","ping_status":"closed","template":"","meta":{"_acf_changed":false,"_monsterinsights_skip_tracking":false,"_monsterinsights_sitenote_active":false,"_monsterinsights_sitenote_note":"","_monsterinsights_sitenote_category":0,"_uf_show_specific_survey":0,"_uf_disable_surveys":false,"site-sidebar-layout":"default","site-content-layout":"","ast-site-content-layout":"default","site-content-style":"default","site-sidebar-style":"default","ast-global-header-display":"","ast-banner-title-visibility":"","ast-main-header-display":"","ast-hfb-above-header-display":"","ast-hfb-below-header-display":"","ast-hfb-mobile-header-display":"","site-post-title":"","ast-breadcrumbs-content":"","ast-featured-img":"","footer-sml-layout":"","ast-disable-related-posts":"","theme-transparent-header-meta":"default","adv-header-id-meta":"","stick-header-meta":"","header-above-stick-meta":"","header-main-stick-meta":"","header-below-stick-meta":"","astra-migrate-meta-layouts":"set","ast-page-background-enabled":"default","ast-page-background-meta":{"desktop":{"background-color":"","background-image":"","background-repeat":"repeat","background-position":"center center","background-size":"auto","background-attachment":"scroll","background-type":"","background-media":"","overlay-type":"","overlay-color":"","overlay-opacity":"","overlay-gradient":""},"tablet":{"background-color":"","background-image":"","background-repeat":"repeat","background-position":"center center","background-size":"auto","background-attachment":"scroll","background-type":"","background-media":"","overlay-type":"","overlay-color":"","overlay-opacity":"","overlay-gradient":""},"mobile":{"background-color":"","background-image":"","background-repeat":"repeat","background-position":"center center","background-size":"auto","background-attachment":"scroll","background-type":"","background-media":"","overlay-type":"","overlay-color":"","overlay-opacity":"","overlay-gradient":""}},"ast-content-background-meta":{"desktop":{"background-color":"var(--ast-global-color-5)","background-image":"","background-repeat":"repeat","background-position":"center center","background-size":"auto","background-attachment":"scroll","background-type":"","background-media":"","overlay-type":"","overlay-color":"","overlay-opacity":"","overlay-gradient":""},"tablet":{"background-color":"var(--ast-global-color-5)","background-image":"","background-repeat":"repeat","background-position":"center center","background-size":"auto","background-attachment":"scroll","background-type":"","background-media":"","overlay-type":"","overlay-color":"","overlay-opacity":"","overlay-gradient":""},"mobile":{"background-color":"var(--ast-global-color-5)","background-image":"","background-repeat":"repeat","background-position":"center center","background-size":"auto","background-attachment":"scroll","background-type":"","background-media":"","overlay-type":"","overlay-color":"","overlay-opacity":"","overlay-gradient":""}}},"product_brand":[3347,3344,3346],"product_cat":[4561,4560],"product_tag":[3811,3796,4562,3806,3805],"class_list":{"0":"post-23839","1":"product","2":"type-product","3":"status-publish","4":"has-post-thumbnail","6":"product_brand-ehs","7":"product_brand-stay-bent","8":"product_brand-staybent-by-ehs","9":"product_cat-blades","10":"product_cat-short-track-blades","11":"product_tag-ehs","12":"product_tag-short-track","13":"product_tag-speed-skating","14":"product_tag-staybent","15":"product_tag-staybent-by-ehs","16":"desktop-align-left","17":"tablet-align-left","18":"mobile-align-left","20":"first","21":"instock","22":"sale","23":"featured","24":"taxable","25":"shipping-taxable","26":"purchasable","27":"product-type-simple"},"acf":[],"_links":{"self":[{"href":"https:\/\/ztsports.com\/fr\/wp-json\/wp\/v2\/product\/23839","targetHints":{"allow":["GET"]}}],"collection":[{"href":"https:\/\/ztsports.com\/fr\/wp-json\/wp\/v2\/product"}],"about":[{"href":"https:\/\/ztsports.com\/fr\/wp-json\/wp\/v2\/types\/product"}],"replies":[{"embeddable":true,"href":"https:\/\/ztsports.com\/fr\/wp-json\/wp\/v2\/comments?post=23839"}],"version-history":[{"count":1,"href":"https:\/\/ztsports.com\/fr\/wp-json\/wp\/v2\/product\/23839\/revisions"}],"predecessor-version":[{"id":23840,"href":"https:\/\/ztsports.com\/fr\/wp-json\/wp\/v2\/product\/23839\/revisions\/23840"}],"wp:featuredmedia":[{"embeddable":true,"href":"https:\/\/ztsports.com\/fr\/wp-json\/wp\/v2\/media\/23835"}],"wp:attachment":[{"href":"https:\/\/ztsports.com\/fr\/wp-json\/wp\/v2\/media?parent=23839"}],"wp:term":[{"taxonomy":"product_brand","embeddable":true,"href":"https:\/\/ztsports.com\/fr\/wp-json\/wp\/v2\/product_brand?post=23839"},{"taxonomy":"product_cat","embeddable":true,"href":"https:\/\/ztsports.com\/fr\/wp-json\/wp\/v2\/product_cat?post=23839"},{"taxonomy":"product_tag","embeddable":true,"href":"https:\/\/ztsports.com\/fr\/wp-json\/wp\/v2\/product_tag?post=23839"}],"curies":[{"name":"wp","href":"https:\/\/api.w.org\/{rel}","templated":true}]}}