{"id":23833,"date":"2021-09-23T02:44:54","date_gmt":"2021-09-23T02:44:54","guid":{"rendered":"https:\/\/ztsports.com\/?post_type=product&#038;p=23833"},"modified":"2026-05-03T00:08:10","modified_gmt":"2026-05-03T00:08:10","slug":"cbc-element-evo-krypton-skate-package","status":"publish","type":"product","link":"https:\/\/ztsports.com\/fr\/store\/cbc-element-evo-krypton-skate-package\/","title":{"rendered":"CBC ELEMENT EVO Krypton Skate Package"},"content":{"rendered":"<h1>CBC ELEMENT EVO Krypton \u2013 Pack de Patins<\/h1>\n<p>Le pack <strong>CBC ELEMENT EVO Krypton<\/strong> est parfait pour les patineurs d\u00e9butants \u00e0 interm\u00e9diaires. Aucune autre chaussure de patinage sur le march\u00e9 n\u2019offre l\u2019ajustement et la performance d\u2019une chaussure CBC.<\/p>\n<p>Nous avons soigneusement choisi la lame id\u00e9ale pour cette chaussure, et l\u2019Evo Krypton r\u00e9pond \u00e0 tous les crit\u00e8res. Faites progresser votre carri\u00e8re en short track avec ce duo performant sans vous ruiner.<\/p>\n<h4>CBC ELEMENT<\/h4>\n<p>La chaussure CBC Element ST est le moyen id\u00e9al pour d\u00e9buter le short track avec la chaussure de d\u00e9marrage la plus compl\u00e8te disponible aujourd\u2019hui.<\/p>\n<p>Ce pack est parfait pour les patineurs de niveau d\u00e9butant \u00e0 interm\u00e9diaire. La ELEMENT repose sur le m\u00eame <em>last CBC offrant le meilleur ajustement au monde<\/em> que le mod\u00e8le GENESIS et est fabriqu\u00e9e \u00e0 partir de mat\u00e9riaux l\u00e9gers et durables.<\/p>\n<p>Au c\u0153ur du contrefort \u00e0 double support composite se trouve notre technologie innovante <strong>Thermo-CSC<\/strong>, un mat\u00e9riau thermoformable. La ELEMENT \u00e9pouse parfaitement le pied pour offrir soutien, confort et s\u00e9curit\u00e9.<\/p>\n<p>De plus, la ELEMENT dispose d\u2019un ch\u00e2ssis r\u00e9sistant \u00e0 la torsion (TR) qui r\u00e9duit la flexion de la semelle tout en maximisant la transmission de force vers la glace.<\/p>\n<p>Cette chaussure est \u00e0 la fois fonctionnelle et esth\u00e9tique, avec des motifs \u00e9tudi\u00e9s et une capacit\u00e9 de serrage optimis\u00e9e.<\/p>\n<p>Commencez votre carri\u00e8re en short track avec cette chaussure abordable et innovante, et vous serez sur la voie du succ\u00e8s.<\/p>\n<h5><a href=\"https:\/\/youtu.be\/KuKIfMC9NSY\" target=\"_blank\" rel=\"noopener noreferrer\">Tutoriel YouTube : Comment d\u00e9terminer votre taille CBC<\/a><\/h5>\n<p>Ensuite, utilisez <a href=\"https:\/\/www.carpenterbootcompany.com\/pages\/fit\" target=\"_blank\" rel=\"noopener\">l\u2019outil de taille CBC Boot<\/a>.<\/p>\n<p>Pour vous aider \u00e0 mesurer votre pied, vous pouvez \u00e9galement utiliser un <a href=\"https:\/\/www.printablerulers.net\/preview\/Ruler_30-cm_by_mm\" target=\"_blank\" rel=\"noopener\"><strong>r\u00e8gle imprimable de 30 cm<\/strong><\/a>.<\/p>\n<h4>EVO Krypton<\/h4>\n<p>La lame <strong>EVO Krypton 12C27 Chrome<\/strong> pour short track est con\u00e7ue pour l\u2019agilit\u00e9, la r\u00e9activit\u00e9 et la durabilit\u00e9.<\/p>\n<p>La technologie 12C27 en acier inoxydable offre un bon tranchant. De plus, cette lame est fabriqu\u00e9e selon les m\u00eames standards de qualit\u00e9 que les lames PM et Bi-Metal.<\/p>\n<p>Con\u00e7ue au Canada et fabriqu\u00e9e aux Pays-Bas, elle utilise de l\u2019aluminium et de l\u2019acier premium provenant des Pays-Bas. La 12C27 offre un excellent rapport qualit\u00e9-prix et s\u2019inspire des lames Maple Chrome d\u2019origine.<\/p>\n<p>D\u00e9couvrez tous les <a href=\"https:\/\/ztsports.com\/brand\/evo\/\"><strong>produits EVO<\/strong><\/a> ici.<\/p>\n<p>D\u00e9couvrez \u00e9galement tous les produits <a href=\"https:\/\/ztsports.com\/brand\/cbc\/\"><strong>Carpenter Boot Company (CBC)<\/strong><\/a>.<\/p>\n<p>Enfin, consultez tous nos <a href=\"https:\/\/ztsports.com\/product-category\/patinage-de-vitesse-en-ligne\/packages\/\"><strong>packs Short Track<\/strong><\/a> ici.<\/p>\n","protected":false},"excerpt":{"rendered":"<p>CBC ELEMENT EVO Krypton \u2013 Pack de Patins Le pack CBC ELEMENT EVO Krypton est parfait pour les patineurs d\u00e9butants \u00e0 interm\u00e9diaires. Aucune autre chaussure de patinage sur le march\u00e9 n\u2019offre l\u2019ajustement et la performance d\u2019une chaussure CBC. Nous avons soigneusement choisi la lame id\u00e9ale pour cette chaussure, et l\u2019Evo Krypton r\u00e9pond \u00e0 tous les [&hellip;]<\/p>\n","protected":false},"featured_media":23832,"comment_status":"open","ping_status":"closed","template":"","meta":{"_acf_changed":false,"_monsterinsights_skip_tracking":false,"_monsterinsights_sitenote_active":false,"_monsterinsights_sitenote_note":"","_monsterinsights_sitenote_category":0,"_uf_show_specific_survey":0,"_uf_disable_surveys":false,"site-sidebar-layout":"default","site-content-layout":"","ast-site-content-layout":"default","site-content-style":"default","site-sidebar-style":"default","ast-global-header-display":"","ast-banner-title-visibility":"","ast-main-header-display":"","ast-hfb-above-header-display":"","ast-hfb-below-header-display":"","ast-hfb-mobile-header-display":"","site-post-title":"","ast-breadcrumbs-content":"","ast-featured-img":"","footer-sml-layout":"","ast-disable-related-posts":"","theme-transparent-header-meta":"default","adv-header-id-meta":"","stick-header-meta":"","header-above-stick-meta":"","header-main-stick-meta":"","header-below-stick-meta":"","astra-migrate-meta-layouts":"set","ast-page-background-enabled":"default","ast-page-background-meta":{"desktop":{"background-color":"","background-image":"","background-repeat":"repeat","background-position":"center center","background-size":"auto","background-attachment":"scroll","background-type":"","background-media":"","overlay-type":"","overlay-color":"","overlay-opacity":"","overlay-gradient":""},"tablet":{"background-color":"","background-image":"","background-repeat":"repeat","background-position":"center center","background-size":"auto","background-attachment":"scroll","background-type":"","background-media":"","overlay-type":"","overlay-color":"","overlay-opacity":"","overlay-gradient":""},"mobile":{"background-color":"","background-image":"","background-repeat":"repeat","background-position":"center center","background-size":"auto","background-attachment":"scroll","background-type":"","background-media":"","overlay-type":"","overlay-color":"","overlay-opacity":"","overlay-gradient":""}},"ast-content-background-meta":{"desktop":{"background-color":"var(--ast-global-color-5)","background-image":"","background-repeat":"repeat","background-position":"center center","background-size":"auto","background-attachment":"scroll","background-type":"","background-media":"","overlay-type":"","overlay-color":"","overlay-opacity":"","overlay-gradient":""},"tablet":{"background-color":"var(--ast-global-color-5)","background-image":"","background-repeat":"repeat","background-position":"center center","background-size":"auto","background-attachment":"scroll","background-type":"","background-media":"","overlay-type":"","overlay-color":"","overlay-opacity":"","overlay-gradient":""},"mobile":{"background-color":"var(--ast-global-color-5)","background-image":"","background-repeat":"repeat","background-position":"center center","background-size":"auto","background-attachment":"scroll","background-type":"","background-media":"","overlay-type":"","overlay-color":"","overlay-opacity":"","overlay-gradient":""}}},"product_brand":[3290],"product_cat":[3378],"product_tag":[],"class_list":{"0":"post-23833","1":"product","2":"type-product","3":"status-publish","4":"has-post-thumbnail","6":"product_brand-cbc","7":"product_cat-non-categorise","8":"desktop-align-left","9":"tablet-align-left","10":"mobile-align-left","12":"first","13":"instock","14":"featured","15":"taxable","16":"shipping-taxable","17":"purchasable","18":"product-type-simple"},"acf":[],"_links":{"self":[{"href":"https:\/\/ztsports.com\/fr\/wp-json\/wp\/v2\/product\/23833","targetHints":{"allow":["GET"]}}],"collection":[{"href":"https:\/\/ztsports.com\/fr\/wp-json\/wp\/v2\/product"}],"about":[{"href":"https:\/\/ztsports.com\/fr\/wp-json\/wp\/v2\/types\/product"}],"replies":[{"embeddable":true,"href":"https:\/\/ztsports.com\/fr\/wp-json\/wp\/v2\/comments?post=23833"}],"version-history":[{"count":1,"href":"https:\/\/ztsports.com\/fr\/wp-json\/wp\/v2\/product\/23833\/revisions"}],"predecessor-version":[{"id":23834,"href":"https:\/\/ztsports.com\/fr\/wp-json\/wp\/v2\/product\/23833\/revisions\/23834"}],"wp:featuredmedia":[{"embeddable":true,"href":"https:\/\/ztsports.com\/fr\/wp-json\/wp\/v2\/media\/23832"}],"wp:attachment":[{"href":"https:\/\/ztsports.com\/fr\/wp-json\/wp\/v2\/media?parent=23833"}],"wp:term":[{"taxonomy":"product_brand","embeddable":true,"href":"https:\/\/ztsports.com\/fr\/wp-json\/wp\/v2\/product_brand?post=23833"},{"taxonomy":"product_cat","embeddable":true,"href":"https:\/\/ztsports.com\/fr\/wp-json\/wp\/v2\/product_cat?post=23833"},{"taxonomy":"product_tag","embeddable":true,"href":"https:\/\/ztsports.com\/fr\/wp-json\/wp\/v2\/product_tag?post=23833"}],"curies":[{"name":"wp","href":"https:\/\/api.w.org\/{rel}","templated":true}]}}