{"id":23830,"date":"2021-09-23T02:44:55","date_gmt":"2021-09-23T02:44:55","guid":{"rendered":"https:\/\/ztsports.com\/?post_type=product&#038;p=23830"},"modified":"2026-03-10T07:37:33","modified_gmt":"2026-03-10T07:37:33","slug":"cbc-element-and-evo-quarq-package","status":"publish","type":"product","link":"https:\/\/ztsports.com\/fr\/store\/cbc-element-and-evo-quarq-package\/","title":{"rendered":"CBC ELEMENT and EVO QuarQ Package"},"content":{"rendered":"<h1>CBC ELEMENT et EVO QuarQ \u2013 Pack Complet<\/h1>\n<p>Le pack <strong>CBC ELEMENT et EVO QuarQ<\/strong> est id\u00e9al pour les patineurs interm\u00e9diaires. Aucune autre chaussure de patinage sur le march\u00e9 n\u2019offre l\u2019ajustement et la performance d\u2019une CBC. Nous avons soigneusement choisi la lame parfaite pour cette chaussure, et la QuarQ d\u2019Evo remplit tous les crit\u00e8res. Faites progresser votre carri\u00e8re en short track avec ce duo performant sans vous ruiner.<\/p>\n<p><strong>Tailles :<\/strong> 36-47<\/p>\n<p><strong>Lames EVO QuarQ :<\/strong> 16,0 \u2013 16,5 \u2013 17 \u2013 17,5 pouces<\/p>\n<h5><a href=\"https:\/\/youtu.be\/KuKIfMC9NSY\" target=\"_blank\" rel=\"noopener noreferrer\">Tutoriel YouTube : Comment d\u00e9terminer votre taille de chaussure CBC<\/a><\/h5>\n<p>Ensuite, utilisez <a href=\"https:\/\/www.carpenterbootcompany.com\/pages\/fit\" target=\"_blank\" rel=\"noopener\">l\u2019outil de taille CBC Boot<\/a>.<\/p>\n<p>Pour vous aider \u00e0 mesurer votre pied, vous pouvez \u00e9galement utiliser un <a href=\"https:\/\/www.printablerulers.net\/preview\/Ruler_30-cm_by_mm\" target=\"_blank\" rel=\"noopener\"><strong>r\u00e8gle imprimable de 30 cm<\/strong><\/a>.<\/p>\n<p>Enfin, d\u00e9couvrez tous nos produits <a href=\"https:\/\/ztsports.com\/brand\/cbc\/\"><strong>Carpenter Boot Company (CBC)<\/strong><\/a>.<\/p>\n<p>Vous pouvez \u00e9galement consulter tous nos <a href=\"https:\/\/ztsports.com\/product-category\/patinage-de-vitesse-en-ligne\/packages\/\"><strong>packs Short Track<\/strong><\/a>.<\/p>\n<h4>N\u2019oubliez pas d\u2019ajouter le <strong><a href=\"https:\/\/ztsports.com\/product\/short-track-blade-preparation\/\">service de pr\u00e9paration de lame<\/a><\/strong> \u00e0 votre commande.<\/h4>\n","protected":false},"excerpt":{"rendered":"<p>CBC ELEMENT et EVO QuarQ \u2013 Pack Complet Le pack CBC ELEMENT et EVO QuarQ est id\u00e9al pour les patineurs interm\u00e9diaires. Aucune autre chaussure de patinage sur le march\u00e9 n\u2019offre l\u2019ajustement et la performance d\u2019une CBC. Nous avons soigneusement choisi la lame parfaite pour cette chaussure, et la QuarQ d\u2019Evo remplit tous les crit\u00e8res. Faites [&hellip;]<\/p>\n","protected":false},"featured_media":23825,"comment_status":"open","ping_status":"closed","template":"","meta":{"_acf_changed":false,"_monsterinsights_skip_tracking":false,"_monsterinsights_sitenote_active":false,"_monsterinsights_sitenote_note":"","_monsterinsights_sitenote_category":0,"_uf_show_specific_survey":0,"_uf_disable_surveys":false,"site-sidebar-layout":"default","site-content-layout":"","ast-site-content-layout":"default","site-content-style":"default","site-sidebar-style":"default","ast-global-header-display":"","ast-banner-title-visibility":"","ast-main-header-display":"","ast-hfb-above-header-display":"","ast-hfb-below-header-display":"","ast-hfb-mobile-header-display":"","site-post-title":"","ast-breadcrumbs-content":"","ast-featured-img":"","footer-sml-layout":"","ast-disable-related-posts":"","theme-transparent-header-meta":"default","adv-header-id-meta":"","stick-header-meta":"","header-above-stick-meta":"","header-main-stick-meta":"","header-below-stick-meta":"","astra-migrate-meta-layouts":"set","ast-page-background-enabled":"default","ast-page-background-meta":{"desktop":{"background-color":"","background-image":"","background-repeat":"repeat","background-position":"center center","background-size":"auto","background-attachment":"scroll","background-type":"","background-media":"","overlay-type":"","overlay-color":"","overlay-opacity":"","overlay-gradient":""},"tablet":{"background-color":"","background-image":"","background-repeat":"repeat","background-position":"center center","background-size":"auto","background-attachment":"scroll","background-type":"","background-media":"","overlay-type":"","overlay-color":"","overlay-opacity":"","overlay-gradient":""},"mobile":{"background-color":"","background-image":"","background-repeat":"repeat","background-position":"center center","background-size":"auto","background-attachment":"scroll","background-type":"","background-media":"","overlay-type":"","overlay-color":"","overlay-opacity":"","overlay-gradient":""}},"ast-content-background-meta":{"desktop":{"background-color":"var(--ast-global-color-5)","background-image":"","background-repeat":"repeat","background-position":"center center","background-size":"auto","background-attachment":"scroll","background-type":"","background-media":"","overlay-type":"","overlay-color":"","overlay-opacity":"","overlay-gradient":""},"tablet":{"background-color":"var(--ast-global-color-5)","background-image":"","background-repeat":"repeat","background-position":"center center","background-size":"auto","background-attachment":"scroll","background-type":"","background-media":"","overlay-type":"","overlay-color":"","overlay-opacity":"","overlay-gradient":""},"mobile":{"background-color":"var(--ast-global-color-5)","background-image":"","background-repeat":"repeat","background-position":"center center","background-size":"auto","background-attachment":"scroll","background-type":"","background-media":"","overlay-type":"","overlay-color":"","overlay-opacity":"","overlay-gradient":""}}},"product_brand":[3290,3297],"product_cat":[3378],"product_tag":[],"class_list":{"0":"post-23830","1":"product","2":"type-product","3":"status-publish","4":"has-post-thumbnail","6":"product_brand-cbc","7":"product_brand-evo","8":"product_cat-non-categorise","9":"desktop-align-left","10":"tablet-align-left","11":"mobile-align-left","13":"first","14":"instock","15":"sale","16":"featured","17":"taxable","18":"shipping-taxable","19":"purchasable","20":"product-type-simple"},"acf":[],"_links":{"self":[{"href":"https:\/\/ztsports.com\/fr\/wp-json\/wp\/v2\/product\/23830","targetHints":{"allow":["GET"]}}],"collection":[{"href":"https:\/\/ztsports.com\/fr\/wp-json\/wp\/v2\/product"}],"about":[{"href":"https:\/\/ztsports.com\/fr\/wp-json\/wp\/v2\/types\/product"}],"replies":[{"embeddable":true,"href":"https:\/\/ztsports.com\/fr\/wp-json\/wp\/v2\/comments?post=23830"}],"version-history":[{"count":1,"href":"https:\/\/ztsports.com\/fr\/wp-json\/wp\/v2\/product\/23830\/revisions"}],"predecessor-version":[{"id":23831,"href":"https:\/\/ztsports.com\/fr\/wp-json\/wp\/v2\/product\/23830\/revisions\/23831"}],"wp:featuredmedia":[{"embeddable":true,"href":"https:\/\/ztsports.com\/fr\/wp-json\/wp\/v2\/media\/23825"}],"wp:attachment":[{"href":"https:\/\/ztsports.com\/fr\/wp-json\/wp\/v2\/media?parent=23830"}],"wp:term":[{"taxonomy":"product_brand","embeddable":true,"href":"https:\/\/ztsports.com\/fr\/wp-json\/wp\/v2\/product_brand?post=23830"},{"taxonomy":"product_cat","embeddable":true,"href":"https:\/\/ztsports.com\/fr\/wp-json\/wp\/v2\/product_cat?post=23830"},{"taxonomy":"product_tag","embeddable":true,"href":"https:\/\/ztsports.com\/fr\/wp-json\/wp\/v2\/product_tag?post=23830"}],"curies":[{"name":"wp","href":"https:\/\/api.w.org\/{rel}","templated":true}]}}