{"id":23823,"date":"2021-09-23T02:46:01","date_gmt":"2021-09-23T02:46:01","guid":{"rendered":"https:\/\/ztsports.com\/?post_type=product&#038;p=23823"},"modified":"2026-04-26T00:00:46","modified_gmt":"2026-04-26T00:00:46","slug":"cbc-genesis-and-evo-argon-package","status":"publish","type":"product","link":"https:\/\/ztsports.com\/fr\/store\/cbc-genesis-and-evo-argon-package\/","title":{"rendered":"CBC GENESIS and EVO Argon Package"},"content":{"rendered":"<h1>CBC GENESIS et EVO Argon \u2013 Pack Complet<\/h1>\n<p>Le pack <strong>CBC GENESIS et EVO Argon<\/strong> est id\u00e9al pour les patineurs interm\u00e9diaires \u00e0 avanc\u00e9s \u00e0 la recherche d\u2019un avantage comp\u00e9titif.<\/p>\n<p>Vous b\u00e9n\u00e9ficierez de notre chaussure semi-personnalis\u00e9e Genesis associ\u00e9e \u00e0 la lame EVO Argon offrant un excellent glissement et une pr\u00e9-courbure constante. Ce pack est parfait pour les skateurs qui pr\u00e9f\u00e8rent une lame plus ferme.<\/p>\n<p><strong>Tailles :<\/strong> 36-47<\/p>\n<p><strong>Lames :<\/strong> 16,5 \u2013 17,5 pouces<\/p>\n<p>Le mod\u00e8le GENESIS Short Track est disponible en largeur standard et large. Notre chaussure large est environ 5 mm plus large que la standard. Les chaussures GENESIS larges sont disponibles en tailles 35-46.<\/p>\n<p>La chaussure GENESIS short track est un outil de haute performance r\u00e9volutionnaire, con\u00e7ue pour combler l\u2019\u00e9cart entre les chaussures standard et sur mesure. Apr\u00e8s 10 ans de recherche et d\u00e9veloppement, nous avons s\u00e9lectionn\u00e9 les meilleurs mat\u00e9riaux disponibles pour cr\u00e9er une chaussure qui s\u2019adapte \u00e0 de nombreuses largeurs de pied. Le pied est soutenu par un cuir de veau v\u00e9ritable et un contrefort en mousse m\u00e9moire pour le talon.<\/p>\n<p>La technologie <strong>Thermal-CSC<\/strong> garantit non seulement un ajustement optimal d\u00e8s la premi\u00e8re utilisation, mais offre \u00e9galement une exp\u00e9rience quasi sur-mesure \u00e0 prix standard.<\/p>\n<p>Si vous \u00eates s\u00e9rieux concernant vos performances mais pas encore pr\u00eat pour une chaussure sur mesure, la GENESIS est faite pour vous.<\/p>\n<h4>La lame EVO Argon<\/h4>\n<p>La lame short track EVO Argon convient aux patineurs plus lourds, offrant une adh\u00e9rence sup\u00e9rieure tout en maintenant un contr\u00f4le et une sensation \u00e9lev\u00e9s. Les lames sont livr\u00e9es avec des cup de taille 0 standard, mais nous disposons de tailles allant de -1 \u00e0 +5. Merci de pr\u00e9ciser la taille souhait\u00e9e lors de la commande.<\/p>\n<p><strong>Important :<\/strong> Les lames sont pr\u00e9-courb\u00e9es mais non rock\u00e9es. Toutes les lames doivent \u00eatre rock\u00e9es avant utilisation. Zt Sports propose un service de rockering des lames. Ajoutez ce produit \u00e0 votre panier si vous souhaitez ce service.<\/p>\n<h5><a href=\"https:\/\/youtu.be\/KuKIfMC9NSY\" target=\"_blank\" rel=\"noopener noreferrer\">Tutoriel YouTube : Comment d\u00e9terminer votre taille de chaussure CBC<\/a><\/h5>\n<p>Ensuite, utilisez <a href=\"https:\/\/www.carpenterbootcompany.com\/pages\/fit\" target=\"_blank\" rel=\"noopener\">l\u2019outil de taille CBC Boot<\/a>.<\/p>\n<p>Pour vous aider, vous pouvez \u00e9galement utiliser un <a href=\"https:\/\/www.printablerulers.net\/preview\/Ruler_30-cm_by_mm\" target=\"_blank\" rel=\"noopener\"><strong>r\u00e8gle imprimable de 30 cm<\/strong><\/a> pour mesurer votre pied.<\/p>\n<p>Enfin, d\u00e9couvrez tous nos produits <a href=\"https:\/\/ztsports.com\/brand\/cbc\/\"><strong>Carpenter Boot Company (CBC)<\/strong><\/a>.<\/p>\n","protected":false},"excerpt":{"rendered":"<p>CBC GENESIS et EVO Argon \u2013 Pack Complet Le pack CBC GENESIS et EVO Argon est id\u00e9al pour les patineurs interm\u00e9diaires \u00e0 avanc\u00e9s \u00e0 la recherche d\u2019un avantage comp\u00e9titif. Vous b\u00e9n\u00e9ficierez de notre chaussure semi-personnalis\u00e9e Genesis associ\u00e9e \u00e0 la lame EVO Argon offrant un excellent glissement et une pr\u00e9-courbure constante. Ce pack est parfait pour [&hellip;]<\/p>\n","protected":false},"featured_media":23820,"comment_status":"open","ping_status":"closed","template":"","meta":{"_acf_changed":false,"_monsterinsights_skip_tracking":false,"_monsterinsights_sitenote_active":false,"_monsterinsights_sitenote_note":"","_monsterinsights_sitenote_category":0,"_uf_show_specific_survey":0,"_uf_disable_surveys":false,"site-sidebar-layout":"default","site-content-layout":"","ast-site-content-layout":"default","site-content-style":"default","site-sidebar-style":"default","ast-global-header-display":"","ast-banner-title-visibility":"","ast-main-header-display":"","ast-hfb-above-header-display":"","ast-hfb-below-header-display":"","ast-hfb-mobile-header-display":"","site-post-title":"","ast-breadcrumbs-content":"","ast-featured-img":"","footer-sml-layout":"","ast-disable-related-posts":"","theme-transparent-header-meta":"default","adv-header-id-meta":"","stick-header-meta":"","header-above-stick-meta":"","header-main-stick-meta":"","header-below-stick-meta":"","astra-migrate-meta-layouts":"set","ast-page-background-enabled":"default","ast-page-background-meta":{"desktop":{"background-color":"","background-image":"","background-repeat":"repeat","background-position":"center center","background-size":"auto","background-attachment":"scroll","background-type":"","background-media":"","overlay-type":"","overlay-color":"","overlay-opacity":"","overlay-gradient":""},"tablet":{"background-color":"","background-image":"","background-repeat":"repeat","background-position":"center center","background-size":"auto","background-attachment":"scroll","background-type":"","background-media":"","overlay-type":"","overlay-color":"","overlay-opacity":"","overlay-gradient":""},"mobile":{"background-color":"","background-image":"","background-repeat":"repeat","background-position":"center center","background-size":"auto","background-attachment":"scroll","background-type":"","background-media":"","overlay-type":"","overlay-color":"","overlay-opacity":"","overlay-gradient":""}},"ast-content-background-meta":{"desktop":{"background-color":"var(--ast-global-color-5)","background-image":"","background-repeat":"repeat","background-position":"center center","background-size":"auto","background-attachment":"scroll","background-type":"","background-media":"","overlay-type":"","overlay-color":"","overlay-opacity":"","overlay-gradient":""},"tablet":{"background-color":"var(--ast-global-color-5)","background-image":"","background-repeat":"repeat","background-position":"center center","background-size":"auto","background-attachment":"scroll","background-type":"","background-media":"","overlay-type":"","overlay-color":"","overlay-opacity":"","overlay-gradient":""},"mobile":{"background-color":"var(--ast-global-color-5)","background-image":"","background-repeat":"repeat","background-position":"center center","background-size":"auto","background-attachment":"scroll","background-type":"","background-media":"","overlay-type":"","overlay-color":"","overlay-opacity":"","overlay-gradient":""}}},"product_brand":[3290,3297],"product_cat":[3378],"product_tag":[4562],"class_list":{"0":"post-23823","1":"product","2":"type-product","3":"status-publish","4":"has-post-thumbnail","6":"product_brand-cbc","7":"product_brand-evo","8":"product_cat-non-categorise","9":"product_tag-speed-skating","10":"desktop-align-left","11":"tablet-align-left","12":"mobile-align-left","14":"first","15":"instock","16":"featured","17":"taxable","18":"shipping-taxable","19":"purchasable","20":"product-type-simple"},"acf":[],"_links":{"self":[{"href":"https:\/\/ztsports.com\/fr\/wp-json\/wp\/v2\/product\/23823","targetHints":{"allow":["GET"]}}],"collection":[{"href":"https:\/\/ztsports.com\/fr\/wp-json\/wp\/v2\/product"}],"about":[{"href":"https:\/\/ztsports.com\/fr\/wp-json\/wp\/v2\/types\/product"}],"replies":[{"embeddable":true,"href":"https:\/\/ztsports.com\/fr\/wp-json\/wp\/v2\/comments?post=23823"}],"version-history":[{"count":1,"href":"https:\/\/ztsports.com\/fr\/wp-json\/wp\/v2\/product\/23823\/revisions"}],"predecessor-version":[{"id":23824,"href":"https:\/\/ztsports.com\/fr\/wp-json\/wp\/v2\/product\/23823\/revisions\/23824"}],"wp:featuredmedia":[{"embeddable":true,"href":"https:\/\/ztsports.com\/fr\/wp-json\/wp\/v2\/media\/23820"}],"wp:attachment":[{"href":"https:\/\/ztsports.com\/fr\/wp-json\/wp\/v2\/media?parent=23823"}],"wp:term":[{"taxonomy":"product_brand","embeddable":true,"href":"https:\/\/ztsports.com\/fr\/wp-json\/wp\/v2\/product_brand?post=23823"},{"taxonomy":"product_cat","embeddable":true,"href":"https:\/\/ztsports.com\/fr\/wp-json\/wp\/v2\/product_cat?post=23823"},{"taxonomy":"product_tag","embeddable":true,"href":"https:\/\/ztsports.com\/fr\/wp-json\/wp\/v2\/product_tag?post=23823"}],"curies":[{"name":"wp","href":"https:\/\/api.w.org\/{rel}","templated":true}]}}