{"id":23818,"date":"2021-09-23T02:47:02","date_gmt":"2021-09-23T02:47:02","guid":{"rendered":"https:\/\/ztsports.com\/?post_type=product&#038;p=23818"},"modified":"2026-03-10T07:34:58","modified_gmt":"2026-03-10T07:34:58","slug":"maple-lt-rear-spring-hook","status":"publish","type":"product","link":"https:\/\/ztsports.com\/fr\/store\/maple-lt-rear-spring-hook\/","title":{"rendered":"MAPLE LT REAR SPRING HOOK"},"content":{"rendered":"<h1>MAPLE LT \u2013 CROCHET ARRI\u00c8RE \u00c0 RESSORT<\/h1>\n<p>Le <strong>MAPLE LT Rear Spring Hook<\/strong> est le crochet arri\u00e8re de vos patins MapleZ ou Maple Clap. <\/p>\n<p>Gardez cette pi\u00e8ce ainsi que d\u2019autres pi\u00e8ces MapleZ \u00e0 port\u00e9e de main pour \u00eatre pr\u00eat face \u00e0 tout impr\u00e9vu. Indispensable pour les entra\u00eeneurs et athl\u00e8tes de patinage longue piste.<\/p>\n<p>Vendu \u00e0 l\u2019unit\u00e9.<\/p>\n<p><strong>Compatibilit\u00e9 :<\/strong><\/p>\n<ul>\n<li>Blizzard, T-Bone Bridge<\/li>\n<li>Comet Aluminium, T-Bone Bridge<\/li>\n<li>Comet Laser, T-Bone Bridge<\/li>\n<li>Twin Laser, T-Bone Bridge<\/li>\n<\/ul>\n<p>D\u00e9couvrez toutes nos <a href=\"https:\/\/ztsports.com\/product-category\/long-track\/long-track-parts\/\"><strong>pi\u00e8ces et outils LT ici<\/strong><\/a>.<\/p>\n","protected":false},"excerpt":{"rendered":"<p>MAPLE LT \u2013 CROCHET ARRI\u00c8RE \u00c0 RESSORT Le MAPLE LT Rear Spring Hook est le crochet arri\u00e8re de vos patins MapleZ ou Maple Clap. Gardez cette pi\u00e8ce ainsi que d\u2019autres pi\u00e8ces MapleZ \u00e0 port\u00e9e de main pour \u00eatre pr\u00eat face \u00e0 tout impr\u00e9vu. Indispensable pour les entra\u00eeneurs et athl\u00e8tes de patinage longue piste. Vendu \u00e0 [&hellip;]<\/p>\n","protected":false},"featured_media":23814,"comment_status":"open","ping_status":"closed","template":"","meta":{"_acf_changed":false,"_monsterinsights_skip_tracking":false,"_monsterinsights_sitenote_active":false,"_monsterinsights_sitenote_note":"","_monsterinsights_sitenote_category":0,"_uf_show_specific_survey":0,"_uf_disable_surveys":false,"site-sidebar-layout":"default","site-content-layout":"","ast-site-content-layout":"default","site-content-style":"default","site-sidebar-style":"default","ast-global-header-display":"","ast-banner-title-visibility":"","ast-main-header-display":"","ast-hfb-above-header-display":"","ast-hfb-below-header-display":"","ast-hfb-mobile-header-display":"","site-post-title":"","ast-breadcrumbs-content":"","ast-featured-img":"","footer-sml-layout":"","ast-disable-related-posts":"","theme-transparent-header-meta":"default","adv-header-id-meta":"","stick-header-meta":"","header-above-stick-meta":"","header-main-stick-meta":"","header-below-stick-meta":"","astra-migrate-meta-layouts":"set","ast-page-background-enabled":"default","ast-page-background-meta":{"desktop":{"background-color":"","background-image":"","background-repeat":"repeat","background-position":"center center","background-size":"auto","background-attachment":"scroll","background-type":"","background-media":"","overlay-type":"","overlay-color":"","overlay-opacity":"","overlay-gradient":""},"tablet":{"background-color":"","background-image":"","background-repeat":"repeat","background-position":"center center","background-size":"auto","background-attachment":"scroll","background-type":"","background-media":"","overlay-type":"","overlay-color":"","overlay-opacity":"","overlay-gradient":""},"mobile":{"background-color":"","background-image":"","background-repeat":"repeat","background-position":"center center","background-size":"auto","background-attachment":"scroll","background-type":"","background-media":"","overlay-type":"","overlay-color":"","overlay-opacity":"","overlay-gradient":""}},"ast-content-background-meta":{"desktop":{"background-color":"var(--ast-global-color-5)","background-image":"","background-repeat":"repeat","background-position":"center center","background-size":"auto","background-attachment":"scroll","background-type":"","background-media":"","overlay-type":"","overlay-color":"","overlay-opacity":"","overlay-gradient":""},"tablet":{"background-color":"var(--ast-global-color-5)","background-image":"","background-repeat":"repeat","background-position":"center center","background-size":"auto","background-attachment":"scroll","background-type":"","background-media":"","overlay-type":"","overlay-color":"","overlay-opacity":"","overlay-gradient":""},"mobile":{"background-color":"var(--ast-global-color-5)","background-image":"","background-repeat":"repeat","background-position":"center center","background-size":"auto","background-attachment":"scroll","background-type":"","background-media":"","overlay-type":"","overlay-color":"","overlay-opacity":"","overlay-gradient":""}}},"product_brand":[3318,3319],"product_cat":[3378],"product_tag":[],"class_list":{"0":"post-23818","1":"product","2":"type-product","3":"status-publish","4":"has-post-thumbnail","6":"product_brand-maple","7":"product_brand-maplez","8":"product_cat-non-categorise","9":"desktop-align-left","10":"tablet-align-left","11":"mobile-align-left","13":"first","14":"instock","15":"taxable","16":"shipping-taxable","17":"purchasable","18":"product-type-simple"},"acf":[],"_links":{"self":[{"href":"https:\/\/ztsports.com\/fr\/wp-json\/wp\/v2\/product\/23818","targetHints":{"allow":["GET"]}}],"collection":[{"href":"https:\/\/ztsports.com\/fr\/wp-json\/wp\/v2\/product"}],"about":[{"href":"https:\/\/ztsports.com\/fr\/wp-json\/wp\/v2\/types\/product"}],"replies":[{"embeddable":true,"href":"https:\/\/ztsports.com\/fr\/wp-json\/wp\/v2\/comments?post=23818"}],"version-history":[{"count":1,"href":"https:\/\/ztsports.com\/fr\/wp-json\/wp\/v2\/product\/23818\/revisions"}],"predecessor-version":[{"id":23819,"href":"https:\/\/ztsports.com\/fr\/wp-json\/wp\/v2\/product\/23818\/revisions\/23819"}],"wp:featuredmedia":[{"embeddable":true,"href":"https:\/\/ztsports.com\/fr\/wp-json\/wp\/v2\/media\/23814"}],"wp:attachment":[{"href":"https:\/\/ztsports.com\/fr\/wp-json\/wp\/v2\/media?parent=23818"}],"wp:term":[{"taxonomy":"product_brand","embeddable":true,"href":"https:\/\/ztsports.com\/fr\/wp-json\/wp\/v2\/product_brand?post=23818"},{"taxonomy":"product_cat","embeddable":true,"href":"https:\/\/ztsports.com\/fr\/wp-json\/wp\/v2\/product_cat?post=23818"},{"taxonomy":"product_tag","embeddable":true,"href":"https:\/\/ztsports.com\/fr\/wp-json\/wp\/v2\/product_tag?post=23818"}],"curies":[{"name":"wp","href":"https:\/\/api.w.org\/{rel}","templated":true}]}}