{"id":23812,"date":"2021-09-23T02:47:04","date_gmt":"2021-09-23T02:47:04","guid":{"rendered":"https:\/\/ztsports.com\/?post_type=product&#038;p=23812"},"modified":"2026-03-12T12:35:04","modified_gmt":"2026-03-12T12:35:04","slug":"bont-buckle-strap-kit-original-replacement-parts","status":"publish","type":"product","link":"https:\/\/ztsports.com\/fr\/store\/bont-buckle-strap-kit-original-replacement-parts\/","title":{"rendered":"BONT BUCKLE STRAP KIT Original Replacement Parts"},"content":{"rendered":"<h2>BONT \u2013 KIT DE SANGLES \u00c0 BOUCLE Pi\u00e8ces de Rechange Originales<\/h2>\n<p>Le <strong>kit de sangles \u00e0 boucle Bont<\/strong> contient tous les \u00e9l\u00e9ments n\u00e9cessaires pour remplacer une boucle cass\u00e9e ou une \u00e9chelle ab\u00eem\u00e9e. Le kit complet comprend :<\/p>\n<ul>\n<li>Une paire de boucles<\/li>\n<li>Des boucles de maintien<\/li>\n<li>Une paire d\u2019\u00e9chelles de 11\u202fcm<\/li>\n<li>Les vis correspondantes (voir image)<\/li>\n<\/ul>\n<p>Vous pouvez acheter le kit complet pour plus d\u2019\u00e9conomies ou commander les pi\u00e8ces individuellement.<\/p>\n<p>Article recommand\u00e9 pour les patineurs actifs, les clubs et les responsables d\u2019\u00e9quipement.<\/p>\n<h4>Comment remplacer votre boucle :<\/h4>\n<p>Utilisez un petit tournevis pour retirer la boucle actuelle et installez facilement les nouvelles pi\u00e8ces. Veuillez noter qu\u2019il est uniquement possible de remplacer la boucle de votre botte par le m\u00eame type de kit fourni avec celle-ci. Par exemple, une boucle standard ne peut pas \u00eatre remplac\u00e9e par une boucle Slimline.<\/p>\n<p>Si vous n\u2019\u00eates pas s\u00fbr, envoyez-nous une photo de votre boucle ou de vos patins, et nous utiliserons notre expertise pour vous assurer de commander la pi\u00e8ce de rechange correcte.<\/p>\n<p>D\u00e9couvrez tous nos <a href=\"https:\/\/ztsports.com\/product-category\/sharpening\/parts-tools\/\"><strong>pi\u00e8ces et outils ici<\/strong><\/a>.<\/p>\n","protected":false},"excerpt":{"rendered":"<p>BONT \u2013 KIT DE SANGLES \u00c0 BOUCLE Pi\u00e8ces de Rechange Originales Le kit de sangles \u00e0 boucle Bont contient tous les \u00e9l\u00e9ments n\u00e9cessaires pour remplacer une boucle cass\u00e9e ou une \u00e9chelle ab\u00eem\u00e9e. Le kit complet comprend : Une paire de boucles Des boucles de maintien Une paire d\u2019\u00e9chelles de 11\u202fcm Les vis correspondantes (voir image) [&hellip;]<\/p>\n","protected":false},"featured_media":23807,"comment_status":"open","ping_status":"closed","template":"","meta":{"_acf_changed":false,"_monsterinsights_skip_tracking":false,"_monsterinsights_sitenote_active":false,"_monsterinsights_sitenote_note":"","_monsterinsights_sitenote_category":0,"_uf_show_specific_survey":0,"_uf_disable_surveys":false,"site-sidebar-layout":"default","site-content-layout":"","ast-site-content-layout":"default","site-content-style":"default","site-sidebar-style":"default","ast-global-header-display":"","ast-banner-title-visibility":"","ast-main-header-display":"","ast-hfb-above-header-display":"","ast-hfb-below-header-display":"","ast-hfb-mobile-header-display":"","site-post-title":"","ast-breadcrumbs-content":"","ast-featured-img":"","footer-sml-layout":"","ast-disable-related-posts":"","theme-transparent-header-meta":"default","adv-header-id-meta":"","stick-header-meta":"","header-above-stick-meta":"","header-main-stick-meta":"","header-below-stick-meta":"","astra-migrate-meta-layouts":"set","ast-page-background-enabled":"default","ast-page-background-meta":{"desktop":{"background-color":"","background-image":"","background-repeat":"repeat","background-position":"center center","background-size":"auto","background-attachment":"scroll","background-type":"","background-media":"","overlay-type":"","overlay-color":"","overlay-opacity":"","overlay-gradient":""},"tablet":{"background-color":"","background-image":"","background-repeat":"repeat","background-position":"center center","background-size":"auto","background-attachment":"scroll","background-type":"","background-media":"","overlay-type":"","overlay-color":"","overlay-opacity":"","overlay-gradient":""},"mobile":{"background-color":"","background-image":"","background-repeat":"repeat","background-position":"center center","background-size":"auto","background-attachment":"scroll","background-type":"","background-media":"","overlay-type":"","overlay-color":"","overlay-opacity":"","overlay-gradient":""}},"ast-content-background-meta":{"desktop":{"background-color":"var(--ast-global-color-5)","background-image":"","background-repeat":"repeat","background-position":"center center","background-size":"auto","background-attachment":"scroll","background-type":"","background-media":"","overlay-type":"","overlay-color":"","overlay-opacity":"","overlay-gradient":""},"tablet":{"background-color":"var(--ast-global-color-5)","background-image":"","background-repeat":"repeat","background-position":"center center","background-size":"auto","background-attachment":"scroll","background-type":"","background-media":"","overlay-type":"","overlay-color":"","overlay-opacity":"","overlay-gradient":""},"mobile":{"background-color":"var(--ast-global-color-5)","background-image":"","background-repeat":"repeat","background-position":"center center","background-size":"auto","background-attachment":"scroll","background-type":"","background-media":"","overlay-type":"","overlay-color":"","overlay-opacity":"","overlay-gradient":""}}},"product_brand":[3285],"product_cat":[4565],"product_tag":[],"class_list":{"0":"post-23812","1":"product","2":"type-product","3":"status-publish","4":"has-post-thumbnail","6":"product_brand-bont","7":"product_cat-accessoires","8":"desktop-align-left","9":"tablet-align-left","10":"mobile-align-left","12":"first","13":"instock","14":"taxable","15":"shipping-taxable","16":"purchasable","17":"product-type-simple"},"acf":[],"_links":{"self":[{"href":"https:\/\/ztsports.com\/fr\/wp-json\/wp\/v2\/product\/23812","targetHints":{"allow":["GET"]}}],"collection":[{"href":"https:\/\/ztsports.com\/fr\/wp-json\/wp\/v2\/product"}],"about":[{"href":"https:\/\/ztsports.com\/fr\/wp-json\/wp\/v2\/types\/product"}],"replies":[{"embeddable":true,"href":"https:\/\/ztsports.com\/fr\/wp-json\/wp\/v2\/comments?post=23812"}],"version-history":[{"count":3,"href":"https:\/\/ztsports.com\/fr\/wp-json\/wp\/v2\/product\/23812\/revisions"}],"predecessor-version":[{"id":24588,"href":"https:\/\/ztsports.com\/fr\/wp-json\/wp\/v2\/product\/23812\/revisions\/24588"}],"wp:featuredmedia":[{"embeddable":true,"href":"https:\/\/ztsports.com\/fr\/wp-json\/wp\/v2\/media\/23807"}],"wp:attachment":[{"href":"https:\/\/ztsports.com\/fr\/wp-json\/wp\/v2\/media?parent=23812"}],"wp:term":[{"taxonomy":"product_brand","embeddable":true,"href":"https:\/\/ztsports.com\/fr\/wp-json\/wp\/v2\/product_brand?post=23812"},{"taxonomy":"product_cat","embeddable":true,"href":"https:\/\/ztsports.com\/fr\/wp-json\/wp\/v2\/product_cat?post=23812"},{"taxonomy":"product_tag","embeddable":true,"href":"https:\/\/ztsports.com\/fr\/wp-json\/wp\/v2\/product_tag?post=23812"}],"curies":[{"name":"wp","href":"https:\/\/api.w.org\/{rel}","templated":true}]}}