{"id":23801,"date":"2021-09-23T02:47:07","date_gmt":"2021-09-23T02:47:07","guid":{"rendered":"https:\/\/ztsports.com\/?post_type=product&#038;p=23801"},"modified":"2026-03-12T12:34:37","modified_gmt":"2026-03-12T12:34:37","slug":"cadomotus-backpack-airflow-new-colors","status":"publish","type":"product","link":"https:\/\/ztsports.com\/fr\/store\/cadomotus-backpack-airflow-new-colors\/","title":{"rendered":"CADOMOTUS BACKPACK AIRFLOW NEW COLORS"},"content":{"rendered":"<h2>CADOMOTUS BACKPACK AIRFLOW \u2013 NOUVELLES COULEURS<\/h2>\n<ul>\n<li>\n<h3><strong>8 couleurs encore en stock jusqu\u2019\u00e0 No\u00ebl<\/strong><\/h3>\n<\/li>\n<li><strong>COULEURS DISPONIBLES :<\/strong> ROSE, CYRAN, ORANGE, BLEU, VERT, VERT LIME, ROUGE, VERT FORESTIER<\/li>\n<\/ul>\n<p>D\u00e9couvrez le CADOMOTUS BACKPACK AIRFLOW dans ses NOUVELLES COULEURS ! Pr\u00e9parez-vous \u00e0 \u00eatre impressionn\u00e9 par notre sac \u00e0 dos le plus populaire \u00e0 ce jour.<\/p>\n<p>Avec un espace g\u00e9n\u00e9reux pour accueillir tous vos essentiels de patinage, ce compagnon \u00e9l\u00e9gant est disponible dans une gamme de couleurs accrocheuses qui ne manqueront pas d\u2019attirer les regards.<\/p>\n<h5>AIRFLOW \u2013 NOUVELLES COULEURS<\/h5>\n<p>Mais ce n\u2019est pas seulement une question d\u2019apparence ; ce sac \u00e0 dos a \u00e9t\u00e9 con\u00e7u pour votre confort. Sa construction l\u00e9g\u00e8re et son design ergonomique \u00e9pousent parfaitement votre dos, offrant un confort que vous ne croirez pas avant de l\u2019essayer. Tellement confortable, vous oublierez m\u00eame que vous le portez !<\/p>\n<h5>Compartiments D\u00e9di\u00e9s<\/h5>\n<p>Et ce n\u2019est pas tout ! Le CADOMOTUS BACKPACK \u2013 AIRFLOW NOUVELLES COULEURS est non seulement un accessoire styl\u00e9, mais aussi un choix pratique pour les patineurs en d\u00e9placement. Fini de fouiller dans des sacs encombrants pour retrouver votre \u00e9quipement \u2013 ce sac spacieux dispose de compartiments d\u00e9di\u00e9s pour tout, des roues et outils de patinage aux casques et protections. Vous n\u2019aurez plus jamais \u00e0 transporter plusieurs sacs.<\/p>\n<p>Pourquoi se contenter de l\u2019ordinaire quand vous pouvez avoir l\u2019extraordinaire ? Am\u00e9liorez votre exp\u00e9rience de patinage avec le CADOMOTUS BACKPACK \u2013 AIRFLOW NOUVELLES COULEURS d\u00e8s aujourd\u2019hui et profitez \u00e0 la fois du style et de la fonctionnalit\u00e9 comme jamais auparavant !<\/p>\n<p>Notre sac \u00e0 dos le plus populaire. Beaucoup d\u2019espace pour tout votre \u00e9quipement de patinage et de nombreuses couleurs tendance. L\u00e9ger et ergonomique, il \u00e9pouse parfaitement le dos. Tellement confortable, vous oublierez que vous le portez.<\/p>\n<h4>Caract\u00e9ristiques :<\/h4>\n<ul>\n<li>Bretelles anatomiques rembourr\u00e9es pour un transport facile<\/li>\n<li>Construction ergonomique pour une utilisation active sans douleur<\/li>\n<li>Ventilation hygi\u00e9nique qui lutte contre les bact\u00e9ries et les mauvaises odeurs<\/li>\n<li>Grande capacit\u00e9 de rangement, plus que tout autre sac<\/li>\n<li>Fermeture \u00e0 double zip et poign\u00e9e sup\u00e9rieure pour un acc\u00e8s simple<\/li>\n<li>Compartiment casque qui s\u00e9curise et prot\u00e8ge votre \u00e9quipement<\/li>\n<li>Sangles et boucles externes pour maintenir vos patins en place<\/li>\n<\/ul>\n<p>Pour les couleurs en stock, indiquez votre choix dans la section commentaires lors du paiement.<\/p>\n<p><strong>COULEURS DISPONIBLES :<\/strong> ROSE, CYRAN, ORANGE, BLEU, VERT, VERT LIME, ROUGE, VERT FORESTIER<\/p>\n<p>Nous prenons \u00e9galement les commandes pour le <span style=\"color: #0000ff;\"><strong>OCEAN BLUE<\/strong><\/span> maintenant en stock.<\/p>\n<p>D\u00e9couvrez \u00e9galement la <a href=\"https:\/\/www.youtube.com\/watch?v=sATOecnAzq4\" target=\"_blank\" rel=\"noopener\"><strong>vid\u00e9o pr\u00e9sentant les fonctionnalit\u00e9s de l\u2019Airflow 2<\/strong><\/a>.<\/p>\n<p>Enfin, consultez tous nos <a href=\"https:\/\/ztsports.com\/product-category\/accessoires\/backpacks-bags\/\"><strong>sacs \u00e0 dos<\/strong><\/a> ici.<\/p>\n","protected":false},"excerpt":{"rendered":"<p>CADOMOTUS BACKPACK AIRFLOW \u2013 NOUVELLES COULEURS 8 couleurs encore en stock jusqu\u2019\u00e0 No\u00ebl COULEURS DISPONIBLES : ROSE, CYRAN, ORANGE, BLEU, VERT, VERT LIME, ROUGE, VERT FORESTIER D\u00e9couvrez le CADOMOTUS BACKPACK AIRFLOW dans ses NOUVELLES COULEURS ! Pr\u00e9parez-vous \u00e0 \u00eatre impressionn\u00e9 par notre sac \u00e0 dos le plus populaire \u00e0 ce jour. Avec un espace g\u00e9n\u00e9reux [&hellip;]<\/p>\n","protected":false},"featured_media":23790,"comment_status":"open","ping_status":"closed","template":"","meta":{"_acf_changed":false,"_monsterinsights_skip_tracking":false,"_monsterinsights_sitenote_active":false,"_monsterinsights_sitenote_note":"","_monsterinsights_sitenote_category":0,"_uf_show_specific_survey":0,"_uf_disable_surveys":false,"site-sidebar-layout":"default","site-content-layout":"","ast-site-content-layout":"default","site-content-style":"default","site-sidebar-style":"default","ast-global-header-display":"","ast-banner-title-visibility":"","ast-main-header-display":"","ast-hfb-above-header-display":"","ast-hfb-below-header-display":"","ast-hfb-mobile-header-display":"","site-post-title":"","ast-breadcrumbs-content":"","ast-featured-img":"","footer-sml-layout":"","ast-disable-related-posts":"","theme-transparent-header-meta":"default","adv-header-id-meta":"","stick-header-meta":"","header-above-stick-meta":"","header-main-stick-meta":"","header-below-stick-meta":"","astra-migrate-meta-layouts":"set","ast-page-background-enabled":"default","ast-page-background-meta":{"desktop":{"background-color":"","background-image":"","background-repeat":"repeat","background-position":"center center","background-size":"auto","background-attachment":"scroll","background-type":"","background-media":"","overlay-type":"","overlay-color":"","overlay-opacity":"","overlay-gradient":""},"tablet":{"background-color":"","background-image":"","background-repeat":"repeat","background-position":"center center","background-size":"auto","background-attachment":"scroll","background-type":"","background-media":"","overlay-type":"","overlay-color":"","overlay-opacity":"","overlay-gradient":""},"mobile":{"background-color":"","background-image":"","background-repeat":"repeat","background-position":"center center","background-size":"auto","background-attachment":"scroll","background-type":"","background-media":"","overlay-type":"","overlay-color":"","overlay-opacity":"","overlay-gradient":""}},"ast-content-background-meta":{"desktop":{"background-color":"var(--ast-global-color-5)","background-image":"","background-repeat":"repeat","background-position":"center center","background-size":"auto","background-attachment":"scroll","background-type":"","background-media":"","overlay-type":"","overlay-color":"","overlay-opacity":"","overlay-gradient":""},"tablet":{"background-color":"var(--ast-global-color-5)","background-image":"","background-repeat":"repeat","background-position":"center center","background-size":"auto","background-attachment":"scroll","background-type":"","background-media":"","overlay-type":"","overlay-color":"","overlay-opacity":"","overlay-gradient":""},"mobile":{"background-color":"var(--ast-global-color-5)","background-image":"","background-repeat":"repeat","background-position":"center center","background-size":"auto","background-attachment":"scroll","background-type":"","background-media":"","overlay-type":"","overlay-color":"","overlay-opacity":"","overlay-gradient":""}}},"product_brand":[3289],"product_cat":[4565,4577,3381],"product_tag":[4562],"class_list":{"0":"post-23801","1":"product","2":"type-product","3":"status-publish","4":"has-post-thumbnail","6":"product_brand-cadomotus","7":"product_cat-accessoires","8":"product_cat-cadeaux","9":"product_cat-patinage-de-vitesse-en-ligne","10":"product_tag-speed-skating","11":"desktop-align-left","12":"tablet-align-left","13":"mobile-align-left","15":"first","16":"instock","17":"sale","18":"featured","19":"taxable","20":"shipping-taxable","21":"purchasable","22":"product-type-simple"},"acf":[],"_links":{"self":[{"href":"https:\/\/ztsports.com\/fr\/wp-json\/wp\/v2\/product\/23801","targetHints":{"allow":["GET"]}}],"collection":[{"href":"https:\/\/ztsports.com\/fr\/wp-json\/wp\/v2\/product"}],"about":[{"href":"https:\/\/ztsports.com\/fr\/wp-json\/wp\/v2\/types\/product"}],"replies":[{"embeddable":true,"href":"https:\/\/ztsports.com\/fr\/wp-json\/wp\/v2\/comments?post=23801"}],"version-history":[{"count":1,"href":"https:\/\/ztsports.com\/fr\/wp-json\/wp\/v2\/product\/23801\/revisions"}],"predecessor-version":[{"id":23802,"href":"https:\/\/ztsports.com\/fr\/wp-json\/wp\/v2\/product\/23801\/revisions\/23802"}],"wp:featuredmedia":[{"embeddable":true,"href":"https:\/\/ztsports.com\/fr\/wp-json\/wp\/v2\/media\/23790"}],"wp:attachment":[{"href":"https:\/\/ztsports.com\/fr\/wp-json\/wp\/v2\/media?parent=23801"}],"wp:term":[{"taxonomy":"product_brand","embeddable":true,"href":"https:\/\/ztsports.com\/fr\/wp-json\/wp\/v2\/product_brand?post=23801"},{"taxonomy":"product_cat","embeddable":true,"href":"https:\/\/ztsports.com\/fr\/wp-json\/wp\/v2\/product_cat?post=23801"},{"taxonomy":"product_tag","embeddable":true,"href":"https:\/\/ztsports.com\/fr\/wp-json\/wp\/v2\/product_tag?post=23801"}],"curies":[{"name":"wp","href":"https:\/\/api.w.org\/{rel}","templated":true}]}}