{"id":23788,"date":"2021-09-23T02:48:15","date_gmt":"2021-09-23T02:48:15","guid":{"rendered":"https:\/\/ztsports.com\/?post_type=product&#038;p=23788"},"modified":"2026-03-10T07:30:12","modified_gmt":"2026-03-10T07:30:12","slug":"bont-pro-sharpening-jig-for-short-and-long-track-new","status":"publish","type":"product","link":"https:\/\/ztsports.com\/fr\/store\/bont-pro-sharpening-jig-for-short-and-long-track-new\/","title":{"rendered":"Bont Pro Sharpening Jig for Short and Long Track NEW"},"content":{"rendered":"<h1><strong>Gabarit de Aff\u00fbtage Bont Pro<\/strong><\/h1>\n<p>Le <strong>Bont Pro Sharpening Jig<\/strong> est con\u00e7u pour s\u2019adapter \u00e0 toutes les marques de lames du march\u00e9. Ce sera le seul gabarit dont vous aurez besoin.<\/p>\n<p>Le gabarit professionnel pour lames de patinage sur piste courte et longue a \u00e9t\u00e9 con\u00e7u \u00e0 Montr\u00e9al, Canada, par Gael Doucet-Gagnon et fabriqu\u00e9 par Bont Skates.<\/p>\n<h3>Bont Pro Sharpening Jig<\/h3>\n<p>De plus, il est extr\u00eamement l\u00e9ger, solide et compact. Il n\u2019affecte pas la courbure de vos lames lors de l\u2019aff\u00fbtage.<\/p>\n<p>Enfin, il est facile \u00e0 assembler et \u00e0 d\u00e9monter. Id\u00e9al pour voyager lors de comp\u00e9titions locales ou internationales. Fabriqu\u00e9 en alliage d\u2019aluminium 6061, le gabarit Bont Pro est un excellent investissement.<\/p>\n<p>Le gabarit Bont pour piste courte par Gael Doucet-Gagnon fonctionne pour les lames de piste courte et longue. Le gabarit est fabriqu\u00e9 en aluminium l\u00e9ger pour faciliter le transport aux comp\u00e9titions. Il maintient la lame avec une plaque incurv\u00e9e qui ne pliera pas vos lames. Les pieds sont en caoutchouc antid\u00e9rapant. L\u2019axe est gradu\u00e9 pour conna\u00eetre la longueur du gabarit pour chaque taille de lame. Le gabarit Bont fournit une plateforme tr\u00e8s stable pour l\u2019aff\u00fbtage de vos patins. Il est livr\u00e9 avec deux plaques de nivellement pour garantir que vos lames sont parfaitement horizontales avant l\u2019aff\u00fbtage.<\/p>\n<p>Pour en savoir plus sur ce gabarit, consultez le blog de Gael Doucet-Gagnon :<br \/>\n<a title=\"Blog Post\" href=\"https:\/\/bont.com\/blogs\/new-skate-products\/bont-sharpening-jig-for-speed-skates\" target=\"_blank\" rel=\"noopener\">Gabarit d\u2019aff\u00fbtage pour patins de vitesse<\/a><\/p>\n<h4>Caract\u00e9ristiques :<\/h4>\n<ul>\n<li>Pieds antid\u00e9rapants<\/li>\n<li>L\u00e9ger<\/li>\n<li>Durable<\/li>\n<li>Supports incurv\u00e9s pour lames<\/li>\n<li>Deux plaques de nivellement<\/li>\n<li>Dimensions : Longueur 45cm * Largeur 23cm * Hauteur 19cm<\/li>\n<li>Poids : 1,91 kg<\/li>\n<\/ul>\n<h4><a href=\"https:\/\/www.youtube.com\/watch?v=6mu5w7rdrL0\" target=\"_blank\" rel=\"noopener\"><strong>Tutoriel d\u2019aff\u00fbtage inclus<\/strong><\/a><\/h4>\n<h4><a href=\"https:\/\/www.youtube.com\/watch?v=6mu5w7rdrL0\" target=\"_blank\" rel=\"noopener\">Pour tout votre \u00e9quipement de patinage de vitesse, cliquez ici.<\/a><\/h4>\n<p><a href=\"https:\/\/ztsports.com\/product-category\/sharpening\/jigs\/\"><strong>Enfin, d\u00e9couvrez tous nos gabarits et kits ici.<\/strong><\/a><\/p>\n","protected":false},"excerpt":{"rendered":"<p>Gabarit de Aff\u00fbtage Bont Pro Le Bont Pro Sharpening Jig est con\u00e7u pour s\u2019adapter \u00e0 toutes les marques de lames du march\u00e9. Ce sera le seul gabarit dont vous aurez besoin. Le gabarit professionnel pour lames de patinage sur piste courte et longue a \u00e9t\u00e9 con\u00e7u \u00e0 Montr\u00e9al, Canada, par Gael Doucet-Gagnon et fabriqu\u00e9 par [&hellip;]<\/p>\n","protected":false},"featured_media":23783,"comment_status":"open","ping_status":"closed","template":"","meta":{"_acf_changed":false,"_monsterinsights_skip_tracking":false,"_monsterinsights_sitenote_active":false,"_monsterinsights_sitenote_note":"","_monsterinsights_sitenote_category":0,"_uf_show_specific_survey":0,"_uf_disable_surveys":false,"site-sidebar-layout":"default","site-content-layout":"","ast-site-content-layout":"default","site-content-style":"default","site-sidebar-style":"default","ast-global-header-display":"","ast-banner-title-visibility":"","ast-main-header-display":"","ast-hfb-above-header-display":"","ast-hfb-below-header-display":"","ast-hfb-mobile-header-display":"","site-post-title":"","ast-breadcrumbs-content":"","ast-featured-img":"","footer-sml-layout":"","ast-disable-related-posts":"","theme-transparent-header-meta":"default","adv-header-id-meta":"","stick-header-meta":"","header-above-stick-meta":"","header-main-stick-meta":"","header-below-stick-meta":"","astra-migrate-meta-layouts":"set","ast-page-background-enabled":"default","ast-page-background-meta":{"desktop":{"background-color":"","background-image":"","background-repeat":"repeat","background-position":"center center","background-size":"auto","background-attachment":"scroll","background-type":"","background-media":"","overlay-type":"","overlay-color":"","overlay-opacity":"","overlay-gradient":""},"tablet":{"background-color":"","background-image":"","background-repeat":"repeat","background-position":"center center","background-size":"auto","background-attachment":"scroll","background-type":"","background-media":"","overlay-type":"","overlay-color":"","overlay-opacity":"","overlay-gradient":""},"mobile":{"background-color":"","background-image":"","background-repeat":"repeat","background-position":"center center","background-size":"auto","background-attachment":"scroll","background-type":"","background-media":"","overlay-type":"","overlay-color":"","overlay-opacity":"","overlay-gradient":""}},"ast-content-background-meta":{"desktop":{"background-color":"var(--ast-global-color-5)","background-image":"","background-repeat":"repeat","background-position":"center center","background-size":"auto","background-attachment":"scroll","background-type":"","background-media":"","overlay-type":"","overlay-color":"","overlay-opacity":"","overlay-gradient":""},"tablet":{"background-color":"var(--ast-global-color-5)","background-image":"","background-repeat":"repeat","background-position":"center center","background-size":"auto","background-attachment":"scroll","background-type":"","background-media":"","overlay-type":"","overlay-color":"","overlay-opacity":"","overlay-gradient":""},"mobile":{"background-color":"var(--ast-global-color-5)","background-image":"","background-repeat":"repeat","background-position":"center center","background-size":"auto","background-attachment":"scroll","background-type":"","background-media":"","overlay-type":"","overlay-color":"","overlay-opacity":"","overlay-gradient":""}}},"product_brand":[3285],"product_cat":[3378],"product_tag":[3799,4562],"class_list":{"0":"post-23788","1":"product","2":"type-product","3":"status-publish","4":"has-post-thumbnail","6":"product_brand-bont","7":"product_cat-non-categorise","8":"product_tag-bont","9":"product_tag-speed-skating","10":"desktop-align-left","11":"tablet-align-left","12":"mobile-align-left","14":"first","15":"instock","16":"taxable","17":"shipping-taxable","18":"purchasable","19":"product-type-simple"},"acf":[],"_links":{"self":[{"href":"https:\/\/ztsports.com\/fr\/wp-json\/wp\/v2\/product\/23788","targetHints":{"allow":["GET"]}}],"collection":[{"href":"https:\/\/ztsports.com\/fr\/wp-json\/wp\/v2\/product"}],"about":[{"href":"https:\/\/ztsports.com\/fr\/wp-json\/wp\/v2\/types\/product"}],"replies":[{"embeddable":true,"href":"https:\/\/ztsports.com\/fr\/wp-json\/wp\/v2\/comments?post=23788"}],"version-history":[{"count":1,"href":"https:\/\/ztsports.com\/fr\/wp-json\/wp\/v2\/product\/23788\/revisions"}],"predecessor-version":[{"id":23789,"href":"https:\/\/ztsports.com\/fr\/wp-json\/wp\/v2\/product\/23788\/revisions\/23789"}],"wp:featuredmedia":[{"embeddable":true,"href":"https:\/\/ztsports.com\/fr\/wp-json\/wp\/v2\/media\/23783"}],"wp:attachment":[{"href":"https:\/\/ztsports.com\/fr\/wp-json\/wp\/v2\/media?parent=23788"}],"wp:term":[{"taxonomy":"product_brand","embeddable":true,"href":"https:\/\/ztsports.com\/fr\/wp-json\/wp\/v2\/product_brand?post=23788"},{"taxonomy":"product_cat","embeddable":true,"href":"https:\/\/ztsports.com\/fr\/wp-json\/wp\/v2\/product_cat?post=23788"},{"taxonomy":"product_tag","embeddable":true,"href":"https:\/\/ztsports.com\/fr\/wp-json\/wp\/v2\/product_tag?post=23788"}],"curies":[{"name":"wp","href":"https:\/\/api.w.org\/{rel}","templated":true}]}}