{"id":23781,"date":"2021-09-23T02:48:16","date_gmt":"2021-09-23T02:48:16","guid":{"rendered":"https:\/\/ztsports.com\/?post_type=product&#038;p=23781"},"modified":"2026-03-10T07:28:53","modified_gmt":"2026-03-10T07:28:53","slug":"dynamix-neck-guard-by-apogee-adult-for-short-track","status":"publish","type":"product","link":"https:\/\/ztsports.com\/fr\/store\/dynamix-neck-guard-by-apogee-adult-for-short-track\/","title":{"rendered":"Dynamix Neck Guard By Apogee Adult for Short Track"},"content":{"rendered":"<h1>Protecteur de Cou Adulte Apogee<\/h1>\n<p>Ce prot\u00e8ge-cou <strong>Dynamix<\/strong> par Apogee a \u00e9t\u00e9 d\u00e9velopp\u00e9 sp\u00e9cifiquement pour le patinage de vitesse sur piste courte. Il offre un niveau \u00e9lev\u00e9 de protection contre les coupures.<\/p>\n<p>Gr\u00e2ce \u00e0 son design ergonomique 3D et son syst\u00e8me Velcro anti-abrasion, il s\u2019ajuste parfaitement. De plus, il est tr\u00e8s doux et confortable.<\/p>\n<h4>PROTECTEUR DE COU R\u00c9SISTANT AUX COUPURES<\/h4>\n<p><strong>Pourquoi :<\/strong> Pour pr\u00e9venir les coupures et perforations au niveau du cou, en particulier pr\u00e8s des art\u00e8res principales.<\/p>\n<p>Tous les patineurs doivent porter une protection de type \u201cbib\u201d fix\u00e9e correctement. Elle doit \u00eatre fabriqu\u00e9e en Kevlar, Dyneema ou nylon balistique. Toute protection int\u00e9gr\u00e9e dans le costume de patineur n\u2019est pas suffisante.<\/p>\n<p>De plus, le prot\u00e8ge-cou Dynamix est tr\u00e8s doux et confortable.<\/p>\n<h3>Fabriqu\u00e9 au Canada<\/h3>\n<p><strong>\u00c0 noter : FPVQ &amp; <a href=\"https:\/\/www.ontariospeedskating.ca\/safety-equipment\" target=\"_blank\" rel=\"noopener\">OSSA : Accessoire obligatoire<\/a> en comp\u00e9tition.<\/strong><\/p>\n<p>Enfin, d\u00e9couvrez notre <a href=\"https:\/\/ztsports.com\/product-category\/protection\/neck-guards\/\"><strong>s\u00e9lection compl\u00e8te de prot\u00e8ge-cou<\/strong><\/a> ici.<\/p>\n","protected":false},"excerpt":{"rendered":"<p>Protecteur de Cou Adulte Apogee Ce prot\u00e8ge-cou Dynamix par Apogee a \u00e9t\u00e9 d\u00e9velopp\u00e9 sp\u00e9cifiquement pour le patinage de vitesse sur piste courte. Il offre un niveau \u00e9lev\u00e9 de protection contre les coupures. Gr\u00e2ce \u00e0 son design ergonomique 3D et son syst\u00e8me Velcro anti-abrasion, il s\u2019ajuste parfaitement. De plus, il est tr\u00e8s doux et confortable. PROTECTEUR [&hellip;]<\/p>\n","protected":false},"featured_media":23780,"comment_status":"open","ping_status":"closed","template":"","meta":{"_acf_changed":false,"_monsterinsights_skip_tracking":false,"_monsterinsights_sitenote_active":false,"_monsterinsights_sitenote_note":"","_monsterinsights_sitenote_category":0,"_uf_show_specific_survey":0,"_uf_disable_surveys":false,"site-sidebar-layout":"default","site-content-layout":"","ast-site-content-layout":"default","site-content-style":"default","site-sidebar-style":"default","ast-global-header-display":"","ast-banner-title-visibility":"","ast-main-header-display":"","ast-hfb-above-header-display":"","ast-hfb-below-header-display":"","ast-hfb-mobile-header-display":"","site-post-title":"","ast-breadcrumbs-content":"","ast-featured-img":"","footer-sml-layout":"","ast-disable-related-posts":"","theme-transparent-header-meta":"default","adv-header-id-meta":"","stick-header-meta":"","header-above-stick-meta":"","header-main-stick-meta":"","header-below-stick-meta":"","astra-migrate-meta-layouts":"set","ast-page-background-enabled":"default","ast-page-background-meta":{"desktop":{"background-color":"","background-image":"","background-repeat":"repeat","background-position":"center center","background-size":"auto","background-attachment":"scroll","background-type":"","background-media":"","overlay-type":"","overlay-color":"","overlay-opacity":"","overlay-gradient":""},"tablet":{"background-color":"","background-image":"","background-repeat":"repeat","background-position":"center center","background-size":"auto","background-attachment":"scroll","background-type":"","background-media":"","overlay-type":"","overlay-color":"","overlay-opacity":"","overlay-gradient":""},"mobile":{"background-color":"","background-image":"","background-repeat":"repeat","background-position":"center center","background-size":"auto","background-attachment":"scroll","background-type":"","background-media":"","overlay-type":"","overlay-color":"","overlay-opacity":"","overlay-gradient":""}},"ast-content-background-meta":{"desktop":{"background-color":"var(--ast-global-color-5)","background-image":"","background-repeat":"repeat","background-position":"center center","background-size":"auto","background-attachment":"scroll","background-type":"","background-media":"","overlay-type":"","overlay-color":"","overlay-opacity":"","overlay-gradient":""},"tablet":{"background-color":"var(--ast-global-color-5)","background-image":"","background-repeat":"repeat","background-position":"center center","background-size":"auto","background-attachment":"scroll","background-type":"","background-media":"","overlay-type":"","overlay-color":"","overlay-opacity":"","overlay-gradient":""},"mobile":{"background-color":"var(--ast-global-color-5)","background-image":"","background-repeat":"repeat","background-position":"center center","background-size":"auto","background-attachment":"scroll","background-type":"","background-media":"","overlay-type":"","overlay-color":"","overlay-opacity":"","overlay-gradient":""}}},"product_brand":[3275],"product_cat":[3378],"product_tag":[3796],"class_list":{"0":"post-23781","1":"product","2":"type-product","3":"status-publish","4":"has-post-thumbnail","6":"product_brand-apogee","7":"product_cat-non-categorise","8":"product_tag-short-track","9":"desktop-align-left","10":"tablet-align-left","11":"mobile-align-left","13":"first","14":"outofstock","15":"sale","16":"taxable","17":"shipping-taxable","18":"purchasable","19":"product-type-simple"},"acf":[],"_links":{"self":[{"href":"https:\/\/ztsports.com\/fr\/wp-json\/wp\/v2\/product\/23781","targetHints":{"allow":["GET"]}}],"collection":[{"href":"https:\/\/ztsports.com\/fr\/wp-json\/wp\/v2\/product"}],"about":[{"href":"https:\/\/ztsports.com\/fr\/wp-json\/wp\/v2\/types\/product"}],"replies":[{"embeddable":true,"href":"https:\/\/ztsports.com\/fr\/wp-json\/wp\/v2\/comments?post=23781"}],"version-history":[{"count":1,"href":"https:\/\/ztsports.com\/fr\/wp-json\/wp\/v2\/product\/23781\/revisions"}],"predecessor-version":[{"id":23782,"href":"https:\/\/ztsports.com\/fr\/wp-json\/wp\/v2\/product\/23781\/revisions\/23782"}],"wp:featuredmedia":[{"embeddable":true,"href":"https:\/\/ztsports.com\/fr\/wp-json\/wp\/v2\/media\/23780"}],"wp:attachment":[{"href":"https:\/\/ztsports.com\/fr\/wp-json\/wp\/v2\/media?parent=23781"}],"wp:term":[{"taxonomy":"product_brand","embeddable":true,"href":"https:\/\/ztsports.com\/fr\/wp-json\/wp\/v2\/product_brand?post=23781"},{"taxonomy":"product_cat","embeddable":true,"href":"https:\/\/ztsports.com\/fr\/wp-json\/wp\/v2\/product_cat?post=23781"},{"taxonomy":"product_tag","embeddable":true,"href":"https:\/\/ztsports.com\/fr\/wp-json\/wp\/v2\/product_tag?post=23781"}],"curies":[{"name":"wp","href":"https:\/\/api.w.org\/{rel}","templated":true}]}}