{"id":23778,"date":"2021-09-23T02:48:17","date_gmt":"2021-09-23T02:48:17","guid":{"rendered":"https:\/\/ztsports.com\/?post_type=product&#038;p=23778"},"modified":"2026-03-10T07:28:03","modified_gmt":"2026-03-10T07:28:03","slug":"sec-neck-guard-protector","status":"publish","type":"product","link":"https:\/\/ztsports.com\/fr\/store\/sec-neck-guard-protector\/","title":{"rendered":"SEC Neck Guard Protector"},"content":{"rendered":"<h1>Protecteur de Cou SEC<\/h1>\n<p>Le <strong>Protecteur de cou SEC<\/strong> est fabriqu\u00e9 en Schoeller Keprotec Kevlar.<\/p>\n<p>Ce prot\u00e8ge-cou est doux tout en \u00e9tant tr\u00e8s r\u00e9sistant aux coupures, avec un ext\u00e9rieur luxueux en microfibre douce.<\/p>\n<p>Confort exceptionnel gr\u00e2ce \u00e0 un <strong>collier enveloppant complet<\/strong> avec protection Kevlar.<\/p>\n<p>Fermeture double Velcro pour un ajustement parfait et s\u00e9curis\u00e9.<\/p>\n<p>Un prot\u00e8ge-cou de qualit\u00e9 sup\u00e9rieure offrant une protection contre les coupures.<\/p>\n<p>Meilleur choix pour un prot\u00e8ge-cou r\u00e9sistant aux coupures.<\/p>\n<p>De plus, il s\u2019agit d\u2019un \u00e9quipement obligatoire pour le patinage de vitesse sur piste courte.<\/p>\n<p><strong>\u00c0 noter : FPVQ &amp; <a href=\"https:\/\/www.ontariospeedskating.ca\/safety-equipment\" target=\"_blank\" rel=\"noopener\">OSSA : Accessoire obligatoire<\/a> en comp\u00e9tition.<\/strong><\/p>\n<p>Enfin, d\u00e9couvrez notre <a href=\"https:\/\/ztsports.com\/product-category\/protection\/neck-guards\/\"><strong>s\u00e9lection compl\u00e8te de prot\u00e8ge-cou<\/strong><\/a> ici.<\/p>\n","protected":false},"excerpt":{"rendered":"<p>Protecteur de Cou SEC Le Protecteur de cou SEC est fabriqu\u00e9 en Schoeller Keprotec Kevlar. Ce prot\u00e8ge-cou est doux tout en \u00e9tant tr\u00e8s r\u00e9sistant aux coupures, avec un ext\u00e9rieur luxueux en microfibre douce. Confort exceptionnel gr\u00e2ce \u00e0 un collier enveloppant complet avec protection Kevlar. Fermeture double Velcro pour un ajustement parfait et s\u00e9curis\u00e9. Un prot\u00e8ge-cou [&hellip;]<\/p>\n","protected":false},"featured_media":23776,"comment_status":"open","ping_status":"closed","template":"","meta":{"_acf_changed":false,"_monsterinsights_skip_tracking":false,"_monsterinsights_sitenote_active":false,"_monsterinsights_sitenote_note":"","_monsterinsights_sitenote_category":0,"_uf_show_specific_survey":0,"_uf_disable_surveys":false,"site-sidebar-layout":"default","site-content-layout":"","ast-site-content-layout":"default","site-content-style":"default","site-sidebar-style":"default","ast-global-header-display":"","ast-banner-title-visibility":"","ast-main-header-display":"","ast-hfb-above-header-display":"","ast-hfb-below-header-display":"","ast-hfb-mobile-header-display":"","site-post-title":"","ast-breadcrumbs-content":"","ast-featured-img":"","footer-sml-layout":"","ast-disable-related-posts":"","theme-transparent-header-meta":"default","adv-header-id-meta":"","stick-header-meta":"","header-above-stick-meta":"","header-main-stick-meta":"","header-below-stick-meta":"","astra-migrate-meta-layouts":"set","ast-page-background-enabled":"default","ast-page-background-meta":{"desktop":{"background-color":"","background-image":"","background-repeat":"repeat","background-position":"center center","background-size":"auto","background-attachment":"scroll","background-type":"","background-media":"","overlay-type":"","overlay-color":"","overlay-opacity":"","overlay-gradient":""},"tablet":{"background-color":"","background-image":"","background-repeat":"repeat","background-position":"center center","background-size":"auto","background-attachment":"scroll","background-type":"","background-media":"","overlay-type":"","overlay-color":"","overlay-opacity":"","overlay-gradient":""},"mobile":{"background-color":"","background-image":"","background-repeat":"repeat","background-position":"center center","background-size":"auto","background-attachment":"scroll","background-type":"","background-media":"","overlay-type":"","overlay-color":"","overlay-opacity":"","overlay-gradient":""}},"ast-content-background-meta":{"desktop":{"background-color":"var(--ast-global-color-5)","background-image":"","background-repeat":"repeat","background-position":"center center","background-size":"auto","background-attachment":"scroll","background-type":"","background-media":"","overlay-type":"","overlay-color":"","overlay-opacity":"","overlay-gradient":""},"tablet":{"background-color":"var(--ast-global-color-5)","background-image":"","background-repeat":"repeat","background-position":"center center","background-size":"auto","background-attachment":"scroll","background-type":"","background-media":"","overlay-type":"","overlay-color":"","overlay-opacity":"","overlay-gradient":""},"mobile":{"background-color":"var(--ast-global-color-5)","background-image":"","background-repeat":"repeat","background-position":"center center","background-size":"auto","background-attachment":"scroll","background-type":"","background-media":"","overlay-type":"","overlay-color":"","overlay-opacity":"","overlay-gradient":""}}},"product_brand":[3336],"product_cat":[3378],"product_tag":[],"class_list":{"0":"post-23778","1":"product","2":"type-product","3":"status-publish","4":"has-post-thumbnail","6":"product_brand-sec","7":"product_cat-non-categorise","8":"desktop-align-left","9":"tablet-align-left","10":"mobile-align-left","12":"first","13":"instock","14":"taxable","15":"shipping-taxable","16":"purchasable","17":"product-type-simple"},"acf":[],"_links":{"self":[{"href":"https:\/\/ztsports.com\/fr\/wp-json\/wp\/v2\/product\/23778","targetHints":{"allow":["GET"]}}],"collection":[{"href":"https:\/\/ztsports.com\/fr\/wp-json\/wp\/v2\/product"}],"about":[{"href":"https:\/\/ztsports.com\/fr\/wp-json\/wp\/v2\/types\/product"}],"replies":[{"embeddable":true,"href":"https:\/\/ztsports.com\/fr\/wp-json\/wp\/v2\/comments?post=23778"}],"version-history":[{"count":1,"href":"https:\/\/ztsports.com\/fr\/wp-json\/wp\/v2\/product\/23778\/revisions"}],"predecessor-version":[{"id":23779,"href":"https:\/\/ztsports.com\/fr\/wp-json\/wp\/v2\/product\/23778\/revisions\/23779"}],"wp:featuredmedia":[{"embeddable":true,"href":"https:\/\/ztsports.com\/fr\/wp-json\/wp\/v2\/media\/23776"}],"wp:attachment":[{"href":"https:\/\/ztsports.com\/fr\/wp-json\/wp\/v2\/media?parent=23778"}],"wp:term":[{"taxonomy":"product_brand","embeddable":true,"href":"https:\/\/ztsports.com\/fr\/wp-json\/wp\/v2\/product_brand?post=23778"},{"taxonomy":"product_cat","embeddable":true,"href":"https:\/\/ztsports.com\/fr\/wp-json\/wp\/v2\/product_cat?post=23778"},{"taxonomy":"product_tag","embeddable":true,"href":"https:\/\/ztsports.com\/fr\/wp-json\/wp\/v2\/product_tag?post=23778"}],"curies":[{"name":"wp","href":"https:\/\/api.w.org\/{rel}","templated":true}]}}