{"id":23774,"date":"2021-09-23T02:48:38","date_gmt":"2021-09-23T02:48:38","guid":{"rendered":"https:\/\/ztsports.com\/?post_type=product&#038;p=23774"},"modified":"2026-03-10T07:27:02","modified_gmt":"2026-03-10T07:27:02","slug":"exacta-parabolica-sharpening-jig","status":"publish","type":"product","link":"https:\/\/ztsports.com\/fr\/store\/exacta-parabolica-sharpening-jig\/","title":{"rendered":"Exacta Parabolica Sharpening jig"},"content":{"rendered":"<h2><strong>Exacta PARABOLICA \u2013 Gabarit d\u2019Aiguisage<\/strong><\/h2>\n<p>Le <strong>Exacta Parabolica Jig<\/strong>, fabriqu\u00e9 aux \u00c9tats-Unis, est un gabarit d\u2019aiguisage haut de gamme qui \u00e9tablit la norme en mati\u00e8re de pr\u00e9cision, de r\u00e9p\u00e9tabilit\u00e9 et de facilit\u00e9 d\u2019utilisation.<\/p>\n<p>Usin\u00e9 CNC dans une plaque en alliage d\u2019avion massif, ce design minimise les d\u00e9formations dimensionnelles du corps du gabarit caus\u00e9es par la pression des pinces.<\/p>\n<p><strong>Il ne repose pas sur des gadgets comme des faces de pince mobiles<\/strong> qui introduisent des erreurs dans le positionnement vertical et le parall\u00e9lisme des lames.<\/p>\n<p>Solide, bien con\u00e7u et fabriqu\u00e9 avec qualit\u00e9, il garantit les r\u00e9sultats les plus r\u00e9p\u00e9tables. Tout cela tout en restant l\u00e9ger et facile \u00e0 transporter et \u00e0 installer.<\/p>\n<p>Quelques avantages par rapport aux autres mod\u00e8les : les faces de pince usin\u00e9es avec pr\u00e9cision offrent une pression de contact sup\u00e9rieure, \u00e9liminant les d\u00e9formations des lames sans les erreurs suppl\u00e9mentaires caus\u00e9es par les faces mobiles. La forme parabolique assure une s\u00e9curit\u00e9 et une pr\u00e9cision de serrage in\u00e9gal\u00e9es.<\/p>\n<p>Les boutons de pince sont en composite confortable avec inserts en laiton, mont\u00e9s sur des goujons en acier inoxydable rempla\u00e7ables et filet\u00e9s finement. Les pinces pivotent sur des axes durcis et usin\u00e9s de pr\u00e9cision. Des espaces suppl\u00e9mentaires permettent l\u2019installation facile des tubes de lame surdimensionn\u00e9s. La barre transversale et les tours de pince surdimensionn\u00e9s augmentent la s\u00e9curit\u00e9 et la r\u00e9p\u00e9tabilit\u00e9 de l\u2019espacement choisi par l\u2019utilisateur.<\/p>\n<p>Les longueurs sont grav\u00e9es au laser sur la surface sup\u00e9rieure pour un rep\u00e8re permanent, \u00e9vitant les surfaces sur\u00e9lev\u00e9es courantes avec d\u2019autres types d\u2019usinage. Plateforme large, but\u00e9e solide et pieds en caoutchouc amortissants pour une stabilit\u00e9 maximale.<\/p>\n<p><strong>Rien ne lui arrive \u00e0 la cheville, quel que soit le prix.<\/strong><\/p>\n<p>Le <strong>Exacta PARABOLICA Jig<\/strong> est celui que nous avons choisi pour notre atelier chez <a href=\"https:\/\/ztsports.com\/fr\/\"><strong>Zt Sports<\/strong><\/a> !<\/p>\n<p>Les but\u00e9es sup\u00e9rieures sont disponibles en option.<\/p>\n<p><a href=\"https:\/\/ztsports.com\/product-category\/sharpening\/jigs\/\"><strong>Vous pouvez consulter tous nos gabarits et kits d\u2019aiguisage ici.<\/strong><\/a><\/p>\n<h4><a href=\"https:\/\/www.youtube.com\/watch?v=6mu5w7rdrL0\" target=\"_blank\" rel=\"noopener\">Tutoriel d\u2019aiguisage de patins<\/a><\/h4>\n<p>&nbsp;<\/p>\n","protected":false},"excerpt":{"rendered":"<p>Exacta PARABOLICA \u2013 Gabarit d\u2019Aiguisage Le Exacta Parabolica Jig, fabriqu\u00e9 aux \u00c9tats-Unis, est un gabarit d\u2019aiguisage haut de gamme qui \u00e9tablit la norme en mati\u00e8re de pr\u00e9cision, de r\u00e9p\u00e9tabilit\u00e9 et de facilit\u00e9 d\u2019utilisation. Usin\u00e9 CNC dans une plaque en alliage d\u2019avion massif, ce design minimise les d\u00e9formations dimensionnelles du corps du gabarit caus\u00e9es par la [&hellip;]<\/p>\n","protected":false},"featured_media":23772,"comment_status":"open","ping_status":"closed","template":"","meta":{"_acf_changed":false,"_monsterinsights_skip_tracking":false,"_monsterinsights_sitenote_active":false,"_monsterinsights_sitenote_note":"","_monsterinsights_sitenote_category":0,"_uf_show_specific_survey":0,"_uf_disable_surveys":false,"site-sidebar-layout":"default","site-content-layout":"","ast-site-content-layout":"default","site-content-style":"default","site-sidebar-style":"default","ast-global-header-display":"","ast-banner-title-visibility":"","ast-main-header-display":"","ast-hfb-above-header-display":"","ast-hfb-below-header-display":"","ast-hfb-mobile-header-display":"","site-post-title":"","ast-breadcrumbs-content":"","ast-featured-img":"","footer-sml-layout":"","ast-disable-related-posts":"","theme-transparent-header-meta":"default","adv-header-id-meta":"","stick-header-meta":"","header-above-stick-meta":"","header-main-stick-meta":"","header-below-stick-meta":"","astra-migrate-meta-layouts":"set","ast-page-background-enabled":"default","ast-page-background-meta":{"desktop":{"background-color":"","background-image":"","background-repeat":"repeat","background-position":"center center","background-size":"auto","background-attachment":"scroll","background-type":"","background-media":"","overlay-type":"","overlay-color":"","overlay-opacity":"","overlay-gradient":""},"tablet":{"background-color":"","background-image":"","background-repeat":"repeat","background-position":"center center","background-size":"auto","background-attachment":"scroll","background-type":"","background-media":"","overlay-type":"","overlay-color":"","overlay-opacity":"","overlay-gradient":""},"mobile":{"background-color":"","background-image":"","background-repeat":"repeat","background-position":"center center","background-size":"auto","background-attachment":"scroll","background-type":"","background-media":"","overlay-type":"","overlay-color":"","overlay-opacity":"","overlay-gradient":""}},"ast-content-background-meta":{"desktop":{"background-color":"var(--ast-global-color-5)","background-image":"","background-repeat":"repeat","background-position":"center center","background-size":"auto","background-attachment":"scroll","background-type":"","background-media":"","overlay-type":"","overlay-color":"","overlay-opacity":"","overlay-gradient":""},"tablet":{"background-color":"var(--ast-global-color-5)","background-image":"","background-repeat":"repeat","background-position":"center center","background-size":"auto","background-attachment":"scroll","background-type":"","background-media":"","overlay-type":"","overlay-color":"","overlay-opacity":"","overlay-gradient":""},"mobile":{"background-color":"var(--ast-global-color-5)","background-image":"","background-repeat":"repeat","background-position":"center center","background-size":"auto","background-attachment":"scroll","background-type":"","background-media":"","overlay-type":"","overlay-color":"","overlay-opacity":"","overlay-gradient":""}}},"product_brand":[3345,3344],"product_cat":[3378],"product_tag":[],"class_list":{"0":"post-23774","1":"product","2":"type-product","3":"status-publish","4":"has-post-thumbnail","6":"product_brand-exacta","7":"product_brand-stay-bent","8":"product_cat-non-categorise","9":"desktop-align-left","10":"tablet-align-left","11":"mobile-align-left","13":"first","14":"onbackorder","15":"taxable","16":"shipping-taxable","17":"purchasable","18":"product-type-simple"},"acf":[],"_links":{"self":[{"href":"https:\/\/ztsports.com\/fr\/wp-json\/wp\/v2\/product\/23774","targetHints":{"allow":["GET"]}}],"collection":[{"href":"https:\/\/ztsports.com\/fr\/wp-json\/wp\/v2\/product"}],"about":[{"href":"https:\/\/ztsports.com\/fr\/wp-json\/wp\/v2\/types\/product"}],"replies":[{"embeddable":true,"href":"https:\/\/ztsports.com\/fr\/wp-json\/wp\/v2\/comments?post=23774"}],"version-history":[{"count":1,"href":"https:\/\/ztsports.com\/fr\/wp-json\/wp\/v2\/product\/23774\/revisions"}],"predecessor-version":[{"id":23775,"href":"https:\/\/ztsports.com\/fr\/wp-json\/wp\/v2\/product\/23774\/revisions\/23775"}],"wp:featuredmedia":[{"embeddable":true,"href":"https:\/\/ztsports.com\/fr\/wp-json\/wp\/v2\/media\/23772"}],"wp:attachment":[{"href":"https:\/\/ztsports.com\/fr\/wp-json\/wp\/v2\/media?parent=23774"}],"wp:term":[{"taxonomy":"product_brand","embeddable":true,"href":"https:\/\/ztsports.com\/fr\/wp-json\/wp\/v2\/product_brand?post=23774"},{"taxonomy":"product_cat","embeddable":true,"href":"https:\/\/ztsports.com\/fr\/wp-json\/wp\/v2\/product_cat?post=23774"},{"taxonomy":"product_tag","embeddable":true,"href":"https:\/\/ztsports.com\/fr\/wp-json\/wp\/v2\/product_tag?post=23774"}],"curies":[{"name":"wp","href":"https:\/\/api.w.org\/{rel}","templated":true}]}}