{"id":23770,"date":"2021-09-23T02:48:38","date_gmt":"2021-09-23T02:48:38","guid":{"rendered":"https:\/\/ztsports.com\/?post_type=product&#038;p=23770"},"modified":"2026-03-12T12:34:08","modified_gmt":"2026-03-12T12:34:08","slug":"coaches-lapboard-longtrack-lap-time-tool","status":"publish","type":"product","link":"https:\/\/ztsports.com\/fr\/store\/coaches-lapboard-longtrack-lap-time-tool\/","title":{"rendered":"Coaches Lapboard Longtrack Lap Time Tool"},"content":{"rendered":"<h1 class=\"tw-data-text tw-text-large tw-ta\" dir=\"ltr\" data-placeholder=\"Translation\"><span class=\"Y2IQFc\" lang=\"fr\">Tableau de Tours pour Entra\u00eeneurs Longtrack<\/span><\/h1>\n<p>Le tableau de tours pour entra\u00eeneurs Longtrack est un outil indispensable pour tout club de Long Track ou entra\u00eeneur. De plus, le <span class=\"Y2IQFc\" lang=\"fr\">tableau poss\u00e8de un grand \u00e9cran<\/span>. Les onglets coulissants permettent des ajustements rapides et faciles des temps au tour. En outre, un \u00e9tui rembourr\u00e9 avec fermeture \u00e9clair offre une protection suppl\u00e9mentaire et facilite le transport.<\/p>\n<p>Le tableau aidera l\u2019entra\u00eeneur \u00e0 communiquer avec ses patineurs en affichant clairement les temps au tour pendant les courses, les aidant ainsi \u00e0 effectuer les ajustements n\u00e9cessaires de leur rythme.<\/p>\n<h4>Chiffres \u00e0 changer rapidement dans un \u00e9tui facile \u00e0 tenir.<\/h4>\n<ul>\n<li>Facile et rapide \u00e0 utiliser<\/li>\n<li>Chiffres clairs<\/li>\n<li>Dimensions pli\u00e9 L\/L\/H : 20,5\/28\/8 cm<\/li>\n<\/ul>\n<p>Enfin, vous pouvez consulter tous nos <a href=\"https:\/\/ztsports.com\/fr\/product-category\/aides-a-lentrainement\/\"><strong>accessoires d\u2019entra\u00eenement et outils pour entra\u00eeneurs<\/strong><\/a> ici.<\/p>\n","protected":false},"excerpt":{"rendered":"<p>Tableau de Tours pour Entra\u00eeneurs Longtrack Le tableau de tours pour entra\u00eeneurs Longtrack est un outil indispensable pour tout club de Long Track ou entra\u00eeneur. De plus, le tableau poss\u00e8de un grand \u00e9cran. Les onglets coulissants permettent des ajustements rapides et faciles des temps au tour. En outre, un \u00e9tui rembourr\u00e9 avec fermeture \u00e9clair offre [&hellip;]<\/p>\n","protected":false},"featured_media":23768,"comment_status":"open","ping_status":"closed","template":"","meta":{"_acf_changed":false,"_monsterinsights_skip_tracking":false,"_monsterinsights_sitenote_active":false,"_monsterinsights_sitenote_note":"","_monsterinsights_sitenote_category":0,"_uf_show_specific_survey":0,"_uf_disable_surveys":false,"site-sidebar-layout":"default","site-content-layout":"","ast-site-content-layout":"default","site-content-style":"default","site-sidebar-style":"default","ast-global-header-display":"","ast-banner-title-visibility":"","ast-main-header-display":"","ast-hfb-above-header-display":"","ast-hfb-below-header-display":"","ast-hfb-mobile-header-display":"","site-post-title":"","ast-breadcrumbs-content":"","ast-featured-img":"","footer-sml-layout":"","ast-disable-related-posts":"","theme-transparent-header-meta":"default","adv-header-id-meta":"","stick-header-meta":"","header-above-stick-meta":"","header-main-stick-meta":"","header-below-stick-meta":"","astra-migrate-meta-layouts":"set","ast-page-background-enabled":"default","ast-page-background-meta":{"desktop":{"background-color":"","background-image":"","background-repeat":"repeat","background-position":"center center","background-size":"auto","background-attachment":"scroll","background-type":"","background-media":"","overlay-type":"","overlay-color":"","overlay-opacity":"","overlay-gradient":""},"tablet":{"background-color":"","background-image":"","background-repeat":"repeat","background-position":"center center","background-size":"auto","background-attachment":"scroll","background-type":"","background-media":"","overlay-type":"","overlay-color":"","overlay-opacity":"","overlay-gradient":""},"mobile":{"background-color":"","background-image":"","background-repeat":"repeat","background-position":"center center","background-size":"auto","background-attachment":"scroll","background-type":"","background-media":"","overlay-type":"","overlay-color":"","overlay-opacity":"","overlay-gradient":""}},"ast-content-background-meta":{"desktop":{"background-color":"var(--ast-global-color-5)","background-image":"","background-repeat":"repeat","background-position":"center center","background-size":"auto","background-attachment":"scroll","background-type":"","background-media":"","overlay-type":"","overlay-color":"","overlay-opacity":"","overlay-gradient":""},"tablet":{"background-color":"var(--ast-global-color-5)","background-image":"","background-repeat":"repeat","background-position":"center center","background-size":"auto","background-attachment":"scroll","background-type":"","background-media":"","overlay-type":"","overlay-color":"","overlay-opacity":"","overlay-gradient":""},"mobile":{"background-color":"var(--ast-global-color-5)","background-image":"","background-repeat":"repeat","background-position":"center center","background-size":"auto","background-attachment":"scroll","background-type":"","background-media":"","overlay-type":"","overlay-color":"","overlay-opacity":"","overlay-gradient":""}}},"product_brand":[3347,3297,3356],"product_cat":[3380,3379],"product_tag":[],"class_list":{"0":"post-23770","1":"product","2":"type-product","3":"status-publish","4":"has-post-thumbnail","6":"product_brand-ehs","7":"product_brand-evo","8":"product_brand-viking","9":"product_cat-aides-a-lentrainement","10":"product_cat-aides-au-coaching-et-a-lentrainement","11":"desktop-align-left","12":"tablet-align-left","13":"mobile-align-left","15":"first","16":"instock","17":"taxable","18":"shipping-taxable","19":"purchasable","20":"product-type-simple"},"acf":[],"_links":{"self":[{"href":"https:\/\/ztsports.com\/fr\/wp-json\/wp\/v2\/product\/23770","targetHints":{"allow":["GET"]}}],"collection":[{"href":"https:\/\/ztsports.com\/fr\/wp-json\/wp\/v2\/product"}],"about":[{"href":"https:\/\/ztsports.com\/fr\/wp-json\/wp\/v2\/types\/product"}],"replies":[{"embeddable":true,"href":"https:\/\/ztsports.com\/fr\/wp-json\/wp\/v2\/comments?post=23770"}],"version-history":[{"count":3,"href":"https:\/\/ztsports.com\/fr\/wp-json\/wp\/v2\/product\/23770\/revisions"}],"predecessor-version":[{"id":24586,"href":"https:\/\/ztsports.com\/fr\/wp-json\/wp\/v2\/product\/23770\/revisions\/24586"}],"wp:featuredmedia":[{"embeddable":true,"href":"https:\/\/ztsports.com\/fr\/wp-json\/wp\/v2\/media\/23768"}],"wp:attachment":[{"href":"https:\/\/ztsports.com\/fr\/wp-json\/wp\/v2\/media?parent=23770"}],"wp:term":[{"taxonomy":"product_brand","embeddable":true,"href":"https:\/\/ztsports.com\/fr\/wp-json\/wp\/v2\/product_brand?post=23770"},{"taxonomy":"product_cat","embeddable":true,"href":"https:\/\/ztsports.com\/fr\/wp-json\/wp\/v2\/product_cat?post=23770"},{"taxonomy":"product_tag","embeddable":true,"href":"https:\/\/ztsports.com\/fr\/wp-json\/wp\/v2\/product_tag?post=23770"}],"curies":[{"name":"wp","href":"https:\/\/api.w.org\/{rel}","templated":true}]}}