{"id":23766,"date":"2021-09-23T02:48:40","date_gmt":"2021-09-23T02:48:40","guid":{"rendered":"https:\/\/ztsports.com\/?post_type=product&#038;p=23766"},"modified":"2026-03-10T07:24:03","modified_gmt":"2026-03-10T07:24:03","slug":"evo-blade-radius-gauge-with-case","status":"publish","type":"product","link":"https:\/\/ztsports.com\/fr\/store\/evo-blade-radius-gauge-with-case\/","title":{"rendered":"EVO Blade Radius Gauge with Case"},"content":{"rendered":"<h1><strong>Jauge de Rayon EVO pour Lames avec \u00c9tui Rigide<\/strong><\/h1>\n<p>La jauge de rayon EVO pour lames poss\u00e8de une base en aluminium CNC avec une pr\u00e9cision de 0,0001.<\/p>\n<p>Ce gabarit de rayon pour patins de vitesse est livr\u00e9 avec un <strong>\u00e9tui rigide<\/strong>.<\/p>\n<p>Il comprend des inserts en mousse pour une protection suppl\u00e9mentaire, un bord droit pour assurer une r\u00e9p\u00e9tabilit\u00e9 pr\u00e9cise, et un tableau de mesures de rayon imprim\u00e9 sur la base pour un acc\u00e8s pratique.<\/p>\n<p>Cette jauge de rayon EVO est identique \u00e0 la <a href=\"https:\/\/ztsports.com\/product\/skate-tec-gauge\/\"><strong>Skate-Tec Radius Gauge<\/strong><\/a>, mais en noir.<\/p>\n<p>Vid\u00e9o d\u00e9montrant comment v\u00e9rifier votre courbure et rocker avec la <strong><a href=\"https:\/\/www.youtube.com\/watch?v=Wcjvgt_6sKg\" target=\"_blank\" rel=\"noopener\">jauge de rayon YouTube<\/a><\/strong>.<\/p>\n<p><strong>Enfin, consultez tous nos <a href=\"\/?product_cat=benders-and-gages-sharpening\">outils de pliage et jauges<\/a>.<\/strong><\/p>\n","protected":false},"excerpt":{"rendered":"<p>Jauge de Rayon EVO pour Lames avec \u00c9tui Rigide La jauge de rayon EVO pour lames poss\u00e8de une base en aluminium CNC avec une pr\u00e9cision de 0,0001. Ce gabarit de rayon pour patins de vitesse est livr\u00e9 avec un \u00e9tui rigide. Il comprend des inserts en mousse pour une protection suppl\u00e9mentaire, un bord droit pour [&hellip;]<\/p>\n","protected":false},"featured_media":23762,"comment_status":"open","ping_status":"closed","template":"","meta":{"_acf_changed":false,"_monsterinsights_skip_tracking":false,"_monsterinsights_sitenote_active":false,"_monsterinsights_sitenote_note":"","_monsterinsights_sitenote_category":0,"_uf_show_specific_survey":0,"_uf_disable_surveys":false,"site-sidebar-layout":"default","site-content-layout":"","ast-site-content-layout":"default","site-content-style":"default","site-sidebar-style":"default","ast-global-header-display":"","ast-banner-title-visibility":"","ast-main-header-display":"","ast-hfb-above-header-display":"","ast-hfb-below-header-display":"","ast-hfb-mobile-header-display":"","site-post-title":"","ast-breadcrumbs-content":"","ast-featured-img":"","footer-sml-layout":"","ast-disable-related-posts":"","theme-transparent-header-meta":"default","adv-header-id-meta":"","stick-header-meta":"","header-above-stick-meta":"","header-main-stick-meta":"","header-below-stick-meta":"","astra-migrate-meta-layouts":"set","ast-page-background-enabled":"default","ast-page-background-meta":{"desktop":{"background-color":"","background-image":"","background-repeat":"repeat","background-position":"center center","background-size":"auto","background-attachment":"scroll","background-type":"","background-media":"","overlay-type":"","overlay-color":"","overlay-opacity":"","overlay-gradient":""},"tablet":{"background-color":"","background-image":"","background-repeat":"repeat","background-position":"center center","background-size":"auto","background-attachment":"scroll","background-type":"","background-media":"","overlay-type":"","overlay-color":"","overlay-opacity":"","overlay-gradient":""},"mobile":{"background-color":"","background-image":"","background-repeat":"repeat","background-position":"center center","background-size":"auto","background-attachment":"scroll","background-type":"","background-media":"","overlay-type":"","overlay-color":"","overlay-opacity":"","overlay-gradient":""}},"ast-content-background-meta":{"desktop":{"background-color":"var(--ast-global-color-5)","background-image":"","background-repeat":"repeat","background-position":"center center","background-size":"auto","background-attachment":"scroll","background-type":"","background-media":"","overlay-type":"","overlay-color":"","overlay-opacity":"","overlay-gradient":""},"tablet":{"background-color":"var(--ast-global-color-5)","background-image":"","background-repeat":"repeat","background-position":"center center","background-size":"auto","background-attachment":"scroll","background-type":"","background-media":"","overlay-type":"","overlay-color":"","overlay-opacity":"","overlay-gradient":""},"mobile":{"background-color":"var(--ast-global-color-5)","background-image":"","background-repeat":"repeat","background-position":"center center","background-size":"auto","background-attachment":"scroll","background-type":"","background-media":"","overlay-type":"","overlay-color":"","overlay-opacity":"","overlay-gradient":""}}},"product_brand":[3297,3338],"product_cat":[3379],"product_tag":[],"class_list":{"0":"post-23766","1":"product","2":"type-product","3":"status-publish","4":"has-post-thumbnail","6":"product_brand-evo","7":"product_brand-skate-tec","8":"product_cat-aides-au-coaching-et-a-lentrainement","9":"desktop-align-left","10":"tablet-align-left","11":"mobile-align-left","13":"first","14":"instock","15":"taxable","16":"shipping-taxable","17":"purchasable","18":"product-type-simple"},"acf":[],"_links":{"self":[{"href":"https:\/\/ztsports.com\/fr\/wp-json\/wp\/v2\/product\/23766","targetHints":{"allow":["GET"]}}],"collection":[{"href":"https:\/\/ztsports.com\/fr\/wp-json\/wp\/v2\/product"}],"about":[{"href":"https:\/\/ztsports.com\/fr\/wp-json\/wp\/v2\/types\/product"}],"replies":[{"embeddable":true,"href":"https:\/\/ztsports.com\/fr\/wp-json\/wp\/v2\/comments?post=23766"}],"version-history":[{"count":1,"href":"https:\/\/ztsports.com\/fr\/wp-json\/wp\/v2\/product\/23766\/revisions"}],"predecessor-version":[{"id":23767,"href":"https:\/\/ztsports.com\/fr\/wp-json\/wp\/v2\/product\/23766\/revisions\/23767"}],"wp:featuredmedia":[{"embeddable":true,"href":"https:\/\/ztsports.com\/fr\/wp-json\/wp\/v2\/media\/23762"}],"wp:attachment":[{"href":"https:\/\/ztsports.com\/fr\/wp-json\/wp\/v2\/media?parent=23766"}],"wp:term":[{"taxonomy":"product_brand","embeddable":true,"href":"https:\/\/ztsports.com\/fr\/wp-json\/wp\/v2\/product_brand?post=23766"},{"taxonomy":"product_cat","embeddable":true,"href":"https:\/\/ztsports.com\/fr\/wp-json\/wp\/v2\/product_cat?post=23766"},{"taxonomy":"product_tag","embeddable":true,"href":"https:\/\/ztsports.com\/fr\/wp-json\/wp\/v2\/product_tag?post=23766"}],"curies":[{"name":"wp","href":"https:\/\/api.w.org\/{rel}","templated":true}]}}