{"id":23760,"date":"2021-09-23T02:49:51","date_gmt":"2021-09-23T02:49:51","guid":{"rendered":"https:\/\/ztsports.com\/?post_type=product&#038;p=23760"},"modified":"2026-03-10T07:23:06","modified_gmt":"2026-03-10T07:23:06","slug":"maplez-mi-bender-for-short-track-blades","status":"publish","type":"product","link":"https:\/\/ztsports.com\/fr\/store\/maplez-mi-bender-for-short-track-blades\/","title":{"rendered":"MapleZ Mi-Bender for Short Track blades"},"content":{"rendered":"<h1>MapleZ Mi-Plieuse pour lames Short Track<\/h1>\n<p>La MapleZ Mi-Plieuse, o\u00f9 \u00ab Mi \u00bb signifie <strong>Maple Intelligent<\/strong>. Une nouvelle r\u00e9f\u00e9rence de qualit\u00e9, issue d&#8217;une s\u00e9rie de produits con\u00e7us par des esprits cr\u00e9atifs et ing\u00e9nieux. De plus, elle a \u00e9t\u00e9 pens\u00e9e pour am\u00e9liorer l\u2019avenir du patinage sur glace.<\/p>\n<h3>MapleZ Mi-Plieuse <strong>Pression Directe :<\/strong><\/h3>\n<p>La Mi-Plieuse n\u2019a pas de roue, qui avait tendance \u00e0 se d\u00e9caler vers la gauche lors de l\u2019application de pression. Elle fonctionne avec un syst\u00e8me r\u00e9volutionnaire qui permet d\u2019appuyer directement vers le bas, appliquant ainsi la pression exactement l\u00e0 o\u00f9 c\u2019est n\u00e9cessaire. Gr\u00e2ce \u00e0 ce syst\u00e8me, il est tr\u00e8s facile de contr\u00f4ler parfaitement la force appliqu\u00e9e. Travailler avec la Mi-Plieuse demande donc beaucoup moins d\u2019effort.<\/p>\n<p>Le \u00ab bloc de pression \u00bb est en aluminium et offre un contact plus large avec la lame afin de ne pas cr\u00e9er de bosses. De plus, les \u00e9ventuelles marques s\u2019effacent plus facilement gr\u00e2ce \u00e0 la forme du bloc. Bien s\u00fbr, le bloc en aluminium est plus solide et s\u2019use beaucoup moins vite que les anciennes roues en plastique.<\/p>\n<p>La Mi-Plieuse peut \u00eatre utilis\u00e9e sur tous les types de lames short track, gr\u00e2ce \u00e0 la possibilit\u00e9 de tourner les supports et le bloc de pression. Elle est donc compatible avec n\u2019importe quel tube \u00e0 plier, sans risque de l\u2019endommager. On peut donc dire qu\u2019il s\u2019agit de la plieuse la plus universelle du march\u00e9.<\/p>\n<h3>Travailler avec la MapleZ Mi-Plieuse<\/h3>\n<p>La Mi-Plieuse est un jeu d\u2019enfant \u00e0 utiliser. Aussi stable qu\u2019un roc, malgr\u00e9 sa l\u00e9g\u00e8ret\u00e9 (moins de 3 kg), c\u2019est une machine tr\u00e8s solide et pratique pour voyager en avion lors des comp\u00e9titions.<\/p>\n<p>D\u00e9couvrez \u00e9galement une vid\u00e9o sur <strong><a href=\"https:\/\/www.youtube.com\/watch?v=Wcjvgt_6sKg\" target=\"_blank\" rel=\"noopener\">comment plier et v\u00e9rifier le rocker des lames<\/a><\/strong>.<\/p>\n<p>Enfin, consultez tous nos <a href=\"\/?product_cat=benders-and-gages-sharpening\"><strong>outils d\u2019entretien et de pliage de lames<\/strong><\/a>.<\/p>\n","protected":false},"excerpt":{"rendered":"<p>MapleZ Mi-Plieuse pour lames Short Track La MapleZ Mi-Plieuse, o\u00f9 \u00ab Mi \u00bb signifie Maple Intelligent. Une nouvelle r\u00e9f\u00e9rence de qualit\u00e9, issue d&#8217;une s\u00e9rie de produits con\u00e7us par des esprits cr\u00e9atifs et ing\u00e9nieux. De plus, elle a \u00e9t\u00e9 pens\u00e9e pour am\u00e9liorer l\u2019avenir du patinage sur glace. MapleZ Mi-Plieuse Pression Directe : La Mi-Plieuse n\u2019a pas [&hellip;]<\/p>\n","protected":false},"featured_media":23759,"comment_status":"open","ping_status":"closed","template":"","meta":{"_acf_changed":false,"_monsterinsights_skip_tracking":false,"_monsterinsights_sitenote_active":false,"_monsterinsights_sitenote_note":"","_monsterinsights_sitenote_category":0,"_uf_show_specific_survey":0,"_uf_disable_surveys":false,"site-sidebar-layout":"default","site-content-layout":"","ast-site-content-layout":"default","site-content-style":"default","site-sidebar-style":"default","ast-global-header-display":"","ast-banner-title-visibility":"","ast-main-header-display":"","ast-hfb-above-header-display":"","ast-hfb-below-header-display":"","ast-hfb-mobile-header-display":"","site-post-title":"","ast-breadcrumbs-content":"","ast-featured-img":"","footer-sml-layout":"","ast-disable-related-posts":"","theme-transparent-header-meta":"default","adv-header-id-meta":"","stick-header-meta":"","header-above-stick-meta":"","header-main-stick-meta":"","header-below-stick-meta":"","astra-migrate-meta-layouts":"set","ast-page-background-enabled":"default","ast-page-background-meta":{"desktop":{"background-color":"","background-image":"","background-repeat":"repeat","background-position":"center center","background-size":"auto","background-attachment":"scroll","background-type":"","background-media":"","overlay-type":"","overlay-color":"","overlay-opacity":"","overlay-gradient":""},"tablet":{"background-color":"","background-image":"","background-repeat":"repeat","background-position":"center center","background-size":"auto","background-attachment":"scroll","background-type":"","background-media":"","overlay-type":"","overlay-color":"","overlay-opacity":"","overlay-gradient":""},"mobile":{"background-color":"","background-image":"","background-repeat":"repeat","background-position":"center center","background-size":"auto","background-attachment":"scroll","background-type":"","background-media":"","overlay-type":"","overlay-color":"","overlay-opacity":"","overlay-gradient":""}},"ast-content-background-meta":{"desktop":{"background-color":"var(--ast-global-color-5)","background-image":"","background-repeat":"repeat","background-position":"center center","background-size":"auto","background-attachment":"scroll","background-type":"","background-media":"","overlay-type":"","overlay-color":"","overlay-opacity":"","overlay-gradient":""},"tablet":{"background-color":"var(--ast-global-color-5)","background-image":"","background-repeat":"repeat","background-position":"center center","background-size":"auto","background-attachment":"scroll","background-type":"","background-media":"","overlay-type":"","overlay-color":"","overlay-opacity":"","overlay-gradient":""},"mobile":{"background-color":"var(--ast-global-color-5)","background-image":"","background-repeat":"repeat","background-position":"center center","background-size":"auto","background-attachment":"scroll","background-type":"","background-media":"","overlay-type":"","overlay-color":"","overlay-opacity":"","overlay-gradient":""}}},"product_brand":[3318,3319],"product_cat":[3378],"product_tag":[],"class_list":{"0":"post-23760","1":"product","2":"type-product","3":"status-publish","4":"has-post-thumbnail","6":"product_brand-maple","7":"product_brand-maplez","8":"product_cat-non-categorise","9":"desktop-align-left","10":"tablet-align-left","11":"mobile-align-left","13":"first","14":"instock","15":"sale","16":"taxable","17":"shipping-taxable","18":"purchasable","19":"product-type-simple"},"acf":[],"_links":{"self":[{"href":"https:\/\/ztsports.com\/fr\/wp-json\/wp\/v2\/product\/23760","targetHints":{"allow":["GET"]}}],"collection":[{"href":"https:\/\/ztsports.com\/fr\/wp-json\/wp\/v2\/product"}],"about":[{"href":"https:\/\/ztsports.com\/fr\/wp-json\/wp\/v2\/types\/product"}],"replies":[{"embeddable":true,"href":"https:\/\/ztsports.com\/fr\/wp-json\/wp\/v2\/comments?post=23760"}],"version-history":[{"count":1,"href":"https:\/\/ztsports.com\/fr\/wp-json\/wp\/v2\/product\/23760\/revisions"}],"predecessor-version":[{"id":23761,"href":"https:\/\/ztsports.com\/fr\/wp-json\/wp\/v2\/product\/23760\/revisions\/23761"}],"wp:featuredmedia":[{"embeddable":true,"href":"https:\/\/ztsports.com\/fr\/wp-json\/wp\/v2\/media\/23759"}],"wp:attachment":[{"href":"https:\/\/ztsports.com\/fr\/wp-json\/wp\/v2\/media?parent=23760"}],"wp:term":[{"taxonomy":"product_brand","embeddable":true,"href":"https:\/\/ztsports.com\/fr\/wp-json\/wp\/v2\/product_brand?post=23760"},{"taxonomy":"product_cat","embeddable":true,"href":"https:\/\/ztsports.com\/fr\/wp-json\/wp\/v2\/product_cat?post=23760"},{"taxonomy":"product_tag","embeddable":true,"href":"https:\/\/ztsports.com\/fr\/wp-json\/wp\/v2\/product_tag?post=23760"}],"curies":[{"name":"wp","href":"https:\/\/api.w.org\/{rel}","templated":true}]}}