{"id":23757,"date":"2021-09-23T02:49:52","date_gmt":"2021-09-23T02:49:52","guid":{"rendered":"https:\/\/ztsports.com\/?post_type=product&#038;p=23757"},"modified":"2026-03-10T07:22:15","modified_gmt":"2026-03-10T07:22:15","slug":"maple-blade-bender-for-short-track-blades","status":"publish","type":"product","link":"https:\/\/ztsports.com\/fr\/store\/maple-blade-bender-for-short-track-blades\/","title":{"rendered":"MAPLE BLADE BENDER for Short Track Blades"},"content":{"rendered":"<h2>PLIEUSE DE LAMES MAPLE<\/h2>\n<p>Cette plieuse de lames Maple vous permet d&#8217;ajuster vos lames ST et LT selon les besoins de votre club ou pour un usage individuel.<\/p>\n<p>Outil indispensable pour le patineur avanc\u00e9, l\u2019entra\u00eeneur et tout responsable de mat\u00e9riel de club.<\/p>\n<p>Fabriqu\u00e9e en aluminium de qualit\u00e9 sup\u00e9rieure, cette plieuse est incroyablement robuste et durable.<\/p>\n<p>Un bon ajustement de la courbure et du rocker offre au patineur les meilleures chances de progresser dans le short track et le long track.<\/p>\n<p>D\u00e9couvrez une vid\u00e9o sur <a href=\"https:\/\/www.youtube.com\/watch?v=Wcjvgt_6sKg\" target=\"_blank\" rel=\"noopener\">comment plier et v\u00e9rifier le rocker des lames<\/a>.<\/p>\n<p>Consultez tous nos <a href=\"\/?product_cat=benders-and-gages-sharpening\"><strong>outils d\u2019entretien et de pliage de lames<\/strong><\/a>.<\/p>\n","protected":false},"excerpt":{"rendered":"<p>PLIEUSE DE LAMES MAPLE Cette plieuse de lames Maple vous permet d&#8217;ajuster vos lames ST et LT selon les besoins de votre club ou pour un usage individuel. Outil indispensable pour le patineur avanc\u00e9, l\u2019entra\u00eeneur et tout responsable de mat\u00e9riel de club. Fabriqu\u00e9e en aluminium de qualit\u00e9 sup\u00e9rieure, cette plieuse est incroyablement robuste et durable. [&hellip;]<\/p>\n","protected":false},"featured_media":23752,"comment_status":"open","ping_status":"closed","template":"","meta":{"_acf_changed":false,"_monsterinsights_skip_tracking":false,"_monsterinsights_sitenote_active":false,"_monsterinsights_sitenote_note":"","_monsterinsights_sitenote_category":0,"_uf_show_specific_survey":0,"_uf_disable_surveys":false,"site-sidebar-layout":"default","site-content-layout":"","ast-site-content-layout":"default","site-content-style":"default","site-sidebar-style":"default","ast-global-header-display":"","ast-banner-title-visibility":"","ast-main-header-display":"","ast-hfb-above-header-display":"","ast-hfb-below-header-display":"","ast-hfb-mobile-header-display":"","site-post-title":"","ast-breadcrumbs-content":"","ast-featured-img":"","footer-sml-layout":"","ast-disable-related-posts":"","theme-transparent-header-meta":"default","adv-header-id-meta":"","stick-header-meta":"","header-above-stick-meta":"","header-main-stick-meta":"","header-below-stick-meta":"","astra-migrate-meta-layouts":"set","ast-page-background-enabled":"default","ast-page-background-meta":{"desktop":{"background-color":"","background-image":"","background-repeat":"repeat","background-position":"center center","background-size":"auto","background-attachment":"scroll","background-type":"","background-media":"","overlay-type":"","overlay-color":"","overlay-opacity":"","overlay-gradient":""},"tablet":{"background-color":"","background-image":"","background-repeat":"repeat","background-position":"center center","background-size":"auto","background-attachment":"scroll","background-type":"","background-media":"","overlay-type":"","overlay-color":"","overlay-opacity":"","overlay-gradient":""},"mobile":{"background-color":"","background-image":"","background-repeat":"repeat","background-position":"center center","background-size":"auto","background-attachment":"scroll","background-type":"","background-media":"","overlay-type":"","overlay-color":"","overlay-opacity":"","overlay-gradient":""}},"ast-content-background-meta":{"desktop":{"background-color":"var(--ast-global-color-5)","background-image":"","background-repeat":"repeat","background-position":"center center","background-size":"auto","background-attachment":"scroll","background-type":"","background-media":"","overlay-type":"","overlay-color":"","overlay-opacity":"","overlay-gradient":""},"tablet":{"background-color":"var(--ast-global-color-5)","background-image":"","background-repeat":"repeat","background-position":"center center","background-size":"auto","background-attachment":"scroll","background-type":"","background-media":"","overlay-type":"","overlay-color":"","overlay-opacity":"","overlay-gradient":""},"mobile":{"background-color":"var(--ast-global-color-5)","background-image":"","background-repeat":"repeat","background-position":"center center","background-size":"auto","background-attachment":"scroll","background-type":"","background-media":"","overlay-type":"","overlay-color":"","overlay-opacity":"","overlay-gradient":""}}},"product_brand":[3318],"product_cat":[3378],"product_tag":[3806],"class_list":{"0":"post-23757","1":"product","2":"type-product","3":"status-publish","4":"has-post-thumbnail","6":"product_brand-maple","7":"product_cat-non-categorise","8":"product_tag-staybent","9":"desktop-align-left","10":"tablet-align-left","11":"mobile-align-left","13":"first","14":"instock","15":"sale","16":"taxable","17":"shipping-taxable","18":"purchasable","19":"product-type-simple"},"acf":[],"_links":{"self":[{"href":"https:\/\/ztsports.com\/fr\/wp-json\/wp\/v2\/product\/23757","targetHints":{"allow":["GET"]}}],"collection":[{"href":"https:\/\/ztsports.com\/fr\/wp-json\/wp\/v2\/product"}],"about":[{"href":"https:\/\/ztsports.com\/fr\/wp-json\/wp\/v2\/types\/product"}],"replies":[{"embeddable":true,"href":"https:\/\/ztsports.com\/fr\/wp-json\/wp\/v2\/comments?post=23757"}],"version-history":[{"count":1,"href":"https:\/\/ztsports.com\/fr\/wp-json\/wp\/v2\/product\/23757\/revisions"}],"predecessor-version":[{"id":23758,"href":"https:\/\/ztsports.com\/fr\/wp-json\/wp\/v2\/product\/23757\/revisions\/23758"}],"wp:featuredmedia":[{"embeddable":true,"href":"https:\/\/ztsports.com\/fr\/wp-json\/wp\/v2\/media\/23752"}],"wp:attachment":[{"href":"https:\/\/ztsports.com\/fr\/wp-json\/wp\/v2\/media?parent=23757"}],"wp:term":[{"taxonomy":"product_brand","embeddable":true,"href":"https:\/\/ztsports.com\/fr\/wp-json\/wp\/v2\/product_brand?post=23757"},{"taxonomy":"product_cat","embeddable":true,"href":"https:\/\/ztsports.com\/fr\/wp-json\/wp\/v2\/product_cat?post=23757"},{"taxonomy":"product_tag","embeddable":true,"href":"https:\/\/ztsports.com\/fr\/wp-json\/wp\/v2\/product_tag?post=23757"}],"curies":[{"name":"wp","href":"https:\/\/api.w.org\/{rel}","templated":true}]}}