{"id":23750,"date":"2021-09-23T02:49:52","date_gmt":"2021-09-23T02:49:52","guid":{"rendered":"https:\/\/ztsports.com\/?post_type=product&#038;p=23750"},"modified":"2026-03-10T07:21:24","modified_gmt":"2026-03-10T07:21:24","slug":"technicords-speedskating-training-belts","status":"publish","type":"product","link":"https:\/\/ztsports.com\/fr\/store\/technicords-speedskating-training-belts\/","title":{"rendered":"TECHNICORDS SPEEDSKATING TRAINING BELTS"},"content":{"rendered":"<h1>CEINTURES D\u2019ENTRA\u00ceNEMENT TECHNICORDS SPEEDSKATING<\/h1>\n<p>Les ceintures d\u2019entra\u00eenement TECHNICORDS SPEEDSKATING vous aident \u00e0 am\u00e9liorer votre position corporelle ainsi que votre stabilit\u00e9 et votre puissance.<\/p>\n<p>Nos ceintures sont assez petites pour se glisser dans votre sac de patinage et vous accompagner partout. Pour am\u00e9liorer vos performances, faites confiance aux ceintures d\u2019entra\u00eenement TECHNICORDS Speedskating.<\/p>\n<p>\u00c9quipement d\u2019entra\u00eenement recommand\u00e9 par le champion du monde 2018, <a href=\"https:\/\/olympic.ca\/team-canada\/charles-hamelin\/\" target=\"_blank\" rel=\"noopener\">Charles Hamelin<\/a>.<\/p>\n<h2>CEINTURES D\u2019ENTRA\u00ceNEMENT TECHNICORDS SPEEDSKATING<\/h2>\n<p>Que vous travailliez les crossovers ou les mont\u00e9es-descente, les Technicords vous aideront \u00e0 perfectionner votre position corporelle. De plus, elles vous permettront d\u2019exercer plus de pression sur la glace.<\/p>\n<p>Petit format pour se glisser dans votre sac de patinage, mais assez puissant pour \u00e9lever vos performances au niveau sup\u00e9rieur.<\/p>\n<p>Dimensions : 300 cm x 5 cm (118&#8243; x 2&#8243;)<\/p>\n<p>D\u00e9couvrez ces <a href=\"https:\/\/www.youtube.com\/watch?v=lLMWAMaCTKs&amp;t=24s\" target=\"_blank\" rel=\"noopener\"><strong>exercices impressionnants r\u00e9alisables avec une simple ceinture et un poteau !<\/strong><\/a> et suivez-nous sur Instagram @Elite_Performance_Training pour encore plus d\u2019entra\u00eenements et d\u2019exercices.<\/p>\n<p>Enfin, consultez tous nos <a href=\"https:\/\/ztsports.com\/fr\/product-category\/aides-au-coaching-et-a-lentrainement\/\"><strong>accessoires d\u2019entra\u00eenement et de coaching ici<\/strong><\/a>.<\/p>\n","protected":false},"excerpt":{"rendered":"<p>CEINTURES D\u2019ENTRA\u00ceNEMENT TECHNICORDS SPEEDSKATING Les ceintures d\u2019entra\u00eenement TECHNICORDS SPEEDSKATING vous aident \u00e0 am\u00e9liorer votre position corporelle ainsi que votre stabilit\u00e9 et votre puissance. Nos ceintures sont assez petites pour se glisser dans votre sac de patinage et vous accompagner partout. Pour am\u00e9liorer vos performances, faites confiance aux ceintures d\u2019entra\u00eenement TECHNICORDS Speedskating. \u00c9quipement d\u2019entra\u00eenement recommand\u00e9 par [&hellip;]<\/p>\n","protected":false},"featured_media":23746,"comment_status":"open","ping_status":"closed","template":"","meta":{"_acf_changed":false,"_monsterinsights_skip_tracking":false,"_monsterinsights_sitenote_active":false,"_monsterinsights_sitenote_note":"","_monsterinsights_sitenote_category":0,"_uf_show_specific_survey":0,"_uf_disable_surveys":false,"site-sidebar-layout":"default","site-content-layout":"","ast-site-content-layout":"default","site-content-style":"default","site-sidebar-style":"default","ast-global-header-display":"","ast-banner-title-visibility":"","ast-main-header-display":"","ast-hfb-above-header-display":"","ast-hfb-below-header-display":"","ast-hfb-mobile-header-display":"","site-post-title":"","ast-breadcrumbs-content":"","ast-featured-img":"","footer-sml-layout":"","ast-disable-related-posts":"","theme-transparent-header-meta":"default","adv-header-id-meta":"","stick-header-meta":"","header-above-stick-meta":"","header-main-stick-meta":"","header-below-stick-meta":"","astra-migrate-meta-layouts":"set","ast-page-background-enabled":"default","ast-page-background-meta":{"desktop":{"background-color":"","background-image":"","background-repeat":"repeat","background-position":"center center","background-size":"auto","background-attachment":"scroll","background-type":"","background-media":"","overlay-type":"","overlay-color":"","overlay-opacity":"","overlay-gradient":""},"tablet":{"background-color":"","background-image":"","background-repeat":"repeat","background-position":"center center","background-size":"auto","background-attachment":"scroll","background-type":"","background-media":"","overlay-type":"","overlay-color":"","overlay-opacity":"","overlay-gradient":""},"mobile":{"background-color":"","background-image":"","background-repeat":"repeat","background-position":"center center","background-size":"auto","background-attachment":"scroll","background-type":"","background-media":"","overlay-type":"","overlay-color":"","overlay-opacity":"","overlay-gradient":""}},"ast-content-background-meta":{"desktop":{"background-color":"var(--ast-global-color-5)","background-image":"","background-repeat":"repeat","background-position":"center center","background-size":"auto","background-attachment":"scroll","background-type":"","background-media":"","overlay-type":"","overlay-color":"","overlay-opacity":"","overlay-gradient":""},"tablet":{"background-color":"var(--ast-global-color-5)","background-image":"","background-repeat":"repeat","background-position":"center center","background-size":"auto","background-attachment":"scroll","background-type":"","background-media":"","overlay-type":"","overlay-color":"","overlay-opacity":"","overlay-gradient":""},"mobile":{"background-color":"var(--ast-global-color-5)","background-image":"","background-repeat":"repeat","background-position":"center center","background-size":"auto","background-attachment":"scroll","background-type":"","background-media":"","overlay-type":"","overlay-color":"","overlay-opacity":"","overlay-gradient":""}}},"product_brand":[3279,3326,3348],"product_cat":[3379],"product_tag":[],"class_list":{"0":"post-23750","1":"product","2":"type-product","3":"status-publish","4":"has-post-thumbnail","6":"product_brand-base-360","7":"product_brand-nagano","8":"product_brand-technicords","9":"product_cat-aides-au-coaching-et-a-lentrainement","10":"desktop-align-left","11":"tablet-align-left","12":"mobile-align-left","14":"first","15":"instock","16":"taxable","17":"shipping-taxable","18":"purchasable","19":"product-type-simple"},"acf":[],"_links":{"self":[{"href":"https:\/\/ztsports.com\/fr\/wp-json\/wp\/v2\/product\/23750","targetHints":{"allow":["GET"]}}],"collection":[{"href":"https:\/\/ztsports.com\/fr\/wp-json\/wp\/v2\/product"}],"about":[{"href":"https:\/\/ztsports.com\/fr\/wp-json\/wp\/v2\/types\/product"}],"replies":[{"embeddable":true,"href":"https:\/\/ztsports.com\/fr\/wp-json\/wp\/v2\/comments?post=23750"}],"version-history":[{"count":1,"href":"https:\/\/ztsports.com\/fr\/wp-json\/wp\/v2\/product\/23750\/revisions"}],"predecessor-version":[{"id":23751,"href":"https:\/\/ztsports.com\/fr\/wp-json\/wp\/v2\/product\/23750\/revisions\/23751"}],"wp:featuredmedia":[{"embeddable":true,"href":"https:\/\/ztsports.com\/fr\/wp-json\/wp\/v2\/media\/23746"}],"wp:attachment":[{"href":"https:\/\/ztsports.com\/fr\/wp-json\/wp\/v2\/media?parent=23750"}],"wp:term":[{"taxonomy":"product_brand","embeddable":true,"href":"https:\/\/ztsports.com\/fr\/wp-json\/wp\/v2\/product_brand?post=23750"},{"taxonomy":"product_cat","embeddable":true,"href":"https:\/\/ztsports.com\/fr\/wp-json\/wp\/v2\/product_cat?post=23750"},{"taxonomy":"product_tag","embeddable":true,"href":"https:\/\/ztsports.com\/fr\/wp-json\/wp\/v2\/product_tag?post=23750"}],"curies":[{"name":"wp","href":"https:\/\/api.w.org\/{rel}","templated":true}]}}