{"id":23744,"date":"2021-09-23T02:51:02","date_gmt":"2021-09-23T02:51:02","guid":{"rendered":"https:\/\/ztsports.com\/?post_type=product&#038;p=23744"},"modified":"2026-03-10T07:20:36","modified_gmt":"2026-03-10T07:20:36","slug":"cut-resistant-wrist-protection","status":"publish","type":"product","link":"https:\/\/ztsports.com\/fr\/store\/cut-resistant-wrist-protection\/","title":{"rendered":"Cut Resistant Wrist Protection"},"content":{"rendered":"<h1>Protection de Poignet R\u00e9sistante aux Coupures<\/h1>\n<p>La protection de poignet r\u00e9sistante aux coupures est fabriqu\u00e9e avec du Dyneema.<\/p>\n<p>La d\u00e9fense ultime pour vos poignets sur la glace. Aidez \u00e0 pr\u00e9venir les blessures au poignet en choisissant le meilleur.<\/p>\n<p>Profitez d\u2019une protection maximale avec la protection de poignet Apogee fabriqu\u00e9e en Dyneema.<\/p>\n<p>Id\u00e9al pour les patineurs dont la peau est expos\u00e9e entre le costume de vitesse et le gant.<\/p>\n<p>De plus, fabriqu\u00e9 au Canada.<\/p>\n<p>Ceci est un article optionnel pour la courte piste, mais fortement recommand\u00e9.<\/p>\n<p><strong>FPVQ &amp; <a href=\"https:\/\/www.ontariospeedskating.ca\/safety-equipment\" target=\"_blank\" rel=\"noopener\">OSSA : accessoire obligatoire<\/a> en comp\u00e9tition.<\/strong><\/p>\n<p>Enfin, consultez tous nos <a href=\"https:\/\/ztsports.com\/product-category\/protection\/cut-resistant-protection\/\"><strong>produits de protection r\u00e9sistants aux coupures<\/strong><\/a> ici.<\/p>\n","protected":false},"excerpt":{"rendered":"<p>Protection de Poignet R\u00e9sistante aux Coupures La protection de poignet r\u00e9sistante aux coupures est fabriqu\u00e9e avec du Dyneema. La d\u00e9fense ultime pour vos poignets sur la glace. Aidez \u00e0 pr\u00e9venir les blessures au poignet en choisissant le meilleur. Profitez d\u2019une protection maximale avec la protection de poignet Apogee fabriqu\u00e9e en Dyneema. Id\u00e9al pour les patineurs [&hellip;]<\/p>\n","protected":false},"featured_media":23743,"comment_status":"open","ping_status":"closed","template":"","meta":{"_acf_changed":false,"_monsterinsights_skip_tracking":false,"_monsterinsights_sitenote_active":false,"_monsterinsights_sitenote_note":"","_monsterinsights_sitenote_category":0,"_uf_show_specific_survey":0,"_uf_disable_surveys":false,"site-sidebar-layout":"default","site-content-layout":"","ast-site-content-layout":"default","site-content-style":"default","site-sidebar-style":"default","ast-global-header-display":"","ast-banner-title-visibility":"","ast-main-header-display":"","ast-hfb-above-header-display":"","ast-hfb-below-header-display":"","ast-hfb-mobile-header-display":"","site-post-title":"","ast-breadcrumbs-content":"","ast-featured-img":"","footer-sml-layout":"","ast-disable-related-posts":"","theme-transparent-header-meta":"default","adv-header-id-meta":"","stick-header-meta":"","header-above-stick-meta":"","header-main-stick-meta":"","header-below-stick-meta":"","astra-migrate-meta-layouts":"set","ast-page-background-enabled":"default","ast-page-background-meta":{"desktop":{"background-color":"","background-image":"","background-repeat":"repeat","background-position":"center center","background-size":"auto","background-attachment":"scroll","background-type":"","background-media":"","overlay-type":"","overlay-color":"","overlay-opacity":"","overlay-gradient":""},"tablet":{"background-color":"","background-image":"","background-repeat":"repeat","background-position":"center center","background-size":"auto","background-attachment":"scroll","background-type":"","background-media":"","overlay-type":"","overlay-color":"","overlay-opacity":"","overlay-gradient":""},"mobile":{"background-color":"","background-image":"","background-repeat":"repeat","background-position":"center center","background-size":"auto","background-attachment":"scroll","background-type":"","background-media":"","overlay-type":"","overlay-color":"","overlay-opacity":"","overlay-gradient":""}},"ast-content-background-meta":{"desktop":{"background-color":"var(--ast-global-color-5)","background-image":"","background-repeat":"repeat","background-position":"center center","background-size":"auto","background-attachment":"scroll","background-type":"","background-media":"","overlay-type":"","overlay-color":"","overlay-opacity":"","overlay-gradient":""},"tablet":{"background-color":"var(--ast-global-color-5)","background-image":"","background-repeat":"repeat","background-position":"center center","background-size":"auto","background-attachment":"scroll","background-type":"","background-media":"","overlay-type":"","overlay-color":"","overlay-opacity":"","overlay-gradient":""},"mobile":{"background-color":"var(--ast-global-color-5)","background-image":"","background-repeat":"repeat","background-position":"center center","background-size":"auto","background-attachment":"scroll","background-type":"","background-media":"","overlay-type":"","overlay-color":"","overlay-opacity":"","overlay-gradient":""}}},"product_brand":[3275],"product_cat":[3378],"product_tag":[],"class_list":{"0":"post-23744","1":"product","2":"type-product","3":"status-publish","4":"has-post-thumbnail","6":"product_brand-apogee","7":"product_cat-non-categorise","8":"desktop-align-left","9":"tablet-align-left","10":"mobile-align-left","12":"first","13":"instock","14":"taxable","15":"shipping-taxable","16":"purchasable","17":"product-type-simple"},"acf":[],"_links":{"self":[{"href":"https:\/\/ztsports.com\/fr\/wp-json\/wp\/v2\/product\/23744","targetHints":{"allow":["GET"]}}],"collection":[{"href":"https:\/\/ztsports.com\/fr\/wp-json\/wp\/v2\/product"}],"about":[{"href":"https:\/\/ztsports.com\/fr\/wp-json\/wp\/v2\/types\/product"}],"replies":[{"embeddable":true,"href":"https:\/\/ztsports.com\/fr\/wp-json\/wp\/v2\/comments?post=23744"}],"version-history":[{"count":1,"href":"https:\/\/ztsports.com\/fr\/wp-json\/wp\/v2\/product\/23744\/revisions"}],"predecessor-version":[{"id":23745,"href":"https:\/\/ztsports.com\/fr\/wp-json\/wp\/v2\/product\/23744\/revisions\/23745"}],"wp:featuredmedia":[{"embeddable":true,"href":"https:\/\/ztsports.com\/fr\/wp-json\/wp\/v2\/media\/23743"}],"wp:attachment":[{"href":"https:\/\/ztsports.com\/fr\/wp-json\/wp\/v2\/media?parent=23744"}],"wp:term":[{"taxonomy":"product_brand","embeddable":true,"href":"https:\/\/ztsports.com\/fr\/wp-json\/wp\/v2\/product_brand?post=23744"},{"taxonomy":"product_cat","embeddable":true,"href":"https:\/\/ztsports.com\/fr\/wp-json\/wp\/v2\/product_cat?post=23744"},{"taxonomy":"product_tag","embeddable":true,"href":"https:\/\/ztsports.com\/fr\/wp-json\/wp\/v2\/product_tag?post=23744"}],"curies":[{"name":"wp","href":"https:\/\/api.w.org\/{rel}","templated":true}]}}