{"id":23740,"date":"2021-09-23T02:51:05","date_gmt":"2021-09-23T02:51:05","guid":{"rendered":"https:\/\/ztsports.com\/?post_type=product&#038;p=23740"},"modified":"2026-03-10T07:19:45","modified_gmt":"2026-03-10T07:19:45","slug":"speed-skating-helmet-white","status":"publish","type":"product","link":"https:\/\/ztsports.com\/fr\/store\/speed-skating-helmet-white\/","title":{"rendered":"SPEED SKATING HELMET WHITE"},"content":{"rendered":"<h1>BONT CASQUE DE PATINAGE DE VITESSE BLANC<\/h1>\n<p>Le casque de patinage de vitesse Bont en blanc respecte toutes les normes de s\u00e9curit\u00e9 pour le patinage de vitesse sur courte piste. Il adopte une forme arrondie pour une meilleure protection en cas d\u2019impact. De plus, ce casque convient \u00e9galement pour le patinage de vitesse sur longue piste.<\/p>\n<p>Cette version du casque Bont est en blanc brillant et est disponible en 2 tailles : Small\/Medium et Medium\/Large. Ce casque convient \u00e0 tous les niveaux de patinage de vitesse sur courte et longue piste, du d\u00e9butant \u00e0 l\u2019avanc\u00e9. L\u2019arri\u00e8re du casque est \u00e9quip\u00e9 d\u2019un r\u00e9glage pour ajuster le casque \u00e0 votre t\u00eate.<\/p>\n<p><strong>Disponible en 2 tailles :<\/strong><\/p>\n<ul>\n<li>54-58 cm S\/M<\/li>\n<li>58-62 cm L\/XL<\/li>\n<\/ul>\n<p>Enfin, d\u00e9couvrez <a href=\"https:\/\/ztsports.com\/product-category\/inline\/helmets\/\"><strong>d\u2019autres couleurs et mod\u00e8les de casques<\/strong><\/a> ici.<\/p>\n","protected":false},"excerpt":{"rendered":"<p>BONT CASQUE DE PATINAGE DE VITESSE BLANC Le casque de patinage de vitesse Bont en blanc respecte toutes les normes de s\u00e9curit\u00e9 pour le patinage de vitesse sur courte piste. Il adopte une forme arrondie pour une meilleure protection en cas d\u2019impact. De plus, ce casque convient \u00e9galement pour le patinage de vitesse sur longue [&hellip;]<\/p>\n","protected":false},"featured_media":23736,"comment_status":"open","ping_status":"closed","template":"","meta":{"_acf_changed":false,"_monsterinsights_skip_tracking":false,"_monsterinsights_sitenote_active":false,"_monsterinsights_sitenote_note":"","_monsterinsights_sitenote_category":0,"_uf_show_specific_survey":0,"_uf_disable_surveys":false,"site-sidebar-layout":"default","site-content-layout":"","ast-site-content-layout":"default","site-content-style":"default","site-sidebar-style":"default","ast-global-header-display":"","ast-banner-title-visibility":"","ast-main-header-display":"","ast-hfb-above-header-display":"","ast-hfb-below-header-display":"","ast-hfb-mobile-header-display":"","site-post-title":"","ast-breadcrumbs-content":"","ast-featured-img":"","footer-sml-layout":"","ast-disable-related-posts":"","theme-transparent-header-meta":"default","adv-header-id-meta":"","stick-header-meta":"","header-above-stick-meta":"","header-main-stick-meta":"","header-below-stick-meta":"","astra-migrate-meta-layouts":"set","ast-page-background-enabled":"default","ast-page-background-meta":{"desktop":{"background-color":"","background-image":"","background-repeat":"repeat","background-position":"center center","background-size":"auto","background-attachment":"scroll","background-type":"","background-media":"","overlay-type":"","overlay-color":"","overlay-opacity":"","overlay-gradient":""},"tablet":{"background-color":"","background-image":"","background-repeat":"repeat","background-position":"center center","background-size":"auto","background-attachment":"scroll","background-type":"","background-media":"","overlay-type":"","overlay-color":"","overlay-opacity":"","overlay-gradient":""},"mobile":{"background-color":"","background-image":"","background-repeat":"repeat","background-position":"center center","background-size":"auto","background-attachment":"scroll","background-type":"","background-media":"","overlay-type":"","overlay-color":"","overlay-opacity":"","overlay-gradient":""}},"ast-content-background-meta":{"desktop":{"background-color":"var(--ast-global-color-5)","background-image":"","background-repeat":"repeat","background-position":"center center","background-size":"auto","background-attachment":"scroll","background-type":"","background-media":"","overlay-type":"","overlay-color":"","overlay-opacity":"","overlay-gradient":""},"tablet":{"background-color":"var(--ast-global-color-5)","background-image":"","background-repeat":"repeat","background-position":"center center","background-size":"auto","background-attachment":"scroll","background-type":"","background-media":"","overlay-type":"","overlay-color":"","overlay-opacity":"","overlay-gradient":""},"mobile":{"background-color":"var(--ast-global-color-5)","background-image":"","background-repeat":"repeat","background-position":"center center","background-size":"auto","background-attachment":"scroll","background-type":"","background-media":"","overlay-type":"","overlay-color":"","overlay-opacity":"","overlay-gradient":""}}},"product_brand":[3285],"product_cat":[3378],"product_tag":[3796,4562],"class_list":{"0":"post-23740","1":"product","2":"type-product","3":"status-publish","4":"has-post-thumbnail","6":"product_brand-bont","7":"product_cat-non-categorise","8":"product_tag-short-track","9":"product_tag-speed-skating","10":"desktop-align-left","11":"tablet-align-left","12":"mobile-align-left","14":"first","15":"instock","16":"featured","17":"taxable","18":"shipping-taxable","19":"purchasable","20":"product-type-simple"},"acf":[],"_links":{"self":[{"href":"https:\/\/ztsports.com\/fr\/wp-json\/wp\/v2\/product\/23740","targetHints":{"allow":["GET"]}}],"collection":[{"href":"https:\/\/ztsports.com\/fr\/wp-json\/wp\/v2\/product"}],"about":[{"href":"https:\/\/ztsports.com\/fr\/wp-json\/wp\/v2\/types\/product"}],"replies":[{"embeddable":true,"href":"https:\/\/ztsports.com\/fr\/wp-json\/wp\/v2\/comments?post=23740"}],"version-history":[{"count":2,"href":"https:\/\/ztsports.com\/fr\/wp-json\/wp\/v2\/product\/23740\/revisions"}],"predecessor-version":[{"id":23742,"href":"https:\/\/ztsports.com\/fr\/wp-json\/wp\/v2\/product\/23740\/revisions\/23742"}],"wp:featuredmedia":[{"embeddable":true,"href":"https:\/\/ztsports.com\/fr\/wp-json\/wp\/v2\/media\/23736"}],"wp:attachment":[{"href":"https:\/\/ztsports.com\/fr\/wp-json\/wp\/v2\/media?parent=23740"}],"wp:term":[{"taxonomy":"product_brand","embeddable":true,"href":"https:\/\/ztsports.com\/fr\/wp-json\/wp\/v2\/product_brand?post=23740"},{"taxonomy":"product_cat","embeddable":true,"href":"https:\/\/ztsports.com\/fr\/wp-json\/wp\/v2\/product_cat?post=23740"},{"taxonomy":"product_tag","embeddable":true,"href":"https:\/\/ztsports.com\/fr\/wp-json\/wp\/v2\/product_tag?post=23740"}],"curies":[{"name":"wp","href":"https:\/\/api.w.org\/{rel}","templated":true}]}}