{"id":23734,"date":"2021-09-23T02:51:54","date_gmt":"2021-09-23T02:51:54","guid":{"rendered":"https:\/\/ztsports.com\/?post_type=product&#038;p=23734"},"modified":"2026-03-10T07:18:59","modified_gmt":"2026-03-10T07:18:59","slug":"adult-speed-skating-glasses-20-20","status":"publish","type":"product","link":"https:\/\/ztsports.com\/fr\/store\/adult-speed-skating-glasses-20-20\/","title":{"rendered":"Adult Speed Skating Glasses 20\/20"},"content":{"rendered":"<h1><strong>Lunettes de Patinage de Vitesse pour Adultes 20\/20<\/strong><\/h1>\n<p>Ces lunettes de patinage de vitesse pour adultes 20\/20 conviennent \u00e0 la plupart des adultes (largeur de monture 140 mm). Monture noire avec verres transparents \u00e0 100 %.<br \/>\nDe plus, nous incluons une sangle avec les lunettes. Monture en r\u00e9sine haute densit\u00e9 offrant l\u00e9g\u00e8ret\u00e9, r\u00e9sistance aux impacts et haute solidit\u00e9. Verres de s\u00e9curit\u00e9 UV400 offrant protection contre les rayons ultraviolets et impossibles \u00e0 casser ou fissurer. <strong>Une sangle est incluse avec les lunettes.<\/strong><\/p>\n<p><strong>FPVQ &amp; <a href=\"https:\/\/www.ontariospeedskating.ca\/safety-equipment\" target=\"_blank\" rel=\"noopener\">OSSA : Accessoire obligatoire<\/a> en comp\u00e9tition.<\/strong><\/p>\n<p><strong>Enfin, d\u00e9couvrez une large s\u00e9lection de <a href=\"https:\/\/ztsports.com\/product-category\/protection\/glasses\/\">lunettes de patinage de vitesse<\/a> ici.<\/strong><\/p>\n","protected":false},"excerpt":{"rendered":"<p>Lunettes de Patinage de Vitesse pour Adultes 20\/20 Ces lunettes de patinage de vitesse pour adultes 20\/20 conviennent \u00e0 la plupart des adultes (largeur de monture 140 mm). Monture noire avec verres transparents \u00e0 100 %. De plus, nous incluons une sangle avec les lunettes. Monture en r\u00e9sine haute densit\u00e9 offrant l\u00e9g\u00e8ret\u00e9, r\u00e9sistance aux impacts [&hellip;]<\/p>\n","protected":false},"featured_media":23731,"comment_status":"open","ping_status":"closed","template":"","meta":{"_acf_changed":false,"_monsterinsights_skip_tracking":false,"_monsterinsights_sitenote_active":false,"_monsterinsights_sitenote_note":"","_monsterinsights_sitenote_category":0,"_uf_show_specific_survey":0,"_uf_disable_surveys":false,"site-sidebar-layout":"default","site-content-layout":"","ast-site-content-layout":"default","site-content-style":"default","site-sidebar-style":"default","ast-global-header-display":"","ast-banner-title-visibility":"","ast-main-header-display":"","ast-hfb-above-header-display":"","ast-hfb-below-header-display":"","ast-hfb-mobile-header-display":"","site-post-title":"","ast-breadcrumbs-content":"","ast-featured-img":"","footer-sml-layout":"","ast-disable-related-posts":"","theme-transparent-header-meta":"default","adv-header-id-meta":"","stick-header-meta":"","header-above-stick-meta":"","header-main-stick-meta":"","header-below-stick-meta":"","astra-migrate-meta-layouts":"set","ast-page-background-enabled":"default","ast-page-background-meta":{"desktop":{"background-color":"","background-image":"","background-repeat":"repeat","background-position":"center center","background-size":"auto","background-attachment":"scroll","background-type":"","background-media":"","overlay-type":"","overlay-color":"","overlay-opacity":"","overlay-gradient":""},"tablet":{"background-color":"","background-image":"","background-repeat":"repeat","background-position":"center center","background-size":"auto","background-attachment":"scroll","background-type":"","background-media":"","overlay-type":"","overlay-color":"","overlay-opacity":"","overlay-gradient":""},"mobile":{"background-color":"","background-image":"","background-repeat":"repeat","background-position":"center center","background-size":"auto","background-attachment":"scroll","background-type":"","background-media":"","overlay-type":"","overlay-color":"","overlay-opacity":"","overlay-gradient":""}},"ast-content-background-meta":{"desktop":{"background-color":"var(--ast-global-color-5)","background-image":"","background-repeat":"repeat","background-position":"center center","background-size":"auto","background-attachment":"scroll","background-type":"","background-media":"","overlay-type":"","overlay-color":"","overlay-opacity":"","overlay-gradient":""},"tablet":{"background-color":"var(--ast-global-color-5)","background-image":"","background-repeat":"repeat","background-position":"center center","background-size":"auto","background-attachment":"scroll","background-type":"","background-media":"","overlay-type":"","overlay-color":"","overlay-opacity":"","overlay-gradient":""},"mobile":{"background-color":"var(--ast-global-color-5)","background-image":"","background-repeat":"repeat","background-position":"center center","background-size":"auto","background-attachment":"scroll","background-type":"","background-media":"","overlay-type":"","overlay-color":"","overlay-opacity":"","overlay-gradient":""}}},"product_brand":[3316,3315],"product_cat":[3378],"product_tag":[],"class_list":{"0":"post-23734","1":"product","2":"type-product","3":"status-publish","4":"has-post-thumbnail","6":"product_brand-20-20","7":"product_brand-leader","8":"product_cat-non-categorise","9":"desktop-align-left","10":"tablet-align-left","11":"mobile-align-left","13":"first","14":"instock","15":"sale","16":"taxable","17":"shipping-taxable","18":"purchasable","19":"product-type-simple"},"acf":[],"_links":{"self":[{"href":"https:\/\/ztsports.com\/fr\/wp-json\/wp\/v2\/product\/23734","targetHints":{"allow":["GET"]}}],"collection":[{"href":"https:\/\/ztsports.com\/fr\/wp-json\/wp\/v2\/product"}],"about":[{"href":"https:\/\/ztsports.com\/fr\/wp-json\/wp\/v2\/types\/product"}],"replies":[{"embeddable":true,"href":"https:\/\/ztsports.com\/fr\/wp-json\/wp\/v2\/comments?post=23734"}],"version-history":[{"count":1,"href":"https:\/\/ztsports.com\/fr\/wp-json\/wp\/v2\/product\/23734\/revisions"}],"predecessor-version":[{"id":23735,"href":"https:\/\/ztsports.com\/fr\/wp-json\/wp\/v2\/product\/23734\/revisions\/23735"}],"wp:featuredmedia":[{"embeddable":true,"href":"https:\/\/ztsports.com\/fr\/wp-json\/wp\/v2\/media\/23731"}],"wp:attachment":[{"href":"https:\/\/ztsports.com\/fr\/wp-json\/wp\/v2\/media?parent=23734"}],"wp:term":[{"taxonomy":"product_brand","embeddable":true,"href":"https:\/\/ztsports.com\/fr\/wp-json\/wp\/v2\/product_brand?post=23734"},{"taxonomy":"product_cat","embeddable":true,"href":"https:\/\/ztsports.com\/fr\/wp-json\/wp\/v2\/product_cat?post=23734"},{"taxonomy":"product_tag","embeddable":true,"href":"https:\/\/ztsports.com\/fr\/wp-json\/wp\/v2\/product_tag?post=23734"}],"curies":[{"name":"wp","href":"https:\/\/api.w.org\/{rel}","templated":true}]}}