{"id":23729,"date":"2021-09-23T02:51:55","date_gmt":"2021-09-23T02:51:55","guid":{"rendered":"https:\/\/ztsports.com\/?post_type=product&#038;p=23729"},"modified":"2026-04-11T18:50:51","modified_gmt":"2026-04-11T18:50:51","slug":"cadomotus-urban-backpack-for-kids","status":"publish","type":"product","link":"https:\/\/ztsports.com\/fr\/store\/cadomotus-urban-backpack-for-kids\/","title":{"rendered":"CADOMOTUS URBAN BACKPACK for Kids"},"content":{"rendered":"<h1>Sac \u00e0 Dos CADOMOTUS URBAN pour Enfants<\/h1>\n<p>(<mark>CADOMOTUS URBAN BACKPACK)<\/mark><\/p>\n<p>Le nouveau sac \u00e0 dos Cadomotus Urban Backpack a \u00e9t\u00e9 sp\u00e9cialement con\u00e7u pour les plus jeunes.<br \/>\nLes supports pour patins sont plac\u00e9s \u00e0 l\u2019arri\u00e8re afin de lib\u00e9rer de la place pour le reste de l\u2019\u00e9quipement dans le compartiment principal.<br \/>\nDe plus, il est durable et de taille id\u00e9ale pour un jeune patineur d\u00e9butant.<\/p>\n<p>Couleurs en stock : Noir, Violet<\/p>\n<p>Veuillez indiquer votre choix dans la section commentaire lors de votre commande.<\/p>\n<h2>DESCRIPTION du nouveau sac \u00e0 dos Cadomotus Urban Backpack<\/h2>\n<ul>\n<li>Dimensions : 40 x 30 x 10 cm<\/li>\n<li>Petit sac \u00e0 dos de patinage con\u00e7u pour les enfants et juniors<\/li>\n<li>Suspension du sac : EVA avec canaux de ventilation<\/li>\n<li>Capacit\u00e9 compartiment (L) : 15<\/li>\n<li>Fabriqu\u00e9 en : Nylon durable<\/li>\n<li>Capacit\u00e9 totale de l\u2019\u00e9quipement (L) : 25<\/li>\n<li>S\u00e9paration humide \/ sec : Non<\/li>\n<li>Rangement pour patins de vitesse : Oui<\/li>\n<li>Nombre de poches : 6<\/li>\n<li>Longueur de torse ajustable : Oui<\/li>\n<li>Dimensions du sac : 40 x 30 x 10 cm<\/li>\n<\/ul>\n<p><strong>Enfin, d\u00e9couvrez et comparez tous nos <a href=\"https:\/\/ztsports.com\/product-category\/accessoires\/backpacks-bags\/\">sacs \u00e0 dos pour patins ici<\/a>.<\/strong><\/p>\n","protected":false},"excerpt":{"rendered":"<p>Sac \u00e0 Dos CADOMOTUS URBAN pour Enfants (CADOMOTUS URBAN BACKPACK) Le nouveau sac \u00e0 dos Cadomotus Urban Backpack a \u00e9t\u00e9 sp\u00e9cialement con\u00e7u pour les plus jeunes. Les supports pour patins sont plac\u00e9s \u00e0 l\u2019arri\u00e8re afin de lib\u00e9rer de la place pour le reste de l\u2019\u00e9quipement dans le compartiment principal. De plus, il est durable et [&hellip;]<\/p>\n","protected":false},"featured_media":23723,"comment_status":"open","ping_status":"closed","template":"","meta":{"_acf_changed":false,"_monsterinsights_skip_tracking":false,"_monsterinsights_sitenote_active":false,"_monsterinsights_sitenote_note":"","_monsterinsights_sitenote_category":0,"_uf_show_specific_survey":0,"_uf_disable_surveys":false,"site-sidebar-layout":"default","site-content-layout":"","ast-site-content-layout":"default","site-content-style":"default","site-sidebar-style":"default","ast-global-header-display":"","ast-banner-title-visibility":"","ast-main-header-display":"","ast-hfb-above-header-display":"","ast-hfb-below-header-display":"","ast-hfb-mobile-header-display":"","site-post-title":"","ast-breadcrumbs-content":"","ast-featured-img":"","footer-sml-layout":"","ast-disable-related-posts":"","theme-transparent-header-meta":"default","adv-header-id-meta":"","stick-header-meta":"","header-above-stick-meta":"","header-main-stick-meta":"","header-below-stick-meta":"","astra-migrate-meta-layouts":"set","ast-page-background-enabled":"default","ast-page-background-meta":{"desktop":{"background-color":"","background-image":"","background-repeat":"repeat","background-position":"center center","background-size":"auto","background-attachment":"scroll","background-type":"","background-media":"","overlay-type":"","overlay-color":"","overlay-opacity":"","overlay-gradient":""},"tablet":{"background-color":"","background-image":"","background-repeat":"repeat","background-position":"center center","background-size":"auto","background-attachment":"scroll","background-type":"","background-media":"","overlay-type":"","overlay-color":"","overlay-opacity":"","overlay-gradient":""},"mobile":{"background-color":"","background-image":"","background-repeat":"repeat","background-position":"center center","background-size":"auto","background-attachment":"scroll","background-type":"","background-media":"","overlay-type":"","overlay-color":"","overlay-opacity":"","overlay-gradient":""}},"ast-content-background-meta":{"desktop":{"background-color":"var(--ast-global-color-5)","background-image":"","background-repeat":"repeat","background-position":"center center","background-size":"auto","background-attachment":"scroll","background-type":"","background-media":"","overlay-type":"","overlay-color":"","overlay-opacity":"","overlay-gradient":""},"tablet":{"background-color":"var(--ast-global-color-5)","background-image":"","background-repeat":"repeat","background-position":"center center","background-size":"auto","background-attachment":"scroll","background-type":"","background-media":"","overlay-type":"","overlay-color":"","overlay-opacity":"","overlay-gradient":""},"mobile":{"background-color":"var(--ast-global-color-5)","background-image":"","background-repeat":"repeat","background-position":"center center","background-size":"auto","background-attachment":"scroll","background-type":"","background-media":"","overlay-type":"","overlay-color":"","overlay-opacity":"","overlay-gradient":""}}},"product_brand":[3289],"product_cat":[4565],"product_tag":[],"class_list":{"0":"post-23729","1":"product","2":"type-product","3":"status-publish","4":"has-post-thumbnail","6":"product_brand-cadomotus","7":"product_cat-accessoires","8":"desktop-align-left","9":"tablet-align-left","10":"mobile-align-left","12":"first","13":"instock","14":"taxable","15":"shipping-taxable","16":"purchasable","17":"product-type-simple"},"acf":[],"_links":{"self":[{"href":"https:\/\/ztsports.com\/fr\/wp-json\/wp\/v2\/product\/23729","targetHints":{"allow":["GET"]}}],"collection":[{"href":"https:\/\/ztsports.com\/fr\/wp-json\/wp\/v2\/product"}],"about":[{"href":"https:\/\/ztsports.com\/fr\/wp-json\/wp\/v2\/types\/product"}],"replies":[{"embeddable":true,"href":"https:\/\/ztsports.com\/fr\/wp-json\/wp\/v2\/comments?post=23729"}],"version-history":[{"count":3,"href":"https:\/\/ztsports.com\/fr\/wp-json\/wp\/v2\/product\/23729\/revisions"}],"predecessor-version":[{"id":25204,"href":"https:\/\/ztsports.com\/fr\/wp-json\/wp\/v2\/product\/23729\/revisions\/25204"}],"wp:featuredmedia":[{"embeddable":true,"href":"https:\/\/ztsports.com\/fr\/wp-json\/wp\/v2\/media\/23723"}],"wp:attachment":[{"href":"https:\/\/ztsports.com\/fr\/wp-json\/wp\/v2\/media?parent=23729"}],"wp:term":[{"taxonomy":"product_brand","embeddable":true,"href":"https:\/\/ztsports.com\/fr\/wp-json\/wp\/v2\/product_brand?post=23729"},{"taxonomy":"product_cat","embeddable":true,"href":"https:\/\/ztsports.com\/fr\/wp-json\/wp\/v2\/product_cat?post=23729"},{"taxonomy":"product_tag","embeddable":true,"href":"https:\/\/ztsports.com\/fr\/wp-json\/wp\/v2\/product_tag?post=23729"}],"curies":[{"name":"wp","href":"https:\/\/api.w.org\/{rel}","templated":true}]}}