{"id":23721,"date":"2021-09-23T02:53:08","date_gmt":"2021-09-23T02:53:08","guid":{"rendered":"https:\/\/ztsports.com\/?post_type=product&#038;p=23721"},"modified":"2026-03-10T07:16:19","modified_gmt":"2026-03-10T07:16:19","slug":"nagano-diamond-replacement-sheets-3","status":"publish","type":"product","link":"https:\/\/ztsports.com\/fr\/store\/nagano-diamond-replacement-sheets-3\/","title":{"rendered":"NAGANO DIAMOND REPLACEMENT SHEETS 3&#8243;"},"content":{"rendered":"<h2>Feuilles de Remplacement Diamant NAGANO 3&#8243;<\/h2>\n<p>Les feuilles de remplacement diamant Nagano 3&#8243; sont con\u00e7ues pour les plaques d\u2019aff\u00fbtage. Il suffit de retirer l\u2019ancienne feuille diamant de la plaque, d\u2019\u00e9liminer compl\u00e8tement les r\u00e9sidus de colle (\u00e0 l\u2019aide d\u2019un dissolvant pour vernis \u00e0 ongles ou autre adh\u00e9sif) et d\u2019installer la nouvelle feuille. Les feuilles de rechange sont fournies avec un c\u00f4t\u00e9 adh\u00e9sif ; il vous suffit de retirer le papier protecteur avant l\u2019installation.<\/p>\n<p>Les plaques diamant Frank\u2019s Signature sont une r\u00e9volution dans le monde du patinage de vitesse. Fabriqu\u00e9es avec des diamants exclusifs par Nagano Skate, elles sont ultra efficaces. Ces plaques diamant n\u2019exigent ni lubrifiant ni entretien.<\/p>\n<h3><strong>Choix des granulom\u00e9tries diamant :<\/strong><\/h3>\n<p>Lors du choix, notez que plus le chiffre est \u00e9lev\u00e9, plus la pierre est douce.<\/p>\n<p>La feuille noire est donc plus rugueuse, et la feuille dor\u00e9e plus douce.<\/p>\n<ul>\n<li>Noir (140)<\/li>\n<li>Bleu (400)<\/li>\n<li>Rouge (600)<\/li>\n<li>Or (1200)<\/li>\n<\/ul>\n<p><strong>Enfin, d\u00e9couvrez toutes nos <a href=\"https:\/\/ztsports.com\/product-category\/sharpening\/diamond-stones\/\">plaques et pierres \u00e0 aff\u00fbter diamant Nagano<\/a>.<\/strong><\/p>\n","protected":false},"excerpt":{"rendered":"<p>Feuilles de Remplacement Diamant NAGANO 3&#8243; Les feuilles de remplacement diamant Nagano 3&#8243; sont con\u00e7ues pour les plaques d\u2019aff\u00fbtage. Il suffit de retirer l\u2019ancienne feuille diamant de la plaque, d\u2019\u00e9liminer compl\u00e8tement les r\u00e9sidus de colle (\u00e0 l\u2019aide d\u2019un dissolvant pour vernis \u00e0 ongles ou autre adh\u00e9sif) et d\u2019installer la nouvelle feuille. Les feuilles de rechange [&hellip;]<\/p>\n","protected":false},"featured_media":23718,"comment_status":"open","ping_status":"closed","template":"","meta":{"_acf_changed":false,"_monsterinsights_skip_tracking":false,"_monsterinsights_sitenote_active":false,"_monsterinsights_sitenote_note":"","_monsterinsights_sitenote_category":0,"_uf_show_specific_survey":0,"_uf_disable_surveys":false,"site-sidebar-layout":"default","site-content-layout":"","ast-site-content-layout":"default","site-content-style":"default","site-sidebar-style":"default","ast-global-header-display":"","ast-banner-title-visibility":"","ast-main-header-display":"","ast-hfb-above-header-display":"","ast-hfb-below-header-display":"","ast-hfb-mobile-header-display":"","site-post-title":"","ast-breadcrumbs-content":"","ast-featured-img":"","footer-sml-layout":"","ast-disable-related-posts":"","theme-transparent-header-meta":"default","adv-header-id-meta":"","stick-header-meta":"","header-above-stick-meta":"","header-main-stick-meta":"","header-below-stick-meta":"","astra-migrate-meta-layouts":"set","ast-page-background-enabled":"default","ast-page-background-meta":{"desktop":{"background-color":"","background-image":"","background-repeat":"repeat","background-position":"center center","background-size":"auto","background-attachment":"scroll","background-type":"","background-media":"","overlay-type":"","overlay-color":"","overlay-opacity":"","overlay-gradient":""},"tablet":{"background-color":"","background-image":"","background-repeat":"repeat","background-position":"center center","background-size":"auto","background-attachment":"scroll","background-type":"","background-media":"","overlay-type":"","overlay-color":"","overlay-opacity":"","overlay-gradient":""},"mobile":{"background-color":"","background-image":"","background-repeat":"repeat","background-position":"center center","background-size":"auto","background-attachment":"scroll","background-type":"","background-media":"","overlay-type":"","overlay-color":"","overlay-opacity":"","overlay-gradient":""}},"ast-content-background-meta":{"desktop":{"background-color":"var(--ast-global-color-5)","background-image":"","background-repeat":"repeat","background-position":"center center","background-size":"auto","background-attachment":"scroll","background-type":"","background-media":"","overlay-type":"","overlay-color":"","overlay-opacity":"","overlay-gradient":""},"tablet":{"background-color":"var(--ast-global-color-5)","background-image":"","background-repeat":"repeat","background-position":"center center","background-size":"auto","background-attachment":"scroll","background-type":"","background-media":"","overlay-type":"","overlay-color":"","overlay-opacity":"","overlay-gradient":""},"mobile":{"background-color":"var(--ast-global-color-5)","background-image":"","background-repeat":"repeat","background-position":"center center","background-size":"auto","background-attachment":"scroll","background-type":"","background-media":"","overlay-type":"","overlay-color":"","overlay-opacity":"","overlay-gradient":""}}},"product_brand":[3326],"product_cat":[3378],"product_tag":[],"class_list":{"0":"post-23721","1":"product","2":"type-product","3":"status-publish","4":"has-post-thumbnail","6":"product_brand-nagano","7":"product_cat-non-categorise","8":"desktop-align-left","9":"tablet-align-left","10":"mobile-align-left","12":"first","13":"instock","14":"taxable","15":"shipping-taxable","16":"purchasable","17":"product-type-simple"},"acf":[],"_links":{"self":[{"href":"https:\/\/ztsports.com\/fr\/wp-json\/wp\/v2\/product\/23721","targetHints":{"allow":["GET"]}}],"collection":[{"href":"https:\/\/ztsports.com\/fr\/wp-json\/wp\/v2\/product"}],"about":[{"href":"https:\/\/ztsports.com\/fr\/wp-json\/wp\/v2\/types\/product"}],"replies":[{"embeddable":true,"href":"https:\/\/ztsports.com\/fr\/wp-json\/wp\/v2\/comments?post=23721"}],"version-history":[{"count":1,"href":"https:\/\/ztsports.com\/fr\/wp-json\/wp\/v2\/product\/23721\/revisions"}],"predecessor-version":[{"id":23722,"href":"https:\/\/ztsports.com\/fr\/wp-json\/wp\/v2\/product\/23721\/revisions\/23722"}],"wp:featuredmedia":[{"embeddable":true,"href":"https:\/\/ztsports.com\/fr\/wp-json\/wp\/v2\/media\/23718"}],"wp:attachment":[{"href":"https:\/\/ztsports.com\/fr\/wp-json\/wp\/v2\/media?parent=23721"}],"wp:term":[{"taxonomy":"product_brand","embeddable":true,"href":"https:\/\/ztsports.com\/fr\/wp-json\/wp\/v2\/product_brand?post=23721"},{"taxonomy":"product_cat","embeddable":true,"href":"https:\/\/ztsports.com\/fr\/wp-json\/wp\/v2\/product_cat?post=23721"},{"taxonomy":"product_tag","embeddable":true,"href":"https:\/\/ztsports.com\/fr\/wp-json\/wp\/v2\/product_tag?post=23721"}],"curies":[{"name":"wp","href":"https:\/\/api.w.org\/{rel}","templated":true}]}}