{"id":23716,"date":"2021-09-23T02:53:11","date_gmt":"2021-09-23T02:53:11","guid":{"rendered":"https:\/\/ztsports.com\/?post_type=product&#038;p=23716"},"modified":"2026-03-12T12:33:06","modified_gmt":"2026-03-12T12:33:06","slug":"waxed-skate-laces-assorted-amazing-colors-and-lengths","status":"publish","type":"product","link":"https:\/\/ztsports.com\/fr\/store\/waxed-skate-laces-assorted-amazing-colors-and-lengths\/","title":{"rendered":"Waxed Skate Laces Assorted Amazing Colors and Lengths"},"content":{"rendered":"<h2>Lacets de Patins Cir\u00e9s \u2013 Couleurs et Longueurs Vari\u00e9es<\/h2>\n<p>Ces lacets cir\u00e9s maintiennent mieux leur tension que les lacets classiques. De plus, ils sont disponibles dans de nombreuses couleurs attrayantes et sont fabriqu\u00e9s au Canada.<\/p>\n<p>Longueurs disponibles :<\/p>\n<ul>\n<li>160 cm (63&#8243;) \u2013 toutes les couleurs<\/li>\n<li>183 cm (72&#8243;) \u2013 noir seulement<\/li>\n<\/ul>\n<h2>Pourquoi utiliser des lacets cir\u00e9s ?<\/h2>\n<p>La cire maintient les lacets en place et offre une friction suppl\u00e9mentaire pour qu\u2019ils ne se desserrent pas.<\/p>\n<p>Ils permettent de serrer une zone sp\u00e9cifique tout en laissant une autre partie plus l\u00e2che, offrant un confort suppl\u00e9mentaire.<\/p>\n<p>Si vous patinez sur glace naturelle ext\u00e9rieure, les lacets cir\u00e9s sont un compl\u00e9ment id\u00e9al \u00e0 votre \u00e9quipement. La cire emp\u00eache les lacets de s\u2019humidifier et donc de geler.<\/p>\n<p>Couleurs pour 160 cm : bleu, vert, rose, orange, rouge<\/p>\n<p>Couleur pour 183 cm : jaune<\/p>\n<h5>Regardez un tutoriel vid\u00e9o sur les <a href=\"https:\/\/www.youtube.com\/watch?v=MM4uW1VqRUU\" target=\"_blank\" rel=\"noopener\"><strong>Avantages et inconv\u00e9nients des lacets cir\u00e9s et non cir\u00e9s<\/strong><\/a> pour le patinage et le hockey sur glace.<\/h5>\n<h4><strong>Lacets cir\u00e9s Bont <a href=\"https:\/\/ztsports.com\/product\/bont-waxed-laces\/\">ici<\/a><\/strong><\/h4>\n<p>Enfin, d\u00e9couvrez toutes nos <a href=\"https:\/\/ztsports.com\/product-category\/club-deals\/\"><strong>offres group\u00e9es pour clubs<\/strong><\/a> sur les lacets et \u00e9quipements ici.<\/p>\n","protected":false},"excerpt":{"rendered":"<p>Lacets de Patins Cir\u00e9s \u2013 Couleurs et Longueurs Vari\u00e9es Ces lacets cir\u00e9s maintiennent mieux leur tension que les lacets classiques. De plus, ils sont disponibles dans de nombreuses couleurs attrayantes et sont fabriqu\u00e9s au Canada. Longueurs disponibles : 160 cm (63&#8243;) \u2013 toutes les couleurs 183 cm (72&#8243;) \u2013 noir seulement Pourquoi utiliser des lacets [&hellip;]<\/p>\n","protected":false},"featured_media":23715,"comment_status":"open","ping_status":"closed","template":"","meta":{"_acf_changed":false,"_monsterinsights_skip_tracking":false,"_monsterinsights_sitenote_active":false,"_monsterinsights_sitenote_note":"","_monsterinsights_sitenote_category":0,"_uf_show_specific_survey":0,"_uf_disable_surveys":false,"site-sidebar-layout":"default","site-content-layout":"","ast-site-content-layout":"default","site-content-style":"default","site-sidebar-style":"default","ast-global-header-display":"","ast-banner-title-visibility":"","ast-main-header-display":"","ast-hfb-above-header-display":"","ast-hfb-below-header-display":"","ast-hfb-mobile-header-display":"","site-post-title":"","ast-breadcrumbs-content":"","ast-featured-img":"","footer-sml-layout":"","ast-disable-related-posts":"","theme-transparent-header-meta":"default","adv-header-id-meta":"","stick-header-meta":"","header-above-stick-meta":"","header-main-stick-meta":"","header-below-stick-meta":"","astra-migrate-meta-layouts":"set","ast-page-background-enabled":"default","ast-page-background-meta":{"desktop":{"background-color":"","background-image":"","background-repeat":"repeat","background-position":"center center","background-size":"auto","background-attachment":"scroll","background-type":"","background-media":"","overlay-type":"","overlay-color":"","overlay-opacity":"","overlay-gradient":""},"tablet":{"background-color":"","background-image":"","background-repeat":"repeat","background-position":"center center","background-size":"auto","background-attachment":"scroll","background-type":"","background-media":"","overlay-type":"","overlay-color":"","overlay-opacity":"","overlay-gradient":""},"mobile":{"background-color":"","background-image":"","background-repeat":"repeat","background-position":"center center","background-size":"auto","background-attachment":"scroll","background-type":"","background-media":"","overlay-type":"","overlay-color":"","overlay-opacity":"","overlay-gradient":""}},"ast-content-background-meta":{"desktop":{"background-color":"var(--ast-global-color-5)","background-image":"","background-repeat":"repeat","background-position":"center center","background-size":"auto","background-attachment":"scroll","background-type":"","background-media":"","overlay-type":"","overlay-color":"","overlay-opacity":"","overlay-gradient":""},"tablet":{"background-color":"var(--ast-global-color-5)","background-image":"","background-repeat":"repeat","background-position":"center center","background-size":"auto","background-attachment":"scroll","background-type":"","background-media":"","overlay-type":"","overlay-color":"","overlay-opacity":"","overlay-gradient":""},"mobile":{"background-color":"var(--ast-global-color-5)","background-image":"","background-repeat":"repeat","background-position":"center center","background-size":"auto","background-attachment":"scroll","background-type":"","background-media":"","overlay-type":"","overlay-color":"","overlay-opacity":"","overlay-gradient":""}}},"product_brand":[3286,3341],"product_cat":[4565],"product_tag":[],"class_list":{"0":"post-23716","1":"product","2":"type-product","3":"status-publish","4":"has-post-thumbnail","6":"product_brand-braidlace","7":"product_brand-sportstape","8":"product_cat-accessoires","9":"desktop-align-left","10":"tablet-align-left","11":"mobile-align-left","13":"first","14":"instock","15":"taxable","16":"shipping-taxable","17":"purchasable","18":"product-type-simple"},"acf":[],"_links":{"self":[{"href":"https:\/\/ztsports.com\/fr\/wp-json\/wp\/v2\/product\/23716","targetHints":{"allow":["GET"]}}],"collection":[{"href":"https:\/\/ztsports.com\/fr\/wp-json\/wp\/v2\/product"}],"about":[{"href":"https:\/\/ztsports.com\/fr\/wp-json\/wp\/v2\/types\/product"}],"replies":[{"embeddable":true,"href":"https:\/\/ztsports.com\/fr\/wp-json\/wp\/v2\/comments?post=23716"}],"version-history":[{"count":2,"href":"https:\/\/ztsports.com\/fr\/wp-json\/wp\/v2\/product\/23716\/revisions"}],"predecessor-version":[{"id":24584,"href":"https:\/\/ztsports.com\/fr\/wp-json\/wp\/v2\/product\/23716\/revisions\/24584"}],"wp:featuredmedia":[{"embeddable":true,"href":"https:\/\/ztsports.com\/fr\/wp-json\/wp\/v2\/media\/23715"}],"wp:attachment":[{"href":"https:\/\/ztsports.com\/fr\/wp-json\/wp\/v2\/media?parent=23716"}],"wp:term":[{"taxonomy":"product_brand","embeddable":true,"href":"https:\/\/ztsports.com\/fr\/wp-json\/wp\/v2\/product_brand?post=23716"},{"taxonomy":"product_cat","embeddable":true,"href":"https:\/\/ztsports.com\/fr\/wp-json\/wp\/v2\/product_cat?post=23716"},{"taxonomy":"product_tag","embeddable":true,"href":"https:\/\/ztsports.com\/fr\/wp-json\/wp\/v2\/product_tag?post=23716"}],"curies":[{"name":"wp","href":"https:\/\/api.w.org\/{rel}","templated":true}]}}