{"id":23713,"date":"2021-09-23T02:53:14","date_gmt":"2021-09-23T02:53:14","guid":{"rendered":"https:\/\/ztsports.com\/?post_type=product&#038;p=23713"},"modified":"2026-03-12T12:32:44","modified_gmt":"2026-03-12T12:32:44","slug":"soft-blade-protectors-2","status":"publish","type":"product","link":"https:\/\/ztsports.com\/fr\/store\/soft-blade-protectors-2\/","title":{"rendered":"SOFT BLADE PROTECTORS"},"content":{"rendered":"<h1>Protecteurs de Lames Souples<\/h1>\n<p>Chaussettes de protection en coton polaire, super absorbantes.<\/p>\n<p>Une taille unique convient \u00e0 toutes les lames de 12&#8243; \u00e0 18&#8243;.<\/p>\n<p>Protecteurs de lames souples de base, en tissu avec \u00e9lastique. Taille universelle.<\/p>\n<p>Un prot\u00e8ge-lame est essentiel pour que le tranchant de vos lames dure le plus longtemps possible.<\/p>\n<p>Fabriqu\u00e9 au Qu\u00e9bec, Canada.<\/p>\n<p><strong>Chaussettes souples pour patins de vitesse pour s\u00e9cher et prot\u00e9ger vos lames apr\u00e8s la s\u00e9ance de patinage<\/strong>.<\/p>\n<p>Une autre habitude de tous les patineurs : apr\u00e8s le patinage, essuyez les lames pour enlever la neige et l\u2019eau. N\u2019importe quelle vieille serviette fonctionne. Faites simplement attention \u00e0 ne pas vous couper sur les bords inf\u00e9rieurs qui sont tranchants. Laissez les lames d\u00e9couvertes dans votre sac ou utilisez une paire de \u201csoakers\u201d. Les soakers absorbent l\u2019humidit\u00e9 sur vos lames et emp\u00eachent la rouille. La rouille sur les lames appara\u00eet brune et \u00e9cailleuse et ternit vos patins, les rendant dangereux \u00e0 utiliser.<\/p>\n","protected":false},"excerpt":{"rendered":"<p>Protecteurs de Lames Souples Chaussettes de protection en coton polaire, super absorbantes. Une taille unique convient \u00e0 toutes les lames de 12&#8243; \u00e0 18&#8243;. Protecteurs de lames souples de base, en tissu avec \u00e9lastique. Taille universelle. Un prot\u00e8ge-lame est essentiel pour que le tranchant de vos lames dure le plus longtemps possible. Fabriqu\u00e9 au Qu\u00e9bec, [&hellip;]<\/p>\n","protected":false},"featured_media":23704,"comment_status":"open","ping_status":"closed","template":"","meta":{"_acf_changed":false,"_monsterinsights_skip_tracking":false,"_monsterinsights_sitenote_active":false,"_monsterinsights_sitenote_note":"","_monsterinsights_sitenote_category":0,"_uf_show_specific_survey":0,"_uf_disable_surveys":false,"site-sidebar-layout":"default","site-content-layout":"","ast-site-content-layout":"default","site-content-style":"default","site-sidebar-style":"default","ast-global-header-display":"","ast-banner-title-visibility":"","ast-main-header-display":"","ast-hfb-above-header-display":"","ast-hfb-below-header-display":"","ast-hfb-mobile-header-display":"","site-post-title":"","ast-breadcrumbs-content":"","ast-featured-img":"","footer-sml-layout":"","ast-disable-related-posts":"","theme-transparent-header-meta":"default","adv-header-id-meta":"","stick-header-meta":"","header-above-stick-meta":"","header-main-stick-meta":"","header-below-stick-meta":"","astra-migrate-meta-layouts":"set","ast-page-background-enabled":"default","ast-page-background-meta":{"desktop":{"background-color":"","background-image":"","background-repeat":"repeat","background-position":"center center","background-size":"auto","background-attachment":"scroll","background-type":"","background-media":"","overlay-type":"","overlay-color":"","overlay-opacity":"","overlay-gradient":""},"tablet":{"background-color":"","background-image":"","background-repeat":"repeat","background-position":"center center","background-size":"auto","background-attachment":"scroll","background-type":"","background-media":"","overlay-type":"","overlay-color":"","overlay-opacity":"","overlay-gradient":""},"mobile":{"background-color":"","background-image":"","background-repeat":"repeat","background-position":"center center","background-size":"auto","background-attachment":"scroll","background-type":"","background-media":"","overlay-type":"","overlay-color":"","overlay-opacity":"","overlay-gradient":""}},"ast-content-background-meta":{"desktop":{"background-color":"var(--ast-global-color-5)","background-image":"","background-repeat":"repeat","background-position":"center center","background-size":"auto","background-attachment":"scroll","background-type":"","background-media":"","overlay-type":"","overlay-color":"","overlay-opacity":"","overlay-gradient":""},"tablet":{"background-color":"var(--ast-global-color-5)","background-image":"","background-repeat":"repeat","background-position":"center center","background-size":"auto","background-attachment":"scroll","background-type":"","background-media":"","overlay-type":"","overlay-color":"","overlay-opacity":"","overlay-gradient":""},"mobile":{"background-color":"var(--ast-global-color-5)","background-image":"","background-repeat":"repeat","background-position":"center center","background-size":"auto","background-attachment":"scroll","background-type":"","background-media":"","overlay-type":"","overlay-color":"","overlay-opacity":"","overlay-gradient":""}}},"product_brand":[3337,3357],"product_cat":[3455],"product_tag":[],"class_list":{"0":"post-23713","1":"product","2":"type-product","3":"status-publish","4":"has-post-thumbnail","6":"product_brand-sherbatov","7":"product_brand-woofys-blade-soakers","8":"product_cat-accessories","9":"desktop-align-left","10":"tablet-align-left","11":"mobile-align-left","13":"first","14":"instock","15":"sale","16":"taxable","17":"shipping-taxable","18":"purchasable","19":"product-type-simple"},"acf":[],"_links":{"self":[{"href":"https:\/\/ztsports.com\/fr\/wp-json\/wp\/v2\/product\/23713","targetHints":{"allow":["GET"]}}],"collection":[{"href":"https:\/\/ztsports.com\/fr\/wp-json\/wp\/v2\/product"}],"about":[{"href":"https:\/\/ztsports.com\/fr\/wp-json\/wp\/v2\/types\/product"}],"replies":[{"embeddable":true,"href":"https:\/\/ztsports.com\/fr\/wp-json\/wp\/v2\/comments?post=23713"}],"version-history":[{"count":1,"href":"https:\/\/ztsports.com\/fr\/wp-json\/wp\/v2\/product\/23713\/revisions"}],"predecessor-version":[{"id":23714,"href":"https:\/\/ztsports.com\/fr\/wp-json\/wp\/v2\/product\/23713\/revisions\/23714"}],"wp:featuredmedia":[{"embeddable":true,"href":"https:\/\/ztsports.com\/fr\/wp-json\/wp\/v2\/media\/23704"}],"wp:attachment":[{"href":"https:\/\/ztsports.com\/fr\/wp-json\/wp\/v2\/media?parent=23713"}],"wp:term":[{"taxonomy":"product_brand","embeddable":true,"href":"https:\/\/ztsports.com\/fr\/wp-json\/wp\/v2\/product_brand?post=23713"},{"taxonomy":"product_cat","embeddable":true,"href":"https:\/\/ztsports.com\/fr\/wp-json\/wp\/v2\/product_cat?post=23713"},{"taxonomy":"product_tag","embeddable":true,"href":"https:\/\/ztsports.com\/fr\/wp-json\/wp\/v2\/product_tag?post=23713"}],"curies":[{"name":"wp","href":"https:\/\/api.w.org\/{rel}","templated":true}]}}