{"id":23702,"date":"2021-09-23T02:54:22","date_gmt":"2021-09-23T02:54:22","guid":{"rendered":"https:\/\/ztsports.com\/?post_type=product&#038;p=23702"},"modified":"2026-03-12T12:32:19","modified_gmt":"2026-03-12T12:32:19","slug":"stay-bent-blade-case-hard-body","status":"publish","type":"product","link":"https:\/\/ztsports.com\/fr\/store\/stay-bent-blade-case-hard-body\/","title":{"rendered":"STAY BENT BLADE CASE Hard Body"},"content":{"rendered":"<p data-rm-block-id=\"block-1\"><strong>\u00c9tui Stay Bent pour Lames<\/strong> est un \u00e9tui rigide zipp\u00e9 pour lames de patins de vitesse. Que vous patiniez sur Short Track ou Long Track, cet \u00e9tui prot\u00e9gera vos lames pendant vos d\u00e9placements. Id\u00e9al \u00e9galement pour ranger vos lames de rechange en toute s\u00e9curit\u00e9 !<\/p>\n<p data-rm-block-id=\"block-2\">Nouveau dans la gamme StayBent : \u00e9tuis rigides zipp\u00e9s pour lames de patins de vitesse. Que vous patiniez sur Short Track ou Long Track, cet \u00e9tui gardera vos lames prot\u00e9g\u00e9es pendant vos d\u00e9placements. Parfait pour ranger vos lames de rechange en toute s\u00e9curit\u00e9 !<\/p>\n<p data-rm-block-id=\"block-3\">Enfin, d\u00e9couvrez tous nos <a href=\"https:\/\/ztsports.com\/product-category\/accessoires\/blade-protectors-guards\/\"><strong>\u00c9tuis de voyage protecteurs pour lames<\/strong><\/a> ici.<\/p>\n","protected":false},"excerpt":{"rendered":"<p>\u00c9tui Stay Bent pour Lames est un \u00e9tui rigide zipp\u00e9 pour lames de patins de vitesse. Que vous patiniez sur Short Track ou Long Track, cet \u00e9tui prot\u00e9gera vos lames pendant vos d\u00e9placements. Id\u00e9al \u00e9galement pour ranger vos lames de rechange en toute s\u00e9curit\u00e9 ! Nouveau dans la gamme StayBent : \u00e9tuis rigides zipp\u00e9s pour [&hellip;]<\/p>\n","protected":false},"featured_media":23699,"comment_status":"open","ping_status":"closed","template":"","meta":{"_acf_changed":false,"_monsterinsights_skip_tracking":false,"_monsterinsights_sitenote_active":false,"_monsterinsights_sitenote_note":"","_monsterinsights_sitenote_category":0,"_uf_show_specific_survey":0,"_uf_disable_surveys":false,"site-sidebar-layout":"default","site-content-layout":"","ast-site-content-layout":"default","site-content-style":"default","site-sidebar-style":"default","ast-global-header-display":"","ast-banner-title-visibility":"","ast-main-header-display":"","ast-hfb-above-header-display":"","ast-hfb-below-header-display":"","ast-hfb-mobile-header-display":"","site-post-title":"","ast-breadcrumbs-content":"","ast-featured-img":"","footer-sml-layout":"","ast-disable-related-posts":"","theme-transparent-header-meta":"default","adv-header-id-meta":"","stick-header-meta":"","header-above-stick-meta":"","header-main-stick-meta":"","header-below-stick-meta":"","astra-migrate-meta-layouts":"set","ast-page-background-enabled":"default","ast-page-background-meta":{"desktop":{"background-color":"","background-image":"","background-repeat":"repeat","background-position":"center center","background-size":"auto","background-attachment":"scroll","background-type":"","background-media":"","overlay-type":"","overlay-color":"","overlay-opacity":"","overlay-gradient":""},"tablet":{"background-color":"","background-image":"","background-repeat":"repeat","background-position":"center center","background-size":"auto","background-attachment":"scroll","background-type":"","background-media":"","overlay-type":"","overlay-color":"","overlay-opacity":"","overlay-gradient":""},"mobile":{"background-color":"","background-image":"","background-repeat":"repeat","background-position":"center center","background-size":"auto","background-attachment":"scroll","background-type":"","background-media":"","overlay-type":"","overlay-color":"","overlay-opacity":"","overlay-gradient":""}},"ast-content-background-meta":{"desktop":{"background-color":"var(--ast-global-color-5)","background-image":"","background-repeat":"repeat","background-position":"center center","background-size":"auto","background-attachment":"scroll","background-type":"","background-media":"","overlay-type":"","overlay-color":"","overlay-opacity":"","overlay-gradient":""},"tablet":{"background-color":"var(--ast-global-color-5)","background-image":"","background-repeat":"repeat","background-position":"center center","background-size":"auto","background-attachment":"scroll","background-type":"","background-media":"","overlay-type":"","overlay-color":"","overlay-opacity":"","overlay-gradient":""},"mobile":{"background-color":"var(--ast-global-color-5)","background-image":"","background-repeat":"repeat","background-position":"center center","background-size":"auto","background-attachment":"scroll","background-type":"","background-media":"","overlay-type":"","overlay-color":"","overlay-opacity":"","overlay-gradient":""}}},"product_brand":[3344],"product_cat":[4552],"product_tag":[],"class_list":{"0":"post-23702","1":"product","2":"type-product","3":"status-publish","4":"has-post-thumbnail","6":"product_brand-stay-bent","7":"product_cat-patins-du-canal-nordique","8":"desktop-align-left","9":"tablet-align-left","10":"mobile-align-left","12":"first","13":"onbackorder","14":"taxable","15":"shipping-taxable","16":"purchasable","17":"product-type-simple"},"acf":[],"_links":{"self":[{"href":"https:\/\/ztsports.com\/fr\/wp-json\/wp\/v2\/product\/23702","targetHints":{"allow":["GET"]}}],"collection":[{"href":"https:\/\/ztsports.com\/fr\/wp-json\/wp\/v2\/product"}],"about":[{"href":"https:\/\/ztsports.com\/fr\/wp-json\/wp\/v2\/types\/product"}],"replies":[{"embeddable":true,"href":"https:\/\/ztsports.com\/fr\/wp-json\/wp\/v2\/comments?post=23702"}],"version-history":[{"count":1,"href":"https:\/\/ztsports.com\/fr\/wp-json\/wp\/v2\/product\/23702\/revisions"}],"predecessor-version":[{"id":23703,"href":"https:\/\/ztsports.com\/fr\/wp-json\/wp\/v2\/product\/23702\/revisions\/23703"}],"wp:featuredmedia":[{"embeddable":true,"href":"https:\/\/ztsports.com\/fr\/wp-json\/wp\/v2\/media\/23699"}],"wp:attachment":[{"href":"https:\/\/ztsports.com\/fr\/wp-json\/wp\/v2\/media?parent=23702"}],"wp:term":[{"taxonomy":"product_brand","embeddable":true,"href":"https:\/\/ztsports.com\/fr\/wp-json\/wp\/v2\/product_brand?post=23702"},{"taxonomy":"product_cat","embeddable":true,"href":"https:\/\/ztsports.com\/fr\/wp-json\/wp\/v2\/product_cat?post=23702"},{"taxonomy":"product_tag","embeddable":true,"href":"https:\/\/ztsports.com\/fr\/wp-json\/wp\/v2\/product_tag?post=23702"}],"curies":[{"name":"wp","href":"https:\/\/api.w.org\/{rel}","templated":true}]}}