{"id":23693,"date":"2021-09-23T02:54:25","date_gmt":"2021-09-23T02:54:25","guid":{"rendered":"https:\/\/ztsports.com\/?post_type=product&#038;p=23693"},"modified":"2026-03-10T07:11:24","modified_gmt":"2026-03-10T07:11:24","slug":"pro-shield-cut-resistant-socks","status":"publish","type":"product","link":"https:\/\/ztsports.com\/fr\/store\/pro-shield-cut-resistant-socks\/","title":{"rendered":"PRO-SHIELD Cut Resistant Socks"},"content":{"rendered":"<h1>Chaussettes R\u00e9sistantes aux Coupures PRO-SHIELD<\/h1>\n<p>Les chaussettes PRO-SHIELD Cut Resistant offrent une protection efficace mais discr\u00e8te de la cheville. Elles se portent sous la combinaison et peuvent remplacer les prot\u00e8ge-chevilles standard. De plus, elles offrent une protection \u00e0 360 degr\u00e9s de niveau 2 et sont conformes \u00e0 la norme EN388. Elles cr\u00e9ent \u00e9galement une compression sur le mollet qui am\u00e9liore la circulation sanguine. Enfin, elles sont disponibles en 4 tailles, de Small \u00e0 X-Large.<\/p>\n<p><strong><span class=\"Y2IQFc\" lang=\"fr\">\u00c0 noter : FPVQ &#038; <a href=\"https:\/\/www.ontariospeedskating.ca\/safety-equipment\" target=\"_blank\" rel=\"noopener\">OSSA : accessoire obligatoire<\/a> en comp\u00e9tition.<\/span><\/strong><\/p>\n<ul>\n<li><b>Chaussettes PRO-SHIELD r\u00e9sistantes aux coupures<\/b><\/li>\n<li><b>Protection contre les coupures assur\u00e9e dans une chaussette l\u00e9g\u00e8re et confortable<\/b><\/li>\n<li><b>Fabriqu\u00e9es avec un mat\u00e9riau extensible 4 directions comprenant 3 zones de compression favorisant une meilleure circulation sanguine<\/b><\/li>\n<li><b>Protection contre les coupures \u00e0 360 degr\u00e9s de l\u2019os de la cheville jusqu\u2019au-dessus du mollet<\/b><\/li>\n<li><b>Fibres respirantes dissipant la chaleur et permettant la circulation de l\u2019air<\/b><\/li>\n<li><b>50% mat\u00e9riau r\u00e9sistant aux coupures, 35% Nylon, 5% Spandex, 10% Polyester<\/b><\/li>\n<li><b>EN-388 Niveau de coupure 2<\/b><\/li>\n<li><b>Sm-33-36<\/b><\/li>\n<li><b>Med-37-40<\/b><\/li>\n<li><b>Lg-41-43<\/b><\/li>\n<li><b>XLg-44-46<\/b><\/li>\n<\/ul>\n<h4>Chaussettes et <strong>V\u00eatements R\u00e9sistants aux Coupures<\/strong><\/h4>\n<p>De plus, aucune limitation ne sera impos\u00e9e \u00e0 la fabrication de v\u00eatements\/uniformes de comp\u00e9tition protecteurs autre que le fait que, au minimum, le mat\u00e9riau doit respecter la norme EN388.<\/p>\n<p>Une \u00e9tude approfondie du processus de mise en \u0153uvre, de la disponibilit\u00e9 mondiale des v\u00eatements\/uniformes r\u00e9sistants aux coupures et des exp\u00e9riences pratiques a conduit \u00e0 une r\u00e9\u00e9valuation des exigences.<\/p>\n<h4><strong>V\u00eatements R\u00e9sistants aux Coupures<\/strong><\/h4>\n<p>De m\u00eame, le mat\u00e9riau r\u00e9sistant aux coupures utilis\u00e9 dans les v\u00eatements de protection selon cette communication ISU doit r\u00e9pondre au minimum aux exigences. La norme Niveau 2 selon EN388 pour un test de r\u00e9sistance aux coupures (r\u00e9sistance aux objets tranchants). La protection contre les coupures peut \u00eatre int\u00e9gr\u00e9e dans l\u2019uniforme de comp\u00e9tition ou port\u00e9e comme sous-v\u00eatement sp\u00e9cial.<\/p>\n<p>Pour en savoir plus sur les <strong>r\u00e8gles ISU cliquez <a href=\"https:\/\/www.isu.org\/inside-isu\/isu-communications\/communications-archives\/1286-communication-1265\/file\" target=\"_blank\" rel=\"noopener\">ici !<\/a><\/strong><\/p>\n<h4>Enfin, consultez tous nos <a href=\"https:\/\/ztsports.com\/product-category\/protection\/\">produits de protection et r\u00e9sistants aux coupures<\/a> ici.<\/h4>\n","protected":false},"excerpt":{"rendered":"<p>Chaussettes R\u00e9sistantes aux Coupures PRO-SHIELD Les chaussettes PRO-SHIELD Cut Resistant offrent une protection efficace mais discr\u00e8te de la cheville. Elles se portent sous la combinaison et peuvent remplacer les prot\u00e8ge-chevilles standard. De plus, elles offrent une protection \u00e0 360 degr\u00e9s de niveau 2 et sont conformes \u00e0 la norme EN388. Elles cr\u00e9ent \u00e9galement une compression [&hellip;]<\/p>\n","protected":false},"featured_media":23692,"comment_status":"open","ping_status":"closed","template":"","meta":{"_acf_changed":false,"_monsterinsights_skip_tracking":false,"_monsterinsights_sitenote_active":false,"_monsterinsights_sitenote_note":"","_monsterinsights_sitenote_category":0,"_uf_show_specific_survey":0,"_uf_disable_surveys":false,"site-sidebar-layout":"default","site-content-layout":"","ast-site-content-layout":"default","site-content-style":"default","site-sidebar-style":"default","ast-global-header-display":"","ast-banner-title-visibility":"","ast-main-header-display":"","ast-hfb-above-header-display":"","ast-hfb-below-header-display":"","ast-hfb-mobile-header-display":"","site-post-title":"","ast-breadcrumbs-content":"","ast-featured-img":"","footer-sml-layout":"","ast-disable-related-posts":"","theme-transparent-header-meta":"default","adv-header-id-meta":"","stick-header-meta":"","header-above-stick-meta":"","header-main-stick-meta":"","header-below-stick-meta":"","astra-migrate-meta-layouts":"set","ast-page-background-enabled":"default","ast-page-background-meta":{"desktop":{"background-color":"","background-image":"","background-repeat":"repeat","background-position":"center center","background-size":"auto","background-attachment":"scroll","background-type":"","background-media":"","overlay-type":"","overlay-color":"","overlay-opacity":"","overlay-gradient":""},"tablet":{"background-color":"","background-image":"","background-repeat":"repeat","background-position":"center center","background-size":"auto","background-attachment":"scroll","background-type":"","background-media":"","overlay-type":"","overlay-color":"","overlay-opacity":"","overlay-gradient":""},"mobile":{"background-color":"","background-image":"","background-repeat":"repeat","background-position":"center center","background-size":"auto","background-attachment":"scroll","background-type":"","background-media":"","overlay-type":"","overlay-color":"","overlay-opacity":"","overlay-gradient":""}},"ast-content-background-meta":{"desktop":{"background-color":"var(--ast-global-color-5)","background-image":"","background-repeat":"repeat","background-position":"center center","background-size":"auto","background-attachment":"scroll","background-type":"","background-media":"","overlay-type":"","overlay-color":"","overlay-opacity":"","overlay-gradient":""},"tablet":{"background-color":"var(--ast-global-color-5)","background-image":"","background-repeat":"repeat","background-position":"center center","background-size":"auto","background-attachment":"scroll","background-type":"","background-media":"","overlay-type":"","overlay-color":"","overlay-opacity":"","overlay-gradient":""},"mobile":{"background-color":"var(--ast-global-color-5)","background-image":"","background-repeat":"repeat","background-position":"center center","background-size":"auto","background-attachment":"scroll","background-type":"","background-media":"","overlay-type":"","overlay-color":"","overlay-opacity":"","overlay-gradient":""}}},"product_brand":[3331],"product_cat":[3378],"product_tag":[],"class_list":{"0":"post-23693","1":"product","2":"type-product","3":"status-publish","4":"has-post-thumbnail","6":"product_brand-pro-shield","7":"product_cat-non-categorise","8":"desktop-align-left","9":"tablet-align-left","10":"mobile-align-left","12":"first","13":"instock","14":"sale","15":"taxable","16":"shipping-taxable","17":"purchasable","18":"product-type-simple"},"acf":[],"_links":{"self":[{"href":"https:\/\/ztsports.com\/fr\/wp-json\/wp\/v2\/product\/23693","targetHints":{"allow":["GET"]}}],"collection":[{"href":"https:\/\/ztsports.com\/fr\/wp-json\/wp\/v2\/product"}],"about":[{"href":"https:\/\/ztsports.com\/fr\/wp-json\/wp\/v2\/types\/product"}],"replies":[{"embeddable":true,"href":"https:\/\/ztsports.com\/fr\/wp-json\/wp\/v2\/comments?post=23693"}],"version-history":[{"count":1,"href":"https:\/\/ztsports.com\/fr\/wp-json\/wp\/v2\/product\/23693\/revisions"}],"predecessor-version":[{"id":23694,"href":"https:\/\/ztsports.com\/fr\/wp-json\/wp\/v2\/product\/23693\/revisions\/23694"}],"wp:featuredmedia":[{"embeddable":true,"href":"https:\/\/ztsports.com\/fr\/wp-json\/wp\/v2\/media\/23692"}],"wp:attachment":[{"href":"https:\/\/ztsports.com\/fr\/wp-json\/wp\/v2\/media?parent=23693"}],"wp:term":[{"taxonomy":"product_brand","embeddable":true,"href":"https:\/\/ztsports.com\/fr\/wp-json\/wp\/v2\/product_brand?post=23693"},{"taxonomy":"product_cat","embeddable":true,"href":"https:\/\/ztsports.com\/fr\/wp-json\/wp\/v2\/product_cat?post=23693"},{"taxonomy":"product_tag","embeddable":true,"href":"https:\/\/ztsports.com\/fr\/wp-json\/wp\/v2\/product_tag?post=23693"}],"curies":[{"name":"wp","href":"https:\/\/api.w.org\/{rel}","templated":true}]}}