{"id":23690,"date":"2021-09-23T02:54:35","date_gmt":"2021-09-23T02:54:35","guid":{"rendered":"https:\/\/ztsports.com\/?post_type=product&#038;p=23690"},"modified":"2026-03-10T07:10:24","modified_gmt":"2026-03-10T07:10:24","slug":"maple-bearing-replacement-kit-for-clap-blade","status":"publish","type":"product","link":"https:\/\/ztsports.com\/fr\/store\/maple-bearing-replacement-kit-for-clap-blade\/","title":{"rendered":"Maple Bearing Replacement Kit for Clap Blade"},"content":{"rendered":"<h1 id=\"tw-target-text\" class=\"tw-data-text tw-text-large tw-ta\" dir=\"ltr\" data-placeholder=\"Translation\">\n<span class=\"Y2IQFc\" lang=\"fr\">Kit de Remplacement de Roulements Maple<\/span><br \/>\n<\/h1>\n<p class=\"tw-data-text tw-text-large tw-ta\" dir=\"ltr\" data-placeholder=\"Translation\">\n<span class=\"Y2IQFc\" lang=\"fr\">Le kit de remplacement de roulements Maple pour le pont Clap Blade comprend deux roulements et un entretoise.<\/span>\n<\/p>\n<p class=\"tw-data-text tw-text-large tw-ta\" dir=\"ltr\" data-placeholder=\"Translation\">\n<span class=\"Y2IQFc\" lang=\"fr\">De plus, ce kit est compatible avec tous les ponts Clap Maple et MapleZ Long Track.<\/span>\n<\/p>\n<p dir=\"ltr\" data-placeholder=\"Translation\">\nRedonnez du ressort \u00e0 votre clap skate en rempla\u00e7ant ses roulements. Vendu en kit. (Chaque m\u00e9canisme Clap n\u00e9cessite deux roulements et un entretoise.)\n<\/p>\n<h4 dir=\"ltr\" data-placeholder=\"Translation\">Compatible avec les mod\u00e8les suivants :<\/h4>\n<ul>\n<li>Blizzard<\/li>\n<li>Comet Aluminum<\/li>\n<li>Comet Laser<\/li>\n<li>Twin Laser<\/li>\n<li>Laser T-Bone<\/li>\n<li>Twin Laser T-Bone<\/li>\n<\/ul>\n<p>Enfin, vous pouvez trouver <a href=\"https:\/\/ztsports.com\/product-category\/long-track\/long-track-parts\/\"><strong>toutes les pi\u00e8ces Long Track<\/strong><\/a> ici.<\/p>\n","protected":false},"excerpt":{"rendered":"<p>Kit de Remplacement de Roulements Maple Le kit de remplacement de roulements Maple pour le pont Clap Blade comprend deux roulements et un entretoise. De plus, ce kit est compatible avec tous les ponts Clap Maple et MapleZ Long Track. Redonnez du ressort \u00e0 votre clap skate en rempla\u00e7ant ses roulements. Vendu en kit. (Chaque [&hellip;]<\/p>\n","protected":false},"featured_media":23685,"comment_status":"open","ping_status":"closed","template":"","meta":{"_acf_changed":false,"_monsterinsights_skip_tracking":false,"_monsterinsights_sitenote_active":false,"_monsterinsights_sitenote_note":"","_monsterinsights_sitenote_category":0,"_uf_show_specific_survey":0,"_uf_disable_surveys":false,"site-sidebar-layout":"default","site-content-layout":"","ast-site-content-layout":"default","site-content-style":"default","site-sidebar-style":"default","ast-global-header-display":"","ast-banner-title-visibility":"","ast-main-header-display":"","ast-hfb-above-header-display":"","ast-hfb-below-header-display":"","ast-hfb-mobile-header-display":"","site-post-title":"","ast-breadcrumbs-content":"","ast-featured-img":"","footer-sml-layout":"","ast-disable-related-posts":"","theme-transparent-header-meta":"default","adv-header-id-meta":"","stick-header-meta":"","header-above-stick-meta":"","header-main-stick-meta":"","header-below-stick-meta":"","astra-migrate-meta-layouts":"set","ast-page-background-enabled":"default","ast-page-background-meta":{"desktop":{"background-color":"","background-image":"","background-repeat":"repeat","background-position":"center center","background-size":"auto","background-attachment":"scroll","background-type":"","background-media":"","overlay-type":"","overlay-color":"","overlay-opacity":"","overlay-gradient":""},"tablet":{"background-color":"","background-image":"","background-repeat":"repeat","background-position":"center center","background-size":"auto","background-attachment":"scroll","background-type":"","background-media":"","overlay-type":"","overlay-color":"","overlay-opacity":"","overlay-gradient":""},"mobile":{"background-color":"","background-image":"","background-repeat":"repeat","background-position":"center center","background-size":"auto","background-attachment":"scroll","background-type":"","background-media":"","overlay-type":"","overlay-color":"","overlay-opacity":"","overlay-gradient":""}},"ast-content-background-meta":{"desktop":{"background-color":"var(--ast-global-color-5)","background-image":"","background-repeat":"repeat","background-position":"center center","background-size":"auto","background-attachment":"scroll","background-type":"","background-media":"","overlay-type":"","overlay-color":"","overlay-opacity":"","overlay-gradient":""},"tablet":{"background-color":"var(--ast-global-color-5)","background-image":"","background-repeat":"repeat","background-position":"center center","background-size":"auto","background-attachment":"scroll","background-type":"","background-media":"","overlay-type":"","overlay-color":"","overlay-opacity":"","overlay-gradient":""},"mobile":{"background-color":"var(--ast-global-color-5)","background-image":"","background-repeat":"repeat","background-position":"center center","background-size":"auto","background-attachment":"scroll","background-type":"","background-media":"","overlay-type":"","overlay-color":"","overlay-opacity":"","overlay-gradient":""}}},"product_brand":[3319],"product_cat":[3378],"product_tag":[],"class_list":{"0":"post-23690","1":"product","2":"type-product","3":"status-publish","4":"has-post-thumbnail","6":"product_brand-maplez","7":"product_cat-non-categorise","8":"desktop-align-left","9":"tablet-align-left","10":"mobile-align-left","12":"first","13":"instock","14":"taxable","15":"shipping-taxable","16":"purchasable","17":"product-type-simple"},"acf":[],"_links":{"self":[{"href":"https:\/\/ztsports.com\/fr\/wp-json\/wp\/v2\/product\/23690","targetHints":{"allow":["GET"]}}],"collection":[{"href":"https:\/\/ztsports.com\/fr\/wp-json\/wp\/v2\/product"}],"about":[{"href":"https:\/\/ztsports.com\/fr\/wp-json\/wp\/v2\/types\/product"}],"replies":[{"embeddable":true,"href":"https:\/\/ztsports.com\/fr\/wp-json\/wp\/v2\/comments?post=23690"}],"version-history":[{"count":1,"href":"https:\/\/ztsports.com\/fr\/wp-json\/wp\/v2\/product\/23690\/revisions"}],"predecessor-version":[{"id":23691,"href":"https:\/\/ztsports.com\/fr\/wp-json\/wp\/v2\/product\/23690\/revisions\/23691"}],"wp:featuredmedia":[{"embeddable":true,"href":"https:\/\/ztsports.com\/fr\/wp-json\/wp\/v2\/media\/23685"}],"wp:attachment":[{"href":"https:\/\/ztsports.com\/fr\/wp-json\/wp\/v2\/media?parent=23690"}],"wp:term":[{"taxonomy":"product_brand","embeddable":true,"href":"https:\/\/ztsports.com\/fr\/wp-json\/wp\/v2\/product_brand?post=23690"},{"taxonomy":"product_cat","embeddable":true,"href":"https:\/\/ztsports.com\/fr\/wp-json\/wp\/v2\/product_cat?post=23690"},{"taxonomy":"product_tag","embeddable":true,"href":"https:\/\/ztsports.com\/fr\/wp-json\/wp\/v2\/product_tag?post=23690"}],"curies":[{"name":"wp","href":"https:\/\/api.w.org\/{rel}","templated":true}]}}