{"id":23683,"date":"2021-09-23T02:55:43","date_gmt":"2021-09-23T02:55:43","guid":{"rendered":"https:\/\/ztsports.com\/?post_type=product&#038;p=23683"},"modified":"2026-03-12T12:31:14","modified_gmt":"2026-03-12T12:31:14","slug":"maple-replacement-axle-long-track-claps","status":"publish","type":"product","link":"https:\/\/ztsports.com\/fr\/store\/maple-replacement-axle-long-track-claps\/","title":{"rendered":"MAPLE REPLACEMENT AXLE Long Track Claps"},"content":{"rendered":"<h1 id=\"tw-target-text\" class=\"tw-data-text tw-text-large tw-ta\" dir=\"ltr\" data-placeholder=\"Translation\"><span class=\"Y2IQFc\" lang=\"fr\">AXE DE REMPLACEMENT MAPLE<\/span><\/h1>\n<p class=\"tw-data-text tw-text-large tw-ta\" dir=\"ltr\" data-placeholder=\"Translation\">\n<span class=\"Y2IQFc\" lang=\"fr\">Axe de remplacement Maple pour les lames Maple et MapleZ Long Track Clap. De plus, les axes de remplacement sont un accessoire indispensable pour tout entra\u00eeneur ou patineur de vitesse long track dans leur \u00e9quipement.<\/span>\n<\/p>\n<p class=\"tw-data-text tw-text-large tw-ta\" dir=\"ltr\" data-placeholder=\"Translation\">\n<a href=\"https:\/\/ztsports.ca\/product-category\/long-track\/long-track-parts\/\" target=\"_blank\" rel=\"noopener\"><strong>Zt Sports<\/strong> propose en stock les pi\u00e8ces originales Maple et MapleZ<\/a>.\n<\/p>\n<p class=\"tw-data-text tw-text-large tw-ta\" dir=\"ltr\" data-placeholder=\"Translation\">\nVendues \u00e0 l\u2019unit\u00e9.\n<\/p>\n<p class=\"tw-data-text tw-text-large tw-ta\" dir=\"ltr\" data-placeholder=\"Translation\">\n<strong>De plus, l\u2019axe est compatible avec les lames Maple et MapleZ Clap suivantes :<\/strong>\n<\/p>\n<ul>\n<li>Blizzard<\/li>\n<li>Comet Aluminum<\/li>\n<li>Comet Laser<\/li>\n<li>Twin Laser<\/li>\n<li>Laser T-Bone<\/li>\n<li>La plupart des EVO Claps<\/li>\n<li>La plupart des EHS Claps<\/li>\n<\/ul>\n<p>Enfin, retrouvez toutes nos <a href=\"https:\/\/ztsports.com\/product-category\/long-track\/long-track-parts\/\"><strong>pi\u00e8ces et outils Long Track<\/strong><\/a> ici.<\/p>\n","protected":false},"excerpt":{"rendered":"<p>AXE DE REMPLACEMENT MAPLE Axe de remplacement Maple pour les lames Maple et MapleZ Long Track Clap. De plus, les axes de remplacement sont un accessoire indispensable pour tout entra\u00eeneur ou patineur de vitesse long track dans leur \u00e9quipement. Zt Sports propose en stock les pi\u00e8ces originales Maple et MapleZ. Vendues \u00e0 l\u2019unit\u00e9. De plus, [&hellip;]<\/p>\n","protected":false},"featured_media":23680,"comment_status":"open","ping_status":"closed","template":"","meta":{"_acf_changed":false,"_monsterinsights_skip_tracking":false,"_monsterinsights_sitenote_active":false,"_monsterinsights_sitenote_note":"","_monsterinsights_sitenote_category":0,"_uf_show_specific_survey":0,"_uf_disable_surveys":false,"site-sidebar-layout":"default","site-content-layout":"","ast-site-content-layout":"default","site-content-style":"default","site-sidebar-style":"default","ast-global-header-display":"","ast-banner-title-visibility":"","ast-main-header-display":"","ast-hfb-above-header-display":"","ast-hfb-below-header-display":"","ast-hfb-mobile-header-display":"","site-post-title":"","ast-breadcrumbs-content":"","ast-featured-img":"","footer-sml-layout":"","ast-disable-related-posts":"","theme-transparent-header-meta":"default","adv-header-id-meta":"","stick-header-meta":"","header-above-stick-meta":"","header-main-stick-meta":"","header-below-stick-meta":"","astra-migrate-meta-layouts":"set","ast-page-background-enabled":"default","ast-page-background-meta":{"desktop":{"background-color":"","background-image":"","background-repeat":"repeat","background-position":"center center","background-size":"auto","background-attachment":"scroll","background-type":"","background-media":"","overlay-type":"","overlay-color":"","overlay-opacity":"","overlay-gradient":""},"tablet":{"background-color":"","background-image":"","background-repeat":"repeat","background-position":"center center","background-size":"auto","background-attachment":"scroll","background-type":"","background-media":"","overlay-type":"","overlay-color":"","overlay-opacity":"","overlay-gradient":""},"mobile":{"background-color":"","background-image":"","background-repeat":"repeat","background-position":"center center","background-size":"auto","background-attachment":"scroll","background-type":"","background-media":"","overlay-type":"","overlay-color":"","overlay-opacity":"","overlay-gradient":""}},"ast-content-background-meta":{"desktop":{"background-color":"var(--ast-global-color-5)","background-image":"","background-repeat":"repeat","background-position":"center center","background-size":"auto","background-attachment":"scroll","background-type":"","background-media":"","overlay-type":"","overlay-color":"","overlay-opacity":"","overlay-gradient":""},"tablet":{"background-color":"var(--ast-global-color-5)","background-image":"","background-repeat":"repeat","background-position":"center center","background-size":"auto","background-attachment":"scroll","background-type":"","background-media":"","overlay-type":"","overlay-color":"","overlay-opacity":"","overlay-gradient":""},"mobile":{"background-color":"var(--ast-global-color-5)","background-image":"","background-repeat":"repeat","background-position":"center center","background-size":"auto","background-attachment":"scroll","background-type":"","background-media":"","overlay-type":"","overlay-color":"","overlay-opacity":"","overlay-gradient":""}}},"product_brand":[3297,3318,3319],"product_cat":[3455,3378],"product_tag":[4562],"class_list":{"0":"post-23683","1":"product","2":"type-product","3":"status-publish","4":"has-post-thumbnail","6":"product_brand-evo","7":"product_brand-maple","8":"product_brand-maplez","9":"product_cat-accessories","10":"product_cat-non-categorise","11":"product_tag-speed-skating","12":"desktop-align-left","13":"tablet-align-left","14":"mobile-align-left","16":"first","17":"instock","18":"taxable","19":"shipping-taxable","20":"purchasable","21":"product-type-simple"},"acf":[],"_links":{"self":[{"href":"https:\/\/ztsports.com\/fr\/wp-json\/wp\/v2\/product\/23683","targetHints":{"allow":["GET"]}}],"collection":[{"href":"https:\/\/ztsports.com\/fr\/wp-json\/wp\/v2\/product"}],"about":[{"href":"https:\/\/ztsports.com\/fr\/wp-json\/wp\/v2\/types\/product"}],"replies":[{"embeddable":true,"href":"https:\/\/ztsports.com\/fr\/wp-json\/wp\/v2\/comments?post=23683"}],"version-history":[{"count":1,"href":"https:\/\/ztsports.com\/fr\/wp-json\/wp\/v2\/product\/23683\/revisions"}],"predecessor-version":[{"id":23684,"href":"https:\/\/ztsports.com\/fr\/wp-json\/wp\/v2\/product\/23683\/revisions\/23684"}],"wp:featuredmedia":[{"embeddable":true,"href":"https:\/\/ztsports.com\/fr\/wp-json\/wp\/v2\/media\/23680"}],"wp:attachment":[{"href":"https:\/\/ztsports.com\/fr\/wp-json\/wp\/v2\/media?parent=23683"}],"wp:term":[{"taxonomy":"product_brand","embeddable":true,"href":"https:\/\/ztsports.com\/fr\/wp-json\/wp\/v2\/product_brand?post=23683"},{"taxonomy":"product_cat","embeddable":true,"href":"https:\/\/ztsports.com\/fr\/wp-json\/wp\/v2\/product_cat?post=23683"},{"taxonomy":"product_tag","embeddable":true,"href":"https:\/\/ztsports.com\/fr\/wp-json\/wp\/v2\/product_tag?post=23683"}],"curies":[{"name":"wp","href":"https:\/\/api.w.org\/{rel}","templated":true}]}}