{"id":23671,"date":"2021-09-23T02:55:48","date_gmt":"2021-09-23T02:55:48","guid":{"rendered":"https:\/\/ztsports.com\/?post_type=product&#038;p=23671"},"modified":"2026-03-12T12:30:14","modified_gmt":"2026-03-12T12:30:14","slug":"front-boot-protection-bont-toe-bumpers","status":"publish","type":"product","link":"https:\/\/ztsports.com\/fr\/store\/front-boot-protection-bont-toe-bumpers\/","title":{"rendered":"FRONT BOOT PROTECTION BONT Toe Bumpers"},"content":{"rendered":"<h1 id=\"tw-target-text\" class=\"tw-data-text tw-text-large tw-ta\" dir=\"ltr\" data-placeholder=\"Translation\"><span class=\"Y2IQFc\" lang=\"fr\"><strong>PROTECTION AVANT DE CHAUSSURE BONT<\/strong><\/span><\/h1>\n<p class=\"tw-data-text tw-text-large tw-ta\" dir=\"ltr\" data-placeholder=\"Translation\">\nLa PROTECTION AVANT DE CHAUSSURE BONT prot\u00e8ge l\u2019avant de votre chaussure Bont et augmente sa dur\u00e9e de vie gr\u00e2ce \u00e0 la protection en plastique TPU \u00e0 l\u2019avant. Inestimable pour les clubs souhaitant ajouter et prolonger la dur\u00e9e de vie de leurs locations.\n<\/p>\n<p><strong>Taille et disponibilit\u00e9<\/strong><\/p>\n<p>Trois tailles sont disponibles en fonction de vos chaussures, vendues par paire. Choisir la bonne taille est essentiel pour un ajustement parfait et une protection optimale.<\/p>\n<p><strong>Petit (33-36,5)<\/strong><br \/>\n<strong>Moyen (37-40)<\/strong><br \/>\n<strong>Grand (41-44)<\/strong><\/p>\n<p><strong>Bont Front Boot Protection (Pare-chocs)<\/strong><\/p>\n<p>La protection avant BONT est un accessoire indispensable pour tous les patineurs en ligne et les responsables du mat\u00e9riel des clubs de patinage souhaitant prot\u00e9ger leur \u00e9quipement et prolonger la dur\u00e9e de vie de leurs chaussures. Fabriqu\u00e9e en plastique TPU de haute qualit\u00e9, cette protection avant est con\u00e7ue pour r\u00e9sister aux impacts et aux rayures tout en offrant une flexibilit\u00e9 suffisante pour un mouvement naturel et confortable.<\/p>\n<h4>Prolongez la dur\u00e9e de vie de vos chaussures.<\/h4>\n<p>L\u2019installation est facile : il suffit de glisser la protection avant sur l\u2019avant de votre chaussure BONT avec un peu de colle et de chaleur. Elle se retire \u00e9galement facilement pour le nettoyage ou le remplacement.<\/p>\n<p><strong>Avantages<\/strong><\/p>\n<ul>\n<li><strong>Protection :<\/strong> La protection avant Bont est un ajout essentiel pour tous les patineurs en ligne et les responsables du mat\u00e9riel des clubs de patinage. Elle prot\u00e8ge l\u2019\u00e9quipement et prolonge la dur\u00e9e de vie des chaussures. Les pare-chocs sont fabriqu\u00e9s avec des mat\u00e9riaux de haute qualit\u00e9 pour une r\u00e9sistance accrue aux impacts et aux rayures tout en offrant une flexibilit\u00e9 suffisante pour un mouvement naturel et confortable. Avec la protection avant BONT, vous pouvez \u00eatre s\u00fbr que votre \u00e9quipement sera prot\u00e9g\u00e9 contre les dommages caus\u00e9s par une utilisation quotidienne.<\/li>\n<\/ul>\n<ul>\n<li><strong>Prolongation de la dur\u00e9e de vie des chaussures :<\/strong> En plus de prot\u00e9ger l\u2019avant de vos chaussures, la protection avant BONT aide \u00e9galement \u00e0 prolonger leur dur\u00e9e de vie. Les chaussures en ligne et de short track peuvent \u00eatre co\u00fbteuses, il est donc essentiel de les prot\u00e9ger afin d\u2019\u00e9viter un remplacement fr\u00e9quent. La protection avant BONT permet de conserver vos chaussures en bon \u00e9tat plus longtemps, vous faisant \u00e9conomiser de l\u2019argent sur l\u2019achat de nouvelles chaussures.<\/li>\n<\/ul>\n<ul>\n<li><strong>\u00c9l\u00e9gante et discr\u00e8te :<\/strong> La protection avant BONT est un accessoire \u00e9l\u00e9gant et discret qui n\u2019affecte pas l\u2019apparence de vos chaussures. Elle se fond parfaitement avec les chaussures BONT et ne d\u00e9tourne pas l\u2019attention de l\u2019apparence g\u00e9n\u00e9rale de votre \u00e9quipement.<\/li>\n<\/ul>\n<p><strong>Installation<\/strong><\/p>\n<ul>\n<li>Facile \u00e0 installer et tout aussi facile \u00e0 retirer.<\/li>\n<\/ul>\n<p><strong>Pare-chocs avant Bont<\/strong><\/p>\n<p>La protection avant BONT est un accessoire essentiel pour tous les patineurs en ligne et les clubs de patinage, surtout si vous souhaitez prot\u00e9ger leur \u00e9quipement et prolonger la dur\u00e9e de vie des chaussures.<\/p>\n<h4>Mat\u00e9riaux de haute qualit\u00e9<\/h4>\n<p>Fabriqu\u00e9e avec des mat\u00e9riaux de haute qualit\u00e9 pour une r\u00e9sistance accrue aux impacts et aux rayures, tout en offrant suffisamment de flexibilit\u00e9 pour un mouvement naturel et confortable. Avec la protection avant BONT, vous pouvez \u00eatre s\u00fbr que votre \u00e9quipement sera prot\u00e9g\u00e9 contre les dommages caus\u00e9s par une utilisation quotidienne.<\/p>\n<p><b>Achetez la Protection Avant de Chaussure Bont actuellement en stock chez<\/b> <a href=\"https:\/\/ztsports.com\/fr\/\"><strong>Zt Sports<\/strong><\/a> ! Soyez assur\u00e9 de recevoir des produits d\u2019origine authentiques avec une livraison sans tracas.<\/p>\n<p>Le kit original de pare-chocs avant est un article de remplacement adapt\u00e9 aux mod\u00e8les Bont Cycling Vaypor original et Vaypor T.<\/p>\n<p>Chaque kit contient des pare-chocs gauche et droit et peut \u00eatre install\u00e9 sur les mod\u00e8les ci-dessus en utilisant Loctite 401. Le retrait des pare-chocs existants doit \u00eatre effectu\u00e9 par un technicien qualifi\u00e9 en r\u00e9paration de chaussures ou de bottes.<\/p>\n<p><strong>Tailles disponibles pour les pare-chocs FRONT BOOT PROTECTION BONT<\/strong><\/p>\n<ul>\n<li>Petit (taille 36 &#8211; 37)<\/li>\n<li>Moyen (taille 38 &#8211; 41)<\/li>\n<li>Grand (taille 42 &#8211; 45)<\/li>\n<li>XL (taille 46 &#8211; 50)<\/li>\n<\/ul>\n<p>Une courte vid\u00e9o sur <a href=\"https:\/\/www.youtube.com\/watch?v=zEMqLWZfZ9E\" target=\"_blank\" rel=\"noopener\"><strong>Comment remplacer votre pare-chocs en caoutchouc<\/strong><\/a> sur vos patins Bont.<\/p>\n<p>Enfin, consultez notre <a href=\"https:\/\/ztsports.com\/product-category\/club-deals\/\"><strong>section offres club<\/strong><\/a> pour d\u00e9couvrir d\u2019autres \u00e9quipements essentiels pour les clubs.<\/p>\n","protected":false},"excerpt":{"rendered":"<p>PROTECTION AVANT DE CHAUSSURE BONT La PROTECTION AVANT DE CHAUSSURE BONT prot\u00e8ge l\u2019avant de votre chaussure Bont et augmente sa dur\u00e9e de vie gr\u00e2ce \u00e0 la protection en plastique TPU \u00e0 l\u2019avant. Inestimable pour les clubs souhaitant ajouter et prolonger la dur\u00e9e de vie de leurs locations. Taille et disponibilit\u00e9 Trois tailles sont disponibles en [&hellip;]<\/p>\n","protected":false},"featured_media":23669,"comment_status":"open","ping_status":"closed","template":"","meta":{"_acf_changed":false,"_monsterinsights_skip_tracking":false,"_monsterinsights_sitenote_active":false,"_monsterinsights_sitenote_note":"","_monsterinsights_sitenote_category":0,"_uf_show_specific_survey":0,"_uf_disable_surveys":false,"site-sidebar-layout":"default","site-content-layout":"","ast-site-content-layout":"default","site-content-style":"default","site-sidebar-style":"default","ast-global-header-display":"","ast-banner-title-visibility":"","ast-main-header-display":"","ast-hfb-above-header-display":"","ast-hfb-below-header-display":"","ast-hfb-mobile-header-display":"","site-post-title":"","ast-breadcrumbs-content":"","ast-featured-img":"","footer-sml-layout":"","ast-disable-related-posts":"","theme-transparent-header-meta":"default","adv-header-id-meta":"","stick-header-meta":"","header-above-stick-meta":"","header-main-stick-meta":"","header-below-stick-meta":"","astra-migrate-meta-layouts":"set","ast-page-background-enabled":"default","ast-page-background-meta":{"desktop":{"background-color":"","background-image":"","background-repeat":"repeat","background-position":"center center","background-size":"auto","background-attachment":"scroll","background-type":"","background-media":"","overlay-type":"","overlay-color":"","overlay-opacity":"","overlay-gradient":""},"tablet":{"background-color":"","background-image":"","background-repeat":"repeat","background-position":"center center","background-size":"auto","background-attachment":"scroll","background-type":"","background-media":"","overlay-type":"","overlay-color":"","overlay-opacity":"","overlay-gradient":""},"mobile":{"background-color":"","background-image":"","background-repeat":"repeat","background-position":"center center","background-size":"auto","background-attachment":"scroll","background-type":"","background-media":"","overlay-type":"","overlay-color":"","overlay-opacity":"","overlay-gradient":""}},"ast-content-background-meta":{"desktop":{"background-color":"var(--ast-global-color-5)","background-image":"","background-repeat":"repeat","background-position":"center center","background-size":"auto","background-attachment":"scroll","background-type":"","background-media":"","overlay-type":"","overlay-color":"","overlay-opacity":"","overlay-gradient":""},"tablet":{"background-color":"var(--ast-global-color-5)","background-image":"","background-repeat":"repeat","background-position":"center center","background-size":"auto","background-attachment":"scroll","background-type":"","background-media":"","overlay-type":"","overlay-color":"","overlay-opacity":"","overlay-gradient":""},"mobile":{"background-color":"var(--ast-global-color-5)","background-image":"","background-repeat":"repeat","background-position":"center center","background-size":"auto","background-attachment":"scroll","background-type":"","background-media":"","overlay-type":"","overlay-color":"","overlay-opacity":"","overlay-gradient":""}}},"product_brand":[3285],"product_cat":[4565],"product_tag":[],"class_list":{"0":"post-23671","1":"product","2":"type-product","3":"status-publish","4":"has-post-thumbnail","6":"product_brand-bont","7":"product_cat-accessoires","8":"desktop-align-left","9":"tablet-align-left","10":"mobile-align-left","12":"first","13":"instock","14":"taxable","15":"shipping-taxable","16":"purchasable","17":"product-type-simple"},"acf":[],"_links":{"self":[{"href":"https:\/\/ztsports.com\/fr\/wp-json\/wp\/v2\/product\/23671","targetHints":{"allow":["GET"]}}],"collection":[{"href":"https:\/\/ztsports.com\/fr\/wp-json\/wp\/v2\/product"}],"about":[{"href":"https:\/\/ztsports.com\/fr\/wp-json\/wp\/v2\/types\/product"}],"replies":[{"embeddable":true,"href":"https:\/\/ztsports.com\/fr\/wp-json\/wp\/v2\/comments?post=23671"}],"version-history":[{"count":2,"href":"https:\/\/ztsports.com\/fr\/wp-json\/wp\/v2\/product\/23671\/revisions"}],"predecessor-version":[{"id":24581,"href":"https:\/\/ztsports.com\/fr\/wp-json\/wp\/v2\/product\/23671\/revisions\/24581"}],"wp:featuredmedia":[{"embeddable":true,"href":"https:\/\/ztsports.com\/fr\/wp-json\/wp\/v2\/media\/23669"}],"wp:attachment":[{"href":"https:\/\/ztsports.com\/fr\/wp-json\/wp\/v2\/media?parent=23671"}],"wp:term":[{"taxonomy":"product_brand","embeddable":true,"href":"https:\/\/ztsports.com\/fr\/wp-json\/wp\/v2\/product_brand?post=23671"},{"taxonomy":"product_cat","embeddable":true,"href":"https:\/\/ztsports.com\/fr\/wp-json\/wp\/v2\/product_cat?post=23671"},{"taxonomy":"product_tag","embeddable":true,"href":"https:\/\/ztsports.com\/fr\/wp-json\/wp\/v2\/product_tag?post=23671"}],"curies":[{"name":"wp","href":"https:\/\/api.w.org\/{rel}","templated":true}]}}