{"id":23667,"date":"2021-09-23T02:55:50","date_gmt":"2021-09-23T02:55:50","guid":{"rendered":"https:\/\/ztsports.com\/?post_type=product&#038;p=23667"},"modified":"2026-03-12T12:29:56","modified_gmt":"2026-03-12T12:29:56","slug":"gold-jig-blade-stop-nagano-riser","status":"publish","type":"product","link":"https:\/\/ztsports.com\/fr\/store\/gold-jig-blade-stop-nagano-riser\/","title":{"rendered":"GOLD JIG BLADE STOP Nagano Riser"},"content":{"rendered":"<h1 id=\"tw-target-text\" class=\"tw-data-text tw-text-large tw-ta\" dir=\"ltr\" data-placeholder=\"Translation\"><span class=\"Y2IQFc\" lang=\"fr\">BUT\u00c9E DE LAME GOLD JIG<\/span><\/h1>\n<p class=\"tw-data-text tw-text-large tw-ta\" dir=\"ltr\" data-placeholder=\"Translation\">\n<span class=\"Y2IQFc\" lang=\"fr\">Les rehausseurs de but\u00e9e de lame GOLD JIG sont con\u00e7us pour le jig Nagano Gold. Pour ceux qui pr\u00e9f\u00e8rent abaisser les lames dans le jig, cela permet d\u2019avoir plus de lame visible et de surface de travail lors de l\u2019aff\u00fbtage. De plus, les jigs Nagano Gold sont livr\u00e9s automatiquement avec la but\u00e9e standard.<\/span>\n<\/p>\n<p class=\"tw-data-text tw-text-large tw-ta\" dir=\"ltr\" data-placeholder=\"Translation\">\n<span class=\"Y2IQFc\" lang=\"fr\"><strong>But\u00e9e de lame standard : 1\/4 \u2033<\/strong><\/span>\n<\/p>\n<p class=\"tw-data-text tw-text-large tw-ta\" dir=\"ltr\" data-placeholder=\"Translation\">\n<span class=\"Y2IQFc\" lang=\"fr\"><strong>Grande but\u00e9e de lame : 1\/2 &#8220;<\/strong><\/span>\n<\/p>\n<p class=\"tw-data-text tw-text-large tw-ta\" dir=\"ltr\" data-placeholder=\"Translation\">\n<span class=\"Y2IQFc\" lang=\"fr\">La but\u00e9e est offerte individuellement (18,00 $) ou en paquet de 4 (49,99 $).<\/span>\n<\/p>\n<p dir=\"ltr\" data-placeholder=\"Translation\">\nEnfin, retrouvez toutes nos <a href=\"https:\/\/ztsports.com\/product-category\/sharpening\/jigs\/\"><strong>pi\u00e8ces d\u2019aff\u00fbtage et jigs<\/strong><\/a> ici.<\/p>\n","protected":false},"excerpt":{"rendered":"<p>BUT\u00c9E DE LAME GOLD JIG Les rehausseurs de but\u00e9e de lame GOLD JIG sont con\u00e7us pour le jig Nagano Gold. Pour ceux qui pr\u00e9f\u00e8rent abaisser les lames dans le jig, cela permet d\u2019avoir plus de lame visible et de surface de travail lors de l\u2019aff\u00fbtage. De plus, les jigs Nagano Gold sont livr\u00e9s automatiquement avec [&hellip;]<\/p>\n","protected":false},"featured_media":23664,"comment_status":"open","ping_status":"closed","template":"","meta":{"_acf_changed":false,"_monsterinsights_skip_tracking":false,"_monsterinsights_sitenote_active":false,"_monsterinsights_sitenote_note":"","_monsterinsights_sitenote_category":0,"_uf_show_specific_survey":0,"_uf_disable_surveys":false,"site-sidebar-layout":"default","site-content-layout":"","ast-site-content-layout":"default","site-content-style":"default","site-sidebar-style":"default","ast-global-header-display":"","ast-banner-title-visibility":"","ast-main-header-display":"","ast-hfb-above-header-display":"","ast-hfb-below-header-display":"","ast-hfb-mobile-header-display":"","site-post-title":"","ast-breadcrumbs-content":"","ast-featured-img":"","footer-sml-layout":"","ast-disable-related-posts":"","theme-transparent-header-meta":"default","adv-header-id-meta":"","stick-header-meta":"","header-above-stick-meta":"","header-main-stick-meta":"","header-below-stick-meta":"","astra-migrate-meta-layouts":"set","ast-page-background-enabled":"default","ast-page-background-meta":{"desktop":{"background-color":"","background-image":"","background-repeat":"repeat","background-position":"center center","background-size":"auto","background-attachment":"scroll","background-type":"","background-media":"","overlay-type":"","overlay-color":"","overlay-opacity":"","overlay-gradient":""},"tablet":{"background-color":"","background-image":"","background-repeat":"repeat","background-position":"center center","background-size":"auto","background-attachment":"scroll","background-type":"","background-media":"","overlay-type":"","overlay-color":"","overlay-opacity":"","overlay-gradient":""},"mobile":{"background-color":"","background-image":"","background-repeat":"repeat","background-position":"center center","background-size":"auto","background-attachment":"scroll","background-type":"","background-media":"","overlay-type":"","overlay-color":"","overlay-opacity":"","overlay-gradient":""}},"ast-content-background-meta":{"desktop":{"background-color":"var(--ast-global-color-5)","background-image":"","background-repeat":"repeat","background-position":"center center","background-size":"auto","background-attachment":"scroll","background-type":"","background-media":"","overlay-type":"","overlay-color":"","overlay-opacity":"","overlay-gradient":""},"tablet":{"background-color":"var(--ast-global-color-5)","background-image":"","background-repeat":"repeat","background-position":"center center","background-size":"auto","background-attachment":"scroll","background-type":"","background-media":"","overlay-type":"","overlay-color":"","overlay-opacity":"","overlay-gradient":""},"mobile":{"background-color":"var(--ast-global-color-5)","background-image":"","background-repeat":"repeat","background-position":"center center","background-size":"auto","background-attachment":"scroll","background-type":"","background-media":"","overlay-type":"","overlay-color":"","overlay-opacity":"","overlay-gradient":""}}},"product_brand":[3326],"product_cat":[3455],"product_tag":[],"class_list":{"0":"post-23667","1":"product","2":"type-product","3":"status-publish","4":"has-post-thumbnail","6":"product_brand-nagano","7":"product_cat-accessories","8":"desktop-align-left","9":"tablet-align-left","10":"mobile-align-left","12":"first","13":"instock","14":"taxable","15":"shipping-taxable","16":"purchasable","17":"product-type-simple"},"acf":[],"_links":{"self":[{"href":"https:\/\/ztsports.com\/fr\/wp-json\/wp\/v2\/product\/23667","targetHints":{"allow":["GET"]}}],"collection":[{"href":"https:\/\/ztsports.com\/fr\/wp-json\/wp\/v2\/product"}],"about":[{"href":"https:\/\/ztsports.com\/fr\/wp-json\/wp\/v2\/types\/product"}],"replies":[{"embeddable":true,"href":"https:\/\/ztsports.com\/fr\/wp-json\/wp\/v2\/comments?post=23667"}],"version-history":[{"count":1,"href":"https:\/\/ztsports.com\/fr\/wp-json\/wp\/v2\/product\/23667\/revisions"}],"predecessor-version":[{"id":23668,"href":"https:\/\/ztsports.com\/fr\/wp-json\/wp\/v2\/product\/23667\/revisions\/23668"}],"wp:featuredmedia":[{"embeddable":true,"href":"https:\/\/ztsports.com\/fr\/wp-json\/wp\/v2\/media\/23664"}],"wp:attachment":[{"href":"https:\/\/ztsports.com\/fr\/wp-json\/wp\/v2\/media?parent=23667"}],"wp:term":[{"taxonomy":"product_brand","embeddable":true,"href":"https:\/\/ztsports.com\/fr\/wp-json\/wp\/v2\/product_brand?post=23667"},{"taxonomy":"product_cat","embeddable":true,"href":"https:\/\/ztsports.com\/fr\/wp-json\/wp\/v2\/product_cat?post=23667"},{"taxonomy":"product_tag","embeddable":true,"href":"https:\/\/ztsports.com\/fr\/wp-json\/wp\/v2\/product_tag?post=23667"}],"curies":[{"name":"wp","href":"https:\/\/api.w.org\/{rel}","templated":true}]}}