{"id":23662,"date":"2021-09-23T02:55:51","date_gmt":"2021-09-23T02:55:51","guid":{"rendered":"https:\/\/ztsports.com\/?post_type=product&#038;p=23662"},"modified":"2026-03-10T07:03:51","modified_gmt":"2026-03-10T07:03:51","slug":"maple-protect-iii-gloves-short-track","status":"publish","type":"product","link":"https:\/\/ztsports.com\/fr\/store\/maple-protect-iii-gloves-short-track\/","title":{"rendered":"MAPLE PROTECT III GLOVES Short Track"},"content":{"rendered":"<h1 class=\"tw-data-text tw-text-large tw-ta\" dir=\"ltr\" data-placeholder=\"Translation\"><span class=\"Y2IQFc\" lang=\"fr\"><strong>Gants Maple Protect III<\/strong><\/span><\/h1>\n<p class=\"tw-data-text tw-text-large tw-ta\" dir=\"ltr\" data-placeholder=\"Translation\">\n<span class=\"Y2IQFc\" lang=\"fr\"><strong>Les gants Maple Protect III<\/strong> sont fabriqu\u00e9s en Dyneema, le mat\u00e9riau r\u00e9sistant aux coupures le plus efficace sur le march\u00e9. Incroyablement l\u00e9gers et tr\u00e8s confortables, ils montent \u00e9galement haut sur le poignet pour une protection suppl\u00e9mentaire.<\/span>\n<\/p>\n<p>Enfin, d\u00e9couvrez tous nos <a href=\"https:\/\/ztsports.com\/product-category\/protection\/gloves\/\"><strong>gants de short track ici<\/strong><\/a>.<\/p>\n<h2 class=\"text-center\">Le secret Dyneema\u00ae des <span class=\"Y2IQFc\" lang=\"fr\"><strong>gants Maple Protect III<\/strong><\/span><\/h2>\n<p>La fibre de poly\u00e9thyl\u00e8ne \u00e0 ultra-haut poids mol\u00e9culaire (UHMWPE) ultra-r\u00e9sistante d\u2019Avient, commercialis\u00e9e sous la marque Dyneema\u00ae, offre une r\u00e9sistance maximale pour un poids minimal. Cela rend le nombre d\u2019applications possibles pratiquement illimit\u00e9.<\/p>\n<p>La fibre Dyneema\u00ae est produite gr\u00e2ce \u00e0 un proc\u00e9d\u00e9 brevet\u00e9 de filage par gel dans lequel les fibres sont \u00e9tir\u00e9es, chauff\u00e9es, allong\u00e9es puis refroidies. L\u2019\u00e9tirement et le filage entra\u00eenent un alignement mol\u00e9culaire, une cristallisation \u00e9lev\u00e9e et une faible densit\u00e9. Dyneema\u00ae poss\u00e8de des cha\u00eenes mol\u00e9culaires extr\u00eamement longues qui transf\u00e8rent la charge plus efficacement vers la structure du polym\u00e8re. Elle est donc plus r\u00e9sistante \u00e0 poids \u00e9gal ou plus l\u00e9g\u00e8re pour une r\u00e9sistance \u00e9quivalente que les alternatives.<\/p>\n<p>La fibre Dyneema\u00ae est 15 fois plus r\u00e9sistante que l\u2019acier \u00e0 poids \u00e9gal, avec une r\u00e9sistance \u00e0 la traction pouvant atteindre 43 cN\/dtex. En plus de sa r\u00e9sistance exceptionnelle, Dyneema\u00ae excelle en r\u00e9sistance aux coupures et \u00e0 l\u2019abrasion et offre \u00e9galement une grande r\u00e9sistance aux produits chimiques et aux UV. La fibre Dyneema\u00ae est si l\u00e9g\u00e8re qu\u2019elle flotte sur l\u2019eau et poss\u00e8de un module tr\u00e8s \u00e9lev\u00e9 (r\u00e9sistance \u00e0 la d\u00e9formation). Dyneema\u00ae est disponible dans une large gamme de titrages (\u00e9paisseur de fibre), de 50 \u00e0 6600 dtex, ce qui rend cette fibre adapt\u00e9e \u00e0 de nombreuses applications.<\/p>\n<div class=\"container aem-GridColumn aem-GridColumn--default--12\">\n<div>\n<div class=\"content-wrapper\">\n<div class=\"content\">\n<div class=\"responsivegrid\">\n<div class=\"aem-Grid aem-Grid--12 aem-Grid--default--12 \">\n<div class=\"text color-white aem-GridColumn aem-GridColumn--default--12\">\n<div class=\"cmp-text\">\n<h2 class=\"text-center\">3 raisons de choisir Dyneema\u00ae<\/h2>\n<ol>\n<li><strong>La fibre la plus r\u00e9sistante au monde<\/strong><\/li>\n<\/ol>\n<\/div>\n<\/div>\n<\/div>\n<\/div>\n<\/div>\n<\/div>\n<\/div>\n<\/div>\n<div class=\"container aem-GridColumn--default--none aem-GridColumn aem-GridColumn--offset--default--0 aem-GridColumn--default--4\">\n<div class=\"content-wrapper\">\n<div class=\"content\">\n<div class=\"responsivegrid\">\n<div class=\"aem-Grid aem-Grid--12 aem-Grid--default--12 \">\n<div class=\"text eq-height-box color-white aem-GridColumn aem-GridColumn--default--12\">\n<div class=\"cmp-text\">\n<h3 class=\"text-center\">Haute r\u00e9sistance<\/h3>\n<p class=\"text-center\">Jusqu\u2019\u00e0 15 fois plus r\u00e9sistante que l\u2019acier et jusqu\u2019\u00e0 40 % plus r\u00e9sistante que les fibres aramides (\u00e0 poids \u00e9gal)<\/p>\n<\/div>\n<\/div>\n<div class=\"button cmp-button--color-mid-blue aem-GridColumn--default--none aem-GridColumn aem-GridColumn--default--12\">\n<div class=\"cmp-button align-center\"><strong>2.<\/strong> <strong>La fibre la plus r\u00e9sistante au monde<\/strong><\/div>\n<\/div>\n<\/div>\n<\/div>\n<\/div>\n<\/div>\n<\/div>\n<\/div>\n<div class=\"container aem-GridColumn--default--none aem-GridColumn aem-GridColumn--offset--default--0 aem-GridColumn--default--4\">\n<div class=\"content-wrapper\">\n<div class=\"content\">\n<div class=\"responsivegrid\">\n<div class=\"aem-Grid aem-Grid--12 aem-Grid--default--12 \">\n<div class=\"text eq-height-box color-white aem-GridColumn aem-GridColumn--default--12\">\n<div class=\"cmp-text\">\n<h3 class=\"text-center\">L\u00e9ger<\/h3>\n<p class=\"text-center\">Si l\u00e9ger qu\u2019il flotte sur l\u2019eau<\/p>\n<p><strong>3. Durabilit\u00e9 infinie<\/strong><\/p>\n<p>Plus durable<\/p>\n<\/div>\n<\/div>\n<\/div>\n<\/div>\n<\/div>\n<\/div>\n<\/div>\n<div class=\"container aem-GridColumn--default--none aem-GridColumn aem-GridColumn--offset--default--0 aem-GridColumn--default--4\">\n<div class=\"content-wrapper\">\n<div class=\"content\">\n<div class=\"responsivegrid\">\n<div class=\"aem-Grid aem-Grid--12 aem-Grid--default--12 \">\n<div class=\"text eq-height-box color-white aem-GridColumn aem-GridColumn--default--12\">\n<div class=\"cmp-text\">\n<p class=\"text-center\">R\u00e9sistant \u00e0 l\u2019humidit\u00e9, aux UV et aux produits chimiques<\/p>\n<\/div>\n<\/div>\n<\/div>\n<\/div>\n<\/div>\n<\/div>\n<\/div>\n<p>En savoir plus sur DSM Dyneema <a href=\"https:\/\/www.dyneema.com\/our-products\/dyneema-fiber\" target=\"_blank\" rel=\"noopener\">ici&nbsp;!<\/a><\/p>\n","protected":false},"excerpt":{"rendered":"<p>Gants Maple Protect III Les gants Maple Protect III sont fabriqu\u00e9s en Dyneema, le mat\u00e9riau r\u00e9sistant aux coupures le plus efficace sur le march\u00e9. Incroyablement l\u00e9gers et tr\u00e8s confortables, ils montent \u00e9galement haut sur le poignet pour une protection suppl\u00e9mentaire. Enfin, d\u00e9couvrez tous nos gants de short track ici. Le secret Dyneema\u00ae des gants Maple [&hellip;]<\/p>\n","protected":false},"featured_media":23660,"comment_status":"open","ping_status":"closed","template":"","meta":{"_acf_changed":false,"_monsterinsights_skip_tracking":false,"_monsterinsights_sitenote_active":false,"_monsterinsights_sitenote_note":"","_monsterinsights_sitenote_category":0,"_uf_show_specific_survey":0,"_uf_disable_surveys":false,"site-sidebar-layout":"default","site-content-layout":"","ast-site-content-layout":"default","site-content-style":"default","site-sidebar-style":"default","ast-global-header-display":"","ast-banner-title-visibility":"","ast-main-header-display":"","ast-hfb-above-header-display":"","ast-hfb-below-header-display":"","ast-hfb-mobile-header-display":"","site-post-title":"","ast-breadcrumbs-content":"","ast-featured-img":"","footer-sml-layout":"","ast-disable-related-posts":"","theme-transparent-header-meta":"default","adv-header-id-meta":"","stick-header-meta":"","header-above-stick-meta":"","header-main-stick-meta":"","header-below-stick-meta":"","astra-migrate-meta-layouts":"set","ast-page-background-enabled":"default","ast-page-background-meta":{"desktop":{"background-color":"","background-image":"","background-repeat":"repeat","background-position":"center center","background-size":"auto","background-attachment":"scroll","background-type":"","background-media":"","overlay-type":"","overlay-color":"","overlay-opacity":"","overlay-gradient":""},"tablet":{"background-color":"","background-image":"","background-repeat":"repeat","background-position":"center center","background-size":"auto","background-attachment":"scroll","background-type":"","background-media":"","overlay-type":"","overlay-color":"","overlay-opacity":"","overlay-gradient":""},"mobile":{"background-color":"","background-image":"","background-repeat":"repeat","background-position":"center center","background-size":"auto","background-attachment":"scroll","background-type":"","background-media":"","overlay-type":"","overlay-color":"","overlay-opacity":"","overlay-gradient":""}},"ast-content-background-meta":{"desktop":{"background-color":"var(--ast-global-color-5)","background-image":"","background-repeat":"repeat","background-position":"center center","background-size":"auto","background-attachment":"scroll","background-type":"","background-media":"","overlay-type":"","overlay-color":"","overlay-opacity":"","overlay-gradient":""},"tablet":{"background-color":"var(--ast-global-color-5)","background-image":"","background-repeat":"repeat","background-position":"center center","background-size":"auto","background-attachment":"scroll","background-type":"","background-media":"","overlay-type":"","overlay-color":"","overlay-opacity":"","overlay-gradient":""},"mobile":{"background-color":"var(--ast-global-color-5)","background-image":"","background-repeat":"repeat","background-position":"center center","background-size":"auto","background-attachment":"scroll","background-type":"","background-media":"","overlay-type":"","overlay-color":"","overlay-opacity":"","overlay-gradient":""}}},"product_brand":[3318,3335],"product_cat":[3378],"product_tag":[3796,4562],"class_list":{"0":"post-23662","1":"product","2":"type-product","3":"status-publish","4":"has-post-thumbnail","6":"product_brand-maple","7":"product_brand-sebra","8":"product_cat-non-categorise","9":"product_tag-short-track","10":"product_tag-speed-skating","11":"desktop-align-left","12":"tablet-align-left","13":"mobile-align-left","15":"first","16":"instock","17":"taxable","18":"shipping-taxable","19":"purchasable","20":"product-type-simple"},"acf":[],"_links":{"self":[{"href":"https:\/\/ztsports.com\/fr\/wp-json\/wp\/v2\/product\/23662","targetHints":{"allow":["GET"]}}],"collection":[{"href":"https:\/\/ztsports.com\/fr\/wp-json\/wp\/v2\/product"}],"about":[{"href":"https:\/\/ztsports.com\/fr\/wp-json\/wp\/v2\/types\/product"}],"replies":[{"embeddable":true,"href":"https:\/\/ztsports.com\/fr\/wp-json\/wp\/v2\/comments?post=23662"}],"version-history":[{"count":1,"href":"https:\/\/ztsports.com\/fr\/wp-json\/wp\/v2\/product\/23662\/revisions"}],"predecessor-version":[{"id":23663,"href":"https:\/\/ztsports.com\/fr\/wp-json\/wp\/v2\/product\/23662\/revisions\/23663"}],"wp:featuredmedia":[{"embeddable":true,"href":"https:\/\/ztsports.com\/fr\/wp-json\/wp\/v2\/media\/23660"}],"wp:attachment":[{"href":"https:\/\/ztsports.com\/fr\/wp-json\/wp\/v2\/media?parent=23662"}],"wp:term":[{"taxonomy":"product_brand","embeddable":true,"href":"https:\/\/ztsports.com\/fr\/wp-json\/wp\/v2\/product_brand?post=23662"},{"taxonomy":"product_cat","embeddable":true,"href":"https:\/\/ztsports.com\/fr\/wp-json\/wp\/v2\/product_cat?post=23662"},{"taxonomy":"product_tag","embeddable":true,"href":"https:\/\/ztsports.com\/fr\/wp-json\/wp\/v2\/product_tag?post=23662"}],"curies":[{"name":"wp","href":"https:\/\/api.w.org\/{rel}","templated":true}]}}