{"id":23658,"date":"2021-09-23T02:55:52","date_gmt":"2021-09-23T02:55:52","guid":{"rendered":"https:\/\/ztsports.com\/?post_type=product&#038;p=23658"},"modified":"2026-03-10T07:02:49","modified_gmt":"2026-03-10T07:02:49","slug":"sebra-protect-iv-glove-short-track","status":"publish","type":"product","link":"https:\/\/ztsports.com\/fr\/store\/sebra-protect-iv-glove-short-track\/","title":{"rendered":"SEBRA PROTECT IV GLOVE Short Track"},"content":{"rendered":"<h3 dir=\"ltr\" data-placeholder=\"Translation\">GANT SEBRA PROTECT IV<\/h3>\n<p id=\"tw-target-text\" class=\"tw-data-text tw-text-large tw-ta\" dir=\"ltr\" data-placeholder=\"Translation\">\n<span class=\"Y2IQFc\" lang=\"fr\">Le GANT SEBRA PROTECT IV est un gant r\u00e9sistant aux coupures qui offre une protection compl\u00e8te de la main et du poignet contre les coupures. Affichez vos mains blanches avec les gants Sebra Protect IV.<\/span>\n<\/p>\n<h4 class=\"tw-data-text tw-text-large tw-ta\" dir=\"ltr\" data-placeholder=\"Translation\">\n<strong><span class=\"Y2IQFc\" lang=\"fr\">L\u00e9ger<\/span><\/strong><br \/>\n<\/h4>\n<p class=\"tw-data-text tw-text-large tw-ta\" dir=\"ltr\" data-placeholder=\"Translation\">\n<span class=\"Y2IQFc\" lang=\"fr\">Le meilleur de Sebra Sports et de DSM Dyneema\u00ae. Gant fin avec un ajustement parfait : \u2013 R\u00e9sistant aux coupures (niveau de coupe 3 indice EN388) \u2013<\/span>\n<\/p>\n<p>Gants Sebra Dyneema<\/p>\n<p>Le meilleur de Sebra Sports et de DSM Dyneema\u00ae.<\/p>\n<p>Gant parfait avec un excellent ajustement.<\/p>\n<p>\u2013 R\u00e9sistant aux coupures (niveau de coupe 3 indice EN388)<br \/>\n\u2013 Fabriqu\u00e9 \u00e0 partir de DSM DPE Dyneema\u00ae blanc<br \/>\n\u2013 Paume enduite<br \/>\n\u2013 Poignet allong\u00e9<br \/>\n\u2013 Disponible en tailles <strong><span class=\"Y2IQFc\" lang=\"fr\">XS &#8211; <\/span><\/strong><strong>L &#8211; <\/strong><strong>XL<\/strong><\/p>\n<p class=\"tw-data-text tw-text-large tw-ta\" dir=\"ltr\" data-placeholder=\"Translation\">\n<span class=\"Y2IQFc\" lang=\"fr\">Enfin, consultez tous nos <a href=\"https:\/\/ztsports.com\/product-category\/protection\/gloves\/\"><strong>gants de patinage de vitesse<\/strong><\/a> ici.<\/span>\n<\/p>\n<h2 class=\"text-center\">Le secret Dyneema\u00ae du GANT SEBRA PROTECT IV<\/h2>\n<p>La fibre de poly\u00e9thyl\u00e8ne \u00e0 ultra-haut poids mol\u00e9culaire (UHMWPE) ultra-r\u00e9sistante d\u2019Avient, commercialis\u00e9e sous la marque Dyneema\u00ae, offre une r\u00e9sistance maximale avec un poids minimal. Cela rend le nombre d\u2019applications possibles pratiquement illimit\u00e9.<\/p>\n<p>La fibre Dyneema\u00ae est produite gr\u00e2ce \u00e0 un proc\u00e9d\u00e9 brevet\u00e9 de filage par gel dans lequel les fibres sont \u00e9tir\u00e9es, chauff\u00e9es, allong\u00e9es et refroidies. L\u2019\u00e9tirement et le filage entra\u00eenent un alignement mol\u00e9culaire, une cristallisation \u00e9lev\u00e9e et une faible densit\u00e9. Dyneema\u00ae poss\u00e8de des cha\u00eenes mol\u00e9culaires extr\u00eamement longues qui transf\u00e8rent la charge plus efficacement vers la structure du polym\u00e8re. Elle est donc plus r\u00e9sistante \u00e0 poids \u00e9gal ou plus l\u00e9g\u00e8re pour une r\u00e9sistance \u00e9quivalente que les alternatives.<\/p>\n<p>La fibre Dyneema\u00ae est **15 fois plus r\u00e9sistante que l\u2019acier \u00e0 poids \u00e9gal**, avec une r\u00e9sistance \u00e0 la traction pouvant atteindre 43 cN\/dtex. En plus de sa r\u00e9sistance exceptionnelle, Dyneema\u00ae excelle en r\u00e9sistance aux coupures et \u00e0 l\u2019abrasion et offre \u00e9galement une grande r\u00e9sistance aux produits chimiques et aux UV. La fibre Dyneema\u00ae est si l\u00e9g\u00e8re qu\u2019elle flotte sur l\u2019eau et poss\u00e8de \u00e9galement un module tr\u00e8s \u00e9lev\u00e9 (r\u00e9sistance \u00e0 la d\u00e9formation). Dyneema\u00ae est disponible dans une large gamme de titrages (\u00e9paisseur de fibre), de 50 \u00e0 6600 dtex, ce qui la rend adapt\u00e9e \u00e0 de nombreuses applications.<\/p>\n<div class=\"container aem-GridColumn aem-GridColumn--default--12\">\n<div>\n<div class=\"content-wrapper\">\n<div class=\"content\">\n<div class=\"responsivegrid\">\n<div class=\"aem-Grid aem-Grid--12 aem-Grid--default--12 \">\n<div class=\"text color-white aem-GridColumn aem-GridColumn--default--12\">\n<div class=\"cmp-text\">\n<h2 class=\"text-center\">3 raisons de choisir Dyneema\u00ae<\/h2>\n<ol>\n<li><strong>La fibre la plus r\u00e9sistante au monde<\/strong><\/li>\n<\/ol>\n<\/div>\n<\/div>\n<\/div>\n<\/div>\n<\/div>\n<\/div>\n<\/div>\n<\/div>\n<div class=\"container aem-GridColumn--default--none aem-GridColumn aem-GridColumn--offset--default--0 aem-GridColumn--default--4\">\n<div class=\"content-wrapper\">\n<div class=\"content\">\n<div class=\"responsivegrid\">\n<div class=\"aem-Grid aem-Grid--12 aem-Grid--default--12 \">\n<div class=\"text eq-height-box color-white aem-GridColumn aem-GridColumn--default--12\">\n<div class=\"cmp-text\">\n<h3 class=\"text-center\">Haute r\u00e9sistance<\/h3>\n<p class=\"text-center\">Jusqu\u2019\u00e0 15 fois plus r\u00e9sistante que l\u2019acier et jusqu\u2019\u00e0 40 % plus r\u00e9sistante que les aramides (\u00e0 poids \u00e9gal)<\/p>\n<\/div>\n<\/div>\n<div class=\"button cmp-button--color-mid-blue aem-GridColumn--default--none aem-GridColumn aem-GridColumn--default--12\">\n<div class=\"cmp-button align-center\"> <strong>2.<\/strong> <strong>La fibre la plus r\u00e9sistante au monde<\/strong><\/div>\n<\/div>\n<\/div>\n<\/div>\n<\/div>\n<\/div>\n<\/div>\n<\/div>\n<div class=\"container aem-GridColumn--default--none aem-GridColumn aem-GridColumn--offset--default--0 aem-GridColumn--default--4\">\n<div class=\"content-wrapper\">\n<div class=\"content\">\n<div class=\"responsivegrid\">\n<div class=\"aem-Grid aem-Grid--12 aem-Grid--default--12 \">\n<div class=\"text eq-height-box color-white aem-GridColumn aem-GridColumn--default--12\">\n<div class=\"cmp-text\">\n<h3 class=\"text-center\">L\u00e9ger<\/h3>\n<p class=\"text-center\">Si l\u00e9ger qu\u2019il flotte sur l\u2019eau<\/p>\n<p><strong>3. Durabilit\u00e9 infinie<\/strong><\/p>\n<p>Plus durable<\/p>\n<\/div>\n<\/div>\n<\/div>\n<\/div>\n<\/div>\n<\/div>\n<\/div>\n<div class=\"container aem-GridColumn--default--none aem-GridColumn aem-GridColumn--offset--default--0 aem-GridColumn--default--4\">\n<div class=\"content-wrapper\">\n<div class=\"content\">\n<div class=\"responsivegrid\">\n<div class=\"aem-Grid aem-Grid--12 aem-Grid--default--12 \">\n<div class=\"text eq-height-box color-white aem-GridColumn aem-GridColumn--default--12\">\n<div class=\"cmp-text\">\n<p class=\"text-center\">R\u00e9sistant \u00e0 l\u2019humidit\u00e9, aux UV et aux produits chimiques<\/p>\n<\/div>\n<\/div>\n<\/div>\n<\/div>\n<\/div>\n<\/div>\n<\/div>\n<p>D\u00e9couvrez-en plus sur DSM Dyneema <a href=\"https:\/\/www.dyneema.com\/our-products\/dyneema-fiber\" target=\"_blank\" rel=\"noopener\">ici !<\/a><\/p>\n","protected":false},"excerpt":{"rendered":"<p>GANT SEBRA PROTECT IV Le GANT SEBRA PROTECT IV est un gant r\u00e9sistant aux coupures qui offre une protection compl\u00e8te de la main et du poignet contre les coupures. Affichez vos mains blanches avec les gants Sebra Protect IV. L\u00e9ger Le meilleur de Sebra Sports et de DSM Dyneema\u00ae. Gant fin avec un ajustement parfait [&hellip;]<\/p>\n","protected":false},"featured_media":23655,"comment_status":"open","ping_status":"closed","template":"","meta":{"_acf_changed":false,"_monsterinsights_skip_tracking":false,"_monsterinsights_sitenote_active":false,"_monsterinsights_sitenote_note":"","_monsterinsights_sitenote_category":0,"_uf_show_specific_survey":0,"_uf_disable_surveys":false,"site-sidebar-layout":"default","site-content-layout":"","ast-site-content-layout":"default","site-content-style":"default","site-sidebar-style":"default","ast-global-header-display":"","ast-banner-title-visibility":"","ast-main-header-display":"","ast-hfb-above-header-display":"","ast-hfb-below-header-display":"","ast-hfb-mobile-header-display":"","site-post-title":"","ast-breadcrumbs-content":"","ast-featured-img":"","footer-sml-layout":"","ast-disable-related-posts":"","theme-transparent-header-meta":"default","adv-header-id-meta":"","stick-header-meta":"","header-above-stick-meta":"","header-main-stick-meta":"","header-below-stick-meta":"","astra-migrate-meta-layouts":"set","ast-page-background-enabled":"default","ast-page-background-meta":{"desktop":{"background-color":"","background-image":"","background-repeat":"repeat","background-position":"center center","background-size":"auto","background-attachment":"scroll","background-type":"","background-media":"","overlay-type":"","overlay-color":"","overlay-opacity":"","overlay-gradient":""},"tablet":{"background-color":"","background-image":"","background-repeat":"repeat","background-position":"center center","background-size":"auto","background-attachment":"scroll","background-type":"","background-media":"","overlay-type":"","overlay-color":"","overlay-opacity":"","overlay-gradient":""},"mobile":{"background-color":"","background-image":"","background-repeat":"repeat","background-position":"center center","background-size":"auto","background-attachment":"scroll","background-type":"","background-media":"","overlay-type":"","overlay-color":"","overlay-opacity":"","overlay-gradient":""}},"ast-content-background-meta":{"desktop":{"background-color":"var(--ast-global-color-5)","background-image":"","background-repeat":"repeat","background-position":"center center","background-size":"auto","background-attachment":"scroll","background-type":"","background-media":"","overlay-type":"","overlay-color":"","overlay-opacity":"","overlay-gradient":""},"tablet":{"background-color":"var(--ast-global-color-5)","background-image":"","background-repeat":"repeat","background-position":"center center","background-size":"auto","background-attachment":"scroll","background-type":"","background-media":"","overlay-type":"","overlay-color":"","overlay-opacity":"","overlay-gradient":""},"mobile":{"background-color":"var(--ast-global-color-5)","background-image":"","background-repeat":"repeat","background-position":"center center","background-size":"auto","background-attachment":"scroll","background-type":"","background-media":"","overlay-type":"","overlay-color":"","overlay-opacity":"","overlay-gradient":""}}},"product_brand":[3335],"product_cat":[3378],"product_tag":[3796],"class_list":{"0":"post-23658","1":"product","2":"type-product","3":"status-publish","4":"has-post-thumbnail","6":"product_brand-sebra","7":"product_cat-non-categorise","8":"product_tag-short-track","9":"desktop-align-left","10":"tablet-align-left","11":"mobile-align-left","13":"first","14":"instock","15":"sale","16":"taxable","17":"shipping-taxable","18":"purchasable","19":"product-type-simple"},"acf":[],"_links":{"self":[{"href":"https:\/\/ztsports.com\/fr\/wp-json\/wp\/v2\/product\/23658","targetHints":{"allow":["GET"]}}],"collection":[{"href":"https:\/\/ztsports.com\/fr\/wp-json\/wp\/v2\/product"}],"about":[{"href":"https:\/\/ztsports.com\/fr\/wp-json\/wp\/v2\/types\/product"}],"replies":[{"embeddable":true,"href":"https:\/\/ztsports.com\/fr\/wp-json\/wp\/v2\/comments?post=23658"}],"version-history":[{"count":1,"href":"https:\/\/ztsports.com\/fr\/wp-json\/wp\/v2\/product\/23658\/revisions"}],"predecessor-version":[{"id":23659,"href":"https:\/\/ztsports.com\/fr\/wp-json\/wp\/v2\/product\/23658\/revisions\/23659"}],"wp:featuredmedia":[{"embeddable":true,"href":"https:\/\/ztsports.com\/fr\/wp-json\/wp\/v2\/media\/23655"}],"wp:attachment":[{"href":"https:\/\/ztsports.com\/fr\/wp-json\/wp\/v2\/media?parent=23658"}],"wp:term":[{"taxonomy":"product_brand","embeddable":true,"href":"https:\/\/ztsports.com\/fr\/wp-json\/wp\/v2\/product_brand?post=23658"},{"taxonomy":"product_cat","embeddable":true,"href":"https:\/\/ztsports.com\/fr\/wp-json\/wp\/v2\/product_cat?post=23658"},{"taxonomy":"product_tag","embeddable":true,"href":"https:\/\/ztsports.com\/fr\/wp-json\/wp\/v2\/product_tag?post=23658"}],"curies":[{"name":"wp","href":"https:\/\/api.w.org\/{rel}","templated":true}]}}