{"id":23653,"date":"2021-09-23T02:55:54","date_gmt":"2021-09-23T02:55:54","guid":{"rendered":"https:\/\/ztsports.com\/?post_type=product&#038;p=23653"},"modified":"2026-03-10T07:01:38","modified_gmt":"2026-03-10T07:01:38","slug":"bont-carbon-tips-for-short-track-gloves","status":"publish","type":"product","link":"https:\/\/ztsports.com\/fr\/store\/bont-carbon-tips-for-short-track-gloves\/","title":{"rendered":"BONT CARBON TIPS for Short Track Gloves"},"content":{"rendered":"<h1 class=\"tw-data-text tw-text-large tw-ta\" dir=\"ltr\" data-placeholder=\"Translation\" data-rm-block-id=\"block-1\"><span class=\"Y2IQFc\" lang=\"fr\">POINTES CARBONE BONT<\/span><\/h1>\n<p class=\"tw-data-text tw-text-large tw-ta\" dir=\"ltr\" data-placeholder=\"Translation\" data-rm-block-id=\"block-2\"><span class=\"Y2IQFc\" lang=\"fr\">Les POINTES CARBONE BONT sont extr\u00eamement l\u00e9g\u00e8res et r\u00e9sistantes \u00e0 la casse. Ensemble de 5 pointes en carbone Bont vous aidant \u00e0 pivoter autour de l\u2019apex sans aucune tra\u00een\u00e9e.<\/span><\/p>\n<p class=\"tw-data-text tw-text-large tw-ta\" dir=\"ltr\" data-placeholder=\"Translation\" data-rm-block-id=\"block-3\"><span class=\"Y2IQFc\" lang=\"fr\"><strong>De plus, toutes nos pointes pour Short Track sont VENDUES AVEC LA COLLE INCLUSE.<\/strong><\/span><\/p>\n<div>\n<div class=\"dnXCYb\" tabindex=\"0\" role=\"button\" aria-controls=\"_t6-uZKD1JPeAqtsPyd6pyAo_33\" aria-expanded=\"true\" data-hveid=\"CDkQAQ\">\n<h4 class=\"JlqpRe\" data-rm-block-id=\"block-4\"><span class=\"JCzEY ZwRhJd\"><span class=\"CSkcDe\">Comment installer des pointes sur des gants de patinage de vitesse ?<\/span><\/span><\/h4>\n<\/div>\n<\/div>\n<div id=\"_t6-uZKD1JPeAqtsPyd6pyAo_33\" class=\"bCOlv\" data-ved=\"2ahUKEwjgrO2FqImAAxV3gGoFHUlvCqkQ7NUEegQIORAE\">\n<div class=\"IZE3Td\">\n<div class=\"t0bRye r2fjmd\" data-hveid=\"CDkQBQ\" data-ved=\"2ahUKEwjgrO2FqImAAxV3gGoFHUlvCqkQu04oAHoECDkQBQ\">\n<div id=\"t6-uZKD1JPeAqtsPyd6pyAo__50\">\n<div class=\"wDYxhc\" data-md=\"83\">\n<div class=\"di3YZe\">\n<div class=\"co8aDb\" role=\"heading\" aria-level=\"3\" data-rm-block-id=\"block-5\"><b>Instructions de collage<\/b><\/div>\n<div class=\"RqBzHd\">\n<ol class=\"X5LH0c\">\n<li data-rm-block-id=\"block-6\">Commencez avec des <strong>gants propres et secs<\/strong>.<\/li>\n<li class=\"TrT0Xe\" data-rm-block-id=\"block-7\">Il y a 5 ou 7 pointes dans l\u2019emballage, de tailles diff\u00e9rentes. Choisissez les cinq pointes qui correspondent le mieux \u00e0 la taille de vos doigts. Associez les pointes de protection \u00e0 votre gant.<\/li>\n<li class=\"TrT0Xe\" data-rm-block-id=\"block-8\">Appliquez de la colle autour du bord puis une petite goutte au centre de la pointe. Appliquez sur des gants propres et secs. Pressez fermement sur le gant avec la main \u00e0 l\u2019int\u00e9rieur du gant.<\/li>\n<li class=\"TrT0Xe\" data-rm-block-id=\"block-9\">Attendez au minimum 30 minutes avant utilisation.<\/li>\n<\/ol>\n<h4 data-rm-block-id=\"block-10\">Voir notre s\u00e9lection de gants <a href=\"https:\/\/ztsports.com\/product-category\/protection\/gloves\/\">ici.<\/a><\/h4>\n<p data-rm-block-id=\"block-11\">Enfin, voici une vid\u00e9o de <a href=\"https:\/\/olympics.com\/en\/video\/special-skates-and-gloves-for-short-track-speed-skaters\" target=\"_blank\" rel=\"noopener\"><strong>patineurs olympiques pivotant avec leurs Quick Tips<\/strong><\/a>.<\/p>\n<\/div>\n<\/div>\n<\/div>\n<\/div>\n<\/div>\n<\/div>\n<\/div>\n<pre id=\"tw-target-text\" class=\"tw-data-text tw-text-large tw-ta\" dir=\"ltr\" data-placeholder=\"Translation\" data-rm-block-id=\"block-12\"><span class=\"Y2IQFc\" lang=\"fr\"><strong>Enfin, d\u00e9couvrez les nombreuses couleurs et types de <a href=\"https:\/\/ztsports.com\/product-category\/protection\/quick-tips\/\">Quick Tips<\/a> ici.<\/strong><\/span><\/pre>\n","protected":false},"excerpt":{"rendered":"<p>POINTES CARBONE BONT Les POINTES CARBONE BONT sont extr\u00eamement l\u00e9g\u00e8res et r\u00e9sistantes \u00e0 la casse. Ensemble de 5 pointes en carbone Bont vous aidant \u00e0 pivoter autour de l\u2019apex sans aucune tra\u00een\u00e9e. De plus, toutes nos pointes pour Short Track sont VENDUES AVEC LA COLLE INCLUSE. Comment installer des pointes sur des gants de patinage [&hellip;]<\/p>\n","protected":false},"featured_media":23651,"comment_status":"open","ping_status":"closed","template":"","meta":{"_acf_changed":false,"_monsterinsights_skip_tracking":false,"_monsterinsights_sitenote_active":false,"_monsterinsights_sitenote_note":"","_monsterinsights_sitenote_category":0,"_uf_show_specific_survey":0,"_uf_disable_surveys":false,"site-sidebar-layout":"default","site-content-layout":"","ast-site-content-layout":"default","site-content-style":"default","site-sidebar-style":"default","ast-global-header-display":"","ast-banner-title-visibility":"","ast-main-header-display":"","ast-hfb-above-header-display":"","ast-hfb-below-header-display":"","ast-hfb-mobile-header-display":"","site-post-title":"","ast-breadcrumbs-content":"","ast-featured-img":"","footer-sml-layout":"","ast-disable-related-posts":"","theme-transparent-header-meta":"default","adv-header-id-meta":"","stick-header-meta":"","header-above-stick-meta":"","header-main-stick-meta":"","header-below-stick-meta":"","astra-migrate-meta-layouts":"set","ast-page-background-enabled":"default","ast-page-background-meta":{"desktop":{"background-color":"","background-image":"","background-repeat":"repeat","background-position":"center center","background-size":"auto","background-attachment":"scroll","background-type":"","background-media":"","overlay-type":"","overlay-color":"","overlay-opacity":"","overlay-gradient":""},"tablet":{"background-color":"","background-image":"","background-repeat":"repeat","background-position":"center center","background-size":"auto","background-attachment":"scroll","background-type":"","background-media":"","overlay-type":"","overlay-color":"","overlay-opacity":"","overlay-gradient":""},"mobile":{"background-color":"","background-image":"","background-repeat":"repeat","background-position":"center center","background-size":"auto","background-attachment":"scroll","background-type":"","background-media":"","overlay-type":"","overlay-color":"","overlay-opacity":"","overlay-gradient":""}},"ast-content-background-meta":{"desktop":{"background-color":"var(--ast-global-color-5)","background-image":"","background-repeat":"repeat","background-position":"center center","background-size":"auto","background-attachment":"scroll","background-type":"","background-media":"","overlay-type":"","overlay-color":"","overlay-opacity":"","overlay-gradient":""},"tablet":{"background-color":"var(--ast-global-color-5)","background-image":"","background-repeat":"repeat","background-position":"center center","background-size":"auto","background-attachment":"scroll","background-type":"","background-media":"","overlay-type":"","overlay-color":"","overlay-opacity":"","overlay-gradient":""},"mobile":{"background-color":"var(--ast-global-color-5)","background-image":"","background-repeat":"repeat","background-position":"center center","background-size":"auto","background-attachment":"scroll","background-type":"","background-media":"","overlay-type":"","overlay-color":"","overlay-opacity":"","overlay-gradient":""}}},"product_brand":[3285,3332],"product_cat":[3378],"product_tag":[],"class_list":{"0":"post-23653","1":"product","2":"type-product","3":"status-publish","4":"has-post-thumbnail","6":"product_brand-bont","7":"product_brand-quick-tips","8":"product_cat-non-categorise","9":"desktop-align-left","10":"tablet-align-left","11":"mobile-align-left","13":"first","14":"instock","15":"taxable","16":"shipping-taxable","17":"purchasable","18":"product-type-simple"},"acf":[],"_links":{"self":[{"href":"https:\/\/ztsports.com\/fr\/wp-json\/wp\/v2\/product\/23653","targetHints":{"allow":["GET"]}}],"collection":[{"href":"https:\/\/ztsports.com\/fr\/wp-json\/wp\/v2\/product"}],"about":[{"href":"https:\/\/ztsports.com\/fr\/wp-json\/wp\/v2\/types\/product"}],"replies":[{"embeddable":true,"href":"https:\/\/ztsports.com\/fr\/wp-json\/wp\/v2\/comments?post=23653"}],"version-history":[{"count":1,"href":"https:\/\/ztsports.com\/fr\/wp-json\/wp\/v2\/product\/23653\/revisions"}],"predecessor-version":[{"id":23654,"href":"https:\/\/ztsports.com\/fr\/wp-json\/wp\/v2\/product\/23653\/revisions\/23654"}],"wp:featuredmedia":[{"embeddable":true,"href":"https:\/\/ztsports.com\/fr\/wp-json\/wp\/v2\/media\/23651"}],"wp:attachment":[{"href":"https:\/\/ztsports.com\/fr\/wp-json\/wp\/v2\/media?parent=23653"}],"wp:term":[{"taxonomy":"product_brand","embeddable":true,"href":"https:\/\/ztsports.com\/fr\/wp-json\/wp\/v2\/product_brand?post=23653"},{"taxonomy":"product_cat","embeddable":true,"href":"https:\/\/ztsports.com\/fr\/wp-json\/wp\/v2\/product_cat?post=23653"},{"taxonomy":"product_tag","embeddable":true,"href":"https:\/\/ztsports.com\/fr\/wp-json\/wp\/v2\/product_tag?post=23653"}],"curies":[{"name":"wp","href":"https:\/\/api.w.org\/{rel}","templated":true}]}}