{"id":23649,"date":"2021-09-23T02:57:06","date_gmt":"2021-09-23T02:57:06","guid":{"rendered":"https:\/\/ztsports.com\/?post_type=product&#038;p=23649"},"modified":"2026-03-24T00:01:18","modified_gmt":"2026-03-24T00:01:18","slug":"apogee-dynamix-gloves-short-track","status":"publish","type":"product","link":"https:\/\/ztsports.com\/fr\/store\/apogee-dynamix-gloves-short-track\/","title":{"rendered":"Apogee Dynamix Gloves Short Track"},"content":{"rendered":"<h1>Gants Apogee Dynamix pour Short Track<\/h1>\n<p>Gants Apogee Dynamix Short Track <strong>niveau de coupe 5<\/strong> avec protection imperm\u00e9able en nitrile vinyle. De plus, ils poss\u00e8dent une conception ergonomique.<\/p>\n<p>Les gants avec une certification <b>EN 388<\/b> sont test\u00e9s par des organismes tiers et \u00e9valu\u00e9s pour leur r\u00e9sistance \u00e0 l\u2019abrasion, \u00e0 la coupure, \u00e0 la d\u00e9chirure et \u00e0 la perforation. La r\u00e9sistance \u00e0 la coupure est class\u00e9e de 1 \u00e0 5, tandis que les autres performances physiques sont class\u00e9es de 1 \u00e0 4. Jusqu\u2019\u00e0 pr\u00e9sent, la norme EN 388 utilisait uniquement le \u00ab Coup Test \u00bb pour tester la r\u00e9sistance \u00e0 la coupure.<\/p>\n<p>Enfin, d\u00e9couvrez tous nos <a href=\"https:\/\/ztsports.com\/product-category\/protection\/gloves\/\"><strong>gants de patinage de vitesse<\/strong><\/a> ici.<\/p>\n<div class=\"gmail_default\">\n<div class=\"gmail_default\">Les mesures en millim\u00e8tres indiqu\u00e9es correspondent \u00e0 la distance entre le bout du majeur et l\u2019extr\u00e9mit\u00e9 du poignet du gant.<\/div>\n<div class=\"gmail_default\">\nM \u2013 240mm \u00e0 249mm<br \/>\nL \u2013 250mm \u00e0 259mm\n<\/div>\n<div><\/div>\n<\/div>\n","protected":false},"excerpt":{"rendered":"<p>Gants Apogee Dynamix pour Short Track Gants Apogee Dynamix Short Track niveau de coupe 5 avec protection imperm\u00e9able en nitrile vinyle. De plus, ils poss\u00e8dent une conception ergonomique. Les gants avec une certification EN 388 sont test\u00e9s par des organismes tiers et \u00e9valu\u00e9s pour leur r\u00e9sistance \u00e0 l\u2019abrasion, \u00e0 la coupure, \u00e0 la d\u00e9chirure et [&hellip;]<\/p>\n","protected":false},"featured_media":23647,"comment_status":"open","ping_status":"closed","template":"","meta":{"_acf_changed":false,"_monsterinsights_skip_tracking":false,"_monsterinsights_sitenote_active":false,"_monsterinsights_sitenote_note":"","_monsterinsights_sitenote_category":0,"_uf_show_specific_survey":0,"_uf_disable_surveys":false,"site-sidebar-layout":"default","site-content-layout":"","ast-site-content-layout":"default","site-content-style":"default","site-sidebar-style":"default","ast-global-header-display":"","ast-banner-title-visibility":"","ast-main-header-display":"","ast-hfb-above-header-display":"","ast-hfb-below-header-display":"","ast-hfb-mobile-header-display":"","site-post-title":"","ast-breadcrumbs-content":"","ast-featured-img":"","footer-sml-layout":"","ast-disable-related-posts":"","theme-transparent-header-meta":"default","adv-header-id-meta":"","stick-header-meta":"","header-above-stick-meta":"","header-main-stick-meta":"","header-below-stick-meta":"","astra-migrate-meta-layouts":"set","ast-page-background-enabled":"default","ast-page-background-meta":{"desktop":{"background-color":"","background-image":"","background-repeat":"repeat","background-position":"center center","background-size":"auto","background-attachment":"scroll","background-type":"","background-media":"","overlay-type":"","overlay-color":"","overlay-opacity":"","overlay-gradient":""},"tablet":{"background-color":"","background-image":"","background-repeat":"repeat","background-position":"center center","background-size":"auto","background-attachment":"scroll","background-type":"","background-media":"","overlay-type":"","overlay-color":"","overlay-opacity":"","overlay-gradient":""},"mobile":{"background-color":"","background-image":"","background-repeat":"repeat","background-position":"center center","background-size":"auto","background-attachment":"scroll","background-type":"","background-media":"","overlay-type":"","overlay-color":"","overlay-opacity":"","overlay-gradient":""}},"ast-content-background-meta":{"desktop":{"background-color":"var(--ast-global-color-5)","background-image":"","background-repeat":"repeat","background-position":"center center","background-size":"auto","background-attachment":"scroll","background-type":"","background-media":"","overlay-type":"","overlay-color":"","overlay-opacity":"","overlay-gradient":""},"tablet":{"background-color":"var(--ast-global-color-5)","background-image":"","background-repeat":"repeat","background-position":"center center","background-size":"auto","background-attachment":"scroll","background-type":"","background-media":"","overlay-type":"","overlay-color":"","overlay-opacity":"","overlay-gradient":""},"mobile":{"background-color":"var(--ast-global-color-5)","background-image":"","background-repeat":"repeat","background-position":"center center","background-size":"auto","background-attachment":"scroll","background-type":"","background-media":"","overlay-type":"","overlay-color":"","overlay-opacity":"","overlay-gradient":""}}},"product_brand":[3275],"product_cat":[3378],"product_tag":[3796,4562],"class_list":{"0":"post-23649","1":"product","2":"type-product","3":"status-publish","4":"has-post-thumbnail","6":"product_brand-apogee","7":"product_cat-non-categorise","8":"product_tag-short-track","9":"product_tag-speed-skating","10":"desktop-align-left","11":"tablet-align-left","12":"mobile-align-left","14":"first","15":"instock","16":"sale","17":"taxable","18":"shipping-taxable","19":"purchasable","20":"product-type-simple"},"acf":[],"_links":{"self":[{"href":"https:\/\/ztsports.com\/fr\/wp-json\/wp\/v2\/product\/23649","targetHints":{"allow":["GET"]}}],"collection":[{"href":"https:\/\/ztsports.com\/fr\/wp-json\/wp\/v2\/product"}],"about":[{"href":"https:\/\/ztsports.com\/fr\/wp-json\/wp\/v2\/types\/product"}],"replies":[{"embeddable":true,"href":"https:\/\/ztsports.com\/fr\/wp-json\/wp\/v2\/comments?post=23649"}],"version-history":[{"count":1,"href":"https:\/\/ztsports.com\/fr\/wp-json\/wp\/v2\/product\/23649\/revisions"}],"predecessor-version":[{"id":23650,"href":"https:\/\/ztsports.com\/fr\/wp-json\/wp\/v2\/product\/23649\/revisions\/23650"}],"wp:featuredmedia":[{"embeddable":true,"href":"https:\/\/ztsports.com\/fr\/wp-json\/wp\/v2\/media\/23647"}],"wp:attachment":[{"href":"https:\/\/ztsports.com\/fr\/wp-json\/wp\/v2\/media?parent=23649"}],"wp:term":[{"taxonomy":"product_brand","embeddable":true,"href":"https:\/\/ztsports.com\/fr\/wp-json\/wp\/v2\/product_brand?post=23649"},{"taxonomy":"product_cat","embeddable":true,"href":"https:\/\/ztsports.com\/fr\/wp-json\/wp\/v2\/product_cat?post=23649"},{"taxonomy":"product_tag","embeddable":true,"href":"https:\/\/ztsports.com\/fr\/wp-json\/wp\/v2\/product_tag?post=23649"}],"curies":[{"name":"wp","href":"https:\/\/api.w.org\/{rel}","templated":true}]}}