{"id":23645,"date":"2021-09-23T02:57:06","date_gmt":"2021-09-23T02:57:06","guid":{"rendered":"https:\/\/ztsports.com\/?post_type=product&#038;p=23645"},"modified":"2026-03-12T12:29:00","modified_gmt":"2026-03-12T12:29:00","slug":"ezeefit-inline-gloves-with-sliding-plate","status":"publish","type":"product","link":"https:\/\/ztsports.com\/fr\/store\/ezeefit-inline-gloves-with-sliding-plate\/","title":{"rendered":"eZeefit Inline Gloves with Sliding Plate"},"content":{"rendered":"<h1 class=\"tw-data-text tw-text-large tw-ta\" dir=\"ltr\" data-placeholder=\"Translation\"><span class=\"Y2IQFc\" lang=\"fr\">Gants Inline eZeefit <\/span>Protection pour le patinage de vitesse<\/h1>\n<p class=\"tw-data-text tw-text-large tw-ta\" dir=\"ltr\" data-placeholder=\"Translation\"><span class=\"Y2IQFc\" lang=\"fr\">Les gants Inline eZeefit sont fabriqu\u00e9s en lycra extensible confortable avec une paume antid\u00e9rapante. Ils comprennent \u00e9galement une plaque de glisse amovible, une lingette anti-transpiration et une fermeture Velcro. De plus, ils sont faciles \u00e0 retirer gr\u00e2ce \u00e0 des boucles pratiques pour les doigts.<\/span><\/p>\n<p style=\"text-align: justify;\">Les <span class=\"Y2IQFc\" lang=\"fr\">gants Inline eZeefit sont tr\u00e8s confortables gr\u00e2ce \u00e0 leur lycra extensible et leur paume antid\u00e9rapante.<\/span> Plaque de glisse amovible, lingette en tissu \u00e9ponge pour la transpiration et fermeture Velcro. Faciles \u00e0 enlever gr\u00e2ce \u00e0 des boucles pratiques pour les doigts.<\/p>\n<p style=\"text-align: justify;\">X-Small, Small, Medium, Large et X-Large.<\/p>\n<div class=\"marque\" style=\"text-align: justify;\">Achetez les gants Inline eZeefit<a href=\"https:\/\/ztsports.com\/fr\/\"> <\/a> en ligne chez <a href=\"https:\/\/ztsports.com\/fr\/\"><strong>la boutique d\u2019\u00e9quipement de patinage de vitesse n\u00b01 au Canada.<\/strong><\/a><\/div>\n<div>\n<p style=\"text-align: justify;\">D\u00e9couvrez les gants Inline eZeefit \u2013 l\u2019accessoire parfait pour tous vos besoins en patinage \u00e0 roues align\u00e9es ! Fabriqu\u00e9s \u00e0 partir d\u2019un mat\u00e9riau en lycra extensible confortable, ces gants disposent d\u2019une paume antid\u00e9rapante qui vous gardera en s\u00e9curit\u00e9 pendant vos sorties en patins.<\/p>\n<h4 style=\"text-align: justify;\"><strong>Gants Inline EzeeFit<\/strong><\/h4>\n<p style=\"text-align: justify;\">Les gants sont \u00e9galement \u00e9quip\u00e9s d\u2019une plaque de glisse amovible, d\u2019une lingette en tissu \u00e9ponge pour la transpiration et d\u2019une fermeture Velcro pour un enfilage et un retrait faciles. Les boucles pour les doigts sont con\u00e7ues pour plus de commodit\u00e9, facilitant le retrait des gants.<\/p>\n<h4 style=\"text-align: justify;\">Disponibles en cinq tailles diff\u00e9rentes \u2013 X-Small \u00e0 X-Large.<\/h4>\n<h4 style=\"text-align: justify;\">Ces gants sont parfaitement adapt\u00e9s \u00e0 tout patineur de vitesse en ligne.<\/h4>\n<h4 style=\"text-align: justify;\"><strong>Gants Inline EzeeFit<\/strong><\/h4>\n<p style=\"text-align: justify;\">Mais ce n\u2019est pas seulement la fonctionnalit\u00e9 de ces gants qui les distingue. La marque <a href=\"https:\/\/ztsports.com\/brand\/ezeefit\/\"><strong>Ezeefit<\/strong><\/a> se consacre \u00e0 la cr\u00e9ation de produits haut de gamme, durables et de grande qualit\u00e9. Elle comprend l\u2019importance d\u2019investir dans des produits premium, surtout lorsqu\u2019il s\u2019agit d\u2019\u00e9quipements de s\u00e9curit\u00e9.<\/p>\n<p style=\"text-align: justify;\">Donc, si vous recherchez une paire de gants fiable et durable pour vos activit\u00e9s de patinage en ligne, ne cherchez pas plus loin que les gants Inline eZeefit. Gr\u00e2ce \u00e0 leur mat\u00e9riau en lycra extensible confortable et leur paume antid\u00e9rapante, ces gants vous offriront s\u00e9curit\u00e9 et stabilit\u00e9.<\/p>\n<p><strong>Pourquoi acheter des gants inline dans notre boutique en ligne ?<\/strong><\/p>\n<p style=\"text-align: justify;\">Lorsqu\u2019il s\u2019agit de prot\u00e9ger vos mains pendant le patinage en ligne, les gants Inline eZeefit sont un accessoire indispensable, et notre boutique en ligne est l\u2019endroit id\u00e9al pour les acheter.<\/p>\n<ul style=\"text-align: justify;\">\n<li><strong>Mat\u00e9riau de haute qualit\u00e9 :<\/strong> Nos gants Inline eZeefit sont fabriqu\u00e9s en lycra extensible confortable qui garantit un ajustement parfait et une grande durabilit\u00e9, ce qui en fait un excellent investissement.<\/li>\n<li><strong>Paume antid\u00e9rapante :<\/strong> Les gants disposent d\u2019une paume antid\u00e9rapante qui vous maintient en s\u00e9curit\u00e9 lorsque vous patinez.<\/li>\n<li><strong>Plaque de glisse amovible :<\/strong> Les gants sont \u00e9quip\u00e9s d\u2019une plaque de glisse amovible qui vous prot\u00e8ge en cas de chute.<\/li>\n<li><strong>Lingette en tissu \u00e9ponge et fermeture Velcro :<\/strong> Les gants comprennent \u00e9galement une lingette en tissu \u00e9ponge pour garder vos mains s\u00e8ches et une fermeture Velcro pour un enfilage et un retrait faciles.<\/li>\n<li><strong>Faciles \u00e0 utiliser :<\/strong> Les gants sont con\u00e7us pour \u00eatre simples et pratiques, vous permettant de les mettre et de les retirer rapidement.<\/li>\n<li><strong>Livraison rapide :<\/strong> Nous proposons une livraison rapide sur toutes les commandes.<\/li>\n<li><strong>Achat en ligne s\u00e9curis\u00e9 :<\/strong> Nous offrons une exp\u00e9rience d\u2019achat en ligne s\u00e9curis\u00e9e afin de prot\u00e9ger la confidentialit\u00e9 de vos informations personnelles et financi\u00e8res.<\/li>\n<\/ul>\n<p style=\"text-align: justify;\">Avec toutes les caract\u00e9ristiques impressionnantes mentionn\u00e9es ci-dessus, ces gants sont con\u00e7us pour vous offrir un confort maximal.<\/p>\n<p><strong>X-Small &#8211; X-Large<\/strong><\/p>\n<p>Enfin, d\u00e9couvrez tous les <a href=\"https:\/\/ztsports.com\/brand\/ezeefit\/\"><strong>produits Ezeefit<\/strong><\/a> ici.<\/p>\n<\/div>\n","protected":false},"excerpt":{"rendered":"<p>Gants Inline eZeefit Protection pour le patinage de vitesse Les gants Inline eZeefit sont fabriqu\u00e9s en lycra extensible confortable avec une paume antid\u00e9rapante. Ils comprennent \u00e9galement une plaque de glisse amovible, une lingette anti-transpiration et une fermeture Velcro. De plus, ils sont faciles \u00e0 retirer gr\u00e2ce \u00e0 des boucles pratiques pour les doigts. Les gants [&hellip;]<\/p>\n","protected":false},"featured_media":23640,"comment_status":"open","ping_status":"closed","template":"","meta":{"_acf_changed":false,"_monsterinsights_skip_tracking":false,"_monsterinsights_sitenote_active":false,"_monsterinsights_sitenote_note":"","_monsterinsights_sitenote_category":0,"_uf_show_specific_survey":0,"_uf_disable_surveys":false,"site-sidebar-layout":"default","site-content-layout":"","ast-site-content-layout":"default","site-content-style":"default","site-sidebar-style":"default","ast-global-header-display":"","ast-banner-title-visibility":"","ast-main-header-display":"","ast-hfb-above-header-display":"","ast-hfb-below-header-display":"","ast-hfb-mobile-header-display":"","site-post-title":"","ast-breadcrumbs-content":"","ast-featured-img":"","footer-sml-layout":"","ast-disable-related-posts":"","theme-transparent-header-meta":"default","adv-header-id-meta":"","stick-header-meta":"","header-above-stick-meta":"","header-main-stick-meta":"","header-below-stick-meta":"","astra-migrate-meta-layouts":"set","ast-page-background-enabled":"default","ast-page-background-meta":{"desktop":{"background-color":"","background-image":"","background-repeat":"repeat","background-position":"center center","background-size":"auto","background-attachment":"scroll","background-type":"","background-media":"","overlay-type":"","overlay-color":"","overlay-opacity":"","overlay-gradient":""},"tablet":{"background-color":"","background-image":"","background-repeat":"repeat","background-position":"center center","background-size":"auto","background-attachment":"scroll","background-type":"","background-media":"","overlay-type":"","overlay-color":"","overlay-opacity":"","overlay-gradient":""},"mobile":{"background-color":"","background-image":"","background-repeat":"repeat","background-position":"center center","background-size":"auto","background-attachment":"scroll","background-type":"","background-media":"","overlay-type":"","overlay-color":"","overlay-opacity":"","overlay-gradient":""}},"ast-content-background-meta":{"desktop":{"background-color":"var(--ast-global-color-5)","background-image":"","background-repeat":"repeat","background-position":"center center","background-size":"auto","background-attachment":"scroll","background-type":"","background-media":"","overlay-type":"","overlay-color":"","overlay-opacity":"","overlay-gradient":""},"tablet":{"background-color":"var(--ast-global-color-5)","background-image":"","background-repeat":"repeat","background-position":"center center","background-size":"auto","background-attachment":"scroll","background-type":"","background-media":"","overlay-type":"","overlay-color":"","overlay-opacity":"","overlay-gradient":""},"mobile":{"background-color":"var(--ast-global-color-5)","background-image":"","background-repeat":"repeat","background-position":"center center","background-size":"auto","background-attachment":"scroll","background-type":"","background-media":"","overlay-type":"","overlay-color":"","overlay-opacity":"","overlay-gradient":""}}},"product_brand":[3298],"product_cat":[4565,3381],"product_tag":[],"class_list":{"0":"post-23645","1":"product","2":"type-product","3":"status-publish","4":"has-post-thumbnail","6":"product_brand-ezeefit","7":"product_cat-accessoires","8":"product_cat-patinage-de-vitesse-en-ligne","9":"desktop-align-left","10":"tablet-align-left","11":"mobile-align-left","13":"first","14":"instock","15":"taxable","16":"shipping-taxable","17":"purchasable","18":"product-type-simple"},"acf":[],"_links":{"self":[{"href":"https:\/\/ztsports.com\/fr\/wp-json\/wp\/v2\/product\/23645","targetHints":{"allow":["GET"]}}],"collection":[{"href":"https:\/\/ztsports.com\/fr\/wp-json\/wp\/v2\/product"}],"about":[{"href":"https:\/\/ztsports.com\/fr\/wp-json\/wp\/v2\/types\/product"}],"replies":[{"embeddable":true,"href":"https:\/\/ztsports.com\/fr\/wp-json\/wp\/v2\/comments?post=23645"}],"version-history":[{"count":2,"href":"https:\/\/ztsports.com\/fr\/wp-json\/wp\/v2\/product\/23645\/revisions"}],"predecessor-version":[{"id":24580,"href":"https:\/\/ztsports.com\/fr\/wp-json\/wp\/v2\/product\/23645\/revisions\/24580"}],"wp:featuredmedia":[{"embeddable":true,"href":"https:\/\/ztsports.com\/fr\/wp-json\/wp\/v2\/media\/23640"}],"wp:attachment":[{"href":"https:\/\/ztsports.com\/fr\/wp-json\/wp\/v2\/media?parent=23645"}],"wp:term":[{"taxonomy":"product_brand","embeddable":true,"href":"https:\/\/ztsports.com\/fr\/wp-json\/wp\/v2\/product_brand?post=23645"},{"taxonomy":"product_cat","embeddable":true,"href":"https:\/\/ztsports.com\/fr\/wp-json\/wp\/v2\/product_cat?post=23645"},{"taxonomy":"product_tag","embeddable":true,"href":"https:\/\/ztsports.com\/fr\/wp-json\/wp\/v2\/product_tag?post=23645"}],"curies":[{"name":"wp","href":"https:\/\/api.w.org\/{rel}","templated":true}]}}