{"id":23638,"date":"2021-09-23T02:59:43","date_gmt":"2021-09-23T02:59:43","guid":{"rendered":"https:\/\/ztsports.com\/?post_type=product&#038;p=23638"},"modified":"2026-03-10T06:59:00","modified_gmt":"2026-03-10T06:59:00","slug":"bont-patriot-carbon-short-track-boot-2","status":"publish","type":"product","link":"https:\/\/ztsports.com\/fr\/store\/bont-patriot-carbon-short-track-boot-2\/","title":{"rendered":"BONT PATRIOT CARBON SHORT TRACK BOOT"},"content":{"rendered":"<h1 id=\"tw-target-text\" class=\"tw-data-text tw-text-large tw-ta\" dir=\"ltr\" data-placeholder=\"Translation\"><span class=\"Y2IQFc\" lang=\"fr\"><strong>BOTTES DE SHORT TRACK BONT PATRIOT CARBON<\/strong><\/span><\/h1>\n<p>Les bottes de short track Bont Patriot Carbon <span class=\"Y2IQFc\" lang=\"fr\">sont des bottes qui devraient co\u00fbter plus de 1000 $. De plus, tout comme les bottes plus co\u00fbteuses, elles sont fabriqu\u00e9es avec de la fibre de carbone pos\u00e9e \u00e0 la main, puis avec le syst\u00e8me unique de pression \u00ab pressure wrap \u00bb de Bont. Ce syst\u00e8me \u00e9limine plus de r\u00e9sine exc\u00e9dentaire que toute autre technique de stratification du carbone. De plus, la partie sup\u00e9rieure de la botte est fabriqu\u00e9e \u00e0 partir de mat\u00e9riaux composites. Coque en fibre de carbone. Bottes id\u00e9ales pour les patineurs de niveau interm\u00e9diaire.<\/span><\/p>\n<p class=\"tw-data-text tw-text-large tw-ta\" dir=\"ltr\" data-placeholder=\"Translation\"><span class=\"Y2IQFc\" lang=\"fr\">BOTTES DE SHORT TRACK BONT PATRIOT CARBON. Les patineurs de short track se sentent indestructibles. C\u2019est une attitude qui leur permet de repousser toutes les limites. Voici la Patriot. Regardez de pr\u00e8s et \u00e9coutez bien.<\/span> <span class=\"Y2IQFc\" lang=\"fr\">Il n\u2019est pas difficile de retrouver notre riche tradition de lignes \u00e9pur\u00e9es et d\u2019attitude audacieuse dans notre dernier mod\u00e8le de short track. Nous sommes une marque qui continue de refuser la pens\u00e9e conventionnelle tout en poussant nos propres designs classiques encore plus loin \u00e0 chaque fois.<\/span><\/p>\n<p class=\"tw-data-text tw-text-large tw-ta\" dir=\"ltr\" data-placeholder=\"Translation\"><span class=\"Y2IQFc\" lang=\"fr\">BOTTES DE SHORT TRACK BONT PATRIOT CARBON. Les patineurs de short track se sentent indestructibles. C\u2019est une attitude qui leur permet de repousser toutes les limites. Voici la Patriot. Regardez de pr\u00e8s et \u00e9coutez bien.<\/span><\/p>\n<h5 class=\"tw-data-text tw-text-large tw-ta\" dir=\"ltr\" data-placeholder=\"Translation\"><span class=\"Y2IQFc\" lang=\"fr\">Il n\u2019est pas difficile de retrouver notre riche tradition de lignes \u00e9pur\u00e9es et d\u2019attitude audacieuse dans notre dernier mod\u00e8le de short track. Nous sommes une marque qui continue de refuser la pens\u00e9e conventionnelle tout en poussant nos propres designs classiques encore plus loin \u00e0 chaque fois.<\/span><\/h5>\n<h5 class=\"tw-data-text tw-text-large tw-ta\" dir=\"ltr\" data-placeholder=\"Translation\"> Maintenant la vid\u00e9o sur <a href=\"https:\/\/www.youtube.com\/watch?v=2AfKfzVSCWk\" target=\"_blank\" rel=\"noopener\"><strong>le thermoformage de vos bottes Bont.<\/strong><\/a><\/h5>\n<p dir=\"ltr\" data-placeholder=\"Translation\">Enfin, vous pouvez trouver toutes nos <a href=\"\/?product_cat=speed-skating-boots\"><strong>bottes de short track ici.<\/strong><\/a><\/p>\n","protected":false},"excerpt":{"rendered":"<p>BOTTES DE SHORT TRACK BONT PATRIOT CARBON Les bottes de short track Bont Patriot Carbon sont des bottes qui devraient co\u00fbter plus de 1000 $. De plus, tout comme les bottes plus co\u00fbteuses, elles sont fabriqu\u00e9es avec de la fibre de carbone pos\u00e9e \u00e0 la main, puis avec le syst\u00e8me unique de pression \u00ab pressure [&hellip;]<\/p>\n","protected":false},"featured_media":23637,"comment_status":"open","ping_status":"closed","template":"","meta":{"_acf_changed":false,"_monsterinsights_skip_tracking":false,"_monsterinsights_sitenote_active":false,"_monsterinsights_sitenote_note":"","_monsterinsights_sitenote_category":0,"_uf_show_specific_survey":0,"_uf_disable_surveys":false,"site-sidebar-layout":"default","site-content-layout":"","ast-site-content-layout":"default","site-content-style":"default","site-sidebar-style":"default","ast-global-header-display":"","ast-banner-title-visibility":"","ast-main-header-display":"","ast-hfb-above-header-display":"","ast-hfb-below-header-display":"","ast-hfb-mobile-header-display":"","site-post-title":"","ast-breadcrumbs-content":"","ast-featured-img":"","footer-sml-layout":"","ast-disable-related-posts":"","theme-transparent-header-meta":"default","adv-header-id-meta":"","stick-header-meta":"","header-above-stick-meta":"","header-main-stick-meta":"","header-below-stick-meta":"","astra-migrate-meta-layouts":"set","ast-page-background-enabled":"default","ast-page-background-meta":{"desktop":{"background-color":"","background-image":"","background-repeat":"repeat","background-position":"center center","background-size":"auto","background-attachment":"scroll","background-type":"","background-media":"","overlay-type":"","overlay-color":"","overlay-opacity":"","overlay-gradient":""},"tablet":{"background-color":"","background-image":"","background-repeat":"repeat","background-position":"center center","background-size":"auto","background-attachment":"scroll","background-type":"","background-media":"","overlay-type":"","overlay-color":"","overlay-opacity":"","overlay-gradient":""},"mobile":{"background-color":"","background-image":"","background-repeat":"repeat","background-position":"center center","background-size":"auto","background-attachment":"scroll","background-type":"","background-media":"","overlay-type":"","overlay-color":"","overlay-opacity":"","overlay-gradient":""}},"ast-content-background-meta":{"desktop":{"background-color":"var(--ast-global-color-5)","background-image":"","background-repeat":"repeat","background-position":"center center","background-size":"auto","background-attachment":"scroll","background-type":"","background-media":"","overlay-type":"","overlay-color":"","overlay-opacity":"","overlay-gradient":""},"tablet":{"background-color":"var(--ast-global-color-5)","background-image":"","background-repeat":"repeat","background-position":"center center","background-size":"auto","background-attachment":"scroll","background-type":"","background-media":"","overlay-type":"","overlay-color":"","overlay-opacity":"","overlay-gradient":""},"mobile":{"background-color":"var(--ast-global-color-5)","background-image":"","background-repeat":"repeat","background-position":"center center","background-size":"auto","background-attachment":"scroll","background-type":"","background-media":"","overlay-type":"","overlay-color":"","overlay-opacity":"","overlay-gradient":""}}},"product_brand":[3285],"product_cat":[3378],"product_tag":[3796,4562],"class_list":{"0":"post-23638","1":"product","2":"type-product","3":"status-publish","4":"has-post-thumbnail","6":"product_brand-bont","7":"product_cat-non-categorise","8":"product_tag-short-track","9":"product_tag-speed-skating","10":"desktop-align-left","11":"tablet-align-left","12":"mobile-align-left","14":"first","15":"instock","16":"taxable","17":"shipping-taxable","18":"purchasable","19":"product-type-simple"},"acf":[],"_links":{"self":[{"href":"https:\/\/ztsports.com\/fr\/wp-json\/wp\/v2\/product\/23638","targetHints":{"allow":["GET"]}}],"collection":[{"href":"https:\/\/ztsports.com\/fr\/wp-json\/wp\/v2\/product"}],"about":[{"href":"https:\/\/ztsports.com\/fr\/wp-json\/wp\/v2\/types\/product"}],"replies":[{"embeddable":true,"href":"https:\/\/ztsports.com\/fr\/wp-json\/wp\/v2\/comments?post=23638"}],"version-history":[{"count":1,"href":"https:\/\/ztsports.com\/fr\/wp-json\/wp\/v2\/product\/23638\/revisions"}],"predecessor-version":[{"id":23639,"href":"https:\/\/ztsports.com\/fr\/wp-json\/wp\/v2\/product\/23638\/revisions\/23639"}],"wp:featuredmedia":[{"embeddable":true,"href":"https:\/\/ztsports.com\/fr\/wp-json\/wp\/v2\/media\/23637"}],"wp:attachment":[{"href":"https:\/\/ztsports.com\/fr\/wp-json\/wp\/v2\/media?parent=23638"}],"wp:term":[{"taxonomy":"product_brand","embeddable":true,"href":"https:\/\/ztsports.com\/fr\/wp-json\/wp\/v2\/product_brand?post=23638"},{"taxonomy":"product_cat","embeddable":true,"href":"https:\/\/ztsports.com\/fr\/wp-json\/wp\/v2\/product_cat?post=23638"},{"taxonomy":"product_tag","embeddable":true,"href":"https:\/\/ztsports.com\/fr\/wp-json\/wp\/v2\/product_tag?post=23638"}],"curies":[{"name":"wp","href":"https:\/\/api.w.org\/{rel}","templated":true}]}}