{"id":23628,"date":"2021-09-23T02:59:45","date_gmt":"2021-09-23T02:59:45","guid":{"rendered":"https:\/\/ztsports.com\/?post_type=product&#038;p=23628"},"modified":"2026-03-09T10:06:54","modified_gmt":"2026-03-09T10:06:54","slug":"garneau-thermax-ii-boot-covers","status":"publish","type":"product","link":"https:\/\/ztsports.com\/fr\/store\/garneau-thermax-ii-boot-covers\/","title":{"rendered":"GARNEAU THERMAX II BOOT COVERS"},"content":{"rendered":"<h2>COUVRE-CHAUSSURES GARNEAU THERMAX II<\/h2>\n<p>Les couvre-chaussures Garneau Thermax II conviennent aussi bien aux chaussures de patinage de vitesse qu\u2019aux chaussures de cyclisme. Leur n\u00e9opr\u00e8ne \u00e9lastique et la sangle velcro sous le pied garantissent un maintien parfait. Ils prot\u00e8gent contre le froid, le vent, l\u2019eau et la neige, gardant vos pieds et vos patins au chaud et au sec pour vous permettre de vous entra\u00eener ou de participer \u00e0 des courses pendant des heures. Un couvre-chaussures haut de gamme qui vous laisse \u00e0 l\u2019abri du froid tandis que d\u2019autres grelottent.<\/p>\n<p>Vid\u00e9o : <strong><a href=\"https:\/\/www.youtube.com\/watch?v=SvcaIPT9bSI\" style=\"color:#0000ff;\" target=\"_blank\" rel=\"noopener\">Shoe Covers vs Winter Boots | Comment habiller vos pieds pour l\u2019hiver<\/a><\/strong><\/p>\n<p>Enfin, d\u00e9couvrez tous nos <a href=\"https:\/\/ztsports.com\/product-category\/long-track\/boot-covers\/\"><strong>couvre-chaussures<\/strong><\/a> ici.<\/p>\n","protected":false},"excerpt":{"rendered":"<p>COUVRE-CHAUSSURES GARNEAU THERMAX II Les couvre-chaussures Garneau Thermax II conviennent aussi bien aux chaussures de patinage de vitesse qu\u2019aux chaussures de cyclisme. Leur n\u00e9opr\u00e8ne \u00e9lastique et la sangle velcro sous le pied garantissent un maintien parfait. Ils prot\u00e8gent contre le froid, le vent, l\u2019eau et la neige, gardant vos pieds et vos patins au chaud [&hellip;]<\/p>\n","protected":false},"featured_media":23624,"comment_status":"open","ping_status":"closed","template":"","meta":{"_acf_changed":false,"_monsterinsights_skip_tracking":false,"_monsterinsights_sitenote_active":false,"_monsterinsights_sitenote_note":"","_monsterinsights_sitenote_category":0,"_uf_show_specific_survey":0,"_uf_disable_surveys":false,"site-sidebar-layout":"default","site-content-layout":"","ast-site-content-layout":"default","site-content-style":"default","site-sidebar-style":"default","ast-global-header-display":"","ast-banner-title-visibility":"","ast-main-header-display":"","ast-hfb-above-header-display":"","ast-hfb-below-header-display":"","ast-hfb-mobile-header-display":"","site-post-title":"","ast-breadcrumbs-content":"","ast-featured-img":"","footer-sml-layout":"","ast-disable-related-posts":"","theme-transparent-header-meta":"default","adv-header-id-meta":"","stick-header-meta":"","header-above-stick-meta":"","header-main-stick-meta":"","header-below-stick-meta":"","astra-migrate-meta-layouts":"set","ast-page-background-enabled":"default","ast-page-background-meta":{"desktop":{"background-color":"","background-image":"","background-repeat":"repeat","background-position":"center center","background-size":"auto","background-attachment":"scroll","background-type":"","background-media":"","overlay-type":"","overlay-color":"","overlay-opacity":"","overlay-gradient":""},"tablet":{"background-color":"","background-image":"","background-repeat":"repeat","background-position":"center center","background-size":"auto","background-attachment":"scroll","background-type":"","background-media":"","overlay-type":"","overlay-color":"","overlay-opacity":"","overlay-gradient":""},"mobile":{"background-color":"","background-image":"","background-repeat":"repeat","background-position":"center center","background-size":"auto","background-attachment":"scroll","background-type":"","background-media":"","overlay-type":"","overlay-color":"","overlay-opacity":"","overlay-gradient":""}},"ast-content-background-meta":{"desktop":{"background-color":"var(--ast-global-color-5)","background-image":"","background-repeat":"repeat","background-position":"center center","background-size":"auto","background-attachment":"scroll","background-type":"","background-media":"","overlay-type":"","overlay-color":"","overlay-opacity":"","overlay-gradient":""},"tablet":{"background-color":"var(--ast-global-color-5)","background-image":"","background-repeat":"repeat","background-position":"center center","background-size":"auto","background-attachment":"scroll","background-type":"","background-media":"","overlay-type":"","overlay-color":"","overlay-opacity":"","overlay-gradient":""},"mobile":{"background-color":"var(--ast-global-color-5)","background-image":"","background-repeat":"repeat","background-position":"center center","background-size":"auto","background-attachment":"scroll","background-type":"","background-media":"","overlay-type":"","overlay-color":"","overlay-opacity":"","overlay-gradient":""}}},"product_brand":[3302],"product_cat":[3378],"product_tag":[],"class_list":{"0":"post-23628","1":"product","2":"type-product","3":"status-publish","4":"has-post-thumbnail","6":"product_brand-garneau","7":"product_cat-non-categorise","8":"desktop-align-left","9":"tablet-align-left","10":"mobile-align-left","12":"first","13":"instock","14":"taxable","15":"shipping-taxable","16":"purchasable","17":"product-type-simple"},"acf":[],"_links":{"self":[{"href":"https:\/\/ztsports.com\/fr\/wp-json\/wp\/v2\/product\/23628","targetHints":{"allow":["GET"]}}],"collection":[{"href":"https:\/\/ztsports.com\/fr\/wp-json\/wp\/v2\/product"}],"about":[{"href":"https:\/\/ztsports.com\/fr\/wp-json\/wp\/v2\/types\/product"}],"replies":[{"embeddable":true,"href":"https:\/\/ztsports.com\/fr\/wp-json\/wp\/v2\/comments?post=23628"}],"version-history":[{"count":1,"href":"https:\/\/ztsports.com\/fr\/wp-json\/wp\/v2\/product\/23628\/revisions"}],"predecessor-version":[{"id":23629,"href":"https:\/\/ztsports.com\/fr\/wp-json\/wp\/v2\/product\/23628\/revisions\/23629"}],"wp:featuredmedia":[{"embeddable":true,"href":"https:\/\/ztsports.com\/fr\/wp-json\/wp\/v2\/media\/23624"}],"wp:attachment":[{"href":"https:\/\/ztsports.com\/fr\/wp-json\/wp\/v2\/media?parent=23628"}],"wp:term":[{"taxonomy":"product_brand","embeddable":true,"href":"https:\/\/ztsports.com\/fr\/wp-json\/wp\/v2\/product_brand?post=23628"},{"taxonomy":"product_cat","embeddable":true,"href":"https:\/\/ztsports.com\/fr\/wp-json\/wp\/v2\/product_cat?post=23628"},{"taxonomy":"product_tag","embeddable":true,"href":"https:\/\/ztsports.com\/fr\/wp-json\/wp\/v2\/product_tag?post=23628"}],"curies":[{"name":"wp","href":"https:\/\/api.w.org\/{rel}","templated":true}]}}