{"id":23622,"date":"2021-09-23T03:00:53","date_gmt":"2021-09-23T03:00:53","guid":{"rendered":"https:\/\/ztsports.com\/?post_type=product&#038;p=23622"},"modified":"2026-03-09T10:05:06","modified_gmt":"2026-03-09T10:05:06","slug":"viking-neoprene-boot-covers-long-track","status":"publish","type":"product","link":"https:\/\/ztsports.com\/fr\/store\/viking-neoprene-boot-covers-long-track\/","title":{"rendered":"VIKING NEOPRENE BOOT COVERS Long Track"},"content":{"rendered":"<h1><span class=\"Y2IQFc\" lang=\"fr\">COUVRE-CHAUSSURES VIKING EN N\u00c9OPR\u00c8NE<\/span><\/h1>\n<p class=\"tw-data-text tw-text-large tw-ta\" dir=\"ltr\"><span class=\"Y2IQFc\" lang=\"fr\">Les couvre-chaussures Viking en n\u00e9opr\u00e8ne aident \u00e0 garder vos pieds au chaud pour patiner plus longtemps. Un excellent outil d\u2019entra\u00eenement lors des froides soir\u00e9es d\u2019hiver. Ces couvre-chaussures complets sont en n\u00e9opr\u00e8ne thermique de poids moyen, gardant vos pieds au chaud et au sec. La bande velcro permet au couvre-chaussures de rester bien en place.<\/span><\/p>\n<p class=\"tw-data-text tw-text-large tw-ta\" dir=\"ltr\"><span class=\"Y2IQFc\" lang=\"fr\">Protection couvrant la chaussure et la cheville pour les conditions froides en ext\u00e9rieur.<\/span><\/p>\n<p dir=\"ltr\">Restez au chaud avec les couvre-chaussures Viking en n\u00e9opr\u00e8ne ! Ils prot\u00e8gent vos pieds contre les temp\u00e9ratures les plus froides, vous permettant de patiner confortablement, disponibles de la taille Small \u00e0 XL.<\/p>\n<p>Sur-chaussures en n\u00e9opr\u00e8ne avec couche d\u00e9perlante. Pour des pieds chauds et secs lors du patinage par temps froid ou mauvais.<\/p>\n<p><em>Couleur : noir<\/em><br \/>\n<em>S = 35\/37<\/em><br \/>\n<em>M = 37\/39<\/em><br \/>\n<em>L = 40\/42<\/em><br \/>\n<em>XL = 43\/45<\/em><br \/>\n<em>XXL = 46\/48<\/em><\/p>\n<p dir=\"ltr\">Enfin, d\u00e9couvrez tous nos <a href=\"https:\/\/ztsports.com\/product-category\/long-track\/boot-covers\/\"><strong>couvre-chaussures ici<\/strong><\/a>.<\/p>\n","protected":false},"excerpt":{"rendered":"<p>COUVRE-CHAUSSURES VIKING EN N\u00c9OPR\u00c8NE Les couvre-chaussures Viking en n\u00e9opr\u00e8ne aident \u00e0 garder vos pieds au chaud pour patiner plus longtemps. Un excellent outil d\u2019entra\u00eenement lors des froides soir\u00e9es d\u2019hiver. Ces couvre-chaussures complets sont en n\u00e9opr\u00e8ne thermique de poids moyen, gardant vos pieds au chaud et au sec. La bande velcro permet au couvre-chaussures de rester [&hellip;]<\/p>\n","protected":false},"featured_media":23619,"comment_status":"open","ping_status":"closed","template":"","meta":{"_acf_changed":false,"_monsterinsights_skip_tracking":false,"_monsterinsights_sitenote_active":false,"_monsterinsights_sitenote_note":"","_monsterinsights_sitenote_category":0,"_uf_show_specific_survey":0,"_uf_disable_surveys":false,"site-sidebar-layout":"default","site-content-layout":"","ast-site-content-layout":"default","site-content-style":"default","site-sidebar-style":"default","ast-global-header-display":"","ast-banner-title-visibility":"","ast-main-header-display":"","ast-hfb-above-header-display":"","ast-hfb-below-header-display":"","ast-hfb-mobile-header-display":"","site-post-title":"","ast-breadcrumbs-content":"","ast-featured-img":"","footer-sml-layout":"","ast-disable-related-posts":"","theme-transparent-header-meta":"default","adv-header-id-meta":"","stick-header-meta":"","header-above-stick-meta":"","header-main-stick-meta":"","header-below-stick-meta":"","astra-migrate-meta-layouts":"set","ast-page-background-enabled":"default","ast-page-background-meta":{"desktop":{"background-color":"","background-image":"","background-repeat":"repeat","background-position":"center center","background-size":"auto","background-attachment":"scroll","background-type":"","background-media":"","overlay-type":"","overlay-color":"","overlay-opacity":"","overlay-gradient":""},"tablet":{"background-color":"","background-image":"","background-repeat":"repeat","background-position":"center center","background-size":"auto","background-attachment":"scroll","background-type":"","background-media":"","overlay-type":"","overlay-color":"","overlay-opacity":"","overlay-gradient":""},"mobile":{"background-color":"","background-image":"","background-repeat":"repeat","background-position":"center center","background-size":"auto","background-attachment":"scroll","background-type":"","background-media":"","overlay-type":"","overlay-color":"","overlay-opacity":"","overlay-gradient":""}},"ast-content-background-meta":{"desktop":{"background-color":"var(--ast-global-color-5)","background-image":"","background-repeat":"repeat","background-position":"center center","background-size":"auto","background-attachment":"scroll","background-type":"","background-media":"","overlay-type":"","overlay-color":"","overlay-opacity":"","overlay-gradient":""},"tablet":{"background-color":"var(--ast-global-color-5)","background-image":"","background-repeat":"repeat","background-position":"center center","background-size":"auto","background-attachment":"scroll","background-type":"","background-media":"","overlay-type":"","overlay-color":"","overlay-opacity":"","overlay-gradient":""},"mobile":{"background-color":"var(--ast-global-color-5)","background-image":"","background-repeat":"repeat","background-position":"center center","background-size":"auto","background-attachment":"scroll","background-type":"","background-media":"","overlay-type":"","overlay-color":"","overlay-opacity":"","overlay-gradient":""}}},"product_brand":[3356],"product_cat":[3378],"product_tag":[3768],"class_list":{"0":"post-23622","1":"product","2":"type-product","3":"status-publish","4":"has-post-thumbnail","6":"product_brand-viking","7":"product_cat-non-categorise","8":"product_tag-viking","9":"desktop-align-left","10":"tablet-align-left","11":"mobile-align-left","13":"first","14":"instock","15":"featured","16":"taxable","17":"shipping-taxable","18":"purchasable","19":"product-type-simple"},"acf":[],"_links":{"self":[{"href":"https:\/\/ztsports.com\/fr\/wp-json\/wp\/v2\/product\/23622","targetHints":{"allow":["GET"]}}],"collection":[{"href":"https:\/\/ztsports.com\/fr\/wp-json\/wp\/v2\/product"}],"about":[{"href":"https:\/\/ztsports.com\/fr\/wp-json\/wp\/v2\/types\/product"}],"replies":[{"embeddable":true,"href":"https:\/\/ztsports.com\/fr\/wp-json\/wp\/v2\/comments?post=23622"}],"version-history":[{"count":1,"href":"https:\/\/ztsports.com\/fr\/wp-json\/wp\/v2\/product\/23622\/revisions"}],"predecessor-version":[{"id":23623,"href":"https:\/\/ztsports.com\/fr\/wp-json\/wp\/v2\/product\/23622\/revisions\/23623"}],"wp:featuredmedia":[{"embeddable":true,"href":"https:\/\/ztsports.com\/fr\/wp-json\/wp\/v2\/media\/23619"}],"wp:attachment":[{"href":"https:\/\/ztsports.com\/fr\/wp-json\/wp\/v2\/media?parent=23622"}],"wp:term":[{"taxonomy":"product_brand","embeddable":true,"href":"https:\/\/ztsports.com\/fr\/wp-json\/wp\/v2\/product_brand?post=23622"},{"taxonomy":"product_cat","embeddable":true,"href":"https:\/\/ztsports.com\/fr\/wp-json\/wp\/v2\/product_cat?post=23622"},{"taxonomy":"product_tag","embeddable":true,"href":"https:\/\/ztsports.com\/fr\/wp-json\/wp\/v2\/product_tag?post=23622"}],"curies":[{"name":"wp","href":"https:\/\/api.w.org\/{rel}","templated":true}]}}