{"id":23606,"date":"2021-09-23T03:00:55","date_gmt":"2021-09-23T03:00:55","guid":{"rendered":"https:\/\/ztsports.com\/?post_type=product&#038;p=23606"},"modified":"2026-03-09T10:02:06","modified_gmt":"2026-03-09T10:02:06","slug":"burr-doctor-dmt-made-in-the-usa","status":"publish","type":"product","link":"https:\/\/ztsports.com\/fr\/store\/burr-doctor-dmt-made-in-the-usa\/","title":{"rendered":"BURR DOCTOR DMT MADE IN THE USA"},"content":{"rendered":"<h1 class=\"tw-data-text tw-text-large tw-ta\" dir=\"ltr\"><span class=\"Y2IQFc\" lang=\"fr\">BURR DOCTOR DMT Fabriqu\u00e9 aux USA<\/span><\/h1>\n<p><span class=\"Y2IQFc\" lang=\"fr\">Le Burr Doctor DMT est parfait pour les \u00ab retouches \u00bb sur les patins. La pierre Diamond Burr Stone\u2122 offre un r\u00e9glage de 0\u00b0 \u00e0 5,5\u00b0. Le diamant grossier (45 microns \/ 325 mesh) restaure rapidement un tranchant n\u00e9glig\u00e9. Aucun huile salissante n\u2019est n\u00e9cessaire \u2013 utilisez \u00e0 sec ou avec un peu d\u2019eau. Sa construction durable garantit des ann\u00e9es de performance constante et un service fiable. Pour un entretien optimal des outils, menuisiers, chefs et autres professionnels comptent sur la qualit\u00e9 sup\u00e9rieure et la polyvalence des produits DMT\u00ae. R\u00e9paration rapide des tranchants partout avec r\u00e9glage d\u2019angle. Diamant grossier pour transformer un tranchant \u00e9mouss\u00e9. Construction durable pour des ann\u00e9es de performance constante et fiable.<\/span><\/p>\n<p><span class=\"Y2IQFc\" lang=\"fr\">Fabriqu\u00e9 aux \u00c9tats-Unis.<\/span><\/p>\n<p>Enfin, vous pouvez trouver toutes nos <a href=\"https:\/\/ztsports.com\/product-category\/sharpening\/stones\/\"><strong>Pierres \u00e0 aiguiser<\/strong><\/a> et outils d\u2019\u00e9bavurage ici.<\/p>\n","protected":false},"excerpt":{"rendered":"<p>BURR DOCTOR DMT Fabriqu\u00e9 aux USA Le Burr Doctor DMT est parfait pour les \u00ab retouches \u00bb sur les patins. La pierre Diamond Burr Stone\u2122 offre un r\u00e9glage de 0\u00b0 \u00e0 5,5\u00b0. Le diamant grossier (45 microns \/ 325 mesh) restaure rapidement un tranchant n\u00e9glig\u00e9. Aucun huile salissante n\u2019est n\u00e9cessaire \u2013 utilisez \u00e0 sec ou [&hellip;]<\/p>\n","protected":false},"featured_media":23605,"comment_status":"open","ping_status":"closed","template":"","meta":{"_acf_changed":false,"_monsterinsights_skip_tracking":false,"_monsterinsights_sitenote_active":false,"_monsterinsights_sitenote_note":"","_monsterinsights_sitenote_category":0,"_uf_show_specific_survey":0,"_uf_disable_surveys":false,"site-sidebar-layout":"default","site-content-layout":"","ast-site-content-layout":"default","site-content-style":"default","site-sidebar-style":"default","ast-global-header-display":"","ast-banner-title-visibility":"","ast-main-header-display":"","ast-hfb-above-header-display":"","ast-hfb-below-header-display":"","ast-hfb-mobile-header-display":"","site-post-title":"","ast-breadcrumbs-content":"","ast-featured-img":"","footer-sml-layout":"","ast-disable-related-posts":"","theme-transparent-header-meta":"default","adv-header-id-meta":"","stick-header-meta":"","header-above-stick-meta":"","header-main-stick-meta":"","header-below-stick-meta":"","astra-migrate-meta-layouts":"set","ast-page-background-enabled":"default","ast-page-background-meta":{"desktop":{"background-color":"","background-image":"","background-repeat":"repeat","background-position":"center center","background-size":"auto","background-attachment":"scroll","background-type":"","background-media":"","overlay-type":"","overlay-color":"","overlay-opacity":"","overlay-gradient":""},"tablet":{"background-color":"","background-image":"","background-repeat":"repeat","background-position":"center center","background-size":"auto","background-attachment":"scroll","background-type":"","background-media":"","overlay-type":"","overlay-color":"","overlay-opacity":"","overlay-gradient":""},"mobile":{"background-color":"","background-image":"","background-repeat":"repeat","background-position":"center center","background-size":"auto","background-attachment":"scroll","background-type":"","background-media":"","overlay-type":"","overlay-color":"","overlay-opacity":"","overlay-gradient":""}},"ast-content-background-meta":{"desktop":{"background-color":"var(--ast-global-color-5)","background-image":"","background-repeat":"repeat","background-position":"center center","background-size":"auto","background-attachment":"scroll","background-type":"","background-media":"","overlay-type":"","overlay-color":"","overlay-opacity":"","overlay-gradient":""},"tablet":{"background-color":"var(--ast-global-color-5)","background-image":"","background-repeat":"repeat","background-position":"center center","background-size":"auto","background-attachment":"scroll","background-type":"","background-media":"","overlay-type":"","overlay-color":"","overlay-opacity":"","overlay-gradient":""},"mobile":{"background-color":"var(--ast-global-color-5)","background-image":"","background-repeat":"repeat","background-position":"center center","background-size":"auto","background-attachment":"scroll","background-type":"","background-media":"","overlay-type":"","overlay-color":"","overlay-opacity":"","overlay-gradient":""}}},"product_brand":[3295],"product_cat":[3378],"product_tag":[],"class_list":{"0":"post-23606","1":"product","2":"type-product","3":"status-publish","4":"has-post-thumbnail","6":"product_brand-dmt","7":"product_cat-non-categorise","8":"desktop-align-left","9":"tablet-align-left","10":"mobile-align-left","12":"first","13":"instock","14":"taxable","15":"shipping-taxable","16":"purchasable","17":"product-type-simple"},"acf":[],"_links":{"self":[{"href":"https:\/\/ztsports.com\/fr\/wp-json\/wp\/v2\/product\/23606","targetHints":{"allow":["GET"]}}],"collection":[{"href":"https:\/\/ztsports.com\/fr\/wp-json\/wp\/v2\/product"}],"about":[{"href":"https:\/\/ztsports.com\/fr\/wp-json\/wp\/v2\/types\/product"}],"replies":[{"embeddable":true,"href":"https:\/\/ztsports.com\/fr\/wp-json\/wp\/v2\/comments?post=23606"}],"version-history":[{"count":1,"href":"https:\/\/ztsports.com\/fr\/wp-json\/wp\/v2\/product\/23606\/revisions"}],"predecessor-version":[{"id":23607,"href":"https:\/\/ztsports.com\/fr\/wp-json\/wp\/v2\/product\/23606\/revisions\/23607"}],"wp:featuredmedia":[{"embeddable":true,"href":"https:\/\/ztsports.com\/fr\/wp-json\/wp\/v2\/media\/23605"}],"wp:attachment":[{"href":"https:\/\/ztsports.com\/fr\/wp-json\/wp\/v2\/media?parent=23606"}],"wp:term":[{"taxonomy":"product_brand","embeddable":true,"href":"https:\/\/ztsports.com\/fr\/wp-json\/wp\/v2\/product_brand?post=23606"},{"taxonomy":"product_cat","embeddable":true,"href":"https:\/\/ztsports.com\/fr\/wp-json\/wp\/v2\/product_cat?post=23606"},{"taxonomy":"product_tag","embeddable":true,"href":"https:\/\/ztsports.com\/fr\/wp-json\/wp\/v2\/product_tag?post=23606"}],"curies":[{"name":"wp","href":"https:\/\/api.w.org\/{rel}","templated":true}]}}