{"id":23603,"date":"2021-09-23T03:00:57","date_gmt":"2021-09-23T03:00:57","guid":{"rendered":"https:\/\/ztsports.com\/?post_type=product&#038;p=23603"},"modified":"2026-03-09T10:01:07","modified_gmt":"2026-03-09T10:01:07","slug":"bont-pro-jig-sharpening-starter-kit-new","status":"publish","type":"product","link":"https:\/\/ztsports.com\/fr\/store\/bont-pro-jig-sharpening-starter-kit-new\/","title":{"rendered":"BONT PRO JIG SHARPENING STARTER KIT NEW"},"content":{"rendered":"<h3 class=\"tw-data-text tw-text-large tw-ta\" dir=\"ltr\"><span class=\"Y2IQFc\" lang=\"fr\">BONT PRO JIG STARTER KIT<\/span><\/h3>\n<h3 class=\"tw-data-text tw-text-large tw-ta\" dir=\"ltr\"><span class=\"Y2IQFc\" lang=\"fr\">Le BONT Pro Jig Starter Kit est tout ce dont vous aurez jamais besoin. Le Bont Pro Jig est con\u00e7u pour s\u2019adapter \u00e0 toutes les marques de lames sur le march\u00e9 et est le seul gabarit dont vous aurez besoin.<br \/>\nLe gabarit est con\u00e7u au Canada par Ga\u00ebl Doucet-Gagnon et fabriqu\u00e9 par BONT.<br \/>\nIl est l\u00e9ger, solide, compact et n\u2019affecte pas la courbure de vos lames lors de l\u2019aff\u00fbtage.<br \/>\nFacile \u00e0 assembler et \u00e0 d\u00e9monter, ce qui est id\u00e9al si vous participez \u00e0 des comp\u00e9titions.<\/span><\/h3>\n<h2 class=\"tw-data-text tw-text-large tw-ta\" dir=\"ltr\"><span class=\"Y2IQFc\" lang=\"fr\">Ce Starter Kit Comprend :<\/span><\/h2>\n<h3 class=\"tw-data-text tw-text-large tw-ta\" dir=\"ltr\"><span class=\"Y2IQFc\" lang=\"fr\">Votre choix de :<\/span><\/h3>\n<h3 class=\"tw-data-text tw-text-large tw-ta\" dir=\"ltr\"><span class=\"Y2IQFc\" lang=\"fr\"><a href=\"https:\/\/ztsports.com\/product\/norton-jum3-sharpening-stone\/\">1 pierre \u00e0 aiguiser NORTON JUM3<\/a> ou <a href=\"https:\/\/ztsports.com\/product\/norton-im2-sharpening-stone-for-speed-skates\/\">pierre \u00e0 huile IM2<\/a><\/span><\/h3>\n<h3 class=\"tw-data-text tw-text-large tw-ta\" dir=\"ltr\"><span class=\"Y2IQFc\" lang=\"fr\"><a href=\"https:\/\/ztsports.com\/product\/norto-sharpenning-stone-oil-xb1\/\"><strong>1 flacon d\u2019huile \u00e0 aff\u00fbter Norton XB1 133 ml<\/strong><\/a><br \/>\nL\u2019huile Norton est une huile lubrifiante hautement raffin\u00e9e.<br \/>\nSp\u00e9cialement formul\u00e9e pour une utilisation avec les pierres \u00e0 aiguiser Norton, id\u00e9ale pour tous les travaux de lubrification.<br \/>\nElle n\u2019encrassera pas vos pierres \u00e0 aff\u00fbter et est conforme aux normes de la Pharmacop\u00e9e am\u00e9ricaine. Peut \u00eatre utilis\u00e9e dans les zones de pr\u00e9paration alimentaire gr\u00e2ce \u00e0 la puret\u00e9 de l\u2019huile min\u00e9rale.<\/span><\/h3>\n<pre class=\"tw-data-text tw-text-large tw-ta\" dir=\"ltr\"><span class=\"Y2IQFc\" lang=\"fr\"><a href=\"https:\/\/ztsports.com\/product\/dmt-wf7-diamond-whetstone\/\"><strong>1 pierre diamant\u00e9e fine DMT (rouge)<\/strong><\/a><br>\r\nUn compl\u00e9ment portable \u00e0 tout kit d\u2019outils, la pierre Mini Diamond 70 mm de DMT avec le motif signature \u00e0 points. R\u00e9paration rapide des tranchants partout. L\u2019aff\u00fbtage avec les diamants est rapide et facile. Utilisez de l\u2019eau pour prot\u00e9ger la pierre pendant l\u2019aff\u00fbtage.\r\n<\/span><span class=\"Y2IQFc\" lang=\"fr\"><a href=\"https:\/\/ztsports.com\/product\/kill-burr-deburring-tool\/\"><strong>1 Kill Burr<\/strong><\/a><br>\r\nLe secret n\u00e9erlandais que vous ne voudrez plus jamais quitter ! Fini les glissades, plus besoin de pansements pour vos doigts ! \r\nCette invention combine la magie des fraises en carbure avec un bo\u00eetier protecteur pour les doigts. \r\nReste bien perpendiculaire pour garantir un tranchant parfait \u00e0 chaque fois. S\u2019ajuste automatiquement aux diff\u00e9rentes \u00e9paisseurs de lames. \r\nCr\u00e9\u00e9 et produit aux Pays-Bas par Goud-Sport. Indispensable dans tout kit d\u2019aff\u00fbtage !<\/span><span class=\"Y2IQFc\" lang=\"fr\"><strong>\r\n<br>Vous voulez savoir comment installer, aff\u00fbter et \u00e9bavurer avec votre nouveau kit ? \r\nConsultez notre <\/strong><\/span><strong><a href=\"https:\/\/www.youtube.com\/watch?v=6mu5w7rdrL0\" target=\"_blank\" rel=\"noopener\">Tutoriel d\u2019Aff\u00fbtage de Patins<\/a><\/strong><\/pre>\n<p><a href=\"https:\/\/ztsports.com\/product-category\/sharpening\/jigs\/\"><strong>Enfin, d\u00e9couvrez tous nos gabarits et kits d\u2019aff\u00fbtage ici.<\/strong><\/a><\/p>\n","protected":false},"excerpt":{"rendered":"<p>BONT PRO JIG STARTER KIT Le BONT Pro Jig Starter Kit est tout ce dont vous aurez jamais besoin. Le Bont Pro Jig est con\u00e7u pour s\u2019adapter \u00e0 toutes les marques de lames sur le march\u00e9 et est le seul gabarit dont vous aurez besoin. Le gabarit est con\u00e7u au Canada par Ga\u00ebl Doucet-Gagnon et [&hellip;]<\/p>\n","protected":false},"featured_media":23598,"comment_status":"open","ping_status":"closed","template":"","meta":{"_acf_changed":false,"_monsterinsights_skip_tracking":false,"_monsterinsights_sitenote_active":false,"_monsterinsights_sitenote_note":"","_monsterinsights_sitenote_category":0,"_uf_show_specific_survey":0,"_uf_disable_surveys":false,"site-sidebar-layout":"default","site-content-layout":"","ast-site-content-layout":"default","site-content-style":"default","site-sidebar-style":"default","ast-global-header-display":"","ast-banner-title-visibility":"","ast-main-header-display":"","ast-hfb-above-header-display":"","ast-hfb-below-header-display":"","ast-hfb-mobile-header-display":"","site-post-title":"","ast-breadcrumbs-content":"","ast-featured-img":"","footer-sml-layout":"","ast-disable-related-posts":"","theme-transparent-header-meta":"default","adv-header-id-meta":"","stick-header-meta":"","header-above-stick-meta":"","header-main-stick-meta":"","header-below-stick-meta":"","astra-migrate-meta-layouts":"set","ast-page-background-enabled":"default","ast-page-background-meta":{"desktop":{"background-color":"","background-image":"","background-repeat":"repeat","background-position":"center center","background-size":"auto","background-attachment":"scroll","background-type":"","background-media":"","overlay-type":"","overlay-color":"","overlay-opacity":"","overlay-gradient":""},"tablet":{"background-color":"","background-image":"","background-repeat":"repeat","background-position":"center center","background-size":"auto","background-attachment":"scroll","background-type":"","background-media":"","overlay-type":"","overlay-color":"","overlay-opacity":"","overlay-gradient":""},"mobile":{"background-color":"","background-image":"","background-repeat":"repeat","background-position":"center center","background-size":"auto","background-attachment":"scroll","background-type":"","background-media":"","overlay-type":"","overlay-color":"","overlay-opacity":"","overlay-gradient":""}},"ast-content-background-meta":{"desktop":{"background-color":"var(--ast-global-color-5)","background-image":"","background-repeat":"repeat","background-position":"center center","background-size":"auto","background-attachment":"scroll","background-type":"","background-media":"","overlay-type":"","overlay-color":"","overlay-opacity":"","overlay-gradient":""},"tablet":{"background-color":"var(--ast-global-color-5)","background-image":"","background-repeat":"repeat","background-position":"center center","background-size":"auto","background-attachment":"scroll","background-type":"","background-media":"","overlay-type":"","overlay-color":"","overlay-opacity":"","overlay-gradient":""},"mobile":{"background-color":"var(--ast-global-color-5)","background-image":"","background-repeat":"repeat","background-position":"center center","background-size":"auto","background-attachment":"scroll","background-type":"","background-media":"","overlay-type":"","overlay-color":"","overlay-opacity":"","overlay-gradient":""}}},"product_brand":[3285],"product_cat":[3378],"product_tag":[3799],"class_list":{"0":"post-23603","1":"product","2":"type-product","3":"status-publish","4":"has-post-thumbnail","6":"product_brand-bont","7":"product_cat-non-categorise","8":"product_tag-bont","9":"desktop-align-left","10":"tablet-align-left","11":"mobile-align-left","13":"first","14":"instock","15":"featured","16":"taxable","17":"shipping-taxable","18":"purchasable","19":"product-type-simple"},"acf":[],"_links":{"self":[{"href":"https:\/\/ztsports.com\/fr\/wp-json\/wp\/v2\/product\/23603","targetHints":{"allow":["GET"]}}],"collection":[{"href":"https:\/\/ztsports.com\/fr\/wp-json\/wp\/v2\/product"}],"about":[{"href":"https:\/\/ztsports.com\/fr\/wp-json\/wp\/v2\/types\/product"}],"replies":[{"embeddable":true,"href":"https:\/\/ztsports.com\/fr\/wp-json\/wp\/v2\/comments?post=23603"}],"version-history":[{"count":1,"href":"https:\/\/ztsports.com\/fr\/wp-json\/wp\/v2\/product\/23603\/revisions"}],"predecessor-version":[{"id":23604,"href":"https:\/\/ztsports.com\/fr\/wp-json\/wp\/v2\/product\/23603\/revisions\/23604"}],"wp:featuredmedia":[{"embeddable":true,"href":"https:\/\/ztsports.com\/fr\/wp-json\/wp\/v2\/media\/23598"}],"wp:attachment":[{"href":"https:\/\/ztsports.com\/fr\/wp-json\/wp\/v2\/media?parent=23603"}],"wp:term":[{"taxonomy":"product_brand","embeddable":true,"href":"https:\/\/ztsports.com\/fr\/wp-json\/wp\/v2\/product_brand?post=23603"},{"taxonomy":"product_cat","embeddable":true,"href":"https:\/\/ztsports.com\/fr\/wp-json\/wp\/v2\/product_cat?post=23603"},{"taxonomy":"product_tag","embeddable":true,"href":"https:\/\/ztsports.com\/fr\/wp-json\/wp\/v2\/product_tag?post=23603"}],"curies":[{"name":"wp","href":"https:\/\/api.w.org\/{rel}","templated":true}]}}