{"id":23596,"date":"2021-09-23T03:00:59","date_gmt":"2021-09-23T03:00:59","guid":{"rendered":"https:\/\/ztsports.com\/?post_type=product&#038;p=23596"},"modified":"2026-03-09T09:59:29","modified_gmt":"2026-03-09T09:59:29","slug":"india-burr-stone-1x1-norton-burr-stone","status":"publish","type":"product","link":"https:\/\/ztsports.com\/fr\/store\/india-burr-stone-1x1-norton-burr-stone\/","title":{"rendered":"INDIA BURR STONE 1X1&#8243; NORTON Burr Stone"},"content":{"rendered":"<h1>PIERRE \u00c0 \u00c9BAVURER INDIA 1&#215;1&#8243; NORTON<\/h1>\n<p>La PIERRE \u00c0 \u00c9BAVURER INDIA 1 x 1&#8243; (oxyde d\u2019aluminium) est la pierre d\u2019\u00e9bavurage la plus populaire pour patins. Le classique incontournable pour enlever les bavures et un must pour tout patineur ou parent.<\/p>\n<p>Disponible en grain Moyen\/Fin ou Fin. Elle laisse une belle finition et conserve son tranchant longtemps.<\/p>\n<p>Enfin, vous pouvez trouver tous les <a href=\"https:\/\/ztsports.com\/brand\/norton\/\"><strong>produits Norton et pierres \u00e0 aff\u00fbter ici<\/strong><\/a>.<\/p>\n<p><a href=\"https:\/\/ztsports.com\/product-category\/sharpening\/burr-stones\/\"><strong>De plus, vous pouvez consulter toutes nos pierres \u00e0 \u00e9bavurer ici.<\/strong><\/a><\/p>\n","protected":false},"excerpt":{"rendered":"<p>PIERRE \u00c0 \u00c9BAVURER INDIA 1&#215;1&#8243; NORTON La PIERRE \u00c0 \u00c9BAVURER INDIA 1 x 1&#8243; (oxyde d\u2019aluminium) est la pierre d\u2019\u00e9bavurage la plus populaire pour patins. Le classique incontournable pour enlever les bavures et un must pour tout patineur ou parent. Disponible en grain Moyen\/Fin ou Fin. Elle laisse une belle finition et conserve son tranchant [&hellip;]<\/p>\n","protected":false},"featured_media":23593,"comment_status":"open","ping_status":"closed","template":"","meta":{"_acf_changed":false,"_monsterinsights_skip_tracking":false,"_monsterinsights_sitenote_active":false,"_monsterinsights_sitenote_note":"","_monsterinsights_sitenote_category":0,"_uf_show_specific_survey":0,"_uf_disable_surveys":false,"site-sidebar-layout":"default","site-content-layout":"","ast-site-content-layout":"default","site-content-style":"default","site-sidebar-style":"default","ast-global-header-display":"","ast-banner-title-visibility":"","ast-main-header-display":"","ast-hfb-above-header-display":"","ast-hfb-below-header-display":"","ast-hfb-mobile-header-display":"","site-post-title":"","ast-breadcrumbs-content":"","ast-featured-img":"","footer-sml-layout":"","ast-disable-related-posts":"","theme-transparent-header-meta":"default","adv-header-id-meta":"","stick-header-meta":"","header-above-stick-meta":"","header-main-stick-meta":"","header-below-stick-meta":"","astra-migrate-meta-layouts":"set","ast-page-background-enabled":"default","ast-page-background-meta":{"desktop":{"background-color":"","background-image":"","background-repeat":"repeat","background-position":"center center","background-size":"auto","background-attachment":"scroll","background-type":"","background-media":"","overlay-type":"","overlay-color":"","overlay-opacity":"","overlay-gradient":""},"tablet":{"background-color":"","background-image":"","background-repeat":"repeat","background-position":"center center","background-size":"auto","background-attachment":"scroll","background-type":"","background-media":"","overlay-type":"","overlay-color":"","overlay-opacity":"","overlay-gradient":""},"mobile":{"background-color":"","background-image":"","background-repeat":"repeat","background-position":"center center","background-size":"auto","background-attachment":"scroll","background-type":"","background-media":"","overlay-type":"","overlay-color":"","overlay-opacity":"","overlay-gradient":""}},"ast-content-background-meta":{"desktop":{"background-color":"var(--ast-global-color-5)","background-image":"","background-repeat":"repeat","background-position":"center center","background-size":"auto","background-attachment":"scroll","background-type":"","background-media":"","overlay-type":"","overlay-color":"","overlay-opacity":"","overlay-gradient":""},"tablet":{"background-color":"var(--ast-global-color-5)","background-image":"","background-repeat":"repeat","background-position":"center center","background-size":"auto","background-attachment":"scroll","background-type":"","background-media":"","overlay-type":"","overlay-color":"","overlay-opacity":"","overlay-gradient":""},"mobile":{"background-color":"var(--ast-global-color-5)","background-image":"","background-repeat":"repeat","background-position":"center center","background-size":"auto","background-attachment":"scroll","background-type":"","background-media":"","overlay-type":"","overlay-color":"","overlay-opacity":"","overlay-gradient":""}}},"product_brand":[3328],"product_cat":[3378],"product_tag":[],"class_list":{"0":"post-23596","1":"product","2":"type-product","3":"status-publish","4":"has-post-thumbnail","6":"product_brand-norton","7":"product_cat-non-categorise","8":"desktop-align-left","9":"tablet-align-left","10":"mobile-align-left","12":"first","13":"instock","14":"taxable","15":"shipping-taxable","16":"purchasable","17":"product-type-simple"},"acf":[],"_links":{"self":[{"href":"https:\/\/ztsports.com\/fr\/wp-json\/wp\/v2\/product\/23596","targetHints":{"allow":["GET"]}}],"collection":[{"href":"https:\/\/ztsports.com\/fr\/wp-json\/wp\/v2\/product"}],"about":[{"href":"https:\/\/ztsports.com\/fr\/wp-json\/wp\/v2\/types\/product"}],"replies":[{"embeddable":true,"href":"https:\/\/ztsports.com\/fr\/wp-json\/wp\/v2\/comments?post=23596"}],"version-history":[{"count":1,"href":"https:\/\/ztsports.com\/fr\/wp-json\/wp\/v2\/product\/23596\/revisions"}],"predecessor-version":[{"id":23597,"href":"https:\/\/ztsports.com\/fr\/wp-json\/wp\/v2\/product\/23596\/revisions\/23597"}],"wp:featuredmedia":[{"embeddable":true,"href":"https:\/\/ztsports.com\/fr\/wp-json\/wp\/v2\/media\/23593"}],"wp:attachment":[{"href":"https:\/\/ztsports.com\/fr\/wp-json\/wp\/v2\/media?parent=23596"}],"wp:term":[{"taxonomy":"product_brand","embeddable":true,"href":"https:\/\/ztsports.com\/fr\/wp-json\/wp\/v2\/product_brand?post=23596"},{"taxonomy":"product_cat","embeddable":true,"href":"https:\/\/ztsports.com\/fr\/wp-json\/wp\/v2\/product_cat?post=23596"},{"taxonomy":"product_tag","embeddable":true,"href":"https:\/\/ztsports.com\/fr\/wp-json\/wp\/v2\/product_tag?post=23596"}],"curies":[{"name":"wp","href":"https:\/\/api.w.org\/{rel}","templated":true}]}}