{"id":23591,"date":"2021-09-23T03:02:09","date_gmt":"2021-09-23T03:02:09","guid":{"rendered":"https:\/\/ztsports.com\/?post_type=product&#038;p=23591"},"modified":"2026-03-18T10:45:58","modified_gmt":"2026-03-18T10:45:58","slug":"bont-quilted-blade-soakers-quality-soakers-new","status":"publish","type":"product","link":"https:\/\/ztsports.com\/fr\/store\/bont-quilted-blade-soakers-quality-soakers-new\/","title":{"rendered":"BONT QUILTED BLADE SOAKERS Quality Soakers New"},"content":{"rendered":"<h2>BONT QUILTED BLADE SOAKERS \u2013 Protections de Lames de Qualit\u00e9<\/h2>\n<p>Les BONT QUILTED BLADE SOAKERS sont des protections de lames matelass\u00e9es de haute qualit\u00e9.<\/p>\n<p>Doublure \u00e9paisse en \u00e9ponge noire avec <strong>TOE et TALON RENFORC\u00c9S<\/strong>.<\/p>\n<p>Ces protections assurent une longue dur\u00e9e de vie pour prot\u00e9ger vos lames.<\/p>\n<p>Soakers classiques noirs avec logo BONT brod\u00e9.<\/p>\n<p>Convient \u00e0 toutes les longueurs de lames jusqu&#8217;\u00e0 17,5\u2033.<\/p>\n<div data-hveid=\"CBMQAQ\" data-ved=\"2ahUKEwiOuJD0h-uHAxUEMtAFHdooInoQj7gIegQIExAB\">\n<div class=\"dnXCYb\" tabindex=\"0\" role=\"button\" aria-controls=\"_cLK3Zo7AGoTkwN4P2tGI0Qc_31\" aria-expanded=\"true\">\n<h3 class=\"JlqpRe\"><span class=\"JCzEY tNxQIb\"><span class=\"CSkcDe\">Les soakers sont-ils n\u00e9cessaires ?<\/span><\/span><\/h3>\n<\/p><\/div>\n<\/div>\n<div id=\"_cLK3Zo7AGoTkwN4P2tGI0Qc_31\" class=\"bCOlv\" data-ved=\"2ahUKEwiOuJD0h-uHAxUEMtAFHdooInoQ7NUEegQIExAE\">\n<div class=\"IZE3Td\">\n<div class=\"r2fjmd t0bRye\" data-hveid=\"CBMQBQ\" data-ved=\"2ahUKEwiOuJD0h-uHAxUEMtAFHdooInoQu04oAHoECBMQBQ\">\n<div id=\"cLK3Zo7AGoTkwN4P2tGI0Qc__17\">\n<div class=\"wDYxhc\" data-md=\"61\">\n<div class=\"LGOjhe\" role=\"heading\" data-attrid=\"wa:\/description\" aria-level=\"3\" data-hveid=\"CFkQAA\">\n            <span class=\"BxUVEf ILfuVd\" lang=\"fr\"><br \/>\n              *Le m\u00e9tal de vos lames continuera \u00e0 cr\u00e9er de la condensation pendant jusqu&#8217;\u00e0 6 heures apr\u00e8s votre sortie de la glace. C\u2019est pourquoi <b>vous avez besoin de soakers pour absorber en continu<\/b> l\u2019humidit\u00e9 restante. -Si vous vivez dans un climat particuli\u00e8rement humide, vous pourriez encore constater quelques points de rouille, m\u00eame avec les soakers.<br \/>\n            <\/span>\n          <\/div>\n<\/p><\/div>\n<\/p><\/div>\n<div role=\"heading\" data-attrid=\"wa:\/description\" aria-level=\"3\" data-hveid=\"CFkQAA\">\n        Leur fonction principale est <em>d\u2019absorber l\u2019humidit\u00e9 des lames<\/em> apr\u00e8s votre s\u00e9ance de patinage. Il est crucial d\u2019essuyer vos lames apr\u00e8s chaque entra\u00eenement.\n      <\/div>\n<div role=\"heading\" data-attrid=\"wa:\/description\" aria-level=\"3\" data-hveid=\"CFkQAA\">\n        Cependant, peu importe \u00e0 quel point vous essuyez vos lames, le contraste entre la temp\u00e9rature ambiante et celle de la patinoire fera appara\u00eetre davantage de condensation sur vos patins une fois rang\u00e9s dans le sac.\n      <\/div>\n<div role=\"heading\" data-attrid=\"wa:\/description\" aria-level=\"3\" data-hveid=\"CFkQAA\">\n        L\u2019humidit\u00e9 r\u00e9siduelle est un facteur n\u00e9gatif qui provoque la rouille et l\u2019\u00e9moussement rapide de vos lames. Les soakers pour patins de vitesse sont con\u00e7us pour capturer toute humidit\u00e9 restante, les maintenant secs et correctement prot\u00e9g\u00e9s.\n      <\/div>\n<div role=\"heading\" data-attrid=\"wa:\/description\" aria-level=\"3\" data-hveid=\"CFkQAA\">\n        Notez \u00e9galement que nous recommandons de retirer les soakers une fois chez vous et de laisser s\u00e9cher \u00e0 l\u2019air libre \u00e0 la fois les soakers et les lames.\n      <\/div>\n<\/p><\/div>\n<\/p><\/div>\n<\/div>\n<p>Enfin, d\u00e9couvrez tous nos <a href=\"https:\/\/ztsports.com\/product-category\/accessoires\/blade-protectors-guards\/\">produits de protection de lames<\/a> ici.<\/p>\n","protected":false},"excerpt":{"rendered":"<p>BONT QUILTED BLADE SOAKERS \u2013 Protections de Lames de Qualit\u00e9 Les BONT QUILTED BLADE SOAKERS sont des protections de lames matelass\u00e9es de haute qualit\u00e9. Doublure \u00e9paisse en \u00e9ponge noire avec TOE et TALON RENFORC\u00c9S. Ces protections assurent une longue dur\u00e9e de vie pour prot\u00e9ger vos lames. Soakers classiques noirs avec logo BONT brod\u00e9. Convient \u00e0 [&hellip;]<\/p>\n","protected":false},"featured_media":23589,"comment_status":"open","ping_status":"closed","template":"","meta":{"_acf_changed":false,"_monsterinsights_skip_tracking":false,"_monsterinsights_sitenote_active":false,"_monsterinsights_sitenote_note":"","_monsterinsights_sitenote_category":0,"_uf_show_specific_survey":0,"_uf_disable_surveys":false,"site-sidebar-layout":"default","site-content-layout":"","ast-site-content-layout":"default","site-content-style":"default","site-sidebar-style":"default","ast-global-header-display":"","ast-banner-title-visibility":"","ast-main-header-display":"","ast-hfb-above-header-display":"","ast-hfb-below-header-display":"","ast-hfb-mobile-header-display":"","site-post-title":"","ast-breadcrumbs-content":"","ast-featured-img":"","footer-sml-layout":"","ast-disable-related-posts":"","theme-transparent-header-meta":"default","adv-header-id-meta":"","stick-header-meta":"","header-above-stick-meta":"","header-main-stick-meta":"","header-below-stick-meta":"","astra-migrate-meta-layouts":"set","ast-page-background-enabled":"default","ast-page-background-meta":{"desktop":{"background-color":"","background-image":"","background-repeat":"repeat","background-position":"center center","background-size":"auto","background-attachment":"scroll","background-type":"","background-media":"","overlay-type":"","overlay-color":"","overlay-opacity":"","overlay-gradient":""},"tablet":{"background-color":"","background-image":"","background-repeat":"repeat","background-position":"center center","background-size":"auto","background-attachment":"scroll","background-type":"","background-media":"","overlay-type":"","overlay-color":"","overlay-opacity":"","overlay-gradient":""},"mobile":{"background-color":"","background-image":"","background-repeat":"repeat","background-position":"center center","background-size":"auto","background-attachment":"scroll","background-type":"","background-media":"","overlay-type":"","overlay-color":"","overlay-opacity":"","overlay-gradient":""}},"ast-content-background-meta":{"desktop":{"background-color":"var(--ast-global-color-5)","background-image":"","background-repeat":"repeat","background-position":"center center","background-size":"auto","background-attachment":"scroll","background-type":"","background-media":"","overlay-type":"","overlay-color":"","overlay-opacity":"","overlay-gradient":""},"tablet":{"background-color":"var(--ast-global-color-5)","background-image":"","background-repeat":"repeat","background-position":"center center","background-size":"auto","background-attachment":"scroll","background-type":"","background-media":"","overlay-type":"","overlay-color":"","overlay-opacity":"","overlay-gradient":""},"mobile":{"background-color":"var(--ast-global-color-5)","background-image":"","background-repeat":"repeat","background-position":"center center","background-size":"auto","background-attachment":"scroll","background-type":"","background-media":"","overlay-type":"","overlay-color":"","overlay-opacity":"","overlay-gradient":""}}},"product_brand":[3285,3357],"product_cat":[4561,4577],"product_tag":[3799],"class_list":{"0":"post-23591","1":"product","2":"type-product","3":"status-publish","4":"has-post-thumbnail","6":"product_brand-bont","7":"product_brand-woofys-blade-soakers","8":"product_cat-blades","9":"product_cat-cadeaux","10":"product_tag-bont","11":"desktop-align-left","12":"tablet-align-left","13":"mobile-align-left","15":"first","16":"instock","17":"taxable","18":"shipping-taxable","19":"purchasable","20":"product-type-simple"},"acf":[],"_links":{"self":[{"href":"https:\/\/ztsports.com\/fr\/wp-json\/wp\/v2\/product\/23591","targetHints":{"allow":["GET"]}}],"collection":[{"href":"https:\/\/ztsports.com\/fr\/wp-json\/wp\/v2\/product"}],"about":[{"href":"https:\/\/ztsports.com\/fr\/wp-json\/wp\/v2\/types\/product"}],"replies":[{"embeddable":true,"href":"https:\/\/ztsports.com\/fr\/wp-json\/wp\/v2\/comments?post=23591"}],"version-history":[{"count":2,"href":"https:\/\/ztsports.com\/fr\/wp-json\/wp\/v2\/product\/23591\/revisions"}],"predecessor-version":[{"id":24636,"href":"https:\/\/ztsports.com\/fr\/wp-json\/wp\/v2\/product\/23591\/revisions\/24636"}],"wp:featuredmedia":[{"embeddable":true,"href":"https:\/\/ztsports.com\/fr\/wp-json\/wp\/v2\/media\/23589"}],"wp:attachment":[{"href":"https:\/\/ztsports.com\/fr\/wp-json\/wp\/v2\/media?parent=23591"}],"wp:term":[{"taxonomy":"product_brand","embeddable":true,"href":"https:\/\/ztsports.com\/fr\/wp-json\/wp\/v2\/product_brand?post=23591"},{"taxonomy":"product_cat","embeddable":true,"href":"https:\/\/ztsports.com\/fr\/wp-json\/wp\/v2\/product_cat?post=23591"},{"taxonomy":"product_tag","embeddable":true,"href":"https:\/\/ztsports.com\/fr\/wp-json\/wp\/v2\/product_tag?post=23591"}],"curies":[{"name":"wp","href":"https:\/\/api.w.org\/{rel}","templated":true}]}}