{"id":23587,"date":"2021-09-23T03:02:11","date_gmt":"2021-09-23T03:02:11","guid":{"rendered":"https:\/\/ztsports.com\/?post_type=product&#038;p=23587"},"modified":"2026-03-12T12:28:06","modified_gmt":"2026-03-12T12:28:06","slug":"mysok-vinyl-blade-protector-cdn-made","status":"publish","type":"product","link":"https:\/\/ztsports.com\/fr\/store\/mysok-vinyl-blade-protector-cdn-made\/","title":{"rendered":"MYSOK VINYL BLADE PROTECTOR CDN Made"},"content":{"rendered":"<h1>MYSOK PROTECTEUR DE LAMES EN VINYLE \u2013 Fabriqu\u00e9 au Canada<\/h1>\n<p>Les protecteurs de lames en vinyle MYSOK sont fabriqu\u00e9s au Qu\u00e9bec par des patineurs Canadiens.<\/p>\n<p>L&#8217;int\u00e9rieur est compos\u00e9 de tissus absorbants pour \u00e9viter l&#8217;humidit\u00e9 et emp\u00eacher l&#8217;accumulation de condensation sur les lames.<\/p>\n<p>Des boutons m\u00e9talliques maintiennent les prot\u00e8ge-lames en place.<\/p>\n<p>Ils sont disponibles en deux tailles et dans un large assortiment de couleurs.<\/p>\n<p>Les pointes sont renforc\u00e9es pour prot\u00e9ger l&#8217;extr\u00e9mit\u00e9 des lames, et l&#8217;int\u00e9rieur est en tissu absorbant pour pr\u00e9venir l&#8217;humidit\u00e9.<\/p>\n<p>Des boutons m\u00e9talliques robustes maintiennent les prot\u00e8ge-lames sur la lame.<\/p>\n<p>Ils sont FABRIQU\u00c9S \u00c0 LA MAIN au Qu\u00e9bec, Canada.<\/p>\n<p>Disponibles en une taille : Rouge, Noir, Marine et Bordeaux.<\/p>\n<p>Moyen : 13&#8243;\u201316&#8243;<\/p>\n<p>PRIX REG. 34,99 $ | PROMO 29,99 $<\/p>\n<p><strong>Enfin, vous pouvez consulter tous les <a href=\"https:\/\/ztsports.com\/brand\/mysok\/\">produits MYSOK<\/a> ici.<\/strong><\/p>\n","protected":false},"excerpt":{"rendered":"<p>MYSOK PROTECTEUR DE LAMES EN VINYLE \u2013 Fabriqu\u00e9 au Canada Les protecteurs de lames en vinyle MYSOK sont fabriqu\u00e9s au Qu\u00e9bec par des patineurs Canadiens. L&#8217;int\u00e9rieur est compos\u00e9 de tissus absorbants pour \u00e9viter l&#8217;humidit\u00e9 et emp\u00eacher l&#8217;accumulation de condensation sur les lames. Des boutons m\u00e9talliques maintiennent les prot\u00e8ge-lames en place. Ils sont disponibles en deux [&hellip;]<\/p>\n","protected":false},"featured_media":23584,"comment_status":"open","ping_status":"closed","template":"","meta":{"_acf_changed":false,"_monsterinsights_skip_tracking":false,"_monsterinsights_sitenote_active":false,"_monsterinsights_sitenote_note":"","_monsterinsights_sitenote_category":0,"_uf_show_specific_survey":0,"_uf_disable_surveys":false,"site-sidebar-layout":"default","site-content-layout":"","ast-site-content-layout":"default","site-content-style":"default","site-sidebar-style":"default","ast-global-header-display":"","ast-banner-title-visibility":"","ast-main-header-display":"","ast-hfb-above-header-display":"","ast-hfb-below-header-display":"","ast-hfb-mobile-header-display":"","site-post-title":"","ast-breadcrumbs-content":"","ast-featured-img":"","footer-sml-layout":"","ast-disable-related-posts":"","theme-transparent-header-meta":"default","adv-header-id-meta":"","stick-header-meta":"","header-above-stick-meta":"","header-main-stick-meta":"","header-below-stick-meta":"","astra-migrate-meta-layouts":"set","ast-page-background-enabled":"default","ast-page-background-meta":{"desktop":{"background-color":"","background-image":"","background-repeat":"repeat","background-position":"center center","background-size":"auto","background-attachment":"scroll","background-type":"","background-media":"","overlay-type":"","overlay-color":"","overlay-opacity":"","overlay-gradient":""},"tablet":{"background-color":"","background-image":"","background-repeat":"repeat","background-position":"center center","background-size":"auto","background-attachment":"scroll","background-type":"","background-media":"","overlay-type":"","overlay-color":"","overlay-opacity":"","overlay-gradient":""},"mobile":{"background-color":"","background-image":"","background-repeat":"repeat","background-position":"center center","background-size":"auto","background-attachment":"scroll","background-type":"","background-media":"","overlay-type":"","overlay-color":"","overlay-opacity":"","overlay-gradient":""}},"ast-content-background-meta":{"desktop":{"background-color":"var(--ast-global-color-5)","background-image":"","background-repeat":"repeat","background-position":"center center","background-size":"auto","background-attachment":"scroll","background-type":"","background-media":"","overlay-type":"","overlay-color":"","overlay-opacity":"","overlay-gradient":""},"tablet":{"background-color":"var(--ast-global-color-5)","background-image":"","background-repeat":"repeat","background-position":"center center","background-size":"auto","background-attachment":"scroll","background-type":"","background-media":"","overlay-type":"","overlay-color":"","overlay-opacity":"","overlay-gradient":""},"mobile":{"background-color":"var(--ast-global-color-5)","background-image":"","background-repeat":"repeat","background-position":"center center","background-size":"auto","background-attachment":"scroll","background-type":"","background-media":"","overlay-type":"","overlay-color":"","overlay-opacity":"","overlay-gradient":""}}},"product_brand":[3366],"product_cat":[3455,3378],"product_tag":[],"class_list":{"0":"post-23587","1":"product","2":"type-product","3":"status-publish","4":"has-post-thumbnail","6":"product_brand-mysok","7":"product_cat-accessories","8":"product_cat-non-categorise","9":"desktop-align-left","10":"tablet-align-left","11":"mobile-align-left","13":"first","14":"instock","15":"sale","16":"taxable","17":"shipping-taxable","18":"purchasable","19":"product-type-simple"},"acf":[],"_links":{"self":[{"href":"https:\/\/ztsports.com\/fr\/wp-json\/wp\/v2\/product\/23587","targetHints":{"allow":["GET"]}}],"collection":[{"href":"https:\/\/ztsports.com\/fr\/wp-json\/wp\/v2\/product"}],"about":[{"href":"https:\/\/ztsports.com\/fr\/wp-json\/wp\/v2\/types\/product"}],"replies":[{"embeddable":true,"href":"https:\/\/ztsports.com\/fr\/wp-json\/wp\/v2\/comments?post=23587"}],"version-history":[{"count":1,"href":"https:\/\/ztsports.com\/fr\/wp-json\/wp\/v2\/product\/23587\/revisions"}],"predecessor-version":[{"id":23588,"href":"https:\/\/ztsports.com\/fr\/wp-json\/wp\/v2\/product\/23587\/revisions\/23588"}],"wp:featuredmedia":[{"embeddable":true,"href":"https:\/\/ztsports.com\/fr\/wp-json\/wp\/v2\/media\/23584"}],"wp:attachment":[{"href":"https:\/\/ztsports.com\/fr\/wp-json\/wp\/v2\/media?parent=23587"}],"wp:term":[{"taxonomy":"product_brand","embeddable":true,"href":"https:\/\/ztsports.com\/fr\/wp-json\/wp\/v2\/product_brand?post=23587"},{"taxonomy":"product_cat","embeddable":true,"href":"https:\/\/ztsports.com\/fr\/wp-json\/wp\/v2\/product_cat?post=23587"},{"taxonomy":"product_tag","embeddable":true,"href":"https:\/\/ztsports.com\/fr\/wp-json\/wp\/v2\/product_tag?post=23587"}],"curies":[{"name":"wp","href":"https:\/\/api.w.org\/{rel}","templated":true}]}}