{"id":23582,"date":"2021-09-23T03:02:12","date_gmt":"2021-09-23T03:02:12","guid":{"rendered":"https:\/\/ztsports.com\/?post_type=product&#038;p=23582"},"modified":"2026-03-09T09:56:19","modified_gmt":"2026-03-09T09:56:19","slug":"cbc-element-long-track-speed-skates-boot","status":"publish","type":"product","link":"https:\/\/ztsports.com\/fr\/store\/cbc-element-long-track-speed-skates-boot\/","title":{"rendered":"CBC ELEMENT Long Track Speed Skates Boot"},"content":{"rendered":"<h1 class=\"tw-data-text tw-text-large tw-ta\" dir=\"ltr\" data-placeholder=\"Translation\"><span class=\"Y2IQFc\" lang=\"fr\">CBC Element Long Track Boot <\/span><\/h1>\n<p><span class=\"color_15\">Avec la botte CBC ELEMENT Long Track, les patineurs de vitesse d\u00e9couvrent le patinage longue piste gr\u00e2ce \u00e0 la botte d\u00e9butant la plus compl\u00e8te disponible sur le march\u00e9 aujourd&#8217;hui. Bien que nous, chez Zt Sports, sugg\u00e9rions qu&#8217;il s&#8217;agisse d&#8217;une botte d&#8217;entr\u00e9e de gamme, les patineurs b\u00e9n\u00e9ficieront de la construction, de la qualit\u00e9 <\/span><span class=\"color_15\">et<\/span><span class=\"color_15\"> de l&#8217;ajustement d&#8217;un produit de niveau interm\u00e9diaire. Au c\u0153ur du contre-support dual composite se trouve notre innovant Thermo-CSC, un medium de moulage activ\u00e9 par la chaleur. Gr\u00e2ce aux techniques appropri\u00e9es de personnalisation de l&#8217;ajustement, les utilisateurs b\u00e9n\u00e9ficieront d&#8217;un outil de patinage soutenant et sans douleur qui acc\u00e9l\u00e9rera leur progression dans le sport tout en offrant une exp\u00e9rience de patinage agr\u00e9able.\u00a0<\/span><\/p>\n<h3 class=\"title\">Sp\u00e9cifications de la botte CBC ELEMENT Long Track<\/h3>\n<ul>\n<li>Relev\u00e9 de 2,5 % \u00e0 l\u2019orteil pour augmenter la stabilit\u00e9 lors des entr\u00e9es et sorties de virage<\/li>\n<li>Construction 50 % Thermo-CSC, id\u00e9ale pour obtenir un ajustement parfait<\/li>\n<li><em>Dernier offrant le meilleur ajustement au monde selon CBC<\/em><\/li>\n<li>Coque de support uni-body dual composite<\/li>\n<li>Syst\u00e8me de laminage \u00e9poxy \u00e0 haute r\u00e9sistance<\/li>\n<li>Syst\u00e8me de rembourrage de grade orthop\u00e9dique<\/li>\n<li>Syst\u00e8me de fermeture renforc\u00e9 en nylon balistique<\/li>\n<li>Syst\u00e8me de serrage am\u00e9lior\u00e9 au niveau du cou-de-pied<\/li>\n<li>Anneaux en D nickel\u00e9s doubles<\/li>\n<\/ul>\n<p>Cr\u00e9ez votre propre pack de patin et commandez en ligne ! <a href=\"https:\/\/ztsports.com\/fr\/\">https:\/\/ztsports.com<\/a> Choisissez parmi une vari\u00e9t\u00e9 d&#8217;options pour cr\u00e9er le pack parfait pour vous. Utilisez notre expertise pour vous aider dans le choix de votre pack personnalis\u00e9.<\/p>\n<h5><a title=\"Voir notre tutoriel YouTube pour d\u00e9terminer votre taille de botte CBC\" href=\"https:\/\/youtu.be\/KuKIfMC9NSY\" target=\"_blank\" rel=\"noopener noreferrer\">Tout d&#8217;abord, regardez notre tutoriel YouTube pour d\u00e9terminer votre taille de botte CBC !<\/a><\/h5>\n<p>Deuxi\u00e8me \u00e9tape : cliquez sur le lien vers le <a href=\"https:\/\/www.carpenterbootcompany.com\/pages\/fit\" target=\"_blank\" rel=\"noopener\">Outil de taille CBC<\/a>.<\/p>\n<p>Troisi\u00e8me \u00e9tape : pour vous aider \u00e0 mesurer votre pied, utilisez un <a href=\"https:\/\/www.printablerulers.net\/preview\/Ruler_30-cm_by_mm\" target=\"_blank\" rel=\"noopener\"><strong>r\u00e8gle imprimable de 30 cm avec millim\u00e8tres<\/strong><\/a>.<\/p>\n<p>Enfin, d\u00e9couvrez tous nos produits <a href=\"https:\/\/ztsports.com\/brand\/cbc\/?lang=fr\"><strong>Carpenter Boot Company (CBC)<\/strong><\/a>.<\/p>\n<p>Vous pouvez \u00e9galement consulter toutes nos <strong><a href=\"\/?product_cat=boots1\">bottes Long Track ici<\/a><\/strong>.<\/p>\n","protected":false},"excerpt":{"rendered":"<p>CBC Element Long Track Boot Avec la botte CBC ELEMENT Long Track, les patineurs de vitesse d\u00e9couvrent le patinage longue piste gr\u00e2ce \u00e0 la botte d\u00e9butant la plus compl\u00e8te disponible sur le march\u00e9 aujourd&#8217;hui. Bien que nous, chez Zt Sports, sugg\u00e9rions qu&#8217;il s&#8217;agisse d&#8217;une botte d&#8217;entr\u00e9e de gamme, les patineurs b\u00e9n\u00e9ficieront de la construction, de [&hellip;]<\/p>\n","protected":false},"featured_media":23577,"comment_status":"open","ping_status":"closed","template":"","meta":{"_acf_changed":false,"_monsterinsights_skip_tracking":false,"_monsterinsights_sitenote_active":false,"_monsterinsights_sitenote_note":"","_monsterinsights_sitenote_category":0,"_uf_show_specific_survey":0,"_uf_disable_surveys":false,"site-sidebar-layout":"default","site-content-layout":"","ast-site-content-layout":"default","site-content-style":"default","site-sidebar-style":"default","ast-global-header-display":"","ast-banner-title-visibility":"","ast-main-header-display":"","ast-hfb-above-header-display":"","ast-hfb-below-header-display":"","ast-hfb-mobile-header-display":"","site-post-title":"","ast-breadcrumbs-content":"","ast-featured-img":"","footer-sml-layout":"","ast-disable-related-posts":"","theme-transparent-header-meta":"default","adv-header-id-meta":"","stick-header-meta":"","header-above-stick-meta":"","header-main-stick-meta":"","header-below-stick-meta":"","astra-migrate-meta-layouts":"set","ast-page-background-enabled":"default","ast-page-background-meta":{"desktop":{"background-color":"","background-image":"","background-repeat":"repeat","background-position":"center center","background-size":"auto","background-attachment":"scroll","background-type":"","background-media":"","overlay-type":"","overlay-color":"","overlay-opacity":"","overlay-gradient":""},"tablet":{"background-color":"","background-image":"","background-repeat":"repeat","background-position":"center center","background-size":"auto","background-attachment":"scroll","background-type":"","background-media":"","overlay-type":"","overlay-color":"","overlay-opacity":"","overlay-gradient":""},"mobile":{"background-color":"","background-image":"","background-repeat":"repeat","background-position":"center center","background-size":"auto","background-attachment":"scroll","background-type":"","background-media":"","overlay-type":"","overlay-color":"","overlay-opacity":"","overlay-gradient":""}},"ast-content-background-meta":{"desktop":{"background-color":"var(--ast-global-color-5)","background-image":"","background-repeat":"repeat","background-position":"center center","background-size":"auto","background-attachment":"scroll","background-type":"","background-media":"","overlay-type":"","overlay-color":"","overlay-opacity":"","overlay-gradient":""},"tablet":{"background-color":"var(--ast-global-color-5)","background-image":"","background-repeat":"repeat","background-position":"center center","background-size":"auto","background-attachment":"scroll","background-type":"","background-media":"","overlay-type":"","overlay-color":"","overlay-opacity":"","overlay-gradient":""},"mobile":{"background-color":"var(--ast-global-color-5)","background-image":"","background-repeat":"repeat","background-position":"center center","background-size":"auto","background-attachment":"scroll","background-type":"","background-media":"","overlay-type":"","overlay-color":"","overlay-opacity":"","overlay-gradient":""}}},"product_brand":[3290],"product_cat":[3378],"product_tag":[3796],"class_list":{"0":"post-23582","1":"product","2":"type-product","3":"status-publish","4":"has-post-thumbnail","6":"product_brand-cbc","7":"product_cat-non-categorise","8":"product_tag-short-track","9":"desktop-align-left","10":"tablet-align-left","11":"mobile-align-left","13":"first","14":"instock","15":"featured","16":"taxable","17":"shipping-taxable","18":"purchasable","19":"product-type-simple"},"acf":[],"_links":{"self":[{"href":"https:\/\/ztsports.com\/fr\/wp-json\/wp\/v2\/product\/23582","targetHints":{"allow":["GET"]}}],"collection":[{"href":"https:\/\/ztsports.com\/fr\/wp-json\/wp\/v2\/product"}],"about":[{"href":"https:\/\/ztsports.com\/fr\/wp-json\/wp\/v2\/types\/product"}],"replies":[{"embeddable":true,"href":"https:\/\/ztsports.com\/fr\/wp-json\/wp\/v2\/comments?post=23582"}],"version-history":[{"count":1,"href":"https:\/\/ztsports.com\/fr\/wp-json\/wp\/v2\/product\/23582\/revisions"}],"predecessor-version":[{"id":23583,"href":"https:\/\/ztsports.com\/fr\/wp-json\/wp\/v2\/product\/23582\/revisions\/23583"}],"wp:featuredmedia":[{"embeddable":true,"href":"https:\/\/ztsports.com\/fr\/wp-json\/wp\/v2\/media\/23577"}],"wp:attachment":[{"href":"https:\/\/ztsports.com\/fr\/wp-json\/wp\/v2\/media?parent=23582"}],"wp:term":[{"taxonomy":"product_brand","embeddable":true,"href":"https:\/\/ztsports.com\/fr\/wp-json\/wp\/v2\/product_brand?post=23582"},{"taxonomy":"product_cat","embeddable":true,"href":"https:\/\/ztsports.com\/fr\/wp-json\/wp\/v2\/product_cat?post=23582"},{"taxonomy":"product_tag","embeddable":true,"href":"https:\/\/ztsports.com\/fr\/wp-json\/wp\/v2\/product_tag?post=23582"}],"curies":[{"name":"wp","href":"https:\/\/api.w.org\/{rel}","templated":true}]}}