{"id":23575,"date":"2021-09-23T03:02:13","date_gmt":"2021-09-23T03:02:13","guid":{"rendered":"https:\/\/ztsports.com\/?post_type=product&#038;p=23575"},"modified":"2026-03-09T09:54:33","modified_gmt":"2026-03-09T09:54:33","slug":"cbc-genesis-long-track-boot-black","status":"publish","type":"product","link":"https:\/\/ztsports.com\/fr\/store\/cbc-genesis-long-track-boot-black\/","title":{"rendered":"CBC GENESIS LONG TRACK BOOT- BLACK"},"content":{"rendered":"<h1>CBC GENESIS LONG TRACK BOOT NOIR<\/h1>\n<p>La botte CBC GENESIS Long Track est con\u00e7ue pour soutenir la flexion dans la r\u00e9gion m\u00e9tatarsienne ou l\u2019avant-pied de la botte tout en offrant rigidit\u00e9 et soutien \u00e0 la cheville. Cet \u00e9quilibre a \u00e9t\u00e9 obtenu gr\u00e2ce \u00e0 l&#8217;application d&#8217;une technique de superposition multi-composite et d&#8217;une forme de support de vo\u00fbte dynamique. La flexion permet \u00e0 l&#8217;utilisateur de comprimer le premier m\u00e9tatarsien lors des forces de pouss\u00e9e, ce qui facilite la rotation du patin dans la direction souhait\u00e9e pendant les man\u0153uvres imm\u00e9diates. Le soutien rigide \u00e0 la cheville garantit un \u00ab break \u00bb minimal de la cheville. Cela favorise une augmentation de la puissance verticale et de la pression sur la glace lors des man\u0153uvres en virage, faisant de cette botte l&#8217;une des meilleures ventes de Zt Sports pour le long track.<\/p>\n<p>De plus, CBC s\u00e9lectionne du cuir de veau v\u00e9ritable pour l&#8217;int\u00e9rieur de la chaussure, tandis que l&#8217;ext\u00e9rieur utilise un P.U. caoutchout\u00e9 a\u00e9rodynamique combinant \u00e9lasticit\u00e9, durabilit\u00e9 et \u00e9l\u00e9gance. La botte GENESIS Long Track est \u00e9quip\u00e9e d&#8217;une fermeture \u00e9clair r\u00e9sistante \u00e0 l&#8217;eau et d&#8217;un curseur s\u00e9curis\u00e9 pour maintenir la fermeture pendant vos activit\u00e9s.<\/p>\n<p>Il est \u00e9galement important de noter que la botte GENESIS Long Track est 100% Thermo-CSC, offrant un moulage presque parfait. CBC a con\u00e7u Genesis pour la performance en sprint et en patinage longue distance.<\/p>\n<p><strong>Caract\u00e9ristiques du produit<\/strong><\/p>\n<ul>\n<li>Relev\u00e9 de 1,75 % \u00e0 l\u2019orteil pour augmenter la stabilit\u00e9 en entr\u00e9e et sortie de virage<\/li>\n<li>Coque de soutien 100 % carbone<\/li>\n<li>Construction 100 % Thermo-CSC pour un ajustement parfait<\/li>\n<li>Syst\u00e8me roulant \u00e0 haute r\u00e9sistance \u00e9poxy<\/li>\n<li>Syst\u00e8me de rembourrage orthop\u00e9dique<\/li>\n<li>Couche de renfort CBC FX (technologie Flex)<\/li>\n<li>Syst\u00e8me de fermeture renforc\u00e9 en nylon balistique<\/li>\n<li>Syst\u00e8me de serrage am\u00e9lior\u00e9 en d\u00e9placement<\/li>\n<li>Soutien avant-pied de faible niveau<\/li>\n<li>Fermeture \u00e9clair robuste et r\u00e9sistante \u00e0 l&#8217;eau, avec verrouillage possible<\/li>\n<\/ul>\n<p>Cr\u00e9ez votre propre pack de patin et commandez en ligne ! <a href=\"https:\/\/ztsports.com\/fr\/\">https:\/\/ztsports.com<\/a> Choisissez parmi une vari\u00e9t\u00e9 d&#8217;options pour cr\u00e9er le pack parfait pour vous. Utilisez notre expertise pour vous aider dans le choix de votre pack personnalis\u00e9.<\/p>\n<h5><a title=\"Voir notre tutoriel YouTube pour d\u00e9terminer votre taille de botte CBC\" href=\"https:\/\/youtu.be\/KuKIfMC9NSY\" target=\"_blank\" rel=\"noopener noreferrer\">Tout d&#8217;abord, regardez notre tutoriel YouTube pour d\u00e9terminer votre taille de botte CBC !<\/a><\/h5>\n<p>Deuxi\u00e8me \u00e9tape : cliquez sur le lien vers le <a href=\"https:\/\/www.carpenterbootcompany.com\/pages\/fit\" target=\"_blank\" rel=\"noopener\">Outil de taille CBC<\/a>.<\/p>\n<p>Troisi\u00e8me \u00e9tape : pour vous aider \u00e0 mesurer votre pied, utilisez un <a href=\"https:\/\/www.printablerulers.net\/preview\/Ruler_30-cm_by_mm\" target=\"_blank\" rel=\"noopener\"><strong>r\u00e8gle imprimable de 30 cm avec millim\u00e8tres<\/strong><\/a>.<\/p>\n<p>Enfin, d\u00e9couvrez tous nos produits <strong><a href=\"https:\/\/ztsports.com\/brand\/cbc\/\">Carpenter Boot Company (CBC)<\/a><\/strong>.<\/p>\n<p>Vous pouvez \u00e9galement consulter toutes nos <strong><a href=\"\/?product_cat=boots1\">bottes Long Track ici<\/a><\/strong>.<\/p>\n","protected":false},"excerpt":{"rendered":"<p>CBC GENESIS LONG TRACK BOOT NOIR La botte CBC GENESIS Long Track est con\u00e7ue pour soutenir la flexion dans la r\u00e9gion m\u00e9tatarsienne ou l\u2019avant-pied de la botte tout en offrant rigidit\u00e9 et soutien \u00e0 la cheville. Cet \u00e9quilibre a \u00e9t\u00e9 obtenu gr\u00e2ce \u00e0 l&#8217;application d&#8217;une technique de superposition multi-composite et d&#8217;une forme de support de [&hellip;]<\/p>\n","protected":false},"featured_media":23570,"comment_status":"open","ping_status":"closed","template":"","meta":{"_acf_changed":false,"_monsterinsights_skip_tracking":false,"_monsterinsights_sitenote_active":false,"_monsterinsights_sitenote_note":"","_monsterinsights_sitenote_category":0,"_uf_show_specific_survey":0,"_uf_disable_surveys":false,"site-sidebar-layout":"default","site-content-layout":"","ast-site-content-layout":"default","site-content-style":"default","site-sidebar-style":"default","ast-global-header-display":"","ast-banner-title-visibility":"","ast-main-header-display":"","ast-hfb-above-header-display":"","ast-hfb-below-header-display":"","ast-hfb-mobile-header-display":"","site-post-title":"","ast-breadcrumbs-content":"","ast-featured-img":"","footer-sml-layout":"","ast-disable-related-posts":"","theme-transparent-header-meta":"default","adv-header-id-meta":"","stick-header-meta":"","header-above-stick-meta":"","header-main-stick-meta":"","header-below-stick-meta":"","astra-migrate-meta-layouts":"set","ast-page-background-enabled":"default","ast-page-background-meta":{"desktop":{"background-color":"","background-image":"","background-repeat":"repeat","background-position":"center center","background-size":"auto","background-attachment":"scroll","background-type":"","background-media":"","overlay-type":"","overlay-color":"","overlay-opacity":"","overlay-gradient":""},"tablet":{"background-color":"","background-image":"","background-repeat":"repeat","background-position":"center center","background-size":"auto","background-attachment":"scroll","background-type":"","background-media":"","overlay-type":"","overlay-color":"","overlay-opacity":"","overlay-gradient":""},"mobile":{"background-color":"","background-image":"","background-repeat":"repeat","background-position":"center center","background-size":"auto","background-attachment":"scroll","background-type":"","background-media":"","overlay-type":"","overlay-color":"","overlay-opacity":"","overlay-gradient":""}},"ast-content-background-meta":{"desktop":{"background-color":"var(--ast-global-color-5)","background-image":"","background-repeat":"repeat","background-position":"center center","background-size":"auto","background-attachment":"scroll","background-type":"","background-media":"","overlay-type":"","overlay-color":"","overlay-opacity":"","overlay-gradient":""},"tablet":{"background-color":"var(--ast-global-color-5)","background-image":"","background-repeat":"repeat","background-position":"center center","background-size":"auto","background-attachment":"scroll","background-type":"","background-media":"","overlay-type":"","overlay-color":"","overlay-opacity":"","overlay-gradient":""},"mobile":{"background-color":"var(--ast-global-color-5)","background-image":"","background-repeat":"repeat","background-position":"center center","background-size":"auto","background-attachment":"scroll","background-type":"","background-media":"","overlay-type":"","overlay-color":"","overlay-opacity":"","overlay-gradient":""}}},"product_brand":[3290],"product_cat":[3378],"product_tag":[3823],"class_list":{"0":"post-23575","1":"product","2":"type-product","3":"status-publish","4":"has-post-thumbnail","6":"product_brand-cbc","7":"product_cat-non-categorise","8":"product_tag-long-track","9":"desktop-align-left","10":"tablet-align-left","11":"mobile-align-left","13":"first","14":"instock","15":"featured","16":"taxable","17":"shipping-taxable","18":"purchasable","19":"product-type-simple"},"acf":[],"_links":{"self":[{"href":"https:\/\/ztsports.com\/fr\/wp-json\/wp\/v2\/product\/23575","targetHints":{"allow":["GET"]}}],"collection":[{"href":"https:\/\/ztsports.com\/fr\/wp-json\/wp\/v2\/product"}],"about":[{"href":"https:\/\/ztsports.com\/fr\/wp-json\/wp\/v2\/types\/product"}],"replies":[{"embeddable":true,"href":"https:\/\/ztsports.com\/fr\/wp-json\/wp\/v2\/comments?post=23575"}],"version-history":[{"count":1,"href":"https:\/\/ztsports.com\/fr\/wp-json\/wp\/v2\/product\/23575\/revisions"}],"predecessor-version":[{"id":23576,"href":"https:\/\/ztsports.com\/fr\/wp-json\/wp\/v2\/product\/23575\/revisions\/23576"}],"wp:featuredmedia":[{"embeddable":true,"href":"https:\/\/ztsports.com\/fr\/wp-json\/wp\/v2\/media\/23570"}],"wp:attachment":[{"href":"https:\/\/ztsports.com\/fr\/wp-json\/wp\/v2\/media?parent=23575"}],"wp:term":[{"taxonomy":"product_brand","embeddable":true,"href":"https:\/\/ztsports.com\/fr\/wp-json\/wp\/v2\/product_brand?post=23575"},{"taxonomy":"product_cat","embeddable":true,"href":"https:\/\/ztsports.com\/fr\/wp-json\/wp\/v2\/product_cat?post=23575"},{"taxonomy":"product_tag","embeddable":true,"href":"https:\/\/ztsports.com\/fr\/wp-json\/wp\/v2\/product_tag?post=23575"}],"curies":[{"name":"wp","href":"https:\/\/api.w.org\/{rel}","templated":true}]}}