{"id":23568,"date":"2021-09-23T03:02:13","date_gmt":"2021-09-23T03:02:13","guid":{"rendered":"https:\/\/ztsports.com\/?post_type=product&#038;p=23568"},"modified":"2026-03-09T09:53:39","modified_gmt":"2026-03-09T09:53:39","slug":"bont-club-skate-package-closeout","status":"publish","type":"product","link":"https:\/\/ztsports.com\/fr\/store\/bont-club-skate-package-closeout\/","title":{"rendered":"Bont Club Skate Package Closeout"},"content":{"rendered":"<h1>Liquidation du Pack Patins Bont Club<\/h1>\n<p>Ce pack Patins Bont Club est limit\u00e9 aux tailles en stock uniquement. Le programme Club Skate est con\u00e7u pour initier les enfants au sport sans que les parents aient \u00e0 d\u00e9penser beaucoup d&#8217;argent. Votre club peut acheter 10 ou 20 paires et les laisser dans le placard de la patinoire pour que les patineurs viennent essayer. Ce pack incroyable est r\u00e9serv\u00e9 aux clubs uniquement. Si vous souhaitez des bottes et lames pour vous-m\u00eame, veuillez acheter une botte Patriot avec lame Ultrasprint sur <a href=\"https:\/\/ztsports.com\/fr\/\">Zt Sports<\/a>. Pack Patins Bont Club.<\/p>\n<p>Version Silver Club pour la distinguer des Patriots noirs classiques. Thermomoulable et avec la m\u00eame qualit\u00e9 \u00e9prouv\u00e9e que les clubs et les patineurs ont appris \u00e0 appr\u00e9cier.<\/p>\n<p>Le pack Patins Bont Club est con\u00e7u pour initier les enfants au sport sans qu\u2019ils aient \u00e0 d\u00e9penser de l\u2019argent. Votre club peut acheter ce pack \u00e0 l\u2019unit\u00e9 pour compl\u00e9ter votre commande de club et les laisser dans le placard de la patinoire pour que les patineurs viennent essayer. Ce pack est r\u00e9serv\u00e9 aux clubs uniquement. Si vous souhaitez des bottes et lames pour vous-m\u00eame, veuillez acheter une botte Patriot avec lame Ultrasprint dans l\u2019un de nos nombreux points de vente. Ce pack n\u2019est pas destin\u00e9 \u00e0 la vente au public, il est exclusivement pour les clubs.<\/p>\n<p>Nouvelles lames Ultrasprint :<\/p>\n<ul>\n<li>Tube : alliage d\u2019aluminium 6005, pr\u00e9-courb\u00e9<\/li>\n<li>Runner : acier japonais 440A HRC 58<\/li>\n<li>Cups : T-Shape multi positions, alliage d\u2019aluminium 6000<\/li>\n<li>Tailles : 12.0, 13.0, 13.5, 14.0, 14.5, 15.0, 15.5, 16.0, 16.5, 17.0<\/li>\n<\/ul>\n<h1>Liquidation du Pack Patins Bont Club<\/h1>\n<h3>Caract\u00e9ristiques du Pack Patins Bont Club<\/h3>\n<ul>\n<li>Base : 100 % carbone pos\u00e9 \u00e0 la main<\/li>\n<li>Peau ext\u00e9rieure : microfibre mate<\/li>\n<li>Doublure : microfibre<\/li>\n<li>Semelle int\u00e9rieure : type daim<\/li>\n<li>Moulage thermique : base enti\u00e8rement thermomoulable utilisant une r\u00e9sine \u00e9poxy thermodurcissable<\/li>\n<li>Rembourrage : mousse m\u00e9moire haute densit\u00e9<\/li>\n<li>Fermeture : lacets cir\u00e9s, rabat de lacet et deux sangles velcro<\/li>\n<li>Options de taille : standard<\/li>\n<li>Vegan : Oui<\/li>\n<\/ul>\n<h5>Liquidation du Pack Patins Bont Club \u2013 tailles existantes uniquement<\/h5>\n<h5>Vid\u00e9o sur <a href=\"https:\/\/www.youtube.com\/watch?v=2AfKfzVSCWk\" target=\"_blank\" rel=\"noopener\"><strong>le moulage thermique de vos bottes Bont<\/strong><\/a><\/h5>\n<p>Enfin, d\u00e9couvrez toutes nos <a href=\"https:\/\/ztsports.com\/product-category\/club-deals\/\"><strong>Offres Club ici<\/strong><\/a>.<\/p>\n","protected":false},"excerpt":{"rendered":"<p>Liquidation du Pack Patins Bont Club Ce pack Patins Bont Club est limit\u00e9 aux tailles en stock uniquement. Le programme Club Skate est con\u00e7u pour initier les enfants au sport sans que les parents aient \u00e0 d\u00e9penser beaucoup d&#8217;argent. Votre club peut acheter 10 ou 20 paires et les laisser dans le placard de la [&hellip;]<\/p>\n","protected":false},"featured_media":23567,"comment_status":"open","ping_status":"closed","template":"","meta":{"_acf_changed":false,"_monsterinsights_skip_tracking":false,"_monsterinsights_sitenote_active":false,"_monsterinsights_sitenote_note":"","_monsterinsights_sitenote_category":0,"_uf_show_specific_survey":0,"_uf_disable_surveys":false,"site-sidebar-layout":"default","site-content-layout":"","ast-site-content-layout":"default","site-content-style":"default","site-sidebar-style":"default","ast-global-header-display":"","ast-banner-title-visibility":"","ast-main-header-display":"","ast-hfb-above-header-display":"","ast-hfb-below-header-display":"","ast-hfb-mobile-header-display":"","site-post-title":"","ast-breadcrumbs-content":"","ast-featured-img":"","footer-sml-layout":"","ast-disable-related-posts":"","theme-transparent-header-meta":"default","adv-header-id-meta":"","stick-header-meta":"","header-above-stick-meta":"","header-main-stick-meta":"","header-below-stick-meta":"","astra-migrate-meta-layouts":"set","ast-page-background-enabled":"default","ast-page-background-meta":{"desktop":{"background-color":"","background-image":"","background-repeat":"repeat","background-position":"center center","background-size":"auto","background-attachment":"scroll","background-type":"","background-media":"","overlay-type":"","overlay-color":"","overlay-opacity":"","overlay-gradient":""},"tablet":{"background-color":"","background-image":"","background-repeat":"repeat","background-position":"center center","background-size":"auto","background-attachment":"scroll","background-type":"","background-media":"","overlay-type":"","overlay-color":"","overlay-opacity":"","overlay-gradient":""},"mobile":{"background-color":"","background-image":"","background-repeat":"repeat","background-position":"center center","background-size":"auto","background-attachment":"scroll","background-type":"","background-media":"","overlay-type":"","overlay-color":"","overlay-opacity":"","overlay-gradient":""}},"ast-content-background-meta":{"desktop":{"background-color":"var(--ast-global-color-5)","background-image":"","background-repeat":"repeat","background-position":"center center","background-size":"auto","background-attachment":"scroll","background-type":"","background-media":"","overlay-type":"","overlay-color":"","overlay-opacity":"","overlay-gradient":""},"tablet":{"background-color":"var(--ast-global-color-5)","background-image":"","background-repeat":"repeat","background-position":"center center","background-size":"auto","background-attachment":"scroll","background-type":"","background-media":"","overlay-type":"","overlay-color":"","overlay-opacity":"","overlay-gradient":""},"mobile":{"background-color":"var(--ast-global-color-5)","background-image":"","background-repeat":"repeat","background-position":"center center","background-size":"auto","background-attachment":"scroll","background-type":"","background-media":"","overlay-type":"","overlay-color":"","overlay-opacity":"","overlay-gradient":""}}},"product_brand":[3285],"product_cat":[3378],"product_tag":[3799],"class_list":{"0":"post-23568","1":"product","2":"type-product","3":"status-publish","4":"has-post-thumbnail","6":"product_brand-bont","7":"product_cat-non-categorise","8":"product_tag-bont","9":"desktop-align-left","10":"tablet-align-left","11":"mobile-align-left","13":"first","14":"instock","15":"sale","16":"taxable","17":"shipping-taxable","18":"purchasable","19":"product-type-simple"},"acf":[],"_links":{"self":[{"href":"https:\/\/ztsports.com\/fr\/wp-json\/wp\/v2\/product\/23568","targetHints":{"allow":["GET"]}}],"collection":[{"href":"https:\/\/ztsports.com\/fr\/wp-json\/wp\/v2\/product"}],"about":[{"href":"https:\/\/ztsports.com\/fr\/wp-json\/wp\/v2\/types\/product"}],"replies":[{"embeddable":true,"href":"https:\/\/ztsports.com\/fr\/wp-json\/wp\/v2\/comments?post=23568"}],"version-history":[{"count":1,"href":"https:\/\/ztsports.com\/fr\/wp-json\/wp\/v2\/product\/23568\/revisions"}],"predecessor-version":[{"id":23569,"href":"https:\/\/ztsports.com\/fr\/wp-json\/wp\/v2\/product\/23568\/revisions\/23569"}],"wp:featuredmedia":[{"embeddable":true,"href":"https:\/\/ztsports.com\/fr\/wp-json\/wp\/v2\/media\/23567"}],"wp:attachment":[{"href":"https:\/\/ztsports.com\/fr\/wp-json\/wp\/v2\/media?parent=23568"}],"wp:term":[{"taxonomy":"product_brand","embeddable":true,"href":"https:\/\/ztsports.com\/fr\/wp-json\/wp\/v2\/product_brand?post=23568"},{"taxonomy":"product_cat","embeddable":true,"href":"https:\/\/ztsports.com\/fr\/wp-json\/wp\/v2\/product_cat?post=23568"},{"taxonomy":"product_tag","embeddable":true,"href":"https:\/\/ztsports.com\/fr\/wp-json\/wp\/v2\/product_tag?post=23568"}],"curies":[{"name":"wp","href":"https:\/\/api.w.org\/{rel}","templated":true}]}}