{"id":23565,"date":"2021-09-23T03:02:14","date_gmt":"2021-09-23T03:02:14","guid":{"rendered":"https:\/\/ztsports.com\/?post_type=product&#038;p=23565"},"modified":"2026-03-09T09:52:09","modified_gmt":"2026-03-09T09:52:09","slug":"bont-patriot-club-st-boot-for-clubs","status":"publish","type":"product","link":"https:\/\/ztsports.com\/fr\/store\/bont-patriot-club-st-boot-for-clubs\/","title":{"rendered":"BONT PATRIOT CLUB ST BOOT For Clubs"},"content":{"rendered":"<h1>BOTTES BONT PATRIOT CLUB ST<\/h1>\n<p>Les <strong>Bottes BONT PATRIOT CLUB ST<\/strong> sont con\u00e7ues pour initier les enfants au patinage sans qu\u2019ils aient \u00e0 d\u00e9penser de l\u2019argent. Votre club peut acheter 5 paires et les laisser dans le placard de la patinoire pour que les patineurs viennent essayer. Ces patins sont r\u00e9serv\u00e9s aux clubs uniquement. Si vous souhaitez des bottes et lames pour vous-m\u00eame, veuillez acheter une botte Patriot avec lame Ultrasprint sur <a href=\"https:\/\/ztsports.com\/fr\/\">Zt Sports<\/a>.<\/p>\n<h3>Caract\u00e9ristiques des BOTTES BONT PATRIOT CLUB ST<\/h3>\n<ul>\n<li>Base : 100% carbone pos\u00e9 \u00e0 la main<\/li>\n<li>Peau ext\u00e9rieure : microfibre mate<\/li>\n<li>Doublure : microfibre<\/li>\n<li>Semelle int\u00e9rieure : microfibre type daim<\/li>\n<li>Moulage thermique : base enti\u00e8rement thermomoulable utilisant une r\u00e9sine \u00e9poxy thermodurcissable<\/li>\n<li>Rembourrage : mousse m\u00e9moire haute densit\u00e9<\/li>\n<li>Fermeture : lacets cir\u00e9s, rabat de lacet et deux sangles velcro<\/li>\n<li>Options de taille : standard<\/li>\n<li>Vegan : Oui<\/li>\n<\/ul>\n<p>Nouvelles fonctionnalit\u00e9s :<\/p>\n<ul>\n<li>Dernier mis \u00e0 jour<\/li>\n<li>Production am\u00e9lior\u00e9e avec une botte monobloc (anciennement 2 pi\u00e8ces)<\/li>\n<li>Protecteur d\u2019orteil int\u00e9gr\u00e9 haute r\u00e9sistance \u00e0 l\u2019abrasion<\/li>\n<li>Manchon plus haut avec angle modifi\u00e9<\/li>\n<li>Rembourrage plus \u00e9pais sur le col et la languette<\/li>\n<li>Base enti\u00e8rement en carbone et plus de carbone dans la base que le mod\u00e8le pr\u00e9c\u00e9dent<\/li>\n<li>Doublure type daim-L<\/li>\n<\/ul>\n<h4>Sp\u00e9cifications :<\/h4>\n<ul>\n<li>Base : composite carbone pos\u00e9 \u00e0 la main<\/li>\n<li>Peau ext\u00e9rieure : microfibre<\/li>\n<li>Doublure : microfibre<\/li>\n<li>Semelle int\u00e9rieure : microfibre<\/li>\n<li>Moulage thermique : base enti\u00e8rement thermomoulable utilisant r\u00e9sine \u00e9poxy thermodurcissable<\/li>\n<li>Rembourrage : mousse m\u00e9moire haute densit\u00e9<\/li>\n<li>Fermeture : 2 sangles velcro ajustables + lacets<\/li>\n<li>Tailles disponibles : 9\/27 \u2013 13.5\/51<\/li>\n<\/ul>\n<p><strong>Ce mod\u00e8le a \u00e9t\u00e9 mis \u00e0 jour vers la BOTTES PATRIOT CLUB V2<\/strong><\/p>\n<p><strong>Seules les tailles disponibles peuvent \u00eatre command\u00e9es au prix de liquidation.<\/strong><\/p>\n<p><strong>Club Skate \u2013 liquidation !<\/strong><\/p>\n<p>Enfin, d\u00e9couvrez toutes nos <a href=\"https:\/\/ztsports.com\/product-category\/club-deals\/\"><strong>Offres Club ici<\/strong><\/a>.<\/p>\n<h5>Vid\u00e9o sur <a href=\"https:\/\/www.youtube.com\/watch?v=2AfKfzVSCWk\" target=\"_blank\" rel=\"noopener\"><strong>le moulage thermique de vos bottes Bont<\/strong><\/a><\/h5>\n<p>Enfin, retrouvez toutes nos <a href=\"\/?product_cat=speed-skating-boots\"><strong>Bottes Short Track ici<\/strong><\/a>.<\/p>\n","protected":false},"excerpt":{"rendered":"<p>BOTTES BONT PATRIOT CLUB ST Les Bottes BONT PATRIOT CLUB ST sont con\u00e7ues pour initier les enfants au patinage sans qu\u2019ils aient \u00e0 d\u00e9penser de l\u2019argent. Votre club peut acheter 5 paires et les laisser dans le placard de la patinoire pour que les patineurs viennent essayer. Ces patins sont r\u00e9serv\u00e9s aux clubs uniquement. Si [&hellip;]<\/p>\n","protected":false},"featured_media":23564,"comment_status":"open","ping_status":"closed","template":"","meta":{"_acf_changed":false,"_monsterinsights_skip_tracking":false,"_monsterinsights_sitenote_active":false,"_monsterinsights_sitenote_note":"","_monsterinsights_sitenote_category":0,"_uf_show_specific_survey":0,"_uf_disable_surveys":false,"site-sidebar-layout":"default","site-content-layout":"","ast-site-content-layout":"default","site-content-style":"default","site-sidebar-style":"default","ast-global-header-display":"","ast-banner-title-visibility":"","ast-main-header-display":"","ast-hfb-above-header-display":"","ast-hfb-below-header-display":"","ast-hfb-mobile-header-display":"","site-post-title":"","ast-breadcrumbs-content":"","ast-featured-img":"","footer-sml-layout":"","ast-disable-related-posts":"","theme-transparent-header-meta":"default","adv-header-id-meta":"","stick-header-meta":"","header-above-stick-meta":"","header-main-stick-meta":"","header-below-stick-meta":"","astra-migrate-meta-layouts":"set","ast-page-background-enabled":"default","ast-page-background-meta":{"desktop":{"background-color":"","background-image":"","background-repeat":"repeat","background-position":"center center","background-size":"auto","background-attachment":"scroll","background-type":"","background-media":"","overlay-type":"","overlay-color":"","overlay-opacity":"","overlay-gradient":""},"tablet":{"background-color":"","background-image":"","background-repeat":"repeat","background-position":"center center","background-size":"auto","background-attachment":"scroll","background-type":"","background-media":"","overlay-type":"","overlay-color":"","overlay-opacity":"","overlay-gradient":""},"mobile":{"background-color":"","background-image":"","background-repeat":"repeat","background-position":"center center","background-size":"auto","background-attachment":"scroll","background-type":"","background-media":"","overlay-type":"","overlay-color":"","overlay-opacity":"","overlay-gradient":""}},"ast-content-background-meta":{"desktop":{"background-color":"var(--ast-global-color-5)","background-image":"","background-repeat":"repeat","background-position":"center center","background-size":"auto","background-attachment":"scroll","background-type":"","background-media":"","overlay-type":"","overlay-color":"","overlay-opacity":"","overlay-gradient":""},"tablet":{"background-color":"var(--ast-global-color-5)","background-image":"","background-repeat":"repeat","background-position":"center center","background-size":"auto","background-attachment":"scroll","background-type":"","background-media":"","overlay-type":"","overlay-color":"","overlay-opacity":"","overlay-gradient":""},"mobile":{"background-color":"var(--ast-global-color-5)","background-image":"","background-repeat":"repeat","background-position":"center center","background-size":"auto","background-attachment":"scroll","background-type":"","background-media":"","overlay-type":"","overlay-color":"","overlay-opacity":"","overlay-gradient":""}}},"product_brand":[3285],"product_cat":[3378],"product_tag":[],"class_list":{"0":"post-23565","1":"product","2":"type-product","3":"status-publish","4":"has-post-thumbnail","6":"product_brand-bont","7":"product_cat-non-categorise","8":"desktop-align-left","9":"tablet-align-left","10":"mobile-align-left","12":"first","13":"instock","14":"sale","15":"taxable","16":"shipping-taxable","17":"purchasable","18":"product-type-simple"},"acf":[],"_links":{"self":[{"href":"https:\/\/ztsports.com\/fr\/wp-json\/wp\/v2\/product\/23565","targetHints":{"allow":["GET"]}}],"collection":[{"href":"https:\/\/ztsports.com\/fr\/wp-json\/wp\/v2\/product"}],"about":[{"href":"https:\/\/ztsports.com\/fr\/wp-json\/wp\/v2\/types\/product"}],"replies":[{"embeddable":true,"href":"https:\/\/ztsports.com\/fr\/wp-json\/wp\/v2\/comments?post=23565"}],"version-history":[{"count":1,"href":"https:\/\/ztsports.com\/fr\/wp-json\/wp\/v2\/product\/23565\/revisions"}],"predecessor-version":[{"id":23566,"href":"https:\/\/ztsports.com\/fr\/wp-json\/wp\/v2\/product\/23565\/revisions\/23566"}],"wp:featuredmedia":[{"embeddable":true,"href":"https:\/\/ztsports.com\/fr\/wp-json\/wp\/v2\/media\/23564"}],"wp:attachment":[{"href":"https:\/\/ztsports.com\/fr\/wp-json\/wp\/v2\/media?parent=23565"}],"wp:term":[{"taxonomy":"product_brand","embeddable":true,"href":"https:\/\/ztsports.com\/fr\/wp-json\/wp\/v2\/product_brand?post=23565"},{"taxonomy":"product_cat","embeddable":true,"href":"https:\/\/ztsports.com\/fr\/wp-json\/wp\/v2\/product_cat?post=23565"},{"taxonomy":"product_tag","embeddable":true,"href":"https:\/\/ztsports.com\/fr\/wp-json\/wp\/v2\/product_tag?post=23565"}],"curies":[{"name":"wp","href":"https:\/\/api.w.org\/{rel}","templated":true}]}}